{"id":20343,"date":"2021-06-02T21:51:42","date_gmt":"2021-06-02T19:51:42","guid":{"rendered":"https:\/\/mastinell.com\/?page_id=20343"},"modified":"2022-05-25T09:49:41","modified_gmt":"2022-05-25T07:49:41","slug":"suite-deluxe","status":"publish","type":"page","link":"https:\/\/shop.mastinell.com\/ca\/hotel\/habitacions\/suite-deluxe\/","title":{"rendered":"SUITE DELUXE"},"content":{"rendered":"\t\t<div data-elementor-type=\"wp-page\" data-elementor-id=\"20343\" class=\"elementor elementor-20343 elementor-8124\" data-elementor-post-type=\"page\">\n\t\t\t\t\t\t<section class=\"elementor-section elementor-top-section elementor-element elementor-element-6a19fe65 elementor-section-height-min-height elementor-section-content-middle elementor-section-stretched elementor-section-boxed elementor-section-height-default elementor-section-items-middle\" data-id=\"6a19fe65\" data-element_type=\"section\" data-settings=\"{&quot;stretch_section&quot;:&quot;section-stretched&quot;,&quot;background_background&quot;:&quot;classic&quot;}\">\n\t\t\t\t\t\t<div class=\"elementor-container elementor-column-gap-default\">\n\t\t\t\t\t<div class=\"elementor-column elementor-col-100 elementor-top-column elementor-element elementor-element-6c2563c9\" data-id=\"6c2563c9\" data-element_type=\"column\">\n\t\t\t<div class=\"elementor-widget-wrap elementor-element-populated\">\n\t\t\t\t\t\t<div class=\"elementor-element elementor-element-10f14909 elementor-hidden-tablet elementor-hidden-phone elementor-widget elementor-widget-heading\" data-id=\"10f14909\" data-element_type=\"widget\" data-widget_type=\"heading.default\">\n\t\t\t\t<div class=\"elementor-widget-container\">\n\t\t\t\t\t<p class=\"elementor-heading-title elementor-size-default\">Suite Deluxe<\/p>\t\t\t\t<\/div>\n\t\t\t\t<\/div>\n\t\t\t\t<div class=\"elementor-element elementor-element-47264e9 elementor-widget elementor-widget-html\" data-id=\"47264e9\" data-element_type=\"widget\" data-widget_type=\"html.default\">\n\t\t\t\t<div class=\"elementor-widget-container\">\n\t\t\t\t\t<div data-mirai-engine=\"mirai_be\" data-lang=\"es\" data-idhotel=\"100375447\"><\/div>\n<script type=\"text\/javascript\" src=\"https:\/\/js.mirai.com\/mirai-loader\/mirai.loader.js\"><\/script>\n<link rel=\"stylesheet\" type=\"text\/css\" href=\"\/engine.css\" \/>\n <script type=\"text\/javascript\">\n    \/\/ Engine by Language\n    if (jQuery('div[data-mirai-engine=\"mirai_be\"]').length) {\n        jQuery('div[data-mirai-engine=\"mirai_be\"]').attr('data-lang', jQuery('html').attr('lang'));\n    }\n<\/script>\t\t\t\t<\/div>\n\t\t\t\t<\/div>\n\t\t\t\t\t<\/div>\n\t\t<\/div>\n\t\t\t\t\t<\/div>\n\t\t<\/section>\n\t\t\t\t<section class=\"elementor-section elementor-top-section elementor-element elementor-element-23e0a62 elementor-hidden-desktop elementor-section-boxed elementor-section-height-default elementor-section-height-default\" data-id=\"23e0a62\" data-element_type=\"section\">\n\t\t\t\t\t\t<div class=\"elementor-container elementor-column-gap-default\">\n\t\t\t\t\t<div class=\"elementor-column elementor-col-100 elementor-top-column elementor-element elementor-element-790e6bf\" data-id=\"790e6bf\" data-element_type=\"column\">\n\t\t\t<div class=\"elementor-widget-wrap elementor-element-populated\">\n\t\t\t\t\t\t<div class=\"elementor-element elementor-element-f68754e elementor-widget elementor-widget-heading\" data-id=\"f68754e\" data-element_type=\"widget\" data-widget_type=\"heading.default\">\n\t\t\t\t<div class=\"elementor-widget-container\">\n\t\t\t\t\t<p class=\"elementor-heading-title elementor-size-default\">Suite Deluxe<\/p>\t\t\t\t<\/div>\n\t\t\t\t<\/div>\n\t\t\t\t\t<\/div>\n\t\t<\/div>\n\t\t\t\t\t<\/div>\n\t\t<\/section>\n\t\t\t\t<section class=\"elementor-section elementor-top-section elementor-element elementor-element-33152c82 elementor-section-boxed elementor-section-height-default elementor-section-height-default\" data-id=\"33152c82\" data-element_type=\"section\">\n\t\t\t\t\t\t<div class=\"elementor-container elementor-column-gap-default\">\n\t\t\t\t\t<div class=\"elementor-column elementor-col-100 elementor-top-column elementor-element elementor-element-7fa74f23\" data-id=\"7fa74f23\" data-element_type=\"column\">\n\t\t\t<div class=\"elementor-widget-wrap elementor-element-populated\">\n\t\t\t\t\t\t<div class=\"elementor-element elementor-element-1d7e1ec4 elementor-widget elementor-widget-heading\" data-id=\"1d7e1ec4\" data-element_type=\"widget\" data-widget_type=\"heading.default\">\n\t\t\t\t<div class=\"elementor-widget-container\">\n\t\t\t\t\t<h2 class=\"elementor-heading-title elementor-size-default\">Exclusiva i \u00fanica.\n<\/h2>\t\t\t\t<\/div>\n\t\t\t\t<\/div>\n\t\t\t\t<div class=\"elementor-element elementor-element-66968a2e elementor-widget-divider--view-line elementor-widget elementor-widget-divider\" data-id=\"66968a2e\" data-element_type=\"widget\" data-widget_type=\"divider.default\">\n\t\t\t\t<div class=\"elementor-widget-container\">\n\t\t\t\t\t\t\t<div class=\"elementor-divider\">\n\t\t\t<span class=\"elementor-divider-separator\">\n\t\t\t\t\t\t<\/span>\n\t\t<\/div>\n\t\t\t\t\t\t<\/div>\n\t\t\t\t<\/div>\n\t\t\t\t<div class=\"elementor-element elementor-element-6d9d3de4 elementor-widget elementor-widget-button\" data-id=\"6d9d3de4\" data-element_type=\"widget\" data-widget_type=\"button.default\">\n\t\t\t\t<div class=\"elementor-widget-container\">\n\t\t\t\t\t\t\t\t\t<div class=\"elementor-button-wrapper\">\n\t\t\t\t\t<a class=\"elementor-button elementor-button-link elementor-size-sm\" href=\"https:\/\/shop.mastinell.com\/bookingstep1.es.html\">\n\t\t\t\t\t\t<span class=\"elementor-button-content-wrapper\">\n\t\t\t\t\t\t\t\t\t<span class=\"elementor-button-text\">Reservar<\/span>\n\t\t\t\t\t<\/span>\n\t\t\t\t\t<\/a>\n\t\t\t\t<\/div>\n\t\t\t\t\t\t\t\t<\/div>\n\t\t\t\t<\/div>\n\t\t\t\t<div class=\"elementor-element elementor-element-5b5bdd2 elementor-widget elementor-widget-text-editor\" data-id=\"5b5bdd2\" data-element_type=\"widget\" data-widget_type=\"text-editor.default\">\n\t\t\t\t<div class=\"elementor-widget-container\">\n\t\t\t\t\t\t\t\t\t<p><span style=\"font-weight: 400;\">T\u2019obrim les portes a la millor habitaci\u00f3 del Cava &amp; Hotel Mastinell. Si busques un allotjament de luxe en el Pened\u00e8s, no trobar\u00e0s res que s\u2019assembli a la nostra Suite Deluxe. Di\u00e0fana i molt lluminosa, la seva arquitectura \u00fanica evoca dues grans ampolles de cava unides en el centre de l\u2019habitaci\u00f3. A m\u00e9s a m\u00e9s, la Suite Deluxe et brindar\u00e0 unes espectaculars vistes panor\u00e0miques a les vinyes i a Vilafranca del Pened\u00e8s, amb la seva magn\u00edfica bas\u00edlica de Santa Maria.<\/span><\/p><p class=\"p1\">\u00a0<\/p><p><span style=\"font-weight: 400;\">La Suite Deluxe compta amb 72,5 m2 a la teva disposici\u00f3 perqu\u00e8 et sentis com a casa.<\/span><\/p><p class=\"p1\">\u00a0<\/p><p><span style=\"font-weight: 400;\">Destaca pels seus tres espais independent que et permeten usos diferenciats. Per un costat, ofereix tot l\u2019equipament necessari per celebrar reunions de feina o b\u00e9 desconnectar per complet, gaudint de la m\u00e9s avan\u00e7ada tecnologia i del seu sof\u00e0 deluxe. Per altra banda, el dormitori amb llit premium 2&#215;2 m i els mobles de zebrano natural et disposa a un descans reparador. I, per \u00faltim, podr\u00e0s gaudir d\u2019un bany somiat a la nostra espectacular banyera d\u2019hidromassatge.<\/span><\/p><p class=\"p1\">\u00a0<\/p><p><span style=\"font-weight: 400;\">Aquesta habitaci\u00f3, a m\u00e9s, \u00e9s l\u2019\u00fanica que ofereix la possibilitat de comunicaci\u00f3 directa i privada amb una de les nostres habitacions Doble Premium, pel que resulta ideal si v\u00e9ns amb fam\u00edlia o amics. I, perqu\u00e8 la teva est\u00e0ncia a Cava &amp; Hotel Mastinell sigui encara m\u00e9s agradable i acollidora, posem a la teva disposici\u00f3 una cafetera Nespresso.<\/span><\/p><p class=\"p1\"><span class=\"s1\">La\u00a0Suite Deluxe\u00a0cuenta con\u00a072,5m<\/span><span class=\"s2\"><sup>2<\/sup><\/span><span class=\"s1\">\u00a0a tu entera disposici\u00f3n para que te sientas como en casa. <\/span><\/p><p class=\"p1\"><span class=\"s1\">Destaca por sus tres espacios independientes que te permiten usos diferenciados. Por un lado, ofrece todo el equipamiento\u00a0necesario para celebrar reuniones de trabajo o bien desconectar por completo, disfrutando de la m\u00e1s avanzada tecnolog\u00eda y de su sof\u00e1 deluxe. Por otro lado, el dormitorio con cama <i>premium<\/i> de 2&#215;2 m y muebles de cebrano natural te dispone al sue\u00f1o m\u00e1s reparador. Y por \u00faltimo, podr\u00e1s disfrutar de un ba\u00f1o de ensue\u00f1o en nuestra espectacular ba\u00f1era de hidromasaje.<\/span><\/p><p class=\"p1\"><span class=\"s1\">Esta habitaci\u00f3n adem\u00e1s es la \u00fanica que ofrece la posibilidad de comunicaci\u00f3n directa y privada con una de nuestras habitaciones\u00a0Doble Premium, por lo que resulta ideal si vienes en familia o con amigos. Y para que tu estancia en Cava &amp; Hotel Mastinell sea a\u00fan m\u00e1s agradable y acogedora, ponemos a tu entera disposici\u00f3n una cafetera\u00a0Nespresso.<\/span><\/p>\t\t\t\t\t\t\t\t<\/div>\n\t\t\t\t<\/div>\n\t\t\t\t<section class=\"elementor-section elementor-inner-section elementor-element elementor-element-61599fb9 elementor-section-boxed elementor-section-height-default elementor-section-height-default\" data-id=\"61599fb9\" data-element_type=\"section\">\n\t\t\t\t\t\t<div class=\"elementor-container elementor-column-gap-default\">\n\t\t\t\t\t<div class=\"elementor-column elementor-col-33 elementor-inner-column elementor-element elementor-element-4e4cc1e\" data-id=\"4e4cc1e\" data-element_type=\"column\">\n\t\t\t<div class=\"elementor-widget-wrap elementor-element-populated\">\n\t\t\t\t\t\t<div class=\"elementor-element elementor-element-943499e elementor-widget elementor-widget-text-editor\" data-id=\"943499e\" data-element_type=\"widget\" data-widget_type=\"text-editor.default\">\n\t\t\t\t<div class=\"elementor-widget-container\">\n\t\t\t\t\t\t\t\t\t<p><strong>Caracter\u00edstiques:<\/strong><\/p><ul style=\"padding-left: 5%;\"><li><span style=\"font-weight: 400;\">Superf\u00edcie de 72,5 m<\/span><span style=\"font-weight: 400;\">2<\/span><\/li><li><span style=\"font-weight: 400;\">Vistes panor\u00e0miques a les vinyes i a Vilafranca del Pened\u00e8s<\/span><\/li><li><p><span style=\"font-weight: 400;\">Capacitat m\u00e0xima per 2 persones<\/span><\/p><\/li><\/ul>\t\t\t\t\t\t\t\t<\/div>\n\t\t\t\t<\/div>\n\t\t\t\t\t<\/div>\n\t\t<\/div>\n\t\t\t\t<div class=\"elementor-column elementor-col-33 elementor-inner-column elementor-element elementor-element-67f1731\" data-id=\"67f1731\" data-element_type=\"column\">\n\t\t\t<div class=\"elementor-widget-wrap elementor-element-populated\">\n\t\t\t\t\t\t<div class=\"elementor-element elementor-element-ddeb2c5 elementor-widget elementor-widget-text-editor\" data-id=\"ddeb2c5\" data-element_type=\"widget\" data-widget_type=\"text-editor.default\">\n\t\t\t\t<div class=\"elementor-widget-container\">\n\t\t\t\t\t\t\t\t\t<p><strong>Comoditats:<\/strong><\/p><ul style=\"padding-left: 5%;\"><li><span style=\"font-weight: 400;\">Llit Premium 2&#215;2 m<\/span><\/li><li>Sof\u00e0 deluxe<\/li><li>Mobles de zebrano natural<\/li><li>Pantalla plana de TV per sat\u00e8l\u00b7lit<\/li><li>Minibar A\/C<\/li><li>Climatitzaci\u00f3 independent<\/li><li>Banyera exempta i columna hidromassatge<\/li><li>Assecador<\/li><li><em>Amenities exclusius<\/em> exclusivos<\/li><li>Barn\u00fas i sabatilles<\/li><li>Tocador<\/li><li>Caixa forta<\/li><li>Tel\u00e8fon<\/li><li>Cortines autom\u00e0tiques<\/li><li>Cafetera Nespresso<\/li><li>No es permet fumar a les habitacions i espais no exteriors.<\/li><\/ul>\t\t\t\t\t\t\t\t<\/div>\n\t\t\t\t<\/div>\n\t\t\t\t\t<\/div>\n\t\t<\/div>\n\t\t\t\t<div class=\"elementor-column elementor-col-33 elementor-inner-column elementor-element elementor-element-eaa4bdb\" data-id=\"eaa4bdb\" data-element_type=\"column\">\n\t\t\t<div class=\"elementor-widget-wrap elementor-element-populated\">\n\t\t\t\t\t\t<div class=\"elementor-element elementor-element-1bb328a elementor-widget elementor-widget-text-editor\" data-id=\"1bb328a\" data-element_type=\"widget\" data-widget_type=\"text-editor.default\">\n\t\t\t\t<div class=\"elementor-widget-container\">\n\t\t\t\t\t\t\t\t\t<span style=\"font-weight: 400;\">Serveis:<\/span>\n<ul style=\"padding-left: 5%;\">\n \t<li>Wifi gratu\u00eft\n<\/li>\n \t<li>Servei d\u2019habitacions\n<\/li>\n<\/ul>\t\t\t\t\t\t\t\t<\/div>\n\t\t\t\t<\/div>\n\t\t\t\t\t<\/div>\n\t\t<\/div>\n\t\t\t\t\t<\/div>\n\t\t<\/section>\n\t\t\t\t\t<\/div>\n\t\t<\/div>\n\t\t\t\t\t<\/div>\n\t\t<\/section>\n\t\t\t\t<section class=\"elementor-section elementor-top-section elementor-element elementor-element-68b163f4 elementor-section-boxed elementor-section-height-default elementor-section-height-default\" data-id=\"68b163f4\" data-element_type=\"section\">\n\t\t\t\t\t\t<div class=\"elementor-container elementor-column-gap-default\">\n\t\t\t\t\t<div class=\"elementor-column elementor-col-100 elementor-top-column elementor-element elementor-element-68c964e5\" data-id=\"68c964e5\" data-element_type=\"column\">\n\t\t\t<div class=\"elementor-widget-wrap elementor-element-populated\">\n\t\t\t\t\t\t<div class=\"elementor-element elementor-element-b407bfa elementor-widget elementor-widget-button\" data-id=\"b407bfa\" data-element_type=\"widget\" data-widget_type=\"button.default\">\n\t\t\t\t<div class=\"elementor-widget-container\">\n\t\t\t\t\t\t\t\t\t<div class=\"elementor-button-wrapper\">\n\t\t\t\t\t<a class=\"elementor-button elementor-button-link elementor-size-sm\" href=\"https:\/\/shop.mastinell.com\/ca\/hotel\/habitacions\/\">\n\t\t\t\t\t\t<span class=\"elementor-button-content-wrapper\">\n\t\t\t\t\t\t\t\t\t<span class=\"elementor-button-text\">Tornar a habitacions<\/span>\n\t\t\t\t\t<\/span>\n\t\t\t\t\t<\/a>\n\t\t\t\t<\/div>\n\t\t\t\t\t\t\t\t<\/div>\n\t\t\t\t<\/div>\n\t\t\t\t\t<\/div>\n\t\t<\/div>\n\t\t\t\t\t<\/div>\n\t\t<\/section>\n\t\t\t\t<\/div>\n\t\t","protected":false},"excerpt":{"rendered":"<p>Suite Deluxe Suite Deluxe Exclusiva i \u00fanica. Reservar T\u2019obrim les portes a la millor habitaci\u00f3 del Cava &amp; Hotel Mastinell. Si busques un allotjament de luxe en el Pened\u00e8s, no trobar\u00e0s res que s\u2019assembli a la nostra Suite Deluxe. Di\u00e0fana i molt lluminosa, la seva arquitectura \u00fanica evoca dues grans ampolles de cava unides en [&hellip;]<\/p>\n","protected":false},"author":1,"featured_media":0,"parent":20295,"menu_order":0,"comment_status":"closed","ping_status":"closed","template":"elementor_header_footer","meta":{"_acf_changed":false,"footnotes":""},"class_list":["post-20343","page","type-page","status-publish","hentry"],"acf":[],"yoast_head":"<!-- This site is optimized with the Yoast SEO plugin v27.5 - https:\/\/yoast.com\/product\/yoast-seo-wordpress\/ -->\n<title>SUITE DELUXE - Mastinell<\/title>\n<meta name=\"robots\" content=\"index, follow, max-snippet:-1, max-image-preview:large, max-video-preview:-1\" \/>\n<link rel=\"canonical\" href=\"https:\/\/shop.mastinell.com\/ca\/hotel\/habitacions\/suite-deluxe\/\" \/>\n<meta property=\"og:locale\" content=\"ca_ES\" \/>\n<meta property=\"og:type\" content=\"article\" \/>\n<meta property=\"og:title\" content=\"SUITE DELUXE - Mastinell\" \/>\n<meta property=\"og:description\" content=\"Suite Deluxe Suite Deluxe Exclusiva i \u00fanica. Reservar T\u2019obrim les portes a la millor habitaci\u00f3 del Cava &amp; Hotel Mastinell. Si busques un allotjament de luxe en el Pened\u00e8s, no trobar\u00e0s res que s\u2019assembli a la nostra Suite Deluxe. Di\u00e0fana i molt lluminosa, la seva arquitectura \u00fanica evoca dues grans ampolles de cava unides en [&hellip;]\" \/>\n<meta property=\"og:url\" content=\"https:\/\/shop.mastinell.com\/ca\/hotel\/habitacions\/suite-deluxe\/\" \/>\n<meta property=\"og:site_name\" content=\"Mastinell\" \/>\n<meta property=\"article:publisher\" content=\"https:\/\/www.facebook.com\/CavaHotelMastinell\" \/>\n<meta property=\"article:modified_time\" content=\"2022-05-25T07:49:41+00:00\" \/>\n<meta property=\"og:image\" content=\"https:\/\/mastinell.agencialiverpool.test\/wp-content\/uploads\/2020\/12\/hotel_habitaciones_suit_01-1-430x500.jpg\" \/>\n<meta name=\"twitter:card\" content=\"summary_large_image\" \/>\n<meta name=\"twitter:label1\" content=\"Temps estimat de lectura\" \/>\n\t<meta name=\"twitter:data1\" content=\"5 minuts\" \/>\n<script type=\"application\/ld+json\" class=\"yoast-schema-graph\">{\"@context\":\"https:\\\/\\\/schema.org\",\"@graph\":[{\"@type\":\"WebPage\",\"@id\":\"https:\\\/\\\/shop.mastinell.com\\\/ca\\\/hotel\\\/habitacions\\\/suite-deluxe\\\/\",\"url\":\"https:\\\/\\\/shop.mastinell.com\\\/ca\\\/hotel\\\/habitacions\\\/suite-deluxe\\\/\",\"name\":\"SUITE DELUXE - Mastinell\",\"isPartOf\":{\"@id\":\"https:\\\/\\\/mastinell.agencialiverpool.test\\\/#website\"},\"primaryImageOfPage\":{\"@id\":\"https:\\\/\\\/shop.mastinell.com\\\/ca\\\/hotel\\\/habitacions\\\/suite-deluxe\\\/#primaryimage\"},\"image\":{\"@id\":\"https:\\\/\\\/shop.mastinell.com\\\/ca\\\/hotel\\\/habitacions\\\/suite-deluxe\\\/#primaryimage\"},\"thumbnailUrl\":\"https:\\\/\\\/shop.mastinell.com\\\/wp-content\\\/uploads\\\/2020\\\/12\\\/hotel_habitaciones_suit_01-1-430x500.jpg\",\"datePublished\":\"2021-06-02T19:51:42+00:00\",\"dateModified\":\"2022-05-25T07:49:41+00:00\",\"breadcrumb\":{\"@id\":\"https:\\\/\\\/shop.mastinell.com\\\/ca\\\/hotel\\\/habitacions\\\/suite-deluxe\\\/#breadcrumb\"},\"inLanguage\":\"ca\",\"potentialAction\":[{\"@type\":\"ReadAction\",\"target\":[\"https:\\\/\\\/shop.mastinell.com\\\/ca\\\/hotel\\\/habitacions\\\/suite-deluxe\\\/\"]}]},{\"@type\":\"ImageObject\",\"inLanguage\":\"ca\",\"@id\":\"https:\\\/\\\/shop.mastinell.com\\\/ca\\\/hotel\\\/habitacions\\\/suite-deluxe\\\/#primaryimage\",\"url\":\"https:\\\/\\\/shop.mastinell.com\\\/wp-content\\\/uploads\\\/2020\\\/12\\\/hotel_habitaciones_suit_01-1-430x500.jpg\",\"contentUrl\":\"https:\\\/\\\/shop.mastinell.com\\\/wp-content\\\/uploads\\\/2020\\\/12\\\/hotel_habitaciones_suit_01-1-430x500.jpg\"},{\"@type\":\"BreadcrumbList\",\"@id\":\"https:\\\/\\\/shop.mastinell.com\\\/ca\\\/hotel\\\/habitacions\\\/suite-deluxe\\\/#breadcrumb\",\"itemListElement\":[{\"@type\":\"ListItem\",\"position\":1,\"name\":\"Home\",\"item\":\"https:\\\/\\\/shop.mastinell.com\\\/ca\\\/tienda\\\/\"},{\"@type\":\"ListItem\",\"position\":2,\"name\":\"HOTEL\",\"item\":\"https:\\\/\\\/shop.mastinell.com\\\/ca\\\/hotel\\\/\"},{\"@type\":\"ListItem\",\"position\":3,\"name\":\"HABITACIONS\",\"item\":\"https:\\\/\\\/shop.mastinell.com\\\/ca\\\/hotel\\\/habitacions\\\/\"},{\"@type\":\"ListItem\",\"position\":4,\"name\":\"SUITE DELUXE\"}]},{\"@type\":\"WebSite\",\"@id\":\"https:\\\/\\\/mastinell.agencialiverpool.test\\\/#website\",\"url\":\"https:\\\/\\\/mastinell.agencialiverpool.test\\\/\",\"name\":\"Mastinell\",\"description\":\"Tienda Oficial\",\"publisher\":{\"@id\":\"https:\\\/\\\/mastinell.agencialiverpool.test\\\/#organization\"},\"potentialAction\":[{\"@type\":\"SearchAction\",\"target\":{\"@type\":\"EntryPoint\",\"urlTemplate\":\"https:\\\/\\\/mastinell.agencialiverpool.test\\\/?s={search_term_string}\"},\"query-input\":{\"@type\":\"PropertyValueSpecification\",\"valueRequired\":true,\"valueName\":\"search_term_string\"}}],\"inLanguage\":\"ca\"},{\"@type\":\"Organization\",\"@id\":\"https:\\\/\\\/mastinell.agencialiverpool.test\\\/#organization\",\"name\":\"Mastinell\",\"url\":\"https:\\\/\\\/mastinell.agencialiverpool.test\\\/\",\"logo\":{\"@type\":\"ImageObject\",\"inLanguage\":\"ca\",\"@id\":\"https:\\\/\\\/mastinell.agencialiverpool.test\\\/#\\\/schema\\\/logo\\\/image\\\/\",\"url\":\"https:\\\/\\\/shop.mastinell.com\\\/wp-content\\\/uploads\\\/2025\\\/01\\\/Mastinell-Cava-y-Hotel-scaled-1.webp\",\"contentUrl\":\"https:\\\/\\\/shop.mastinell.com\\\/wp-content\\\/uploads\\\/2025\\\/01\\\/Mastinell-Cava-y-Hotel-scaled-1.webp\",\"width\":2560,\"height\":531,\"caption\":\"Mastinell\"},\"image\":{\"@id\":\"https:\\\/\\\/mastinell.agencialiverpool.test\\\/#\\\/schema\\\/logo\\\/image\\\/\"},\"sameAs\":[\"https:\\\/\\\/www.facebook.com\\\/CavaHotelMastinell\",\"https:\\\/\\\/www.instagram.com\\\/cavahotel_mastinell\\\/?hl=es\"]}]}<\/script>\n<!-- \/ Yoast SEO plugin. -->","yoast_head_json":{"title":"SUITE DELUXE - Mastinell","robots":{"index":"index","follow":"follow","max-snippet":"max-snippet:-1","max-image-preview":"max-image-preview:large","max-video-preview":"max-video-preview:-1"},"canonical":"https:\/\/shop.mastinell.com\/ca\/hotel\/habitacions\/suite-deluxe\/","og_locale":"ca_ES","og_type":"article","og_title":"SUITE DELUXE - Mastinell","og_description":"Suite Deluxe Suite Deluxe Exclusiva i \u00fanica. Reservar T\u2019obrim les portes a la millor habitaci\u00f3 del Cava &amp; Hotel Mastinell. Si busques un allotjament de luxe en el Pened\u00e8s, no trobar\u00e0s res que s\u2019assembli a la nostra Suite Deluxe. Di\u00e0fana i molt lluminosa, la seva arquitectura \u00fanica evoca dues grans ampolles de cava unides en [&hellip;]","og_url":"https:\/\/shop.mastinell.com\/ca\/hotel\/habitacions\/suite-deluxe\/","og_site_name":"Mastinell","article_publisher":"https:\/\/www.facebook.com\/CavaHotelMastinell","article_modified_time":"2022-05-25T07:49:41+00:00","og_image":[{"url":"https:\/\/mastinell.agencialiverpool.test\/wp-content\/uploads\/2020\/12\/hotel_habitaciones_suit_01-1-430x500.jpg","type":"","width":"","height":""}],"twitter_card":"summary_large_image","twitter_misc":{"Temps estimat de lectura":"5 minuts"},"schema":{"@context":"https:\/\/schema.org","@graph":[{"@type":"WebPage","@id":"https:\/\/shop.mastinell.com\/ca\/hotel\/habitacions\/suite-deluxe\/","url":"https:\/\/shop.mastinell.com\/ca\/hotel\/habitacions\/suite-deluxe\/","name":"SUITE DELUXE - Mastinell","isPartOf":{"@id":"https:\/\/mastinell.agencialiverpool.test\/#website"},"primaryImageOfPage":{"@id":"https:\/\/shop.mastinell.com\/ca\/hotel\/habitacions\/suite-deluxe\/#primaryimage"},"image":{"@id":"https:\/\/shop.mastinell.com\/ca\/hotel\/habitacions\/suite-deluxe\/#primaryimage"},"thumbnailUrl":"https:\/\/shop.mastinell.com\/wp-content\/uploads\/2020\/12\/hotel_habitaciones_suit_01-1-430x500.jpg","datePublished":"2021-06-02T19:51:42+00:00","dateModified":"2022-05-25T07:49:41+00:00","breadcrumb":{"@id":"https:\/\/shop.mastinell.com\/ca\/hotel\/habitacions\/suite-deluxe\/#breadcrumb"},"inLanguage":"ca","potentialAction":[{"@type":"ReadAction","target":["https:\/\/shop.mastinell.com\/ca\/hotel\/habitacions\/suite-deluxe\/"]}]},{"@type":"ImageObject","inLanguage":"ca","@id":"https:\/\/shop.mastinell.com\/ca\/hotel\/habitacions\/suite-deluxe\/#primaryimage","url":"https:\/\/shop.mastinell.com\/wp-content\/uploads\/2020\/12\/hotel_habitaciones_suit_01-1-430x500.jpg","contentUrl":"https:\/\/shop.mastinell.com\/wp-content\/uploads\/2020\/12\/hotel_habitaciones_suit_01-1-430x500.jpg"},{"@type":"BreadcrumbList","@id":"https:\/\/shop.mastinell.com\/ca\/hotel\/habitacions\/suite-deluxe\/#breadcrumb","itemListElement":[{"@type":"ListItem","position":1,"name":"Home","item":"https:\/\/shop.mastinell.com\/ca\/tienda\/"},{"@type":"ListItem","position":2,"name":"HOTEL","item":"https:\/\/shop.mastinell.com\/ca\/hotel\/"},{"@type":"ListItem","position":3,"name":"HABITACIONS","item":"https:\/\/shop.mastinell.com\/ca\/hotel\/habitacions\/"},{"@type":"ListItem","position":4,"name":"SUITE DELUXE"}]},{"@type":"WebSite","@id":"https:\/\/mastinell.agencialiverpool.test\/#website","url":"https:\/\/mastinell.agencialiverpool.test\/","name":"Mastinell","description":"Tienda Oficial","publisher":{"@id":"https:\/\/mastinell.agencialiverpool.test\/#organization"},"potentialAction":[{"@type":"SearchAction","target":{"@type":"EntryPoint","urlTemplate":"https:\/\/mastinell.agencialiverpool.test\/?s={search_term_string}"},"query-input":{"@type":"PropertyValueSpecification","valueRequired":true,"valueName":"search_term_string"}}],"inLanguage":"ca"},{"@type":"Organization","@id":"https:\/\/mastinell.agencialiverpool.test\/#organization","name":"Mastinell","url":"https:\/\/mastinell.agencialiverpool.test\/","logo":{"@type":"ImageObject","inLanguage":"ca","@id":"https:\/\/mastinell.agencialiverpool.test\/#\/schema\/logo\/image\/","url":"https:\/\/shop.mastinell.com\/wp-content\/uploads\/2025\/01\/Mastinell-Cava-y-Hotel-scaled-1.webp","contentUrl":"https:\/\/shop.mastinell.com\/wp-content\/uploads\/2025\/01\/Mastinell-Cava-y-Hotel-scaled-1.webp","width":2560,"height":531,"caption":"Mastinell"},"image":{"@id":"https:\/\/mastinell.agencialiverpool.test\/#\/schema\/logo\/image\/"},"sameAs":["https:\/\/www.facebook.com\/CavaHotelMastinell","https:\/\/www.instagram.com\/cavahotel_mastinell\/?hl=es"]}]}},"_links":{"self":[{"href":"https:\/\/shop.mastinell.com\/ca\/wp-json\/wp\/v2\/pages\/20343","targetHints":{"allow":["GET"]}}],"collection":[{"href":"https:\/\/shop.mastinell.com\/ca\/wp-json\/wp\/v2\/pages"}],"about":[{"href":"https:\/\/shop.mastinell.com\/ca\/wp-json\/wp\/v2\/types\/page"}],"author":[{"embeddable":true,"href":"https:\/\/shop.mastinell.com\/ca\/wp-json\/wp\/v2\/users\/1"}],"replies":[{"embeddable":true,"href":"https:\/\/shop.mastinell.com\/ca\/wp-json\/wp\/v2\/comments?post=20343"}],"version-history":[{"count":7,"href":"https:\/\/shop.mastinell.com\/ca\/wp-json\/wp\/v2\/pages\/20343\/revisions"}],"predecessor-version":[{"id":27130,"href":"https:\/\/shop.mastinell.com\/ca\/wp-json\/wp\/v2\/pages\/20343\/revisions\/27130"}],"up":[{"embeddable":true,"href":"https:\/\/shop.mastinell.com\/ca\/wp-json\/wp\/v2\/pages\/20295"}],"wp:attachment":[{"href":"https:\/\/shop.mastinell.com\/ca\/wp-json\/wp\/v2\/media?parent=20343"}],"curies":[{"name":"wp","href":"https:\/\/api.w.org\/{rel}","templated":true}]}}