{"id":20359,"date":"2021-06-02T22:05:53","date_gmt":"2021-06-02T20:05:53","guid":{"rendered":"https:\/\/mastinell.com\/?page_id=20359"},"modified":"2022-05-25T09:49:30","modified_gmt":"2022-05-25T07:49:30","slug":"premium-doble","status":"publish","type":"page","link":"https:\/\/shop.mastinell.com\/ca\/hotel\/habitacions\/premium-doble\/","title":{"rendered":"PREMIUM DOBLE"},"content":{"rendered":"\t\t<div data-elementor-type=\"wp-page\" data-elementor-id=\"20359\" class=\"elementor elementor-20359 elementor-8099\" data-elementor-post-type=\"page\">\n\t\t\t\t\t\t<section class=\"elementor-section elementor-top-section elementor-element elementor-element-6a19fe65 elementor-section-height-min-height elementor-section-content-middle elementor-section-stretched elementor-section-boxed elementor-section-height-default elementor-section-items-middle\" data-id=\"6a19fe65\" data-element_type=\"section\" data-settings=\"{&quot;stretch_section&quot;:&quot;section-stretched&quot;,&quot;background_background&quot;:&quot;classic&quot;}\">\n\t\t\t\t\t\t<div class=\"elementor-container elementor-column-gap-default\">\n\t\t\t\t\t<div class=\"elementor-column elementor-col-100 elementor-top-column elementor-element elementor-element-6c2563c9\" data-id=\"6c2563c9\" data-element_type=\"column\">\n\t\t\t<div class=\"elementor-widget-wrap elementor-element-populated\">\n\t\t\t\t\t\t<div class=\"elementor-element elementor-element-10f14909 elementor-hidden-tablet elementor-hidden-phone elementor-widget elementor-widget-heading\" data-id=\"10f14909\" data-element_type=\"widget\" data-widget_type=\"heading.default\">\n\t\t\t\t<div class=\"elementor-widget-container\">\n\t\t\t\t\t<p class=\"elementor-heading-title elementor-size-default\">Premium Doble<\/p>\t\t\t\t<\/div>\n\t\t\t\t<\/div>\n\t\t\t\t<div class=\"elementor-element elementor-element-0fa288e elementor-widget elementor-widget-html\" data-id=\"0fa288e\" data-element_type=\"widget\" data-widget_type=\"html.default\">\n\t\t\t\t<div class=\"elementor-widget-container\">\n\t\t\t\t\t<div data-mirai-engine=\"mirai_be\" data-lang=\"es\" data-idhotel=\"100375447\"><\/div>\n<script type=\"text\/javascript\" src=\"https:\/\/js.mirai.com\/mirai-loader\/mirai.loader.js\"><\/script>\n<link rel=\"stylesheet\" type=\"text\/css\" href=\"\/engine.css\" \/>\n <script type=\"text\/javascript\">\n    \/\/ Engine by Language\n    if (jQuery('div[data-mirai-engine=\"mirai_be\"]').length) {\n        jQuery('div[data-mirai-engine=\"mirai_be\"]').attr('data-lang', jQuery('html').attr('lang'));\n    }\n<\/script>\t\t\t\t<\/div>\n\t\t\t\t<\/div>\n\t\t\t\t\t<\/div>\n\t\t<\/div>\n\t\t\t\t\t<\/div>\n\t\t<\/section>\n\t\t\t\t<section class=\"elementor-section elementor-top-section elementor-element elementor-element-e1571ee elementor-hidden-desktop elementor-section-boxed elementor-section-height-default elementor-section-height-default\" data-id=\"e1571ee\" data-element_type=\"section\">\n\t\t\t\t\t\t<div class=\"elementor-container elementor-column-gap-default\">\n\t\t\t\t\t<div class=\"elementor-column elementor-col-100 elementor-top-column elementor-element elementor-element-c64d989\" data-id=\"c64d989\" data-element_type=\"column\">\n\t\t\t<div class=\"elementor-widget-wrap elementor-element-populated\">\n\t\t\t\t\t\t<div class=\"elementor-element elementor-element-369cc01 elementor-widget elementor-widget-heading\" data-id=\"369cc01\" data-element_type=\"widget\" data-widget_type=\"heading.default\">\n\t\t\t\t<div class=\"elementor-widget-container\">\n\t\t\t\t\t<p class=\"elementor-heading-title elementor-size-default\">Premium Doble<\/p>\t\t\t\t<\/div>\n\t\t\t\t<\/div>\n\t\t\t\t\t<\/div>\n\t\t<\/div>\n\t\t\t\t\t<\/div>\n\t\t<\/section>\n\t\t\t\t<section class=\"elementor-section elementor-top-section elementor-element elementor-element-33152c82 elementor-section-boxed elementor-section-height-default elementor-section-height-default\" data-id=\"33152c82\" data-element_type=\"section\">\n\t\t\t\t\t\t<div class=\"elementor-container elementor-column-gap-default\">\n\t\t\t\t\t<div class=\"elementor-column elementor-col-100 elementor-top-column elementor-element elementor-element-7fa74f23\" data-id=\"7fa74f23\" data-element_type=\"column\">\n\t\t\t<div class=\"elementor-widget-wrap elementor-element-populated\">\n\t\t\t\t\t\t<div class=\"elementor-element elementor-element-1d7e1ec4 elementor-widget elementor-widget-heading\" data-id=\"1d7e1ec4\" data-element_type=\"widget\" data-widget_type=\"heading.default\">\n\t\t\t\t<div class=\"elementor-widget-container\">\n\t\t\t\t\t<h2 class=\"elementor-heading-title elementor-size-default\">\u00c0mplies, lluminoses, cuidades i confortables.\n\n<\/h2>\t\t\t\t<\/div>\n\t\t\t\t<\/div>\n\t\t\t\t<div class=\"elementor-element elementor-element-66968a2e elementor-widget-divider--view-line elementor-widget elementor-widget-divider\" data-id=\"66968a2e\" data-element_type=\"widget\" data-widget_type=\"divider.default\">\n\t\t\t\t<div class=\"elementor-widget-container\">\n\t\t\t\t\t\t\t<div class=\"elementor-divider\">\n\t\t\t<span class=\"elementor-divider-separator\">\n\t\t\t\t\t\t<\/span>\n\t\t<\/div>\n\t\t\t\t\t\t<\/div>\n\t\t\t\t<\/div>\n\t\t\t\t<div class=\"elementor-element elementor-element-6d9d3de4 elementor-widget elementor-widget-button\" data-id=\"6d9d3de4\" data-element_type=\"widget\" data-widget_type=\"button.default\">\n\t\t\t\t<div class=\"elementor-widget-container\">\n\t\t\t\t\t\t\t\t\t<div class=\"elementor-button-wrapper\">\n\t\t\t\t\t<a class=\"elementor-button elementor-button-link elementor-size-sm\" href=\"https:\/\/shop.mastinell.com\/bookingstep1.es.html\">\n\t\t\t\t\t\t<span class=\"elementor-button-content-wrapper\">\n\t\t\t\t\t\t\t\t\t<span class=\"elementor-button-text\">Reservar<\/span>\n\t\t\t\t\t<\/span>\n\t\t\t\t\t<\/a>\n\t\t\t\t<\/div>\n\t\t\t\t\t\t\t\t<\/div>\n\t\t\t\t<\/div>\n\t\t\t\t<div class=\"elementor-element elementor-element-5b5bdd2 elementor-widget elementor-widget-text-editor\" data-id=\"5b5bdd2\" data-element_type=\"widget\" data-widget_type=\"text-editor.default\">\n\t\t\t\t<div class=\"elementor-widget-container\">\n\t\t\t\t\t\t\t\t\t<p><span style=\"font-weight: 400;\">Les habitacions Doble Premium del Cava &amp; Hotel Mastinell brinden tot el que necessites per procurar-te una pl\u00e0cida i relaxant est\u00e0ncia en el cor del Pened\u00e8s. S\u00f3n \u00e0mplies, cuidades i confortables, i, gr\u00e0cies a les seves grans finestres, gaudeixen de llum a dojo i d\u2019unes vistes privilegiades a les vinyes o al celler. El seu disseny exclusiu est\u00e0 pensat per proporcionar-te la m\u00e0xima comoditat, garantint la teva relaxaci\u00f3 i descans.<\/span><\/p><p class=\"p1\">\u00a0<\/p><p><span style=\"font-weight: 400;\">El Cava &amp; Hotel Mastinell ha prove\u00eft totes les habitacions de les m\u00e0ximes comoditats. Els lavabos disposen d\u2019un espai reservat, completament separat de la resta de l\u2019habitaci\u00f3, per proporcionar-te la m\u00e0xima intimitat. Tria entre donar-te un bany o gaudir de la dutxa amb sistema <\/span><i><span style=\"font-weight: 400;\">rainforest<\/span><\/i><span style=\"font-weight: 400;\"> amb la nostra especial col\u00b7lecci\u00f3 <\/span><i><span style=\"font-weight: 400;\">d\u2019amenities<\/span><\/i><span style=\"font-weight: 400;\">, elaborada amb aut\u00e8ntics productes vin\u00edcoles.<\/span><\/p><p class=\"p1\">\u00a0<\/p><p><span style=\"font-weight: 400;\">Els mobles de fusta de zebrano natural i el millor equipament convertiran la teva est\u00e0ncia en un relaxant plaer. I, perqu\u00e8 la teva est\u00e0ncia sigui encara m\u00e9s agradable i acollidora, posem a la teva disposici\u00f3 una cafetera Nespresso.<\/span><\/p><p class=\"p1\"><br \/><br \/><\/p><p class=\"p2\"><span class=\"s1\">El Cava &amp; Hotel Mastinell ha provisto todas las habitaciones de las\u00a0m\u00e1ximas comodidades. Los lavabos disponen de un espacio reservado, completamente separado del resto de la habitaci\u00f3n, para proporcionarte la m\u00e1xima intimidad. Elige entre darte un ba\u00f1o o disfrutar de la\u00a0ducha con sistema <i>rainforest<\/i>\u00a0con nuestra especial colecci\u00f3n de <i>amenities<\/i>, elaborada con aut\u00e9nticos productos vin\u00edcolas. <\/span><\/p><p class=\"p2\"><span class=\"s1\">Los muebles de madera de cebrano natural y la mejor equipaci\u00f3n convertir\u00e1n tu estancia en un relajante placer. Y para que sea a\u00fan m\u00e1s agradable y acogedora, ponemos a tu entera disposici\u00f3n una\u00a0cafetera Nespresso. <\/span><\/p>\t\t\t\t\t\t\t\t<\/div>\n\t\t\t\t<\/div>\n\t\t\t\t<section class=\"elementor-section elementor-inner-section elementor-element elementor-element-61599fb9 elementor-section-boxed elementor-section-height-default elementor-section-height-default\" data-id=\"61599fb9\" data-element_type=\"section\">\n\t\t\t\t\t\t<div class=\"elementor-container elementor-column-gap-default\">\n\t\t\t\t\t<div class=\"elementor-column elementor-col-33 elementor-inner-column elementor-element elementor-element-4e4cc1e\" data-id=\"4e4cc1e\" data-element_type=\"column\">\n\t\t\t<div class=\"elementor-widget-wrap elementor-element-populated\">\n\t\t\t\t\t\t<div class=\"elementor-element elementor-element-943499e elementor-widget elementor-widget-text-editor\" data-id=\"943499e\" data-element_type=\"widget\" data-widget_type=\"text-editor.default\">\n\t\t\t\t<div class=\"elementor-widget-container\">\n\t\t\t\t\t\t\t\t\t<strong>Caracter\u00edstiques:<\/strong>\n<ul style=\"padding-left: 5%;\">\n \t<li>Superf\u00edcie de 32 m2\n<\/li>\n \t<li>Habitacions amb vistes a les vinyes o al celler\n<\/li>\n<\/ul>\t\t\t\t\t\t\t\t<\/div>\n\t\t\t\t<\/div>\n\t\t\t\t\t<\/div>\n\t\t<\/div>\n\t\t\t\t<div class=\"elementor-column elementor-col-33 elementor-inner-column elementor-element elementor-element-67f1731\" data-id=\"67f1731\" data-element_type=\"column\">\n\t\t\t<div class=\"elementor-widget-wrap elementor-element-populated\">\n\t\t\t\t\t\t<div class=\"elementor-element elementor-element-ddeb2c5 elementor-widget elementor-widget-text-editor\" data-id=\"ddeb2c5\" data-element_type=\"widget\" data-widget_type=\"text-editor.default\">\n\t\t\t\t<div class=\"elementor-widget-container\">\n\t\t\t\t\t\t\t\t\t<p><strong>Comoditats:<\/strong><\/p><ul style=\"padding-left: 5%;\"><li>Llit de 1,80&#215;2 m<\/li><li>Mobles de zebrano natural<\/li><li>Capacitat m\u00e0xima per 2 persones<\/li><li>Pantalla plana de TV per sat\u00e8l\u00b7lit<\/li><li>Minibar<\/li><li>Insonoritzaci\u00f3<\/li><li>A\/C i climatitzaci\u00f3 independent<\/li><li>Banyera i dutxa rainforest<\/li><li>Assecador<\/li><li><em>Amenities exclusius<\/em><\/li><li>Barn\u00fas i sabatilles<\/li><li>Tocador<\/li><li>Caixa forta<\/li><li>Tel\u00e9fono<\/li><li>Cortines autom\u00e0tiques<\/li><li>Cafetera Nespresso<\/li><li>No es permet fumar a les habitacions i espais no exteriors.<\/li><\/ul>\t\t\t\t\t\t\t\t<\/div>\n\t\t\t\t<\/div>\n\t\t\t\t\t<\/div>\n\t\t<\/div>\n\t\t\t\t<div class=\"elementor-column elementor-col-33 elementor-inner-column elementor-element elementor-element-eaa4bdb\" data-id=\"eaa4bdb\" data-element_type=\"column\">\n\t\t\t<div class=\"elementor-widget-wrap elementor-element-populated\">\n\t\t\t\t\t\t<div class=\"elementor-element elementor-element-1bb328a elementor-widget elementor-widget-text-editor\" data-id=\"1bb328a\" data-element_type=\"widget\" data-widget_type=\"text-editor.default\">\n\t\t\t\t<div class=\"elementor-widget-container\">\n\t\t\t\t\t\t\t\t\t<strong>Serveis:\n<\/strong>\n<ul style=\"padding-left: 5%;\">\n \t<li>Wifi gratu\u00eft\n<\/li>\n \t<li>Servei d\u2019habitacions<\/li>\n<\/ul>\t\t\t\t\t\t\t\t<\/div>\n\t\t\t\t<\/div>\n\t\t\t\t\t<\/div>\n\t\t<\/div>\n\t\t\t\t\t<\/div>\n\t\t<\/section>\n\t\t\t\t\t<\/div>\n\t\t<\/div>\n\t\t\t\t\t<\/div>\n\t\t<\/section>\n\t\t\t\t<section class=\"elementor-section elementor-top-section elementor-element elementor-element-68b163f4 elementor-section-boxed elementor-section-height-default elementor-section-height-default\" data-id=\"68b163f4\" data-element_type=\"section\">\n\t\t\t\t\t\t<div class=\"elementor-container elementor-column-gap-default\">\n\t\t\t\t\t<div class=\"elementor-column elementor-col-100 elementor-top-column elementor-element elementor-element-68c964e5\" data-id=\"68c964e5\" data-element_type=\"column\">\n\t\t\t<div class=\"elementor-widget-wrap elementor-element-populated\">\n\t\t\t\t\t\t<div class=\"elementor-element elementor-element-b407bfa elementor-widget elementor-widget-button\" data-id=\"b407bfa\" data-element_type=\"widget\" data-widget_type=\"button.default\">\n\t\t\t\t<div class=\"elementor-widget-container\">\n\t\t\t\t\t\t\t\t\t<div class=\"elementor-button-wrapper\">\n\t\t\t\t\t<a class=\"elementor-button elementor-button-link elementor-size-sm\" href=\"https:\/\/shop.mastinell.com\/ca\/hotel\/habitacions\/\">\n\t\t\t\t\t\t<span class=\"elementor-button-content-wrapper\">\n\t\t\t\t\t\t\t\t\t<span class=\"elementor-button-text\">Tornar a habitacions<\/span>\n\t\t\t\t\t<\/span>\n\t\t\t\t\t<\/a>\n\t\t\t\t<\/div>\n\t\t\t\t\t\t\t\t<\/div>\n\t\t\t\t<\/div>\n\t\t\t\t\t<\/div>\n\t\t<\/div>\n\t\t\t\t\t<\/div>\n\t\t<\/section>\n\t\t\t\t<\/div>\n\t\t","protected":false},"excerpt":{"rendered":"<p>Premium Doble Premium Doble \u00c0mplies, lluminoses, cuidades i confortables. Reservar Les habitacions Doble Premium del Cava &amp; Hotel Mastinell brinden tot el que necessites per procurar-te una pl\u00e0cida i relaxant est\u00e0ncia en el cor del Pened\u00e8s. S\u00f3n \u00e0mplies, cuidades i confortables, i, gr\u00e0cies a les seves grans finestres, gaudeixen de llum a dojo i d\u2019unes [&hellip;]<\/p>\n","protected":false},"author":1,"featured_media":0,"parent":20295,"menu_order":0,"comment_status":"closed","ping_status":"closed","template":"elementor_header_footer","meta":{"_acf_changed":false,"footnotes":""},"class_list":["post-20359","page","type-page","status-publish","hentry"],"acf":[],"yoast_head":"<!-- This site is optimized with the Yoast SEO plugin v27.5 - https:\/\/yoast.com\/product\/yoast-seo-wordpress\/ -->\n<title>PREMIUM DOBLE - Mastinell<\/title>\n<meta name=\"robots\" content=\"index, follow, max-snippet:-1, max-image-preview:large, max-video-preview:-1\" \/>\n<link rel=\"canonical\" href=\"https:\/\/shop.mastinell.com\/ca\/hotel\/habitacions\/premium-doble\/\" \/>\n<meta property=\"og:locale\" content=\"ca_ES\" \/>\n<meta property=\"og:type\" content=\"article\" \/>\n<meta property=\"og:title\" content=\"PREMIUM DOBLE - Mastinell\" \/>\n<meta property=\"og:description\" content=\"Premium Doble Premium Doble \u00c0mplies, lluminoses, cuidades i confortables. Reservar Les habitacions Doble Premium del Cava &amp; Hotel Mastinell brinden tot el que necessites per procurar-te una pl\u00e0cida i relaxant est\u00e0ncia en el cor del Pened\u00e8s. S\u00f3n \u00e0mplies, cuidades i confortables, i, gr\u00e0cies a les seves grans finestres, gaudeixen de llum a dojo i d\u2019unes [&hellip;]\" \/>\n<meta property=\"og:url\" content=\"https:\/\/shop.mastinell.com\/ca\/hotel\/habitacions\/premium-doble\/\" \/>\n<meta property=\"og:site_name\" content=\"Mastinell\" \/>\n<meta property=\"article:publisher\" content=\"https:\/\/www.facebook.com\/CavaHotelMastinell\" \/>\n<meta property=\"article:modified_time\" content=\"2022-05-25T07:49:30+00:00\" \/>\n<meta property=\"og:image\" content=\"https:\/\/mastinell.agencialiverpool.test\/wp-content\/uploads\/2020\/12\/hotel_habitaciones_premium_01-1-430x500.jpg\" \/>\n<meta name=\"twitter:card\" content=\"summary_large_image\" \/>\n<meta name=\"twitter:label1\" content=\"Temps estimat de lectura\" \/>\n\t<meta name=\"twitter:data1\" content=\"5 minuts\" \/>\n<script type=\"application\/ld+json\" class=\"yoast-schema-graph\">{\"@context\":\"https:\\\/\\\/schema.org\",\"@graph\":[{\"@type\":\"WebPage\",\"@id\":\"https:\\\/\\\/shop.mastinell.com\\\/ca\\\/hotel\\\/habitacions\\\/premium-doble\\\/\",\"url\":\"https:\\\/\\\/shop.mastinell.com\\\/ca\\\/hotel\\\/habitacions\\\/premium-doble\\\/\",\"name\":\"PREMIUM DOBLE - Mastinell\",\"isPartOf\":{\"@id\":\"https:\\\/\\\/mastinell.agencialiverpool.test\\\/#website\"},\"primaryImageOfPage\":{\"@id\":\"https:\\\/\\\/shop.mastinell.com\\\/ca\\\/hotel\\\/habitacions\\\/premium-doble\\\/#primaryimage\"},\"image\":{\"@id\":\"https:\\\/\\\/shop.mastinell.com\\\/ca\\\/hotel\\\/habitacions\\\/premium-doble\\\/#primaryimage\"},\"thumbnailUrl\":\"https:\\\/\\\/shop.mastinell.com\\\/wp-content\\\/uploads\\\/2020\\\/12\\\/hotel_habitaciones_premium_01-1-430x500.jpg\",\"datePublished\":\"2021-06-02T20:05:53+00:00\",\"dateModified\":\"2022-05-25T07:49:30+00:00\",\"breadcrumb\":{\"@id\":\"https:\\\/\\\/shop.mastinell.com\\\/ca\\\/hotel\\\/habitacions\\\/premium-doble\\\/#breadcrumb\"},\"inLanguage\":\"ca\",\"potentialAction\":[{\"@type\":\"ReadAction\",\"target\":[\"https:\\\/\\\/shop.mastinell.com\\\/ca\\\/hotel\\\/habitacions\\\/premium-doble\\\/\"]}]},{\"@type\":\"ImageObject\",\"inLanguage\":\"ca\",\"@id\":\"https:\\\/\\\/shop.mastinell.com\\\/ca\\\/hotel\\\/habitacions\\\/premium-doble\\\/#primaryimage\",\"url\":\"https:\\\/\\\/shop.mastinell.com\\\/wp-content\\\/uploads\\\/2020\\\/12\\\/hotel_habitaciones_premium_01-1-430x500.jpg\",\"contentUrl\":\"https:\\\/\\\/shop.mastinell.com\\\/wp-content\\\/uploads\\\/2020\\\/12\\\/hotel_habitaciones_premium_01-1-430x500.jpg\"},{\"@type\":\"BreadcrumbList\",\"@id\":\"https:\\\/\\\/shop.mastinell.com\\\/ca\\\/hotel\\\/habitacions\\\/premium-doble\\\/#breadcrumb\",\"itemListElement\":[{\"@type\":\"ListItem\",\"position\":1,\"name\":\"Home\",\"item\":\"https:\\\/\\\/shop.mastinell.com\\\/ca\\\/tienda\\\/\"},{\"@type\":\"ListItem\",\"position\":2,\"name\":\"HOTEL\",\"item\":\"https:\\\/\\\/shop.mastinell.com\\\/ca\\\/hotel\\\/\"},{\"@type\":\"ListItem\",\"position\":3,\"name\":\"HABITACIONS\",\"item\":\"https:\\\/\\\/shop.mastinell.com\\\/ca\\\/hotel\\\/habitacions\\\/\"},{\"@type\":\"ListItem\",\"position\":4,\"name\":\"PREMIUM DOBLE\"}]},{\"@type\":\"WebSite\",\"@id\":\"https:\\\/\\\/mastinell.agencialiverpool.test\\\/#website\",\"url\":\"https:\\\/\\\/mastinell.agencialiverpool.test\\\/\",\"name\":\"Mastinell\",\"description\":\"Tienda Oficial\",\"publisher\":{\"@id\":\"https:\\\/\\\/mastinell.agencialiverpool.test\\\/#organization\"},\"potentialAction\":[{\"@type\":\"SearchAction\",\"target\":{\"@type\":\"EntryPoint\",\"urlTemplate\":\"https:\\\/\\\/mastinell.agencialiverpool.test\\\/?s={search_term_string}\"},\"query-input\":{\"@type\":\"PropertyValueSpecification\",\"valueRequired\":true,\"valueName\":\"search_term_string\"}}],\"inLanguage\":\"ca\"},{\"@type\":\"Organization\",\"@id\":\"https:\\\/\\\/mastinell.agencialiverpool.test\\\/#organization\",\"name\":\"Mastinell\",\"url\":\"https:\\\/\\\/mastinell.agencialiverpool.test\\\/\",\"logo\":{\"@type\":\"ImageObject\",\"inLanguage\":\"ca\",\"@id\":\"https:\\\/\\\/mastinell.agencialiverpool.test\\\/#\\\/schema\\\/logo\\\/image\\\/\",\"url\":\"https:\\\/\\\/shop.mastinell.com\\\/wp-content\\\/uploads\\\/2025\\\/01\\\/Mastinell-Cava-y-Hotel-scaled-1.webp\",\"contentUrl\":\"https:\\\/\\\/shop.mastinell.com\\\/wp-content\\\/uploads\\\/2025\\\/01\\\/Mastinell-Cava-y-Hotel-scaled-1.webp\",\"width\":2560,\"height\":531,\"caption\":\"Mastinell\"},\"image\":{\"@id\":\"https:\\\/\\\/mastinell.agencialiverpool.test\\\/#\\\/schema\\\/logo\\\/image\\\/\"},\"sameAs\":[\"https:\\\/\\\/www.facebook.com\\\/CavaHotelMastinell\",\"https:\\\/\\\/www.instagram.com\\\/cavahotel_mastinell\\\/?hl=es\"]}]}<\/script>\n<!-- \/ Yoast SEO plugin. -->","yoast_head_json":{"title":"PREMIUM DOBLE - Mastinell","robots":{"index":"index","follow":"follow","max-snippet":"max-snippet:-1","max-image-preview":"max-image-preview:large","max-video-preview":"max-video-preview:-1"},"canonical":"https:\/\/shop.mastinell.com\/ca\/hotel\/habitacions\/premium-doble\/","og_locale":"ca_ES","og_type":"article","og_title":"PREMIUM DOBLE - Mastinell","og_description":"Premium Doble Premium Doble \u00c0mplies, lluminoses, cuidades i confortables. Reservar Les habitacions Doble Premium del Cava &amp; Hotel Mastinell brinden tot el que necessites per procurar-te una pl\u00e0cida i relaxant est\u00e0ncia en el cor del Pened\u00e8s. S\u00f3n \u00e0mplies, cuidades i confortables, i, gr\u00e0cies a les seves grans finestres, gaudeixen de llum a dojo i d\u2019unes [&hellip;]","og_url":"https:\/\/shop.mastinell.com\/ca\/hotel\/habitacions\/premium-doble\/","og_site_name":"Mastinell","article_publisher":"https:\/\/www.facebook.com\/CavaHotelMastinell","article_modified_time":"2022-05-25T07:49:30+00:00","og_image":[{"url":"https:\/\/mastinell.agencialiverpool.test\/wp-content\/uploads\/2020\/12\/hotel_habitaciones_premium_01-1-430x500.jpg","type":"","width":"","height":""}],"twitter_card":"summary_large_image","twitter_misc":{"Temps estimat de lectura":"5 minuts"},"schema":{"@context":"https:\/\/schema.org","@graph":[{"@type":"WebPage","@id":"https:\/\/shop.mastinell.com\/ca\/hotel\/habitacions\/premium-doble\/","url":"https:\/\/shop.mastinell.com\/ca\/hotel\/habitacions\/premium-doble\/","name":"PREMIUM DOBLE - Mastinell","isPartOf":{"@id":"https:\/\/mastinell.agencialiverpool.test\/#website"},"primaryImageOfPage":{"@id":"https:\/\/shop.mastinell.com\/ca\/hotel\/habitacions\/premium-doble\/#primaryimage"},"image":{"@id":"https:\/\/shop.mastinell.com\/ca\/hotel\/habitacions\/premium-doble\/#primaryimage"},"thumbnailUrl":"https:\/\/shop.mastinell.com\/wp-content\/uploads\/2020\/12\/hotel_habitaciones_premium_01-1-430x500.jpg","datePublished":"2021-06-02T20:05:53+00:00","dateModified":"2022-05-25T07:49:30+00:00","breadcrumb":{"@id":"https:\/\/shop.mastinell.com\/ca\/hotel\/habitacions\/premium-doble\/#breadcrumb"},"inLanguage":"ca","potentialAction":[{"@type":"ReadAction","target":["https:\/\/shop.mastinell.com\/ca\/hotel\/habitacions\/premium-doble\/"]}]},{"@type":"ImageObject","inLanguage":"ca","@id":"https:\/\/shop.mastinell.com\/ca\/hotel\/habitacions\/premium-doble\/#primaryimage","url":"https:\/\/shop.mastinell.com\/wp-content\/uploads\/2020\/12\/hotel_habitaciones_premium_01-1-430x500.jpg","contentUrl":"https:\/\/shop.mastinell.com\/wp-content\/uploads\/2020\/12\/hotel_habitaciones_premium_01-1-430x500.jpg"},{"@type":"BreadcrumbList","@id":"https:\/\/shop.mastinell.com\/ca\/hotel\/habitacions\/premium-doble\/#breadcrumb","itemListElement":[{"@type":"ListItem","position":1,"name":"Home","item":"https:\/\/shop.mastinell.com\/ca\/tienda\/"},{"@type":"ListItem","position":2,"name":"HOTEL","item":"https:\/\/shop.mastinell.com\/ca\/hotel\/"},{"@type":"ListItem","position":3,"name":"HABITACIONS","item":"https:\/\/shop.mastinell.com\/ca\/hotel\/habitacions\/"},{"@type":"ListItem","position":4,"name":"PREMIUM DOBLE"}]},{"@type":"WebSite","@id":"https:\/\/mastinell.agencialiverpool.test\/#website","url":"https:\/\/mastinell.agencialiverpool.test\/","name":"Mastinell","description":"Tienda Oficial","publisher":{"@id":"https:\/\/mastinell.agencialiverpool.test\/#organization"},"potentialAction":[{"@type":"SearchAction","target":{"@type":"EntryPoint","urlTemplate":"https:\/\/mastinell.agencialiverpool.test\/?s={search_term_string}"},"query-input":{"@type":"PropertyValueSpecification","valueRequired":true,"valueName":"search_term_string"}}],"inLanguage":"ca"},{"@type":"Organization","@id":"https:\/\/mastinell.agencialiverpool.test\/#organization","name":"Mastinell","url":"https:\/\/mastinell.agencialiverpool.test\/","logo":{"@type":"ImageObject","inLanguage":"ca","@id":"https:\/\/mastinell.agencialiverpool.test\/#\/schema\/logo\/image\/","url":"https:\/\/shop.mastinell.com\/wp-content\/uploads\/2025\/01\/Mastinell-Cava-y-Hotel-scaled-1.webp","contentUrl":"https:\/\/shop.mastinell.com\/wp-content\/uploads\/2025\/01\/Mastinell-Cava-y-Hotel-scaled-1.webp","width":2560,"height":531,"caption":"Mastinell"},"image":{"@id":"https:\/\/mastinell.agencialiverpool.test\/#\/schema\/logo\/image\/"},"sameAs":["https:\/\/www.facebook.com\/CavaHotelMastinell","https:\/\/www.instagram.com\/cavahotel_mastinell\/?hl=es"]}]}},"_links":{"self":[{"href":"https:\/\/shop.mastinell.com\/ca\/wp-json\/wp\/v2\/pages\/20359","targetHints":{"allow":["GET"]}}],"collection":[{"href":"https:\/\/shop.mastinell.com\/ca\/wp-json\/wp\/v2\/pages"}],"about":[{"href":"https:\/\/shop.mastinell.com\/ca\/wp-json\/wp\/v2\/types\/page"}],"author":[{"embeddable":true,"href":"https:\/\/shop.mastinell.com\/ca\/wp-json\/wp\/v2\/users\/1"}],"replies":[{"embeddable":true,"href":"https:\/\/shop.mastinell.com\/ca\/wp-json\/wp\/v2\/comments?post=20359"}],"version-history":[{"count":7,"href":"https:\/\/shop.mastinell.com\/ca\/wp-json\/wp\/v2\/pages\/20359\/revisions"}],"predecessor-version":[{"id":27127,"href":"https:\/\/shop.mastinell.com\/ca\/wp-json\/wp\/v2\/pages\/20359\/revisions\/27127"}],"up":[{"embeddable":true,"href":"https:\/\/shop.mastinell.com\/ca\/wp-json\/wp\/v2\/pages\/20295"}],"wp:attachment":[{"href":"https:\/\/shop.mastinell.com\/ca\/wp-json\/wp\/v2\/media?parent=20359"}],"curies":[{"name":"wp","href":"https:\/\/api.w.org\/{rel}","templated":true}]}}