{"id":20504,"date":"2021-06-02T23:59:19","date_gmt":"2021-06-02T21:59:19","guid":{"rendered":"https:\/\/mastinell.com\/?page_id=20504"},"modified":"2022-05-25T10:00:06","modified_gmt":"2022-05-25T08:00:06","slug":"individual-business","status":"publish","type":"page","link":"https:\/\/shop.mastinell.com\/ca\/hotel\/habitacions\/individual-business\/","title":{"rendered":"INDIVIDUAL BUSINESS"},"content":{"rendered":"\t\t<div data-elementor-type=\"wp-page\" data-elementor-id=\"20504\" class=\"elementor elementor-20504 elementor-8129\" data-elementor-post-type=\"page\">\n\t\t\t\t\t\t<section class=\"elementor-section elementor-top-section elementor-element elementor-element-6a19fe65 elementor-section-height-min-height elementor-section-content-middle elementor-section-stretched elementor-section-boxed elementor-section-height-default elementor-section-items-middle\" data-id=\"6a19fe65\" data-element_type=\"section\" data-settings=\"{&quot;stretch_section&quot;:&quot;section-stretched&quot;,&quot;background_background&quot;:&quot;classic&quot;}\">\n\t\t\t\t\t\t<div class=\"elementor-container elementor-column-gap-default\">\n\t\t\t\t\t<div class=\"elementor-column elementor-col-100 elementor-top-column elementor-element elementor-element-6c2563c9\" data-id=\"6c2563c9\" data-element_type=\"column\">\n\t\t\t<div class=\"elementor-widget-wrap elementor-element-populated\">\n\t\t\t\t\t\t<div class=\"elementor-element elementor-element-10f14909 elementor-hidden-tablet elementor-hidden-phone elementor-widget elementor-widget-heading\" data-id=\"10f14909\" data-element_type=\"widget\" data-widget_type=\"heading.default\">\n\t\t\t\t<div class=\"elementor-widget-container\">\n\t\t\t\t\t<h1 class=\"elementor-heading-title elementor-size-default\">Individual Business<\/h1>\t\t\t\t<\/div>\n\t\t\t\t<\/div>\n\t\t\t\t<div class=\"elementor-element elementor-element-24a798a elementor-widget elementor-widget-html\" data-id=\"24a798a\" data-element_type=\"widget\" data-widget_type=\"html.default\">\n\t\t\t\t<div class=\"elementor-widget-container\">\n\t\t\t\t\t<div data-mirai-engine=\"mirai_be\" data-lang=\"es\" data-idhotel=\"100375447\"><\/div>\n<script type=\"text\/javascript\" src=\"https:\/\/js.mirai.com\/mirai-loader\/mirai.loader.js\"><\/script>\n<link rel=\"stylesheet\" type=\"text\/css\" href=\"\/engine.css\" \/>\n <script type=\"text\/javascript\">\n    \/\/ Engine by Language\n    if (jQuery('div[data-mirai-engine=\"mirai_be\"]').length) {\n        jQuery('div[data-mirai-engine=\"mirai_be\"]').attr('data-lang', jQuery('html').attr('lang'));\n    }\n<\/script>\t\t\t\t<\/div>\n\t\t\t\t<\/div>\n\t\t\t\t\t<\/div>\n\t\t<\/div>\n\t\t\t\t\t<\/div>\n\t\t<\/section>\n\t\t\t\t<section class=\"elementor-section elementor-top-section elementor-element elementor-element-4adc9e9 elementor-hidden-desktop elementor-section-boxed elementor-section-height-default elementor-section-height-default\" data-id=\"4adc9e9\" data-element_type=\"section\">\n\t\t\t\t\t\t<div class=\"elementor-container elementor-column-gap-default\">\n\t\t\t\t\t<div class=\"elementor-column elementor-col-100 elementor-top-column elementor-element elementor-element-0392687\" data-id=\"0392687\" data-element_type=\"column\">\n\t\t\t<div class=\"elementor-widget-wrap elementor-element-populated\">\n\t\t\t\t\t\t<div class=\"elementor-element elementor-element-3fae905 elementor-widget elementor-widget-heading\" data-id=\"3fae905\" data-element_type=\"widget\" data-widget_type=\"heading.default\">\n\t\t\t\t<div class=\"elementor-widget-container\">\n\t\t\t\t\t<h1 class=\"elementor-heading-title elementor-size-default\">Individual Business<\/h1>\t\t\t\t<\/div>\n\t\t\t\t<\/div>\n\t\t\t\t\t<\/div>\n\t\t<\/div>\n\t\t\t\t\t<\/div>\n\t\t<\/section>\n\t\t\t\t<section class=\"elementor-section elementor-top-section elementor-element elementor-element-33152c82 elementor-section-boxed elementor-section-height-default elementor-section-height-default\" data-id=\"33152c82\" data-element_type=\"section\">\n\t\t\t\t\t\t<div class=\"elementor-container elementor-column-gap-default\">\n\t\t\t\t\t<div class=\"elementor-column elementor-col-100 elementor-top-column elementor-element elementor-element-7fa74f23\" data-id=\"7fa74f23\" data-element_type=\"column\">\n\t\t\t<div class=\"elementor-widget-wrap elementor-element-populated\">\n\t\t\t\t\t\t<div class=\"elementor-element elementor-element-1d7e1ec4 elementor-widget elementor-widget-heading\" data-id=\"1d7e1ec4\" data-element_type=\"widget\" data-widget_type=\"heading.default\">\n\t\t\t\t<div class=\"elementor-widget-container\">\n\t\t\t\t\t<h2 class=\"elementor-heading-title elementor-size-default\">Pel teu viatge de negocis\n<\/h2>\t\t\t\t<\/div>\n\t\t\t\t<\/div>\n\t\t\t\t<div class=\"elementor-element elementor-element-66968a2e elementor-widget-divider--view-line elementor-widget elementor-widget-divider\" data-id=\"66968a2e\" data-element_type=\"widget\" data-widget_type=\"divider.default\">\n\t\t\t\t<div class=\"elementor-widget-container\">\n\t\t\t\t\t\t\t<div class=\"elementor-divider\">\n\t\t\t<span class=\"elementor-divider-separator\">\n\t\t\t\t\t\t<\/span>\n\t\t<\/div>\n\t\t\t\t\t\t<\/div>\n\t\t\t\t<\/div>\n\t\t\t\t<div class=\"elementor-element elementor-element-6d9d3de4 elementor-widget elementor-widget-button\" data-id=\"6d9d3de4\" data-element_type=\"widget\" data-widget_type=\"button.default\">\n\t\t\t\t<div class=\"elementor-widget-container\">\n\t\t\t\t\t\t\t\t\t<div class=\"elementor-button-wrapper\">\n\t\t\t\t\t<a class=\"elementor-button elementor-button-link elementor-size-sm\" href=\"https:\/\/shop.mastinell.com\/bookingstep1.es.html\">\n\t\t\t\t\t\t<span class=\"elementor-button-content-wrapper\">\n\t\t\t\t\t\t\t\t\t<span class=\"elementor-button-text\">Reservar<\/span>\n\t\t\t\t\t<\/span>\n\t\t\t\t\t<\/a>\n\t\t\t\t<\/div>\n\t\t\t\t\t\t\t\t<\/div>\n\t\t\t\t<\/div>\n\t\t\t\t<div class=\"elementor-element elementor-element-5b5bdd2 elementor-widget elementor-widget-text-editor\" data-id=\"5b5bdd2\" data-element_type=\"widget\" data-widget_type=\"text-editor.default\">\n\t\t\t\t<div class=\"elementor-widget-container\">\n\t\t\t\t\t\t\t\t\t<p><span style=\"font-weight: 400;\">L\u2019habitaci\u00f3 Individual Business del Cava &amp; Hotel Mastinell \u00e9s perfecta pels qui viatgen sense companyia i busquen una habitaci\u00f3 privada on sentir-se com a casa. Deixa\u2019t envoltar pel seu disseny exclusiu i el millor equipament tecnol\u00f2gic d\u2019una habitaci\u00f3 c\u00f2moda i curada, amb vistes a les vinyes de Mastinell i insonoritzada per garantir el teu descans i confort en ple cor del Pened\u00e8s.<\/span><\/p><p class=\"p1\">\u00a0<\/p><p><span style=\"font-weight: 400;\">Relaxa\u2019t a la seva exclusiva dutxa amb sistema <\/span><i><span style=\"font-weight: 400;\">rainforest<\/span><\/i><span style=\"font-weight: 400;\"> i gaudeix de la gran col\u00b7lecci\u00f3 <\/span><i><span style=\"font-weight: 400;\">d\u2019amenities<\/span><\/i><span style=\"font-weight: 400;\"> de bany Mastinell, d\u2019elaboraci\u00f3 natural a base d\u2019ingredients de la vinya.<\/span><\/p><p class=\"p1\">\u00a0<\/p><p><span style=\"font-weight: 400;\">Estem a la teva disposici\u00f3 per proporcionar-te tot all\u00f2 que puguis necessitar durant la teva est\u00e0ncia amb nosaltres. I, si necessites treballar o vols utilitzar Internet, recorda que disposes de wifi gratu\u00eft en tot el Cava &amp; Hotel Mastinell.<\/span><\/p><p class=\"p2\"><span class=\"s1\">Rel\u00e1jate en su exclusiva ducha con sistema <i>rainforest<\/i> y disfruta de la gran\u00a0colecci\u00f3n de <i>amenities<\/i> de ba\u00f1o\u00a0Mastinell, de elaboraci\u00f3n natural a base de ingredientes de la vi\u00f1a. <\/span><\/p><p class=\"p2\"><span class=\"s1\">Estamos a tu entera disposici\u00f3n para proporcionarte todo lo que puedas necesitar durante tu estancia con nosotros. Y si necesitas trabajar o quieres usar Internet, recuerda que dispones de wifi gratuito en todo el\u00a0Cava &amp; Hotel Mastinell.<\/span><\/p>\t\t\t\t\t\t\t\t<\/div>\n\t\t\t\t<\/div>\n\t\t\t\t<section class=\"elementor-section elementor-inner-section elementor-element elementor-element-61599fb9 elementor-section-boxed elementor-section-height-default elementor-section-height-default\" data-id=\"61599fb9\" data-element_type=\"section\">\n\t\t\t\t\t\t<div class=\"elementor-container elementor-column-gap-default\">\n\t\t\t\t\t<div class=\"elementor-column elementor-col-33 elementor-inner-column elementor-element elementor-element-67f1731\" data-id=\"67f1731\" data-element_type=\"column\">\n\t\t\t<div class=\"elementor-widget-wrap elementor-element-populated\">\n\t\t\t\t\t\t<div class=\"elementor-element elementor-element-ddeb2c5 elementor-widget elementor-widget-text-editor\" data-id=\"ddeb2c5\" data-element_type=\"widget\" data-widget_type=\"text-editor.default\">\n\t\t\t\t<div class=\"elementor-widget-container\">\n\t\t\t\t\t\t\t\t\t<p><strong>Caracter\u00edstiques:<\/strong><\/p><ul style=\"padding-left: 5%;\"><li>Superf\u00edcie de 15 m2<\/li><li>Habitacions amb vistes a les vinyes o al celler<\/li><li>Capacitat m\u00e0xima per 1 persona<\/li><\/ul>\t\t\t\t\t\t\t\t<\/div>\n\t\t\t\t<\/div>\n\t\t\t\t\t<\/div>\n\t\t<\/div>\n\t\t\t\t<div class=\"elementor-column elementor-col-33 elementor-inner-column elementor-element elementor-element-5dbc5e0\" data-id=\"5dbc5e0\" data-element_type=\"column\">\n\t\t\t<div class=\"elementor-widget-wrap elementor-element-populated\">\n\t\t\t\t\t\t<div class=\"elementor-element elementor-element-8d58223 elementor-widget elementor-widget-text-editor\" data-id=\"8d58223\" data-element_type=\"widget\" data-widget_type=\"text-editor.default\">\n\t\t\t\t<div class=\"elementor-widget-container\">\n\t\t\t\t\t\t\t\t\t<p><strong>Comoditats:<\/strong><\/p><ul style=\"padding-left: 5%;\"><li>Llit individual<\/li><li>Mobles de zebrano natural<\/li><li>Pantalla plana de TV per sat\u00e8l\u00b7lit<\/li><li>Minibar<\/li><li>Insonoritzaci\u00f3<\/li><li>A\/C i climatitzaci\u00f3 independent<\/li><li>Assecador<\/li><li><em>Amenities exclusius<\/em> exclusivos<\/li><li>Amenities exclusius<\/li><li>Tocador<\/li><li>Caixa forta<\/li><li>Tel\u00e8fon<\/li><li>Cortines autom\u00e0tiques<\/li><li>Cafetera Nespresso<\/li><li>No es permet fumar a les habitacions i espais no exteriors.<\/li><\/ul>\t\t\t\t\t\t\t\t<\/div>\n\t\t\t\t<\/div>\n\t\t\t\t\t<\/div>\n\t\t<\/div>\n\t\t\t\t<div class=\"elementor-column elementor-col-33 elementor-inner-column elementor-element elementor-element-eaa4bdb\" data-id=\"eaa4bdb\" data-element_type=\"column\">\n\t\t\t<div class=\"elementor-widget-wrap elementor-element-populated\">\n\t\t\t\t\t\t<div class=\"elementor-element elementor-element-1bb328a elementor-widget elementor-widget-text-editor\" data-id=\"1bb328a\" data-element_type=\"widget\" data-widget_type=\"text-editor.default\">\n\t\t\t\t<div class=\"elementor-widget-container\">\n\t\t\t\t\t\t\t\t\t<p><strong>Serveis:\n<\/strong><\/p><ul style=\"padding-left: 5%;\"><li>Wifi gratu\u00eft\n<\/li><li>Servei d\u2019habitacions\n<\/li><\/ul>\t\t\t\t\t\t\t\t<\/div>\n\t\t\t\t<\/div>\n\t\t\t\t\t<\/div>\n\t\t<\/div>\n\t\t\t\t\t<\/div>\n\t\t<\/section>\n\t\t\t\t\t<\/div>\n\t\t<\/div>\n\t\t\t\t\t<\/div>\n\t\t<\/section>\n\t\t\t\t<section class=\"elementor-section elementor-top-section elementor-element elementor-element-68b163f4 elementor-section-boxed elementor-section-height-default elementor-section-height-default\" data-id=\"68b163f4\" data-element_type=\"section\">\n\t\t\t\t\t\t<div class=\"elementor-container elementor-column-gap-default\">\n\t\t\t\t\t<div class=\"elementor-column elementor-col-100 elementor-top-column elementor-element elementor-element-68c964e5\" data-id=\"68c964e5\" data-element_type=\"column\">\n\t\t\t<div class=\"elementor-widget-wrap elementor-element-populated\">\n\t\t\t\t\t\t<div class=\"elementor-element elementor-element-b407bfa elementor-widget elementor-widget-button\" data-id=\"b407bfa\" data-element_type=\"widget\" data-widget_type=\"button.default\">\n\t\t\t\t<div class=\"elementor-widget-container\">\n\t\t\t\t\t\t\t\t\t<div class=\"elementor-button-wrapper\">\n\t\t\t\t\t<a class=\"elementor-button elementor-button-link elementor-size-sm\" href=\"https:\/\/shop.mastinell.com\/ca\/hotel\/habitacions\/\">\n\t\t\t\t\t\t<span class=\"elementor-button-content-wrapper\">\n\t\t\t\t\t\t\t\t\t<span class=\"elementor-button-text\">Tornar a habitacions.<\/span>\n\t\t\t\t\t<\/span>\n\t\t\t\t\t<\/a>\n\t\t\t\t<\/div>\n\t\t\t\t\t\t\t\t<\/div>\n\t\t\t\t<\/div>\n\t\t\t\t\t<\/div>\n\t\t<\/div>\n\t\t\t\t\t<\/div>\n\t\t<\/section>\n\t\t\t\t<\/div>\n\t\t","protected":false},"excerpt":{"rendered":"<p>Individual Business Individual Business Pel teu viatge de negocis Reservar L\u2019habitaci\u00f3 Individual Business del Cava &amp; Hotel Mastinell \u00e9s perfecta pels qui viatgen sense companyia i busquen una habitaci\u00f3 privada on sentir-se com a casa. Deixa\u2019t envoltar pel seu disseny exclusiu i el millor equipament tecnol\u00f2gic d\u2019una habitaci\u00f3 c\u00f2moda i curada, amb vistes a les [&hellip;]<\/p>\n","protected":false},"author":1,"featured_media":0,"parent":20295,"menu_order":0,"comment_status":"closed","ping_status":"closed","template":"elementor_header_footer","meta":{"_acf_changed":false,"footnotes":""},"class_list":["post-20504","page","type-page","status-publish","hentry"],"acf":[],"yoast_head":"<!-- This site is optimized with the Yoast SEO plugin v27.5 - https:\/\/yoast.com\/product\/yoast-seo-wordpress\/ -->\n<title>INDIVIDUAL BUSINESS - Mastinell<\/title>\n<meta name=\"robots\" content=\"index, follow, max-snippet:-1, max-image-preview:large, max-video-preview:-1\" \/>\n<link rel=\"canonical\" href=\"https:\/\/shop.mastinell.com\/ca\/hotel\/habitacions\/individual-business\/\" \/>\n<meta property=\"og:locale\" content=\"ca_ES\" \/>\n<meta property=\"og:type\" content=\"article\" \/>\n<meta property=\"og:title\" content=\"INDIVIDUAL BUSINESS - Mastinell\" \/>\n<meta property=\"og:description\" content=\"Individual Business Individual Business Pel teu viatge de negocis Reservar L\u2019habitaci\u00f3 Individual Business del Cava &amp; Hotel Mastinell \u00e9s perfecta pels qui viatgen sense companyia i busquen una habitaci\u00f3 privada on sentir-se com a casa. Deixa\u2019t envoltar pel seu disseny exclusiu i el millor equipament tecnol\u00f2gic d\u2019una habitaci\u00f3 c\u00f2moda i curada, amb vistes a les [&hellip;]\" \/>\n<meta property=\"og:url\" content=\"https:\/\/shop.mastinell.com\/ca\/hotel\/habitacions\/individual-business\/\" \/>\n<meta property=\"og:site_name\" content=\"Mastinell\" \/>\n<meta property=\"article:publisher\" content=\"https:\/\/www.facebook.com\/CavaHotelMastinell\" \/>\n<meta property=\"article:modified_time\" content=\"2022-05-25T08:00:06+00:00\" \/>\n<meta property=\"og:image\" content=\"https:\/\/mastinell.agencialiverpool.test\/wp-content\/uploads\/2020\/12\/hotel_habitaciones_individual_01-1-430x500.jpg\" \/>\n<meta name=\"twitter:card\" content=\"summary_large_image\" \/>\n<meta name=\"twitter:label1\" content=\"Temps estimat de lectura\" \/>\n\t<meta name=\"twitter:data1\" content=\"3 minuts\" \/>\n<script type=\"application\/ld+json\" class=\"yoast-schema-graph\">{\"@context\":\"https:\\\/\\\/schema.org\",\"@graph\":[{\"@type\":\"WebPage\",\"@id\":\"https:\\\/\\\/shop.mastinell.com\\\/ca\\\/hotel\\\/habitacions\\\/individual-business\\\/\",\"url\":\"https:\\\/\\\/shop.mastinell.com\\\/ca\\\/hotel\\\/habitacions\\\/individual-business\\\/\",\"name\":\"INDIVIDUAL BUSINESS - Mastinell\",\"isPartOf\":{\"@id\":\"https:\\\/\\\/mastinell.agencialiverpool.test\\\/#website\"},\"primaryImageOfPage\":{\"@id\":\"https:\\\/\\\/shop.mastinell.com\\\/ca\\\/hotel\\\/habitacions\\\/individual-business\\\/#primaryimage\"},\"image\":{\"@id\":\"https:\\\/\\\/shop.mastinell.com\\\/ca\\\/hotel\\\/habitacions\\\/individual-business\\\/#primaryimage\"},\"thumbnailUrl\":\"https:\\\/\\\/shop.mastinell.com\\\/wp-content\\\/uploads\\\/2020\\\/12\\\/hotel_habitaciones_individual_01-1-430x500.jpg\",\"datePublished\":\"2021-06-02T21:59:19+00:00\",\"dateModified\":\"2022-05-25T08:00:06+00:00\",\"breadcrumb\":{\"@id\":\"https:\\\/\\\/shop.mastinell.com\\\/ca\\\/hotel\\\/habitacions\\\/individual-business\\\/#breadcrumb\"},\"inLanguage\":\"ca\",\"potentialAction\":[{\"@type\":\"ReadAction\",\"target\":[\"https:\\\/\\\/shop.mastinell.com\\\/ca\\\/hotel\\\/habitacions\\\/individual-business\\\/\"]}]},{\"@type\":\"ImageObject\",\"inLanguage\":\"ca\",\"@id\":\"https:\\\/\\\/shop.mastinell.com\\\/ca\\\/hotel\\\/habitacions\\\/individual-business\\\/#primaryimage\",\"url\":\"https:\\\/\\\/shop.mastinell.com\\\/wp-content\\\/uploads\\\/2020\\\/12\\\/hotel_habitaciones_individual_01-1-430x500.jpg\",\"contentUrl\":\"https:\\\/\\\/shop.mastinell.com\\\/wp-content\\\/uploads\\\/2020\\\/12\\\/hotel_habitaciones_individual_01-1-430x500.jpg\"},{\"@type\":\"BreadcrumbList\",\"@id\":\"https:\\\/\\\/shop.mastinell.com\\\/ca\\\/hotel\\\/habitacions\\\/individual-business\\\/#breadcrumb\",\"itemListElement\":[{\"@type\":\"ListItem\",\"position\":1,\"name\":\"Home\",\"item\":\"https:\\\/\\\/shop.mastinell.com\\\/ca\\\/tienda\\\/\"},{\"@type\":\"ListItem\",\"position\":2,\"name\":\"HOTEL\",\"item\":\"https:\\\/\\\/shop.mastinell.com\\\/ca\\\/hotel\\\/\"},{\"@type\":\"ListItem\",\"position\":3,\"name\":\"HABITACIONS\",\"item\":\"https:\\\/\\\/shop.mastinell.com\\\/ca\\\/hotel\\\/habitacions\\\/\"},{\"@type\":\"ListItem\",\"position\":4,\"name\":\"INDIVIDUAL BUSINESS\"}]},{\"@type\":\"WebSite\",\"@id\":\"https:\\\/\\\/mastinell.agencialiverpool.test\\\/#website\",\"url\":\"https:\\\/\\\/mastinell.agencialiverpool.test\\\/\",\"name\":\"Mastinell\",\"description\":\"Tienda Oficial\",\"publisher\":{\"@id\":\"https:\\\/\\\/mastinell.agencialiverpool.test\\\/#organization\"},\"potentialAction\":[{\"@type\":\"SearchAction\",\"target\":{\"@type\":\"EntryPoint\",\"urlTemplate\":\"https:\\\/\\\/mastinell.agencialiverpool.test\\\/?s={search_term_string}\"},\"query-input\":{\"@type\":\"PropertyValueSpecification\",\"valueRequired\":true,\"valueName\":\"search_term_string\"}}],\"inLanguage\":\"ca\"},{\"@type\":\"Organization\",\"@id\":\"https:\\\/\\\/mastinell.agencialiverpool.test\\\/#organization\",\"name\":\"Mastinell\",\"url\":\"https:\\\/\\\/mastinell.agencialiverpool.test\\\/\",\"logo\":{\"@type\":\"ImageObject\",\"inLanguage\":\"ca\",\"@id\":\"https:\\\/\\\/mastinell.agencialiverpool.test\\\/#\\\/schema\\\/logo\\\/image\\\/\",\"url\":\"https:\\\/\\\/shop.mastinell.com\\\/wp-content\\\/uploads\\\/2025\\\/01\\\/Mastinell-Cava-y-Hotel-scaled-1.webp\",\"contentUrl\":\"https:\\\/\\\/shop.mastinell.com\\\/wp-content\\\/uploads\\\/2025\\\/01\\\/Mastinell-Cava-y-Hotel-scaled-1.webp\",\"width\":2560,\"height\":531,\"caption\":\"Mastinell\"},\"image\":{\"@id\":\"https:\\\/\\\/mastinell.agencialiverpool.test\\\/#\\\/schema\\\/logo\\\/image\\\/\"},\"sameAs\":[\"https:\\\/\\\/www.facebook.com\\\/CavaHotelMastinell\",\"https:\\\/\\\/www.instagram.com\\\/cavahotel_mastinell\\\/?hl=es\"]}]}<\/script>\n<!-- \/ Yoast SEO plugin. -->","yoast_head_json":{"title":"INDIVIDUAL BUSINESS - Mastinell","robots":{"index":"index","follow":"follow","max-snippet":"max-snippet:-1","max-image-preview":"max-image-preview:large","max-video-preview":"max-video-preview:-1"},"canonical":"https:\/\/shop.mastinell.com\/ca\/hotel\/habitacions\/individual-business\/","og_locale":"ca_ES","og_type":"article","og_title":"INDIVIDUAL BUSINESS - Mastinell","og_description":"Individual Business Individual Business Pel teu viatge de negocis Reservar L\u2019habitaci\u00f3 Individual Business del Cava &amp; Hotel Mastinell \u00e9s perfecta pels qui viatgen sense companyia i busquen una habitaci\u00f3 privada on sentir-se com a casa. Deixa\u2019t envoltar pel seu disseny exclusiu i el millor equipament tecnol\u00f2gic d\u2019una habitaci\u00f3 c\u00f2moda i curada, amb vistes a les [&hellip;]","og_url":"https:\/\/shop.mastinell.com\/ca\/hotel\/habitacions\/individual-business\/","og_site_name":"Mastinell","article_publisher":"https:\/\/www.facebook.com\/CavaHotelMastinell","article_modified_time":"2022-05-25T08:00:06+00:00","og_image":[{"url":"https:\/\/mastinell.agencialiverpool.test\/wp-content\/uploads\/2020\/12\/hotel_habitaciones_individual_01-1-430x500.jpg","type":"","width":"","height":""}],"twitter_card":"summary_large_image","twitter_misc":{"Temps estimat de lectura":"3 minuts"},"schema":{"@context":"https:\/\/schema.org","@graph":[{"@type":"WebPage","@id":"https:\/\/shop.mastinell.com\/ca\/hotel\/habitacions\/individual-business\/","url":"https:\/\/shop.mastinell.com\/ca\/hotel\/habitacions\/individual-business\/","name":"INDIVIDUAL BUSINESS - Mastinell","isPartOf":{"@id":"https:\/\/mastinell.agencialiverpool.test\/#website"},"primaryImageOfPage":{"@id":"https:\/\/shop.mastinell.com\/ca\/hotel\/habitacions\/individual-business\/#primaryimage"},"image":{"@id":"https:\/\/shop.mastinell.com\/ca\/hotel\/habitacions\/individual-business\/#primaryimage"},"thumbnailUrl":"https:\/\/shop.mastinell.com\/wp-content\/uploads\/2020\/12\/hotel_habitaciones_individual_01-1-430x500.jpg","datePublished":"2021-06-02T21:59:19+00:00","dateModified":"2022-05-25T08:00:06+00:00","breadcrumb":{"@id":"https:\/\/shop.mastinell.com\/ca\/hotel\/habitacions\/individual-business\/#breadcrumb"},"inLanguage":"ca","potentialAction":[{"@type":"ReadAction","target":["https:\/\/shop.mastinell.com\/ca\/hotel\/habitacions\/individual-business\/"]}]},{"@type":"ImageObject","inLanguage":"ca","@id":"https:\/\/shop.mastinell.com\/ca\/hotel\/habitacions\/individual-business\/#primaryimage","url":"https:\/\/shop.mastinell.com\/wp-content\/uploads\/2020\/12\/hotel_habitaciones_individual_01-1-430x500.jpg","contentUrl":"https:\/\/shop.mastinell.com\/wp-content\/uploads\/2020\/12\/hotel_habitaciones_individual_01-1-430x500.jpg"},{"@type":"BreadcrumbList","@id":"https:\/\/shop.mastinell.com\/ca\/hotel\/habitacions\/individual-business\/#breadcrumb","itemListElement":[{"@type":"ListItem","position":1,"name":"Home","item":"https:\/\/shop.mastinell.com\/ca\/tienda\/"},{"@type":"ListItem","position":2,"name":"HOTEL","item":"https:\/\/shop.mastinell.com\/ca\/hotel\/"},{"@type":"ListItem","position":3,"name":"HABITACIONS","item":"https:\/\/shop.mastinell.com\/ca\/hotel\/habitacions\/"},{"@type":"ListItem","position":4,"name":"INDIVIDUAL BUSINESS"}]},{"@type":"WebSite","@id":"https:\/\/mastinell.agencialiverpool.test\/#website","url":"https:\/\/mastinell.agencialiverpool.test\/","name":"Mastinell","description":"Tienda Oficial","publisher":{"@id":"https:\/\/mastinell.agencialiverpool.test\/#organization"},"potentialAction":[{"@type":"SearchAction","target":{"@type":"EntryPoint","urlTemplate":"https:\/\/mastinell.agencialiverpool.test\/?s={search_term_string}"},"query-input":{"@type":"PropertyValueSpecification","valueRequired":true,"valueName":"search_term_string"}}],"inLanguage":"ca"},{"@type":"Organization","@id":"https:\/\/mastinell.agencialiverpool.test\/#organization","name":"Mastinell","url":"https:\/\/mastinell.agencialiverpool.test\/","logo":{"@type":"ImageObject","inLanguage":"ca","@id":"https:\/\/mastinell.agencialiverpool.test\/#\/schema\/logo\/image\/","url":"https:\/\/shop.mastinell.com\/wp-content\/uploads\/2025\/01\/Mastinell-Cava-y-Hotel-scaled-1.webp","contentUrl":"https:\/\/shop.mastinell.com\/wp-content\/uploads\/2025\/01\/Mastinell-Cava-y-Hotel-scaled-1.webp","width":2560,"height":531,"caption":"Mastinell"},"image":{"@id":"https:\/\/mastinell.agencialiverpool.test\/#\/schema\/logo\/image\/"},"sameAs":["https:\/\/www.facebook.com\/CavaHotelMastinell","https:\/\/www.instagram.com\/cavahotel_mastinell\/?hl=es"]}]}},"_links":{"self":[{"href":"https:\/\/shop.mastinell.com\/ca\/wp-json\/wp\/v2\/pages\/20504","targetHints":{"allow":["GET"]}}],"collection":[{"href":"https:\/\/shop.mastinell.com\/ca\/wp-json\/wp\/v2\/pages"}],"about":[{"href":"https:\/\/shop.mastinell.com\/ca\/wp-json\/wp\/v2\/types\/page"}],"author":[{"embeddable":true,"href":"https:\/\/shop.mastinell.com\/ca\/wp-json\/wp\/v2\/users\/1"}],"replies":[{"embeddable":true,"href":"https:\/\/shop.mastinell.com\/ca\/wp-json\/wp\/v2\/comments?post=20504"}],"version-history":[{"count":10,"href":"https:\/\/shop.mastinell.com\/ca\/wp-json\/wp\/v2\/pages\/20504\/revisions"}],"predecessor-version":[{"id":27142,"href":"https:\/\/shop.mastinell.com\/ca\/wp-json\/wp\/v2\/pages\/20504\/revisions\/27142"}],"up":[{"embeddable":true,"href":"https:\/\/shop.mastinell.com\/ca\/wp-json\/wp\/v2\/pages\/20295"}],"wp:attachment":[{"href":"https:\/\/shop.mastinell.com\/ca\/wp-json\/wp\/v2\/media?parent=20504"}],"curies":[{"name":"wp","href":"https:\/\/api.w.org\/{rel}","templated":true}]}}