{"id":20708,"date":"2021-06-03T20:23:54","date_gmt":"2021-06-03T18:23:54","guid":{"rendered":"https:\/\/mastinell.com\/?page_id=20708"},"modified":"2024-11-14T15:36:50","modified_gmt":"2024-11-14T14:36:50","slug":"do-wellness-mastinell","status":"publish","type":"page","link":"https:\/\/shop.mastinell.com\/ca\/hotel\/serveis\/do-wellness-mastinell\/","title":{"rendered":"DO Wellness Mastinell"},"content":{"rendered":"\t\t<div data-elementor-type=\"wp-page\" data-elementor-id=\"20708\" class=\"elementor elementor-20708 elementor-8506\" data-elementor-post-type=\"page\">\n\t\t\t\t\t\t<section class=\"elementor-section elementor-top-section elementor-element elementor-element-2ce568aa elementor-section-content-middle elementor-section-stretched elementor-section-boxed elementor-section-height-default elementor-section-height-default\" data-id=\"2ce568aa\" data-element_type=\"section\" data-settings=\"{&quot;stretch_section&quot;:&quot;section-stretched&quot;,&quot;background_background&quot;:&quot;classic&quot;}\">\n\t\t\t\t\t\t<div class=\"elementor-container elementor-column-gap-default\">\n\t\t\t\t\t<div class=\"elementor-column elementor-col-100 elementor-top-column elementor-element elementor-element-3018e18\" data-id=\"3018e18\" data-element_type=\"column\">\n\t\t\t<div class=\"elementor-widget-wrap elementor-element-populated\">\n\t\t\t\t\t\t<div class=\"elementor-element elementor-element-5b39170a elementor-widget elementor-widget-heading\" data-id=\"5b39170a\" data-element_type=\"widget\" data-widget_type=\"heading.default\">\n\t\t\t\t<div class=\"elementor-widget-container\">\n\t\t\t\t\t<h1 class=\"elementor-heading-title elementor-size-default\">DO Wellness Mastinell<\/h1>\t\t\t\t<\/div>\n\t\t\t\t<\/div>\n\t\t\t\t\t<\/div>\n\t\t<\/div>\n\t\t\t\t\t<\/div>\n\t\t<\/section>\n\t\t\t\t<section class=\"elementor-section elementor-top-section elementor-element elementor-element-77013cd3 elementor-section-boxed elementor-section-height-default elementor-section-height-default\" data-id=\"77013cd3\" data-element_type=\"section\">\n\t\t\t\t\t\t<div class=\"elementor-container elementor-column-gap-default\">\n\t\t\t\t\t<div class=\"elementor-column elementor-col-100 elementor-top-column elementor-element elementor-element-1fd63e57\" data-id=\"1fd63e57\" data-element_type=\"column\">\n\t\t\t<div class=\"elementor-widget-wrap elementor-element-populated\">\n\t\t\t\t\t\t<div class=\"elementor-element elementor-element-317ea5da elementor-widget elementor-widget-heading\" data-id=\"317ea5da\" data-element_type=\"widget\" data-widget_type=\"heading.default\">\n\t\t\t\t<div class=\"elementor-widget-container\">\n\t\t\t\t\t<h2 class=\"elementor-heading-title elementor-size-default\">Submergeix-te en l'experi\u00e8ncia d'un massatge hol\u00edstic<\/h2>\t\t\t\t<\/div>\n\t\t\t\t<\/div>\n\t\t\t\t<div class=\"elementor-element elementor-element-4812e2e4 elementor-widget-divider--view-line elementor-widget elementor-widget-divider\" data-id=\"4812e2e4\" data-element_type=\"widget\" data-widget_type=\"divider.default\">\n\t\t\t\t<div class=\"elementor-widget-container\">\n\t\t\t\t\t\t\t<div class=\"elementor-divider\">\n\t\t\t<span class=\"elementor-divider-separator\">\n\t\t\t\t\t\t<\/span>\n\t\t<\/div>\n\t\t\t\t\t\t<\/div>\n\t\t\t\t<\/div>\n\t\t\t\t<div class=\"elementor-element elementor-element-2e371057 elementor-widget elementor-widget-text-editor\" data-id=\"2e371057\" data-element_type=\"widget\" data-widget_type=\"text-editor.default\">\n\t\t\t\t<div class=\"elementor-widget-container\">\n\t\t\t\t\t\t\t\t\t<p>Al nostre espai de benestar, ens enorgulleix oferir-te experi\u00e8ncies \u00faniques de cura i rejoveniment.<\/p><p>Inspirats per la rica hist\u00f2ria enol\u00f2gica i la passi\u00f3 mediterr\u00e0nia que defineix Cava &amp; Hotel Mastinell, hem creat un refugi de serenitat al cor del Pened\u00e8s.<br \/>DO Wellness Mastinell \u00e9s un lloc exclusiu dedicat a la relaxaci\u00f3 i la bellesa. Un temple de benestar on podr\u00e0s gaudir d&#8217;una \u00e0mplia varietat de tractaments de cura personal amb productes cosm\u00e8tics 100% naturals, org\u00e0nics, vegans i lliures de t\u00f2xics.<\/p><p>Si tens algun dubte o vols reservar algun dels nostres tractaments, pots contactar amb nosaltres al tel\u00e8fon +34 634 233 348 oa info@hotelmastinell.agencialiverpool.dev. T&#8217;esperem!<\/p>\t\t\t\t\t\t\t\t<\/div>\n\t\t\t\t<\/div>\n\t\t\t\t<div class=\"elementor-element elementor-element-b29a8d5 elementor-hidden-desktop elementor-hidden-tablet elementor-hidden-mobile elementor-widget elementor-widget-button\" data-id=\"b29a8d5\" data-element_type=\"widget\" data-widget_type=\"button.default\">\n\t\t\t\t<div class=\"elementor-widget-container\">\n\t\t\t\t\t\t\t\t\t<div class=\"elementor-button-wrapper\">\n\t\t\t\t\t<a class=\"elementor-button elementor-button-link elementor-size-sm\" href=\"https:\/\/shop.mastinell.com\/wp-content\/uploads\/2024\/08\/Cataleg-Mastinell-CATALA7_240705_102413.pdf\">\n\t\t\t\t\t\t<span class=\"elementor-button-content-wrapper\">\n\t\t\t\t\t\t\t\t\t<span class=\"elementor-button-text\">Descarregar cat\u00e0leg<\/span>\n\t\t\t\t\t<\/span>\n\t\t\t\t\t<\/a>\n\t\t\t\t<\/div>\n\t\t\t\t\t\t\t\t<\/div>\n\t\t\t\t<\/div>\n\t\t\t\t<section class=\"elementor-section elementor-inner-section elementor-element elementor-element-716b4d74 elementor-hidden-tablet elementor-hidden-phone elementor-section-boxed elementor-section-height-default elementor-section-height-default\" data-id=\"716b4d74\" data-element_type=\"section\">\n\t\t\t\t\t\t<div class=\"elementor-container elementor-column-gap-default\">\n\t\t\t\t\t<div class=\"elementor-column elementor-col-100 elementor-inner-column elementor-element elementor-element-547a441d\" data-id=\"547a441d\" data-element_type=\"column\">\n\t\t\t<div class=\"elementor-widget-wrap elementor-element-populated\">\n\t\t\t\t\t\t<div class=\"elementor-element elementor-element-2b6ab127 image_overlay_3 elementor-absolute elementor-widget__width-auto elementor-widget elementor-widget-image\" data-id=\"2b6ab127\" data-element_type=\"widget\" data-settings=\"{&quot;_position&quot;:&quot;absolute&quot;}\" data-widget_type=\"image.default\">\n\t\t\t\t<div class=\"elementor-widget-container\">\n\t\t\t\t\t\t\t\t\t\t\t\t\t\t\t<img decoding=\"async\" src=\"https:\/\/shop.mastinell.com\/wp-content\/uploads\/elementor\/thumbs\/hotel_servicios_vinoterapia_interior_01-qxwwg5u01vqf9d4yfl8jd6rod1ig9aasua6uqd5ts8.jpg\" title=\"hotel_servicios_vinoterapia_interior_01\" alt=\"hotel_servicios_vinoterapia_interior_01\" loading=\"lazy\" \/>\t\t\t\t\t\t\t\t\t\t\t\t\t\t\t<\/div>\n\t\t\t\t<\/div>\n\t\t\t\t<div class=\"elementor-element elementor-element-4e599841 image_box3_center elementor-widget__width-auto elementor-widget elementor-widget-image\" data-id=\"4e599841\" data-element_type=\"widget\" data-widget_type=\"image.default\">\n\t\t\t\t<div class=\"elementor-widget-container\">\n\t\t\t\t\t\t\t\t\t\t\t\t\t\t\t<img decoding=\"async\" src=\"https:\/\/shop.mastinell.com\/wp-content\/uploads\/elementor\/thumbs\/hotel_servicios_vinoterapia_interior_02-qxwwfk7shk3lpvk8ae9ds12ae4y6yoqzy5uh6wejjw.jpg\" title=\"hotel_servicios_vinoterapia_interior_02\" alt=\"hotel_servicios_vinoterapia_interior_02\" loading=\"lazy\" \/>\t\t\t\t\t\t\t\t\t\t\t\t\t\t\t<\/div>\n\t\t\t\t<\/div>\n\t\t\t\t<div class=\"elementor-element elementor-element-7654ea11 image_overlay_3 elementor-absolute elementor-widget__width-auto elementor-widget elementor-widget-image\" data-id=\"7654ea11\" data-element_type=\"widget\" data-settings=\"{&quot;_position&quot;:&quot;absolute&quot;}\" data-widget_type=\"image.default\">\n\t\t\t\t<div class=\"elementor-widget-container\">\n\t\t\t\t\t\t\t\t\t\t\t\t\t\t\t<img decoding=\"async\" src=\"https:\/\/shop.mastinell.com\/wp-content\/uploads\/elementor\/thumbs\/DSC7795-scaled-qxwwg30hhdlztxwrjzc74lna71g5cb0f8eqk9kr19c.jpg\" title=\"_DSC7795\" alt=\"masajes holisticos\" loading=\"lazy\" \/>\t\t\t\t\t\t\t\t\t\t\t\t\t\t\t<\/div>\n\t\t\t\t<\/div>\n\t\t\t\t\t<\/div>\n\t\t<\/div>\n\t\t\t\t\t<\/div>\n\t\t<\/section>\n\t\t\t\t<div class=\"elementor-element elementor-element-a770e6f elementor-hidden-desktop elementor-widget elementor-widget-image\" data-id=\"a770e6f\" data-element_type=\"widget\" data-widget_type=\"image.default\">\n\t\t\t\t<div class=\"elementor-widget-container\">\n\t\t\t\t\t\t\t\t\t\t\t\t\t\t\t<img fetchpriority=\"high\" decoding=\"async\" width=\"690\" height=\"750\" src=\"https:\/\/shop.mastinell.com\/wp-content\/uploads\/2021\/03\/m_hotel_servicios_vinoterapia_interior.jpg\" class=\"attachment-large size-large wp-image-15462\" alt=\"\" srcset=\"https:\/\/shop.mastinell.com\/wp-content\/uploads\/2021\/03\/m_hotel_servicios_vinoterapia_interior.jpg 690w, https:\/\/shop.mastinell.com\/wp-content\/uploads\/2021\/03\/m_hotel_servicios_vinoterapia_interior-276x300.jpg 276w, https:\/\/shop.mastinell.com\/wp-content\/uploads\/2021\/03\/m_hotel_servicios_vinoterapia_interior-11x12.jpg 11w, https:\/\/shop.mastinell.com\/wp-content\/uploads\/2021\/03\/m_hotel_servicios_vinoterapia_interior-660x717.jpg 660w\" sizes=\"(max-width: 690px) 100vw, 690px\" \/>\t\t\t\t\t\t\t\t\t\t\t\t\t\t\t<\/div>\n\t\t\t\t<\/div>\n\t\t\t\t<div class=\"elementor-element elementor-element-53b7d0ab elementor-mobile-align-center elementor-widget elementor-widget-button\" data-id=\"53b7d0ab\" data-element_type=\"widget\" data-widget_type=\"button.default\">\n\t\t\t\t<div class=\"elementor-widget-container\">\n\t\t\t\t\t\t\t\t\t<div class=\"elementor-button-wrapper\">\n\t\t\t\t\t<a class=\"elementor-button elementor-button-link elementor-size-sm\" href=\"https:\/\/shop.mastinell.com\/ca\/hotel\/serveis\/\">\n\t\t\t\t\t\t<span class=\"elementor-button-content-wrapper\">\n\t\t\t\t\t\t\t\t\t<span class=\"elementor-button-text\">VOLVER A SERVICIOS<\/span>\n\t\t\t\t\t<\/span>\n\t\t\t\t\t<\/a>\n\t\t\t\t<\/div>\n\t\t\t\t\t\t\t\t<\/div>\n\t\t\t\t<\/div>\n\t\t\t\t\t<\/div>\n\t\t<\/div>\n\t\t\t\t\t<\/div>\n\t\t<\/section>\n\t\t\t\t<section class=\"elementor-section elementor-top-section elementor-element elementor-element-595ccd23 elementor-section-boxed elementor-section-height-default elementor-section-height-default\" data-id=\"595ccd23\" data-element_type=\"section\">\n\t\t\t\t\t\t<div class=\"elementor-container elementor-column-gap-default\">\n\t\t\t\t\t<div class=\"elementor-column elementor-col-100 elementor-top-column elementor-element elementor-element-7b92cf75\" data-id=\"7b92cf75\" data-element_type=\"column\">\n\t\t\t<div class=\"elementor-widget-wrap\">\n\t\t\t\t\t\t\t<\/div>\n\t\t<\/div>\n\t\t\t\t\t<\/div>\n\t\t<\/section>\n\t\t\t\t<\/div>\n\t\t","protected":false},"excerpt":{"rendered":"<p>DO Wellness Mastinell Submergeix-te en l&#8217;experi\u00e8ncia d&#8217;un massatge hol\u00edstic Al nostre espai de benestar, ens enorgulleix oferir-te experi\u00e8ncies \u00faniques de cura i rejoveniment. Inspirats per la rica hist\u00f2ria enol\u00f2gica i la passi\u00f3 mediterr\u00e0nia que defineix Cava &amp; Hotel Mastinell, hem creat un refugi de serenitat al cor del Pened\u00e8s.DO Wellness Mastinell \u00e9s un lloc exclusiu [&hellip;]<\/p>\n","protected":false},"author":1,"featured_media":0,"parent":20688,"menu_order":0,"comment_status":"closed","ping_status":"closed","template":"","meta":{"_acf_changed":false,"footnotes":""},"class_list":["post-20708","page","type-page","status-publish","hentry"],"acf":[],"yoast_head":"<!-- This site is optimized with the Yoast SEO plugin v27.4 - https:\/\/yoast.com\/product\/yoast-seo-wordpress\/ -->\n<title>DO Wellness Mastinell - Mastinell<\/title>\n<meta name=\"robots\" content=\"index, follow, max-snippet:-1, max-image-preview:large, max-video-preview:-1\" \/>\n<link rel=\"canonical\" href=\"https:\/\/shop.mastinell.com\/ca\/hotel\/serveis\/do-wellness-mastinell\/\" \/>\n<meta property=\"og:locale\" content=\"ca_ES\" \/>\n<meta property=\"og:type\" content=\"article\" \/>\n<meta property=\"og:title\" content=\"DO Wellness Mastinell - Mastinell\" \/>\n<meta property=\"og:description\" content=\"DO Wellness Mastinell Submergeix-te en l&#8217;experi\u00e8ncia d&#8217;un massatge hol\u00edstic Al nostre espai de benestar, ens enorgulleix oferir-te experi\u00e8ncies \u00faniques de cura i rejoveniment. Inspirats per la rica hist\u00f2ria enol\u00f2gica i la passi\u00f3 mediterr\u00e0nia que defineix Cava &amp; Hotel Mastinell, hem creat un refugi de serenitat al cor del Pened\u00e8s.DO Wellness Mastinell \u00e9s un lloc exclusiu [&hellip;]\" \/>\n<meta property=\"og:url\" content=\"https:\/\/shop.mastinell.com\/ca\/hotel\/serveis\/do-wellness-mastinell\/\" \/>\n<meta property=\"og:site_name\" content=\"Mastinell\" \/>\n<meta property=\"article:publisher\" content=\"https:\/\/www.facebook.com\/CavaHotelMastinell\" \/>\n<meta property=\"article:modified_time\" content=\"2024-11-14T14:36:50+00:00\" \/>\n<meta property=\"og:image\" content=\"https:\/\/mastinell.agencialiverpool.test\/wp-content\/uploads\/elementor\/thumbs\/hotel_servicios_vinoterapia_interior_01-p0axdeddxqqcgape3euxy9f1467aixnmo34h8nq9s8.jpg\" \/>\n<meta name=\"twitter:card\" content=\"summary_large_image\" \/>\n<meta name=\"twitter:label1\" content=\"Temps estimat de lectura\" \/>\n\t<meta name=\"twitter:data1\" content=\"2 minuts\" \/>\n<script type=\"application\/ld+json\" class=\"yoast-schema-graph\">{\"@context\":\"https:\\\/\\\/schema.org\",\"@graph\":[{\"@type\":\"WebPage\",\"@id\":\"https:\\\/\\\/shop.mastinell.com\\\/ca\\\/hotel\\\/serveis\\\/do-wellness-mastinell\\\/\",\"url\":\"https:\\\/\\\/shop.mastinell.com\\\/ca\\\/hotel\\\/serveis\\\/do-wellness-mastinell\\\/\",\"name\":\"DO Wellness Mastinell - Mastinell\",\"isPartOf\":{\"@id\":\"https:\\\/\\\/mastinell.agencialiverpool.test\\\/#website\"},\"primaryImageOfPage\":{\"@id\":\"https:\\\/\\\/shop.mastinell.com\\\/ca\\\/hotel\\\/serveis\\\/do-wellness-mastinell\\\/#primaryimage\"},\"image\":{\"@id\":\"https:\\\/\\\/shop.mastinell.com\\\/ca\\\/hotel\\\/serveis\\\/do-wellness-mastinell\\\/#primaryimage\"},\"thumbnailUrl\":\"https:\\\/\\\/shop.mastinell.com\\\/wp-content\\\/uploads\\\/elementor\\\/thumbs\\\/hotel_servicios_vinoterapia_interior_01-p0axdeddxqqcgape3euxy9f1467aixnmo34h8nq9s8.jpg\",\"datePublished\":\"2021-06-03T18:23:54+00:00\",\"dateModified\":\"2024-11-14T14:36:50+00:00\",\"breadcrumb\":{\"@id\":\"https:\\\/\\\/shop.mastinell.com\\\/ca\\\/hotel\\\/serveis\\\/do-wellness-mastinell\\\/#breadcrumb\"},\"inLanguage\":\"ca\",\"potentialAction\":[{\"@type\":\"ReadAction\",\"target\":[\"https:\\\/\\\/shop.mastinell.com\\\/ca\\\/hotel\\\/serveis\\\/do-wellness-mastinell\\\/\"]}]},{\"@type\":\"ImageObject\",\"inLanguage\":\"ca\",\"@id\":\"https:\\\/\\\/shop.mastinell.com\\\/ca\\\/hotel\\\/serveis\\\/do-wellness-mastinell\\\/#primaryimage\",\"url\":\"https:\\\/\\\/shop.mastinell.com\\\/wp-content\\\/uploads\\\/elementor\\\/thumbs\\\/hotel_servicios_vinoterapia_interior_01-p0axdeddxqqcgape3euxy9f1467aixnmo34h8nq9s8.jpg\",\"contentUrl\":\"https:\\\/\\\/shop.mastinell.com\\\/wp-content\\\/uploads\\\/elementor\\\/thumbs\\\/hotel_servicios_vinoterapia_interior_01-p0axdeddxqqcgape3euxy9f1467aixnmo34h8nq9s8.jpg\"},{\"@type\":\"BreadcrumbList\",\"@id\":\"https:\\\/\\\/shop.mastinell.com\\\/ca\\\/hotel\\\/serveis\\\/do-wellness-mastinell\\\/#breadcrumb\",\"itemListElement\":[{\"@type\":\"ListItem\",\"position\":1,\"name\":\"Home\",\"item\":\"https:\\\/\\\/shop.mastinell.com\\\/ca\\\/tienda\\\/\"},{\"@type\":\"ListItem\",\"position\":2,\"name\":\"HOTEL\",\"item\":\"https:\\\/\\\/shop.mastinell.com\\\/ca\\\/hotel\\\/\"},{\"@type\":\"ListItem\",\"position\":3,\"name\":\"SERVEIS\",\"item\":\"https:\\\/\\\/shop.mastinell.com\\\/ca\\\/hotel\\\/serveis\\\/\"},{\"@type\":\"ListItem\",\"position\":4,\"name\":\"DO Wellness Mastinell\"}]},{\"@type\":\"WebSite\",\"@id\":\"https:\\\/\\\/mastinell.agencialiverpool.test\\\/#website\",\"url\":\"https:\\\/\\\/mastinell.agencialiverpool.test\\\/\",\"name\":\"Mastinell\",\"description\":\"Tienda Oficial\",\"publisher\":{\"@id\":\"https:\\\/\\\/mastinell.agencialiverpool.test\\\/#organization\"},\"potentialAction\":[{\"@type\":\"SearchAction\",\"target\":{\"@type\":\"EntryPoint\",\"urlTemplate\":\"https:\\\/\\\/mastinell.agencialiverpool.test\\\/?s={search_term_string}\"},\"query-input\":{\"@type\":\"PropertyValueSpecification\",\"valueRequired\":true,\"valueName\":\"search_term_string\"}}],\"inLanguage\":\"ca\"},{\"@type\":\"Organization\",\"@id\":\"https:\\\/\\\/mastinell.agencialiverpool.test\\\/#organization\",\"name\":\"Mastinell\",\"url\":\"https:\\\/\\\/mastinell.agencialiverpool.test\\\/\",\"logo\":{\"@type\":\"ImageObject\",\"inLanguage\":\"ca\",\"@id\":\"https:\\\/\\\/mastinell.agencialiverpool.test\\\/#\\\/schema\\\/logo\\\/image\\\/\",\"url\":\"https:\\\/\\\/shop.mastinell.com\\\/wp-content\\\/uploads\\\/2025\\\/01\\\/Mastinell-Cava-y-Hotel-scaled-1.webp\",\"contentUrl\":\"https:\\\/\\\/shop.mastinell.com\\\/wp-content\\\/uploads\\\/2025\\\/01\\\/Mastinell-Cava-y-Hotel-scaled-1.webp\",\"width\":2560,\"height\":531,\"caption\":\"Mastinell\"},\"image\":{\"@id\":\"https:\\\/\\\/mastinell.agencialiverpool.test\\\/#\\\/schema\\\/logo\\\/image\\\/\"},\"sameAs\":[\"https:\\\/\\\/www.facebook.com\\\/CavaHotelMastinell\",\"https:\\\/\\\/www.instagram.com\\\/cavahotel_mastinell\\\/?hl=es\"]}]}<\/script>\n<!-- \/ Yoast SEO plugin. -->","yoast_head_json":{"title":"DO Wellness Mastinell - Mastinell","robots":{"index":"index","follow":"follow","max-snippet":"max-snippet:-1","max-image-preview":"max-image-preview:large","max-video-preview":"max-video-preview:-1"},"canonical":"https:\/\/shop.mastinell.com\/ca\/hotel\/serveis\/do-wellness-mastinell\/","og_locale":"ca_ES","og_type":"article","og_title":"DO Wellness Mastinell - Mastinell","og_description":"DO Wellness Mastinell Submergeix-te en l&#8217;experi\u00e8ncia d&#8217;un massatge hol\u00edstic Al nostre espai de benestar, ens enorgulleix oferir-te experi\u00e8ncies \u00faniques de cura i rejoveniment. Inspirats per la rica hist\u00f2ria enol\u00f2gica i la passi\u00f3 mediterr\u00e0nia que defineix Cava &amp; Hotel Mastinell, hem creat un refugi de serenitat al cor del Pened\u00e8s.DO Wellness Mastinell \u00e9s un lloc exclusiu [&hellip;]","og_url":"https:\/\/shop.mastinell.com\/ca\/hotel\/serveis\/do-wellness-mastinell\/","og_site_name":"Mastinell","article_publisher":"https:\/\/www.facebook.com\/CavaHotelMastinell","article_modified_time":"2024-11-14T14:36:50+00:00","og_image":[{"url":"https:\/\/mastinell.agencialiverpool.test\/wp-content\/uploads\/elementor\/thumbs\/hotel_servicios_vinoterapia_interior_01-p0axdeddxqqcgape3euxy9f1467aixnmo34h8nq9s8.jpg","type":"","width":"","height":""}],"twitter_card":"summary_large_image","twitter_misc":{"Temps estimat de lectura":"2 minuts"},"schema":{"@context":"https:\/\/schema.org","@graph":[{"@type":"WebPage","@id":"https:\/\/shop.mastinell.com\/ca\/hotel\/serveis\/do-wellness-mastinell\/","url":"https:\/\/shop.mastinell.com\/ca\/hotel\/serveis\/do-wellness-mastinell\/","name":"DO Wellness Mastinell - Mastinell","isPartOf":{"@id":"https:\/\/mastinell.agencialiverpool.test\/#website"},"primaryImageOfPage":{"@id":"https:\/\/shop.mastinell.com\/ca\/hotel\/serveis\/do-wellness-mastinell\/#primaryimage"},"image":{"@id":"https:\/\/shop.mastinell.com\/ca\/hotel\/serveis\/do-wellness-mastinell\/#primaryimage"},"thumbnailUrl":"https:\/\/shop.mastinell.com\/wp-content\/uploads\/elementor\/thumbs\/hotel_servicios_vinoterapia_interior_01-p0axdeddxqqcgape3euxy9f1467aixnmo34h8nq9s8.jpg","datePublished":"2021-06-03T18:23:54+00:00","dateModified":"2024-11-14T14:36:50+00:00","breadcrumb":{"@id":"https:\/\/shop.mastinell.com\/ca\/hotel\/serveis\/do-wellness-mastinell\/#breadcrumb"},"inLanguage":"ca","potentialAction":[{"@type":"ReadAction","target":["https:\/\/shop.mastinell.com\/ca\/hotel\/serveis\/do-wellness-mastinell\/"]}]},{"@type":"ImageObject","inLanguage":"ca","@id":"https:\/\/shop.mastinell.com\/ca\/hotel\/serveis\/do-wellness-mastinell\/#primaryimage","url":"https:\/\/shop.mastinell.com\/wp-content\/uploads\/elementor\/thumbs\/hotel_servicios_vinoterapia_interior_01-p0axdeddxqqcgape3euxy9f1467aixnmo34h8nq9s8.jpg","contentUrl":"https:\/\/shop.mastinell.com\/wp-content\/uploads\/elementor\/thumbs\/hotel_servicios_vinoterapia_interior_01-p0axdeddxqqcgape3euxy9f1467aixnmo34h8nq9s8.jpg"},{"@type":"BreadcrumbList","@id":"https:\/\/shop.mastinell.com\/ca\/hotel\/serveis\/do-wellness-mastinell\/#breadcrumb","itemListElement":[{"@type":"ListItem","position":1,"name":"Home","item":"https:\/\/shop.mastinell.com\/ca\/tienda\/"},{"@type":"ListItem","position":2,"name":"HOTEL","item":"https:\/\/shop.mastinell.com\/ca\/hotel\/"},{"@type":"ListItem","position":3,"name":"SERVEIS","item":"https:\/\/shop.mastinell.com\/ca\/hotel\/serveis\/"},{"@type":"ListItem","position":4,"name":"DO Wellness Mastinell"}]},{"@type":"WebSite","@id":"https:\/\/mastinell.agencialiverpool.test\/#website","url":"https:\/\/mastinell.agencialiverpool.test\/","name":"Mastinell","description":"Tienda Oficial","publisher":{"@id":"https:\/\/mastinell.agencialiverpool.test\/#organization"},"potentialAction":[{"@type":"SearchAction","target":{"@type":"EntryPoint","urlTemplate":"https:\/\/mastinell.agencialiverpool.test\/?s={search_term_string}"},"query-input":{"@type":"PropertyValueSpecification","valueRequired":true,"valueName":"search_term_string"}}],"inLanguage":"ca"},{"@type":"Organization","@id":"https:\/\/mastinell.agencialiverpool.test\/#organization","name":"Mastinell","url":"https:\/\/mastinell.agencialiverpool.test\/","logo":{"@type":"ImageObject","inLanguage":"ca","@id":"https:\/\/mastinell.agencialiverpool.test\/#\/schema\/logo\/image\/","url":"https:\/\/shop.mastinell.com\/wp-content\/uploads\/2025\/01\/Mastinell-Cava-y-Hotel-scaled-1.webp","contentUrl":"https:\/\/shop.mastinell.com\/wp-content\/uploads\/2025\/01\/Mastinell-Cava-y-Hotel-scaled-1.webp","width":2560,"height":531,"caption":"Mastinell"},"image":{"@id":"https:\/\/mastinell.agencialiverpool.test\/#\/schema\/logo\/image\/"},"sameAs":["https:\/\/www.facebook.com\/CavaHotelMastinell","https:\/\/www.instagram.com\/cavahotel_mastinell\/?hl=es"]}]}},"_links":{"self":[{"href":"https:\/\/shop.mastinell.com\/ca\/wp-json\/wp\/v2\/pages\/20708","targetHints":{"allow":["GET"]}}],"collection":[{"href":"https:\/\/shop.mastinell.com\/ca\/wp-json\/wp\/v2\/pages"}],"about":[{"href":"https:\/\/shop.mastinell.com\/ca\/wp-json\/wp\/v2\/types\/page"}],"author":[{"embeddable":true,"href":"https:\/\/shop.mastinell.com\/ca\/wp-json\/wp\/v2\/users\/1"}],"replies":[{"embeddable":true,"href":"https:\/\/shop.mastinell.com\/ca\/wp-json\/wp\/v2\/comments?post=20708"}],"version-history":[{"count":24,"href":"https:\/\/shop.mastinell.com\/ca\/wp-json\/wp\/v2\/pages\/20708\/revisions"}],"predecessor-version":[{"id":33828,"href":"https:\/\/shop.mastinell.com\/ca\/wp-json\/wp\/v2\/pages\/20708\/revisions\/33828"}],"up":[{"embeddable":true,"href":"https:\/\/shop.mastinell.com\/ca\/wp-json\/wp\/v2\/pages\/20688"}],"wp:attachment":[{"href":"https:\/\/shop.mastinell.com\/ca\/wp-json\/wp\/v2\/media?parent=20708"}],"curies":[{"name":"wp","href":"https:\/\/api.w.org\/{rel}","templated":true}]}}