{"id":20805,"date":"2021-06-04T00:16:59","date_gmt":"2021-06-03T22:16:59","guid":{"rendered":"https:\/\/mastinell.com\/?page_id=20805"},"modified":"2021-06-10T02:46:39","modified_gmt":"2021-06-10T00:46:39","slug":"visita-a-poblacions-costeres","status":"publish","type":"page","link":"https:\/\/shop.mastinell.com\/ca\/hotel\/serveis\/visita-a-poblacions-costeres\/","title":{"rendered":"VISITA A POBLACIONS COSTERES"},"content":{"rendered":"\t\t<div data-elementor-type=\"wp-page\" data-elementor-id=\"20805\" class=\"elementor elementor-20805 elementor-8646\" data-elementor-post-type=\"page\">\n\t\t\t\t\t\t<section class=\"elementor-section elementor-top-section elementor-element elementor-element-2ce568aa elementor-section-content-middle elementor-section-stretched elementor-section-boxed elementor-section-height-default elementor-section-height-default\" data-id=\"2ce568aa\" data-element_type=\"section\" data-settings=\"{&quot;stretch_section&quot;:&quot;section-stretched&quot;,&quot;background_background&quot;:&quot;classic&quot;}\">\n\t\t\t\t\t\t<div class=\"elementor-container elementor-column-gap-default\">\n\t\t\t\t\t<div class=\"elementor-column elementor-col-100 elementor-top-column elementor-element elementor-element-3018e18\" data-id=\"3018e18\" data-element_type=\"column\">\n\t\t\t<div class=\"elementor-widget-wrap elementor-element-populated\">\n\t\t\t\t\t\t<div class=\"elementor-element elementor-element-5b39170a elementor-widget elementor-widget-heading\" data-id=\"5b39170a\" data-element_type=\"widget\" data-widget_type=\"heading.default\">\n\t\t\t\t<div class=\"elementor-widget-container\">\n\t\t\t\t\t<h1 class=\"elementor-heading-title elementor-size-default\">Visita a poblacions costeres<\/h1>\t\t\t\t<\/div>\n\t\t\t\t<\/div>\n\t\t\t\t\t<\/div>\n\t\t<\/div>\n\t\t\t\t\t<\/div>\n\t\t<\/section>\n\t\t\t\t<section class=\"elementor-section elementor-top-section elementor-element elementor-element-77013cd3 elementor-section-boxed elementor-section-height-default elementor-section-height-default\" data-id=\"77013cd3\" data-element_type=\"section\">\n\t\t\t\t\t\t<div class=\"elementor-container elementor-column-gap-default\">\n\t\t\t\t\t<div class=\"elementor-column elementor-col-100 elementor-top-column elementor-element elementor-element-1fd63e57\" data-id=\"1fd63e57\" data-element_type=\"column\">\n\t\t\t<div class=\"elementor-widget-wrap elementor-element-populated\">\n\t\t\t\t\t\t<div class=\"elementor-element elementor-element-317ea5da elementor-widget elementor-widget-heading\" data-id=\"317ea5da\" data-element_type=\"widget\" data-widget_type=\"heading.default\">\n\t\t\t\t<div class=\"elementor-widget-container\">\n\t\t\t\t\t<h2 class=\"elementor-heading-title elementor-size-default\">Visita a las Poblacions Costeres<\/h2>\t\t\t\t<\/div>\n\t\t\t\t<\/div>\n\t\t\t\t<div class=\"elementor-element elementor-element-4812e2e4 elementor-widget-divider--view-line elementor-widget elementor-widget-divider\" data-id=\"4812e2e4\" data-element_type=\"widget\" data-widget_type=\"divider.default\">\n\t\t\t\t<div class=\"elementor-widget-container\">\n\t\t\t\t\t\t\t<div class=\"elementor-divider\">\n\t\t\t<span class=\"elementor-divider-separator\">\n\t\t\t\t\t\t<\/span>\n\t\t<\/div>\n\t\t\t\t\t\t<\/div>\n\t\t\t\t<\/div>\n\t\t\t\t<div class=\"elementor-element elementor-element-2e371057 elementor-widget elementor-widget-text-editor\" data-id=\"2e371057\" data-element_type=\"widget\" data-widget_type=\"text-editor.default\">\n\t\t\t\t<div class=\"elementor-widget-container\">\n\t\t\t\t\t\t\t\t\t<p><span style=\"font-weight: 400;\">El mar Mediterrani t\u00e9 una gran influ\u00e8ncia en l\u2019elaboraci\u00f3 i crian\u00e7a dels nostres vins i caves. I es que es troba nom\u00e9s a 20 km Vilanova i la Geltr\u00fa. Si desitges visitar les principals poblacions costeres, et recomanem passejar pel passeig mar\u00edtim de Vilanova i la Geltr\u00fa o pels bonics carrers del poble de Sitges. A qualsevol d\u2019aquests pobles podr\u00e0s gaudir d\u2019una aut\u00e8ntica cuina marinera i del intens color dels seus capvespres.<\/span><\/p><p><span style=\"font-weight: 400;\">Si t\u2019interessa visitar Vilanova i la Geltr\u00fa o Sitges, un cop tinguis la reserva de la teva est\u00e0ncia, pots posar-te en contacte amb la recepci\u00f3 de l\u2019hotel i et donarem moltes idees sobre qu\u00e8 visitar i on menjar. Tamb\u00e9 podem gestionar-te les reserves per la teva comoditat.\u00a0<\/span><\/p>\t\t\t\t\t\t\t\t<\/div>\n\t\t\t\t<\/div>\n\t\t\t\t<section class=\"elementor-section elementor-inner-section elementor-element elementor-element-716b4d74 elementor-hidden-tablet elementor-hidden-phone elementor-section-boxed elementor-section-height-default elementor-section-height-default\" data-id=\"716b4d74\" data-element_type=\"section\">\n\t\t\t\t\t\t<div class=\"elementor-container elementor-column-gap-default\">\n\t\t\t\t\t<div class=\"elementor-column elementor-col-100 elementor-inner-column elementor-element elementor-element-547a441d\" data-id=\"547a441d\" data-element_type=\"column\">\n\t\t\t<div class=\"elementor-widget-wrap elementor-element-populated\">\n\t\t\t\t\t\t<div class=\"elementor-element elementor-element-2b6ab127 image_overlay_3 elementor-absolute elementor-widget__width-auto elementor-widget elementor-widget-image\" data-id=\"2b6ab127\" data-element_type=\"widget\" data-settings=\"{&quot;_position&quot;:&quot;absolute&quot;}\" data-widget_type=\"image.default\">\n\t\t\t\t<div class=\"elementor-widget-container\">\n\t\t\t\t\t\t\t\t\t\t\t\t\t\t\t<img decoding=\"async\" src=\"https:\/\/shop.mastinell.com\/wp-content\/uploads\/elementor\/thumbs\/hotel_servicios_costa_interior_01-qxwwfxdgcdeucvh8szkw8qwj0ko5c0d7t4bhevidc8.jpg\" title=\"hotel_servicios_costa_interior_01\" alt=\"hotel_servicios_costa_interior_01\" loading=\"lazy\" \/>\t\t\t\t\t\t\t\t\t\t\t\t\t\t\t<\/div>\n\t\t\t\t<\/div>\n\t\t\t\t<div class=\"elementor-element elementor-element-4e599841 image_box3_center elementor-widget__width-auto elementor-widget elementor-widget-image\" data-id=\"4e599841\" data-element_type=\"widget\" data-widget_type=\"image.default\">\n\t\t\t\t<div class=\"elementor-widget-container\">\n\t\t\t\t\t\t\t\t\t\t\t\t\t\t\t<img decoding=\"async\" src=\"https:\/\/shop.mastinell.com\/wp-content\/uploads\/elementor\/thumbs\/hotel_servicios_costa_interior_02-qxwwgbh3zr4x2kgmv81kac6nmb7u5wr7pwrk3xa4jg.jpg\" title=\"hotel_servicios_costa_interior_02\" alt=\"hotel_servicios_costa_interior_02\" loading=\"lazy\" \/>\t\t\t\t\t\t\t\t\t\t\t\t\t\t\t<\/div>\n\t\t\t\t<\/div>\n\t\t\t\t<div class=\"elementor-element elementor-element-7654ea11 image_overlay_3 elementor-absolute elementor-widget__width-auto elementor-widget elementor-widget-image\" data-id=\"7654ea11\" data-element_type=\"widget\" data-settings=\"{&quot;_position&quot;:&quot;absolute&quot;}\" data-widget_type=\"image.default\">\n\t\t\t\t<div class=\"elementor-widget-container\">\n\t\t\t\t\t\t\t\t\t\t\t\t\t\t\t<img decoding=\"async\" src=\"https:\/\/shop.mastinell.com\/wp-content\/uploads\/elementor\/thumbs\/hotel_servicios_costa_interior_03-qxwwdwzvq4n72b237jm5vnc0w24olfep9ol9flypls.jpg\" title=\"hotel_servicios_costa_interior_03\" alt=\"hotel_servicios_costa_interior_03\" loading=\"lazy\" \/>\t\t\t\t\t\t\t\t\t\t\t\t\t\t\t<\/div>\n\t\t\t\t<\/div>\n\t\t\t\t\t<\/div>\n\t\t<\/div>\n\t\t\t\t\t<\/div>\n\t\t<\/section>\n\t\t\t\t<div class=\"elementor-element elementor-element-02ed287 elementor-hidden-desktop elementor-widget elementor-widget-image\" data-id=\"02ed287\" data-element_type=\"widget\" data-widget_type=\"image.default\">\n\t\t\t\t<div class=\"elementor-widget-container\">\n\t\t\t\t\t\t\t\t\t\t\t\t\t\t\t<img fetchpriority=\"high\" decoding=\"async\" width=\"690\" height=\"750\" src=\"https:\/\/shop.mastinell.com\/wp-content\/uploads\/2021\/03\/m_hotel_servicios_costa_interior.jpg\" class=\"attachment-large size-large wp-image-15502\" alt=\"\" srcset=\"https:\/\/shop.mastinell.com\/wp-content\/uploads\/2021\/03\/m_hotel_servicios_costa_interior.jpg 690w, https:\/\/shop.mastinell.com\/wp-content\/uploads\/2021\/03\/m_hotel_servicios_costa_interior-276x300.jpg 276w, https:\/\/shop.mastinell.com\/wp-content\/uploads\/2021\/03\/m_hotel_servicios_costa_interior-11x12.jpg 11w, https:\/\/shop.mastinell.com\/wp-content\/uploads\/2021\/03\/m_hotel_servicios_costa_interior-660x717.jpg 660w\" sizes=\"(max-width: 690px) 100vw, 690px\" \/>\t\t\t\t\t\t\t\t\t\t\t\t\t\t\t<\/div>\n\t\t\t\t<\/div>\n\t\t\t\t<div class=\"elementor-element elementor-element-53b7d0ab elementor-mobile-align-center elementor-widget elementor-widget-button\" data-id=\"53b7d0ab\" data-element_type=\"widget\" data-widget_type=\"button.default\">\n\t\t\t\t<div class=\"elementor-widget-container\">\n\t\t\t\t\t\t\t\t\t<div class=\"elementor-button-wrapper\">\n\t\t\t\t\t<a class=\"elementor-button elementor-button-link elementor-size-sm\" href=\"https:\/\/shop.mastinell.com\/ca\/hotel\/serveis\/\">\n\t\t\t\t\t\t<span class=\"elementor-button-content-wrapper\">\n\t\t\t\t\t\t\t\t\t<span class=\"elementor-button-text\">tornar a serveis<\/span>\n\t\t\t\t\t<\/span>\n\t\t\t\t\t<\/a>\n\t\t\t\t<\/div>\n\t\t\t\t\t\t\t\t<\/div>\n\t\t\t\t<\/div>\n\t\t\t\t\t<\/div>\n\t\t<\/div>\n\t\t\t\t\t<\/div>\n\t\t<\/section>\n\t\t\t\t<section class=\"elementor-section elementor-top-section elementor-element elementor-element-1caa26ed elementor-section-boxed elementor-section-height-default elementor-section-height-default\" data-id=\"1caa26ed\" data-element_type=\"section\">\n\t\t\t\t\t\t<div class=\"elementor-container elementor-column-gap-default\">\n\t\t\t\t\t<div class=\"elementor-column elementor-col-100 elementor-top-column elementor-element elementor-element-2c5bee45\" data-id=\"2c5bee45\" data-element_type=\"column\">\n\t\t\t<div class=\"elementor-widget-wrap\">\n\t\t\t\t\t\t\t<\/div>\n\t\t<\/div>\n\t\t\t\t\t<\/div>\n\t\t<\/section>\n\t\t\t\t<\/div>\n\t\t","protected":false},"excerpt":{"rendered":"<p>Visita a poblacions costeres Visita a las Poblacions Costeres El mar Mediterrani t\u00e9 una gran influ\u00e8ncia en l\u2019elaboraci\u00f3 i crian\u00e7a dels nostres vins i caves. I es que es troba nom\u00e9s a 20 km Vilanova i la Geltr\u00fa. Si desitges visitar les principals poblacions costeres, et recomanem passejar pel passeig mar\u00edtim de Vilanova i la [&hellip;]<\/p>\n","protected":false},"author":1,"featured_media":0,"parent":20688,"menu_order":0,"comment_status":"closed","ping_status":"closed","template":"","meta":{"_acf_changed":false,"footnotes":""},"class_list":["post-20805","page","type-page","status-publish","hentry"],"acf":[],"yoast_head":"<!-- This site is optimized with the Yoast SEO plugin v27.4 - https:\/\/yoast.com\/product\/yoast-seo-wordpress\/ -->\n<title>VISITA A POBLACIONS COSTERES - Mastinell<\/title>\n<meta name=\"robots\" content=\"index, follow, max-snippet:-1, max-image-preview:large, max-video-preview:-1\" \/>\n<link rel=\"canonical\" href=\"https:\/\/shop.mastinell.com\/ca\/hotel\/serveis\/visita-a-poblacions-costeres\/\" \/>\n<meta property=\"og:locale\" content=\"ca_ES\" \/>\n<meta property=\"og:type\" content=\"article\" \/>\n<meta property=\"og:title\" content=\"VISITA A POBLACIONS COSTERES - Mastinell\" \/>\n<meta property=\"og:description\" content=\"Visita a poblacions costeres Visita a las Poblacions Costeres El mar Mediterrani t\u00e9 una gran influ\u00e8ncia en l\u2019elaboraci\u00f3 i crian\u00e7a dels nostres vins i caves. I es que es troba nom\u00e9s a 20 km Vilanova i la Geltr\u00fa. Si desitges visitar les principals poblacions costeres, et recomanem passejar pel passeig mar\u00edtim de Vilanova i la [&hellip;]\" \/>\n<meta property=\"og:url\" content=\"https:\/\/shop.mastinell.com\/ca\/hotel\/serveis\/visita-a-poblacions-costeres\/\" \/>\n<meta property=\"og:site_name\" content=\"Mastinell\" \/>\n<meta property=\"article:publisher\" content=\"https:\/\/www.facebook.com\/CavaHotelMastinell\" \/>\n<meta property=\"article:modified_time\" content=\"2021-06-10T00:46:39+00:00\" \/>\n<meta property=\"og:image\" content=\"https:\/\/mastinell.agencialiverpool.test\/wp-content\/uploads\/elementor\/thumbs\/hotel_servicios_costa_interior_01-p0b15uly1xitugi3be78wttxjtnhx5cvfgfz8peuiw.jpg\" \/>\n<meta name=\"twitter:card\" content=\"summary_large_image\" \/>\n<meta name=\"twitter:label1\" content=\"Temps estimat de lectura\" \/>\n\t<meta name=\"twitter:data1\" content=\"2 minuts\" \/>\n<script type=\"application\/ld+json\" class=\"yoast-schema-graph\">{\"@context\":\"https:\\\/\\\/schema.org\",\"@graph\":[{\"@type\":\"WebPage\",\"@id\":\"https:\\\/\\\/shop.mastinell.com\\\/ca\\\/hotel\\\/serveis\\\/visita-a-poblacions-costeres\\\/\",\"url\":\"https:\\\/\\\/shop.mastinell.com\\\/ca\\\/hotel\\\/serveis\\\/visita-a-poblacions-costeres\\\/\",\"name\":\"VISITA A POBLACIONS COSTERES - Mastinell\",\"isPartOf\":{\"@id\":\"https:\\\/\\\/mastinell.agencialiverpool.test\\\/#website\"},\"primaryImageOfPage\":{\"@id\":\"https:\\\/\\\/shop.mastinell.com\\\/ca\\\/hotel\\\/serveis\\\/visita-a-poblacions-costeres\\\/#primaryimage\"},\"image\":{\"@id\":\"https:\\\/\\\/shop.mastinell.com\\\/ca\\\/hotel\\\/serveis\\\/visita-a-poblacions-costeres\\\/#primaryimage\"},\"thumbnailUrl\":\"https:\\\/\\\/shop.mastinell.com\\\/wp-content\\\/uploads\\\/elementor\\\/thumbs\\\/hotel_servicios_costa_interior_01-p0b15uly1xitugi3be78wttxjtnhx5cvfgfz8peuiw.jpg\",\"datePublished\":\"2021-06-03T22:16:59+00:00\",\"dateModified\":\"2021-06-10T00:46:39+00:00\",\"breadcrumb\":{\"@id\":\"https:\\\/\\\/shop.mastinell.com\\\/ca\\\/hotel\\\/serveis\\\/visita-a-poblacions-costeres\\\/#breadcrumb\"},\"inLanguage\":\"ca\",\"potentialAction\":[{\"@type\":\"ReadAction\",\"target\":[\"https:\\\/\\\/shop.mastinell.com\\\/ca\\\/hotel\\\/serveis\\\/visita-a-poblacions-costeres\\\/\"]}]},{\"@type\":\"ImageObject\",\"inLanguage\":\"ca\",\"@id\":\"https:\\\/\\\/shop.mastinell.com\\\/ca\\\/hotel\\\/serveis\\\/visita-a-poblacions-costeres\\\/#primaryimage\",\"url\":\"https:\\\/\\\/shop.mastinell.com\\\/wp-content\\\/uploads\\\/elementor\\\/thumbs\\\/hotel_servicios_costa_interior_01-p0b15uly1xitugi3be78wttxjtnhx5cvfgfz8peuiw.jpg\",\"contentUrl\":\"https:\\\/\\\/shop.mastinell.com\\\/wp-content\\\/uploads\\\/elementor\\\/thumbs\\\/hotel_servicios_costa_interior_01-p0b15uly1xitugi3be78wttxjtnhx5cvfgfz8peuiw.jpg\"},{\"@type\":\"BreadcrumbList\",\"@id\":\"https:\\\/\\\/shop.mastinell.com\\\/ca\\\/hotel\\\/serveis\\\/visita-a-poblacions-costeres\\\/#breadcrumb\",\"itemListElement\":[{\"@type\":\"ListItem\",\"position\":1,\"name\":\"Home\",\"item\":\"https:\\\/\\\/shop.mastinell.com\\\/ca\\\/tienda\\\/\"},{\"@type\":\"ListItem\",\"position\":2,\"name\":\"HOTEL\",\"item\":\"https:\\\/\\\/shop.mastinell.com\\\/ca\\\/hotel\\\/\"},{\"@type\":\"ListItem\",\"position\":3,\"name\":\"SERVEIS\",\"item\":\"https:\\\/\\\/shop.mastinell.com\\\/ca\\\/hotel\\\/serveis\\\/\"},{\"@type\":\"ListItem\",\"position\":4,\"name\":\"VISITA A POBLACIONS COSTERES\"}]},{\"@type\":\"WebSite\",\"@id\":\"https:\\\/\\\/mastinell.agencialiverpool.test\\\/#website\",\"url\":\"https:\\\/\\\/mastinell.agencialiverpool.test\\\/\",\"name\":\"Mastinell\",\"description\":\"Tienda Oficial\",\"publisher\":{\"@id\":\"https:\\\/\\\/mastinell.agencialiverpool.test\\\/#organization\"},\"potentialAction\":[{\"@type\":\"SearchAction\",\"target\":{\"@type\":\"EntryPoint\",\"urlTemplate\":\"https:\\\/\\\/mastinell.agencialiverpool.test\\\/?s={search_term_string}\"},\"query-input\":{\"@type\":\"PropertyValueSpecification\",\"valueRequired\":true,\"valueName\":\"search_term_string\"}}],\"inLanguage\":\"ca\"},{\"@type\":\"Organization\",\"@id\":\"https:\\\/\\\/mastinell.agencialiverpool.test\\\/#organization\",\"name\":\"Mastinell\",\"url\":\"https:\\\/\\\/mastinell.agencialiverpool.test\\\/\",\"logo\":{\"@type\":\"ImageObject\",\"inLanguage\":\"ca\",\"@id\":\"https:\\\/\\\/mastinell.agencialiverpool.test\\\/#\\\/schema\\\/logo\\\/image\\\/\",\"url\":\"https:\\\/\\\/shop.mastinell.com\\\/wp-content\\\/uploads\\\/2025\\\/01\\\/Mastinell-Cava-y-Hotel-scaled-1.webp\",\"contentUrl\":\"https:\\\/\\\/shop.mastinell.com\\\/wp-content\\\/uploads\\\/2025\\\/01\\\/Mastinell-Cava-y-Hotel-scaled-1.webp\",\"width\":2560,\"height\":531,\"caption\":\"Mastinell\"},\"image\":{\"@id\":\"https:\\\/\\\/mastinell.agencialiverpool.test\\\/#\\\/schema\\\/logo\\\/image\\\/\"},\"sameAs\":[\"https:\\\/\\\/www.facebook.com\\\/CavaHotelMastinell\",\"https:\\\/\\\/www.instagram.com\\\/cavahotel_mastinell\\\/?hl=es\"]}]}<\/script>\n<!-- \/ Yoast SEO plugin. -->","yoast_head_json":{"title":"VISITA A POBLACIONS COSTERES - Mastinell","robots":{"index":"index","follow":"follow","max-snippet":"max-snippet:-1","max-image-preview":"max-image-preview:large","max-video-preview":"max-video-preview:-1"},"canonical":"https:\/\/shop.mastinell.com\/ca\/hotel\/serveis\/visita-a-poblacions-costeres\/","og_locale":"ca_ES","og_type":"article","og_title":"VISITA A POBLACIONS COSTERES - Mastinell","og_description":"Visita a poblacions costeres Visita a las Poblacions Costeres El mar Mediterrani t\u00e9 una gran influ\u00e8ncia en l\u2019elaboraci\u00f3 i crian\u00e7a dels nostres vins i caves. I es que es troba nom\u00e9s a 20 km Vilanova i la Geltr\u00fa. Si desitges visitar les principals poblacions costeres, et recomanem passejar pel passeig mar\u00edtim de Vilanova i la [&hellip;]","og_url":"https:\/\/shop.mastinell.com\/ca\/hotel\/serveis\/visita-a-poblacions-costeres\/","og_site_name":"Mastinell","article_publisher":"https:\/\/www.facebook.com\/CavaHotelMastinell","article_modified_time":"2021-06-10T00:46:39+00:00","og_image":[{"url":"https:\/\/mastinell.agencialiverpool.test\/wp-content\/uploads\/elementor\/thumbs\/hotel_servicios_costa_interior_01-p0b15uly1xitugi3be78wttxjtnhx5cvfgfz8peuiw.jpg","type":"","width":"","height":""}],"twitter_card":"summary_large_image","twitter_misc":{"Temps estimat de lectura":"2 minuts"},"schema":{"@context":"https:\/\/schema.org","@graph":[{"@type":"WebPage","@id":"https:\/\/shop.mastinell.com\/ca\/hotel\/serveis\/visita-a-poblacions-costeres\/","url":"https:\/\/shop.mastinell.com\/ca\/hotel\/serveis\/visita-a-poblacions-costeres\/","name":"VISITA A POBLACIONS COSTERES - Mastinell","isPartOf":{"@id":"https:\/\/mastinell.agencialiverpool.test\/#website"},"primaryImageOfPage":{"@id":"https:\/\/shop.mastinell.com\/ca\/hotel\/serveis\/visita-a-poblacions-costeres\/#primaryimage"},"image":{"@id":"https:\/\/shop.mastinell.com\/ca\/hotel\/serveis\/visita-a-poblacions-costeres\/#primaryimage"},"thumbnailUrl":"https:\/\/shop.mastinell.com\/wp-content\/uploads\/elementor\/thumbs\/hotel_servicios_costa_interior_01-p0b15uly1xitugi3be78wttxjtnhx5cvfgfz8peuiw.jpg","datePublished":"2021-06-03T22:16:59+00:00","dateModified":"2021-06-10T00:46:39+00:00","breadcrumb":{"@id":"https:\/\/shop.mastinell.com\/ca\/hotel\/serveis\/visita-a-poblacions-costeres\/#breadcrumb"},"inLanguage":"ca","potentialAction":[{"@type":"ReadAction","target":["https:\/\/shop.mastinell.com\/ca\/hotel\/serveis\/visita-a-poblacions-costeres\/"]}]},{"@type":"ImageObject","inLanguage":"ca","@id":"https:\/\/shop.mastinell.com\/ca\/hotel\/serveis\/visita-a-poblacions-costeres\/#primaryimage","url":"https:\/\/shop.mastinell.com\/wp-content\/uploads\/elementor\/thumbs\/hotel_servicios_costa_interior_01-p0b15uly1xitugi3be78wttxjtnhx5cvfgfz8peuiw.jpg","contentUrl":"https:\/\/shop.mastinell.com\/wp-content\/uploads\/elementor\/thumbs\/hotel_servicios_costa_interior_01-p0b15uly1xitugi3be78wttxjtnhx5cvfgfz8peuiw.jpg"},{"@type":"BreadcrumbList","@id":"https:\/\/shop.mastinell.com\/ca\/hotel\/serveis\/visita-a-poblacions-costeres\/#breadcrumb","itemListElement":[{"@type":"ListItem","position":1,"name":"Home","item":"https:\/\/shop.mastinell.com\/ca\/tienda\/"},{"@type":"ListItem","position":2,"name":"HOTEL","item":"https:\/\/shop.mastinell.com\/ca\/hotel\/"},{"@type":"ListItem","position":3,"name":"SERVEIS","item":"https:\/\/shop.mastinell.com\/ca\/hotel\/serveis\/"},{"@type":"ListItem","position":4,"name":"VISITA A POBLACIONS COSTERES"}]},{"@type":"WebSite","@id":"https:\/\/mastinell.agencialiverpool.test\/#website","url":"https:\/\/mastinell.agencialiverpool.test\/","name":"Mastinell","description":"Tienda Oficial","publisher":{"@id":"https:\/\/mastinell.agencialiverpool.test\/#organization"},"potentialAction":[{"@type":"SearchAction","target":{"@type":"EntryPoint","urlTemplate":"https:\/\/mastinell.agencialiverpool.test\/?s={search_term_string}"},"query-input":{"@type":"PropertyValueSpecification","valueRequired":true,"valueName":"search_term_string"}}],"inLanguage":"ca"},{"@type":"Organization","@id":"https:\/\/mastinell.agencialiverpool.test\/#organization","name":"Mastinell","url":"https:\/\/mastinell.agencialiverpool.test\/","logo":{"@type":"ImageObject","inLanguage":"ca","@id":"https:\/\/mastinell.agencialiverpool.test\/#\/schema\/logo\/image\/","url":"https:\/\/shop.mastinell.com\/wp-content\/uploads\/2025\/01\/Mastinell-Cava-y-Hotel-scaled-1.webp","contentUrl":"https:\/\/shop.mastinell.com\/wp-content\/uploads\/2025\/01\/Mastinell-Cava-y-Hotel-scaled-1.webp","width":2560,"height":531,"caption":"Mastinell"},"image":{"@id":"https:\/\/mastinell.agencialiverpool.test\/#\/schema\/logo\/image\/"},"sameAs":["https:\/\/www.facebook.com\/CavaHotelMastinell","https:\/\/www.instagram.com\/cavahotel_mastinell\/?hl=es"]}]}},"_links":{"self":[{"href":"https:\/\/shop.mastinell.com\/ca\/wp-json\/wp\/v2\/pages\/20805","targetHints":{"allow":["GET"]}}],"collection":[{"href":"https:\/\/shop.mastinell.com\/ca\/wp-json\/wp\/v2\/pages"}],"about":[{"href":"https:\/\/shop.mastinell.com\/ca\/wp-json\/wp\/v2\/types\/page"}],"author":[{"embeddable":true,"href":"https:\/\/shop.mastinell.com\/ca\/wp-json\/wp\/v2\/users\/1"}],"replies":[{"embeddable":true,"href":"https:\/\/shop.mastinell.com\/ca\/wp-json\/wp\/v2\/comments?post=20805"}],"version-history":[{"count":4,"href":"https:\/\/shop.mastinell.com\/ca\/wp-json\/wp\/v2\/pages\/20805\/revisions"}],"predecessor-version":[{"id":22529,"href":"https:\/\/shop.mastinell.com\/ca\/wp-json\/wp\/v2\/pages\/20805\/revisions\/22529"}],"up":[{"embeddable":true,"href":"https:\/\/shop.mastinell.com\/ca\/wp-json\/wp\/v2\/pages\/20688"}],"wp:attachment":[{"href":"https:\/\/shop.mastinell.com\/ca\/wp-json\/wp\/v2\/media?parent=20805"}],"curies":[{"name":"wp","href":"https:\/\/api.w.org\/{rel}","templated":true}]}}