{"id":36979,"date":"2025-02-04T01:00:41","date_gmt":"2025-02-04T00:00:41","guid":{"rendered":"https:\/\/shop.mastinell.com\/producto\/cata-virtual-brut-nature-y-brut-real\/"},"modified":"2025-04-09T13:35:13","modified_gmt":"2025-04-09T11:35:13","slug":"cata-virtual-brut-nature-y-brut-real","status":"publish","type":"product","link":"https:\/\/shop.mastinell.com\/ca\/producto\/cata-virtual-brut-nature-y-brut-real\/","title":{"rendered":"Cata Virtual Brut Nature y Brut Real"},"content":{"rendered":"\t\t<div data-elementor-type=\"product-post\" data-elementor-id=\"36979\" class=\"elementor elementor-36979 elementor-14953\" data-elementor-post-type=\"product\">\n\t\t\t\t\t\t<section class=\"elementor-section elementor-top-section elementor-element elementor-element-6cfc7cc1 elementor-section-stretched elementor-section-boxed elementor-section-height-default elementor-section-height-default\" data-id=\"6cfc7cc1\" data-element_type=\"section\" data-settings=\"{&quot;stretch_section&quot;:&quot;section-stretched&quot;}\">\n\t\t\t\t\t\t<div class=\"elementor-container elementor-column-gap-default\">\n\t\t\t\t\t<div class=\"elementor-column elementor-col-100 elementor-top-column elementor-element elementor-element-497eb901\" data-id=\"497eb901\" data-element_type=\"column\">\n\t\t\t<div class=\"elementor-widget-wrap elementor-element-populated\">\n\t\t\t\t\t\t<section class=\"elementor-section elementor-inner-section elementor-element elementor-element-61349140 elementor-section-content-middle elementor-section-boxed elementor-section-height-default elementor-section-height-default\" data-id=\"61349140\" data-element_type=\"section\">\n\t\t\t\t\t\t<div class=\"elementor-container elementor-column-gap-default\">\n\t\t\t\t\t<div class=\"elementor-column elementor-col-50 elementor-inner-column elementor-element elementor-element-235b9c9f\" data-id=\"235b9c9f\" data-element_type=\"column\">\n\t\t\t<div class=\"elementor-widget-wrap elementor-element-populated\">\n\t\t\t\t\t\t<div class=\"elementor-element elementor-element-572b5c8f elementor-widget elementor-widget-image\" data-id=\"572b5c8f\" data-element_type=\"widget\" data-widget_type=\"image.default\">\n\t\t\t\t<div class=\"elementor-widget-container\">\n\t\t\t\t\t\t\t\t\t\t\t\t\t\t\t<img decoding=\"async\" src=\"https:\/\/shop.mastinell.com\/wp-content\/uploads\/elementor\/thumbs\/tienda_packs_escapada_semana-qxwwdmnpl4bqf0o2zfluyx6ca976zosmskloevq2vw.jpg\" title=\"tienda_packs_escapada_semana\" alt=\"tienda_packs_escapada_semana\" loading=\"lazy\" \/>\t\t\t\t\t\t\t\t\t\t\t\t\t\t\t<\/div>\n\t\t\t\t<\/div>\n\t\t\t\t\t<\/div>\n\t\t<\/div>\n\t\t\t\t<div class=\"elementor-column elementor-col-50 elementor-inner-column elementor-element elementor-element-1a5da37b\" data-id=\"1a5da37b\" data-element_type=\"column\">\n\t\t\t<div class=\"elementor-widget-wrap elementor-element-populated\">\n\t\t\t\t\t\t<div class=\"elementor-element elementor-element-755424da elementor-widget elementor-widget-text-editor\" data-id=\"755424da\" data-element_type=\"widget\" data-widget_type=\"text-editor.default\">\n\t\t\t\t<div class=\"elementor-widget-container\">\n\t\t\t\t\t\t\t\t\t<p><strong>Qu\u00e8 inclou?<\/strong><\/p><ul><li>1 ampolla de Brut Real<\/li><li>1 ampolla de Brut Nature Reserva<\/li><li>Un tap de cava<\/li><li>Un cup\u00f3 descompte d&#8217;un 15% a tots els nostres productes, a utilitzar durant els 3 dies seg\u00fcents al tast<\/li><li>Tast virtual en directe amb el nostre sommelier o responsable d&#8217;enoturisme:<ul><li>Explicaci\u00f3 del proc\u00e9s d&#8217;elaboraci\u00f3 i crian\u00e7a<\/li><li>Recomanacions de servei i maridatge<\/li><\/ul><\/li><\/ul><p><strong><br \/>Com funciona?<\/strong><\/p><ol><li>Afegeix aquest tast a la cistella i finalitza la teva compra.<\/li><li>Rebr\u00e0s les ampolles a l&#8217;adre\u00e7a indicada.<\/li><li>Ens posarem en contacte amb tu per agendar la data del tast.<\/li><li>Connecteu-vos el dia acordat i gaudiu d&#8217;una experi\u00e8ncia amena i formativa des de casa.<\/li><\/ol><p><br \/>Ideal per a grups de 4 a 6 persones.<\/p>\t\t\t\t\t\t\t\t<\/div>\n\t\t\t\t<\/div>\n\t\t\t\t\t<\/div>\n\t\t<\/div>\n\t\t\t\t\t<\/div>\n\t\t<\/section>\n\t\t\t\t\t<\/div>\n\t\t<\/div>\n\t\t\t\t\t<\/div>\n\t\t<\/section>\n\t\t\t\t<\/div>\n\t\t","protected":false},"excerpt":{"rendered":"<p>Saps qu\u00e8 diferencia un cava Brut d&#8217;un Brut Nature?<br \/>\nAmb aquesta experi\u00e8ncia virtual, us convidem a descobrir-ho a trav\u00e9s de dues de les nostres refer\u00e8ncies m\u00e9s representatives: Brut Real i Brut Nature Reserva.<\/p>\n<p>Durant el tast, el nostre equip et guiar\u00e0 pas a pas perqu\u00e8 aprenguis a identificar les difer\u00e8ncies entre aquests dos estils: des del contingut de sucre fins al comportament en boca, la frescor, l&#8217;equilibri i la versatilitat gastron\u00f2mica.<\/p>\n","protected":false},"featured_media":34194,"template":"","meta":{"_acf_changed":false},"product_brand":[],"product_cat":[113],"product_tag":[],"class_list":{"0":"post-36979","1":"product","2":"type-product","3":"status-publish","4":"has-post-thumbnail","6":"product_cat-cava-ca","8":"first","9":"instock","10":"virtual","11":"purchasable","12":"product-type-simple"},"acf":[],"yoast_head":"<!-- This site is optimized with the Yoast SEO plugin v27.5 - https:\/\/yoast.com\/product\/yoast-seo-wordpress\/ -->\n<title>Cata Virtual Brut Nature y Brut Real - Mastinell<\/title>\n<meta name=\"description\" content=\"Descubre la diferencia entre el cava Brut Real y el cava Nature con nuestra cata virtual para entre 4 y 6 personas.\" \/>\n<meta name=\"robots\" content=\"index, follow, max-snippet:-1, max-image-preview:large, max-video-preview:-1\" \/>\n<link rel=\"canonical\" href=\"https:\/\/shop.mastinell.com\/ca\/producto\/cata-virtual-brut-nature-y-brut-real\/\" \/>\n<meta property=\"og:locale\" content=\"ca_ES\" \/>\n<meta property=\"og:type\" content=\"article\" \/>\n<meta property=\"og:title\" content=\"Cata Virtual Brut Nature y Brut Real - Mastinell\" \/>\n<meta property=\"og:description\" content=\"Descubre la diferencia entre el cava Brut Real y el cava Nature con nuestra cata virtual para entre 4 y 6 personas.\" \/>\n<meta property=\"og:url\" content=\"https:\/\/shop.mastinell.com\/ca\/producto\/cata-virtual-brut-nature-y-brut-real\/\" \/>\n<meta property=\"og:site_name\" content=\"Mastinell\" \/>\n<meta property=\"article:publisher\" content=\"https:\/\/www.facebook.com\/CavaHotelMastinell\" \/>\n<meta property=\"article:modified_time\" content=\"2025-04-09T11:35:13+00:00\" \/>\n<meta property=\"og:image\" content=\"https:\/\/shop.mastinell.com\/wp-content\/uploads\/2019\/03\/Cata-virtual-ext-1.jpg\" \/>\n\t<meta property=\"og:image:width\" content=\"1406\" \/>\n\t<meta property=\"og:image:height\" content=\"1100\" \/>\n\t<meta property=\"og:image:type\" content=\"image\/jpeg\" \/>\n<meta name=\"twitter:card\" content=\"summary_large_image\" \/>\n<script type=\"application\/ld+json\" class=\"yoast-schema-graph\">{\"@context\":\"https:\\\/\\\/schema.org\",\"@graph\":[{\"@type\":\"WebPage\",\"@id\":\"https:\\\/\\\/shop.mastinell.com\\\/ca\\\/producto\\\/cata-virtual-brut-nature-y-brut-real\\\/\",\"url\":\"https:\\\/\\\/shop.mastinell.com\\\/ca\\\/producto\\\/cata-virtual-brut-nature-y-brut-real\\\/\",\"name\":\"Cata Virtual Brut Nature y Brut Real - Mastinell\",\"isPartOf\":{\"@id\":\"https:\\\/\\\/mastinell.agencialiverpool.test\\\/#website\"},\"primaryImageOfPage\":{\"@id\":\"https:\\\/\\\/shop.mastinell.com\\\/ca\\\/producto\\\/cata-virtual-brut-nature-y-brut-real\\\/#primaryimage\"},\"image\":{\"@id\":\"https:\\\/\\\/shop.mastinell.com\\\/ca\\\/producto\\\/cata-virtual-brut-nature-y-brut-real\\\/#primaryimage\"},\"thumbnailUrl\":\"https:\\\/\\\/shop.mastinell.com\\\/wp-content\\\/uploads\\\/2019\\\/03\\\/Cata-virtual-ext-1.jpg\",\"datePublished\":\"2025-02-04T00:00:41+00:00\",\"dateModified\":\"2025-04-09T11:35:13+00:00\",\"description\":\"Descubre la diferencia entre el cava Brut Real y el cava Nature con nuestra cata virtual para entre 4 y 6 personas.\",\"breadcrumb\":{\"@id\":\"https:\\\/\\\/shop.mastinell.com\\\/ca\\\/producto\\\/cata-virtual-brut-nature-y-brut-real\\\/#breadcrumb\"},\"inLanguage\":\"ca\",\"potentialAction\":[{\"@type\":\"ReadAction\",\"target\":[\"https:\\\/\\\/shop.mastinell.com\\\/ca\\\/producto\\\/cata-virtual-brut-nature-y-brut-real\\\/\"]}]},{\"@type\":\"ImageObject\",\"inLanguage\":\"ca\",\"@id\":\"https:\\\/\\\/shop.mastinell.com\\\/ca\\\/producto\\\/cata-virtual-brut-nature-y-brut-real\\\/#primaryimage\",\"url\":\"https:\\\/\\\/shop.mastinell.com\\\/wp-content\\\/uploads\\\/2019\\\/03\\\/Cata-virtual-ext-1.jpg\",\"contentUrl\":\"https:\\\/\\\/shop.mastinell.com\\\/wp-content\\\/uploads\\\/2019\\\/03\\\/Cata-virtual-ext-1.jpg\",\"width\":1406,\"height\":1100},{\"@type\":\"BreadcrumbList\",\"@id\":\"https:\\\/\\\/shop.mastinell.com\\\/ca\\\/producto\\\/cata-virtual-brut-nature-y-brut-real\\\/#breadcrumb\",\"itemListElement\":[{\"@type\":\"ListItem\",\"position\":1,\"name\":\"Home\",\"item\":\"https:\\\/\\\/shop.mastinell.com\\\/ca\\\/tienda\\\/\"},{\"@type\":\"ListItem\",\"position\":2,\"name\":\"Cata Virtual Brut Nature y Brut Real\"}]},{\"@type\":\"WebSite\",\"@id\":\"https:\\\/\\\/mastinell.agencialiverpool.test\\\/#website\",\"url\":\"https:\\\/\\\/mastinell.agencialiverpool.test\\\/\",\"name\":\"Mastinell\",\"description\":\"Tienda Oficial\",\"publisher\":{\"@id\":\"https:\\\/\\\/mastinell.agencialiverpool.test\\\/#organization\"},\"potentialAction\":[{\"@type\":\"SearchAction\",\"target\":{\"@type\":\"EntryPoint\",\"urlTemplate\":\"https:\\\/\\\/mastinell.agencialiverpool.test\\\/?s={search_term_string}\"},\"query-input\":{\"@type\":\"PropertyValueSpecification\",\"valueRequired\":true,\"valueName\":\"search_term_string\"}}],\"inLanguage\":\"ca\"},{\"@type\":\"Organization\",\"@id\":\"https:\\\/\\\/mastinell.agencialiverpool.test\\\/#organization\",\"name\":\"Mastinell\",\"url\":\"https:\\\/\\\/mastinell.agencialiverpool.test\\\/\",\"logo\":{\"@type\":\"ImageObject\",\"inLanguage\":\"ca\",\"@id\":\"https:\\\/\\\/mastinell.agencialiverpool.test\\\/#\\\/schema\\\/logo\\\/image\\\/\",\"url\":\"https:\\\/\\\/shop.mastinell.com\\\/wp-content\\\/uploads\\\/2025\\\/01\\\/Mastinell-Cava-y-Hotel-scaled-1.webp\",\"contentUrl\":\"https:\\\/\\\/shop.mastinell.com\\\/wp-content\\\/uploads\\\/2025\\\/01\\\/Mastinell-Cava-y-Hotel-scaled-1.webp\",\"width\":2560,\"height\":531,\"caption\":\"Mastinell\"},\"image\":{\"@id\":\"https:\\\/\\\/mastinell.agencialiverpool.test\\\/#\\\/schema\\\/logo\\\/image\\\/\"},\"sameAs\":[\"https:\\\/\\\/www.facebook.com\\\/CavaHotelMastinell\",\"https:\\\/\\\/www.instagram.com\\\/cavahotel_mastinell\\\/?hl=es\"]}]}<\/script>\n<!-- \/ Yoast SEO plugin. -->","yoast_head_json":{"title":"Cata Virtual Brut Nature y Brut Real - Mastinell","description":"Descubre la diferencia entre el cava Brut Real y el cava Nature con nuestra cata virtual para entre 4 y 6 personas.","robots":{"index":"index","follow":"follow","max-snippet":"max-snippet:-1","max-image-preview":"max-image-preview:large","max-video-preview":"max-video-preview:-1"},"canonical":"https:\/\/shop.mastinell.com\/ca\/producto\/cata-virtual-brut-nature-y-brut-real\/","og_locale":"ca_ES","og_type":"article","og_title":"Cata Virtual Brut Nature y Brut Real - Mastinell","og_description":"Descubre la diferencia entre el cava Brut Real y el cava Nature con nuestra cata virtual para entre 4 y 6 personas.","og_url":"https:\/\/shop.mastinell.com\/ca\/producto\/cata-virtual-brut-nature-y-brut-real\/","og_site_name":"Mastinell","article_publisher":"https:\/\/www.facebook.com\/CavaHotelMastinell","article_modified_time":"2025-04-09T11:35:13+00:00","og_image":[{"width":1406,"height":1100,"url":"https:\/\/shop.mastinell.com\/wp-content\/uploads\/2019\/03\/Cata-virtual-ext-1.jpg","type":"image\/jpeg"}],"twitter_card":"summary_large_image","schema":{"@context":"https:\/\/schema.org","@graph":[{"@type":"WebPage","@id":"https:\/\/shop.mastinell.com\/ca\/producto\/cata-virtual-brut-nature-y-brut-real\/","url":"https:\/\/shop.mastinell.com\/ca\/producto\/cata-virtual-brut-nature-y-brut-real\/","name":"Cata Virtual Brut Nature y Brut Real - Mastinell","isPartOf":{"@id":"https:\/\/mastinell.agencialiverpool.test\/#website"},"primaryImageOfPage":{"@id":"https:\/\/shop.mastinell.com\/ca\/producto\/cata-virtual-brut-nature-y-brut-real\/#primaryimage"},"image":{"@id":"https:\/\/shop.mastinell.com\/ca\/producto\/cata-virtual-brut-nature-y-brut-real\/#primaryimage"},"thumbnailUrl":"https:\/\/shop.mastinell.com\/wp-content\/uploads\/2019\/03\/Cata-virtual-ext-1.jpg","datePublished":"2025-02-04T00:00:41+00:00","dateModified":"2025-04-09T11:35:13+00:00","description":"Descubre la diferencia entre el cava Brut Real y el cava Nature con nuestra cata virtual para entre 4 y 6 personas.","breadcrumb":{"@id":"https:\/\/shop.mastinell.com\/ca\/producto\/cata-virtual-brut-nature-y-brut-real\/#breadcrumb"},"inLanguage":"ca","potentialAction":[{"@type":"ReadAction","target":["https:\/\/shop.mastinell.com\/ca\/producto\/cata-virtual-brut-nature-y-brut-real\/"]}]},{"@type":"ImageObject","inLanguage":"ca","@id":"https:\/\/shop.mastinell.com\/ca\/producto\/cata-virtual-brut-nature-y-brut-real\/#primaryimage","url":"https:\/\/shop.mastinell.com\/wp-content\/uploads\/2019\/03\/Cata-virtual-ext-1.jpg","contentUrl":"https:\/\/shop.mastinell.com\/wp-content\/uploads\/2019\/03\/Cata-virtual-ext-1.jpg","width":1406,"height":1100},{"@type":"BreadcrumbList","@id":"https:\/\/shop.mastinell.com\/ca\/producto\/cata-virtual-brut-nature-y-brut-real\/#breadcrumb","itemListElement":[{"@type":"ListItem","position":1,"name":"Home","item":"https:\/\/shop.mastinell.com\/ca\/tienda\/"},{"@type":"ListItem","position":2,"name":"Cata Virtual Brut Nature y Brut Real"}]},{"@type":"WebSite","@id":"https:\/\/mastinell.agencialiverpool.test\/#website","url":"https:\/\/mastinell.agencialiverpool.test\/","name":"Mastinell","description":"Tienda Oficial","publisher":{"@id":"https:\/\/mastinell.agencialiverpool.test\/#organization"},"potentialAction":[{"@type":"SearchAction","target":{"@type":"EntryPoint","urlTemplate":"https:\/\/mastinell.agencialiverpool.test\/?s={search_term_string}"},"query-input":{"@type":"PropertyValueSpecification","valueRequired":true,"valueName":"search_term_string"}}],"inLanguage":"ca"},{"@type":"Organization","@id":"https:\/\/mastinell.agencialiverpool.test\/#organization","name":"Mastinell","url":"https:\/\/mastinell.agencialiverpool.test\/","logo":{"@type":"ImageObject","inLanguage":"ca","@id":"https:\/\/mastinell.agencialiverpool.test\/#\/schema\/logo\/image\/","url":"https:\/\/shop.mastinell.com\/wp-content\/uploads\/2025\/01\/Mastinell-Cava-y-Hotel-scaled-1.webp","contentUrl":"https:\/\/shop.mastinell.com\/wp-content\/uploads\/2025\/01\/Mastinell-Cava-y-Hotel-scaled-1.webp","width":2560,"height":531,"caption":"Mastinell"},"image":{"@id":"https:\/\/mastinell.agencialiverpool.test\/#\/schema\/logo\/image\/"},"sameAs":["https:\/\/www.facebook.com\/CavaHotelMastinell","https:\/\/www.instagram.com\/cavahotel_mastinell\/?hl=es"]}]}},"_links":{"self":[{"href":"https:\/\/shop.mastinell.com\/ca\/wp-json\/wp\/v2\/product\/36979","targetHints":{"allow":["GET"]}}],"collection":[{"href":"https:\/\/shop.mastinell.com\/ca\/wp-json\/wp\/v2\/product"}],"about":[{"href":"https:\/\/shop.mastinell.com\/ca\/wp-json\/wp\/v2\/types\/product"}],"version-history":[{"count":12,"href":"https:\/\/shop.mastinell.com\/ca\/wp-json\/wp\/v2\/product\/36979\/revisions"}],"predecessor-version":[{"id":38269,"href":"https:\/\/shop.mastinell.com\/ca\/wp-json\/wp\/v2\/product\/36979\/revisions\/38269"}],"wp:featuredmedia":[{"embeddable":true,"href":"https:\/\/shop.mastinell.com\/ca\/wp-json\/wp\/v2\/media\/34194"}],"wp:attachment":[{"href":"https:\/\/shop.mastinell.com\/ca\/wp-json\/wp\/v2\/media?parent=36979"}],"wp:term":[{"taxonomy":"product_brand","embeddable":true,"href":"https:\/\/shop.mastinell.com\/ca\/wp-json\/wp\/v2\/product_brand?post=36979"},{"taxonomy":"product_cat","embeddable":true,"href":"https:\/\/shop.mastinell.com\/ca\/wp-json\/wp\/v2\/product_cat?post=36979"},{"taxonomy":"product_tag","embeddable":true,"href":"https:\/\/shop.mastinell.com\/ca\/wp-json\/wp\/v2\/product_tag?post=36979"}],"curies":[{"name":"wp","href":"https:\/\/api.w.org\/{rel}","templated":true}]}}