{"id":36994,"date":"2025-02-04T23:50:29","date_gmt":"2025-02-04T22:50:29","guid":{"rendered":"https:\/\/shop.mastinell.com\/producto\/cava-carpe-gran-reserva-eco-2019\/"},"modified":"2025-11-20T16:13:34","modified_gmt":"2025-11-20T15:13:34","slug":"cava-carpe-gran-reserva-eco-2019","status":"publish","type":"product","link":"https:\/\/shop.mastinell.com\/ca\/producto\/cava-carpe-gran-reserva-eco-2019\/","title":{"rendered":"Carpe 2019"},"content":{"rendered":"\t\t<div data-elementor-type=\"product-post\" data-elementor-id=\"36994\" class=\"elementor elementor-36994 elementor-5919\" data-elementor-post-type=\"product\">\n\t\t\t\t\t\t<section class=\"elementor-section elementor-top-section elementor-element elementor-element-67770f8c elementor-section-stretched elementor-section-boxed elementor-section-height-default elementor-section-height-default\" data-id=\"67770f8c\" data-element_type=\"section\" data-settings=\"{&quot;stretch_section&quot;:&quot;section-stretched&quot;}\">\n\t\t\t\t\t\t<div class=\"elementor-container elementor-column-gap-default\">\n\t\t\t\t\t<div class=\"elementor-column elementor-col-100 elementor-top-column elementor-element elementor-element-720c3489\" data-id=\"720c3489\" data-element_type=\"column\">\n\t\t\t<div class=\"elementor-widget-wrap elementor-element-populated\">\n\t\t\t\t\t\t<section class=\"elementor-section elementor-inner-section elementor-element elementor-element-108248f6 elementor-section-content-middle elementor-section-boxed elementor-section-height-default elementor-section-height-default\" data-id=\"108248f6\" data-element_type=\"section\">\n\t\t\t\t\t\t<div class=\"elementor-container elementor-column-gap-default\">\n\t\t\t\t\t<div class=\"elementor-column elementor-col-50 elementor-inner-column elementor-element elementor-element-35b20457\" data-id=\"35b20457\" data-element_type=\"column\">\n\t\t\t<div class=\"elementor-widget-wrap elementor-element-populated\">\n\t\t\t\t\t\t<div class=\"elementor-element elementor-element-36364cc6 elementor-widget elementor-widget-image\" data-id=\"36364cc6\" data-element_type=\"widget\" data-widget_type=\"image.default\">\n\t\t\t\t<div class=\"elementor-widget-container\">\n\t\t\t\t\t\t\t\t\t\t\t\t\t\t\t<img decoding=\"async\" src=\"https:\/\/shop.mastinell.com\/wp-content\/uploads\/elementor\/thumbs\/1090_1434-qxwwexnn2u42jirtczx7flbdzirjojz7n17yepse8s.jpg\" title=\"1090_1434\" alt=\"1090_1434\" loading=\"lazy\" \/>\t\t\t\t\t\t\t\t\t\t\t\t\t\t\t<\/div>\n\t\t\t\t<\/div>\n\t\t\t\t<div class=\"elementor-element elementor-element-665261b5 elementor-widget elementor-widget-image\" data-id=\"665261b5\" data-element_type=\"widget\" data-widget_type=\"image.default\">\n\t\t\t\t<div class=\"elementor-widget-container\">\n\t\t\t\t\t\t\t\t\t\t\t\t\t\t\t<img fetchpriority=\"high\" decoding=\"async\" width=\"1200\" height=\"1200\" src=\"https:\/\/shop.mastinell.com\/wp-content\/uploads\/2020\/01\/POST-CARPE.png\" class=\"attachment-full size-full wp-image-31146\" alt=\"\" srcset=\"https:\/\/shop.mastinell.com\/wp-content\/uploads\/2020\/01\/POST-CARPE.png 1200w, https:\/\/shop.mastinell.com\/wp-content\/uploads\/2020\/01\/POST-CARPE-300x300.png 300w, https:\/\/shop.mastinell.com\/wp-content\/uploads\/2020\/01\/POST-CARPE-1024x1024.png 1024w, https:\/\/shop.mastinell.com\/wp-content\/uploads\/2020\/01\/POST-CARPE-150x150.png 150w, https:\/\/shop.mastinell.com\/wp-content\/uploads\/2020\/01\/POST-CARPE-768x768.png 768w, https:\/\/shop.mastinell.com\/wp-content\/uploads\/2020\/01\/POST-CARPE-660x660.png 660w, https:\/\/shop.mastinell.com\/wp-content\/uploads\/2020\/01\/POST-CARPE-550x550.png 550w, https:\/\/shop.mastinell.com\/wp-content\/uploads\/2020\/01\/POST-CARPE-945x945.png 945w, https:\/\/shop.mastinell.com\/wp-content\/uploads\/2020\/01\/POST-CARPE-100x100.png 100w\" sizes=\"(max-width: 1200px) 100vw, 1200px\" \/>\t\t\t\t\t\t\t\t\t\t\t\t\t\t\t<\/div>\n\t\t\t\t<\/div>\n\t\t\t\t\t<\/div>\n\t\t<\/div>\n\t\t\t\t<div class=\"elementor-column elementor-col-50 elementor-inner-column elementor-element elementor-element-27a13645\" data-id=\"27a13645\" data-element_type=\"column\">\n\t\t\t<div class=\"elementor-widget-wrap elementor-element-populated\">\n\t\t\t\t\t\t<div class=\"elementor-element elementor-element-7c42befd elementor-widget elementor-widget-text-editor\" data-id=\"7c42befd\" data-element_type=\"widget\" data-widget_type=\"text-editor.default\">\n\t\t\t\t<div class=\"elementor-widget-container\">\n\t\t\t\t\t\t\t\t\t<p class=\"p1\">Alian\u00e7a perfecta de Macabeu, Xarel \u00b7 lo, Parellada i Chardonnay, veremades a m\u00e0, \u00e9s un cava fresc, vibrant, despert sense renunciar a la maduresa assolida durant la seva llarga crian\u00e7a.<\/p>\n<p><strong>Nota de tast:\u00a0 <br \/><\/strong><span class=\"s1\">Color groc p\u00e0l \u00b7 lid amb flaixos verdosos. En el nas, es presenta molt viu, jove. Notes c\u00edtriques, anisades i flor blanca defineixen tant l\u2019aroma com el paladar. La seva amplitud en boca i cremositat s\u00f3n fruit de la seva llarga crian\u00e7a sense perdre frescor. Retrogust floral amb records de menta.<\/span><\/p>\n\t\t\t\t\t\t\t\t<\/div>\n\t\t\t\t<\/div>\n\t\t\t\t<div class=\"elementor-element elementor-element-d4d65c2 elementor-widget elementor-widget-text-editor\" data-id=\"d4d65c2\" data-element_type=\"widget\" data-widget_type=\"text-editor.default\">\n\t\t\t\t<div class=\"elementor-widget-container\">\n\t\t\t\t\t\t\t\t\t<p><strong>Varietats: <br \/><\/strong>Macabeu, Xarel \u00b7 lo, Parellada i Chardonnay.<\/p>\n<p><strong>Maridaje: <br \/><\/strong>Arrossos caldosos, marisc amb salsa, carn blanca, sushi, ostres i foie.<\/p>\n\t\t\t\t\t\t\t\t<\/div>\n\t\t\t\t<\/div>\n\t\t\t\t<div class=\"elementor-element elementor-element-21320c6 elementor-widget elementor-widget-image\" data-id=\"21320c6\" data-element_type=\"widget\" data-widget_type=\"image.default\">\n\t\t\t\t<div class=\"elementor-widget-container\">\n\t\t\t\t\t\t\t\t\t\t\t\t\t\t\t<img decoding=\"async\" width=\"221\" height=\"125\" src=\"https:\/\/shop.mastinell.com\/wp-content\/uploads\/2022\/02\/vegano-eco.png\" class=\"attachment-large size-large wp-image-26351\" alt=\"\" \/>\t\t\t\t\t\t\t\t\t\t\t\t\t\t\t<\/div>\n\t\t\t\t<\/div>\n\t\t\t\t\t<\/div>\n\t\t<\/div>\n\t\t\t\t\t<\/div>\n\t\t<\/section>\n\t\t\t\t\t<\/div>\n\t\t<\/div>\n\t\t\t\t\t<\/div>\n\t\t<\/section>\n\t\t\t\t<section class=\"elementor-section elementor-top-section elementor-element elementor-element-a5b4204 elementor-section-full_width elementor-section-height-default elementor-section-height-default\" data-id=\"a5b4204\" data-element_type=\"section\">\n\t\t\t\t\t\t<div class=\"elementor-container elementor-column-gap-default\">\n\t\t\t\t\t<div class=\"elementor-column elementor-col-100 elementor-top-column elementor-element elementor-element-4b7dd92\" data-id=\"4b7dd92\" data-element_type=\"column\">\n\t\t\t<div class=\"elementor-widget-wrap elementor-element-populated\">\n\t\t\t\t\t\t<div class=\"elementor-element elementor-element-b68960b middle-title elementor-widget elementor-widget-heading\" data-id=\"b68960b\" data-element_type=\"widget\" data-widget_type=\"heading.default\">\n\t\t\t\t<div class=\"elementor-widget-container\">\n\t\t\t\t\t<h3 class=\"elementor-heading-title elementor-size-large\">Premis<\/h3>\t\t\t\t<\/div>\n\t\t\t\t<\/div>\n\t\t\t\t<div class=\"elementor-element elementor-element-e47a8a3 elementor-widget elementor-widget-image-carousel\" data-id=\"e47a8a3\" data-element_type=\"widget\" data-settings=\"{&quot;slides_to_show&quot;:&quot;10&quot;,&quot;navigation&quot;:&quot;none&quot;,&quot;image_spacing_custom&quot;:{&quot;unit&quot;:&quot;px&quot;,&quot;size&quot;:30,&quot;sizes&quot;:[]},&quot;slides_to_scroll&quot;:&quot;1&quot;,&quot;autoplay_speed&quot;:3000,&quot;autoplay&quot;:&quot;yes&quot;,&quot;pause_on_hover&quot;:&quot;yes&quot;,&quot;pause_on_interaction&quot;:&quot;yes&quot;,&quot;speed&quot;:500,&quot;image_spacing_custom_tablet&quot;:{&quot;unit&quot;:&quot;px&quot;,&quot;size&quot;:&quot;&quot;,&quot;sizes&quot;:[]},&quot;image_spacing_custom_mobile&quot;:{&quot;unit&quot;:&quot;px&quot;,&quot;size&quot;:&quot;&quot;,&quot;sizes&quot;:[]}}\" data-widget_type=\"image-carousel.default\">\n\t\t\t\t<div class=\"elementor-widget-container\">\n\t\t\t\t\t\t\t<div class=\"elementor-image-carousel-wrapper swiper\" role=\"region\" aria-roledescription=\"carousel\" aria-label=\"Carrusel de im\u00e1genes\" dir=\"ltr\">\n\t\t\t<div class=\"elementor-image-carousel swiper-wrapper\" aria-live=\"off\">\n\t\t\t\t\t\t\t\t<div class=\"swiper-slide\" role=\"group\" aria-roledescription=\"slide\" aria-label=\"1 de 9\"><figure class=\"swiper-slide-inner\"><img decoding=\"async\" class=\"swiper-slide-image\" src=\"https:\/\/shop.mastinell.com\/wp-content\/uploads\/2024\/12\/2_91-1.png\" alt=\"2_91-1\" \/><\/figure><\/div><div class=\"swiper-slide\" role=\"group\" aria-roledescription=\"slide\" aria-label=\"2 de 9\"><figure class=\"swiper-slide-inner\"><img decoding=\"async\" class=\"swiper-slide-image\" src=\"https:\/\/shop.mastinell.com\/wp-content\/uploads\/2024\/12\/1_91-1.png\" alt=\"1_91-1\" \/><\/figure><\/div><div class=\"swiper-slide\" role=\"group\" aria-roledescription=\"slide\" aria-label=\"3 de 9\"><figure class=\"swiper-slide-inner\"><img decoding=\"async\" class=\"swiper-slide-image\" src=\"https:\/\/shop.mastinell.com\/wp-content\/uploads\/2024\/12\/3_main_thumbnail_2022_bronze-1-150x150-1.jpg\" alt=\"3_main_thumbnail_2022_bronze-1-150x150\" \/><\/figure><\/div><div class=\"swiper-slide\" role=\"group\" aria-roledescription=\"slide\" aria-label=\"4 de 9\"><figure class=\"swiper-slide-inner\"><img decoding=\"async\" class=\"swiper-slide-image\" src=\"https:\/\/shop.mastinell.com\/wp-content\/uploads\/2024\/12\/4_PREMIOSWEB-CONCOURSPLATA2021.jpeg\" alt=\"4_PREMIOSWEB-CONCOURSPLATA2021\" \/><\/figure><\/div><div class=\"swiper-slide\" role=\"group\" aria-roledescription=\"slide\" aria-label=\"5 de 9\"><figure class=\"swiper-slide-inner\"><img decoding=\"async\" class=\"swiper-slide-image\" src=\"https:\/\/shop.mastinell.com\/wp-content\/uploads\/2024\/12\/5_PREMIOSWEB-SAKURAAWARDSGOLD2021-1-1.jpeg\" alt=\"5_PREMIOSWEB-SAKURAAWARDSGOLD2021-1-1\" \/><\/figure><\/div><div class=\"swiper-slide\" role=\"group\" aria-roledescription=\"slide\" aria-label=\"6 de 9\"><figure class=\"swiper-slide-inner\"><img decoding=\"async\" class=\"swiper-slide-image\" src=\"https:\/\/shop.mastinell.com\/wp-content\/uploads\/2024\/12\/6_PREMIOSWEB-CWSAGOLD2017.jpeg\" alt=\"6_PREMIOSWEB-CWSAGOLD2017\" \/><\/figure><\/div><div class=\"swiper-slide\" role=\"group\" aria-roledescription=\"slide\" aria-label=\"7 de 9\"><figure class=\"swiper-slide-inner\"><img decoding=\"async\" class=\"swiper-slide-image\" src=\"https:\/\/shop.mastinell.com\/wp-content\/uploads\/2024\/12\/7_PREMIOSWEB-CHALLENGEINTERNACIONALDUVIN-ORO.jpeg\" alt=\"7_PREMIOSWEB-CHALLENGEINTERNACIONALDUVIN-ORO\" \/><\/figure><\/div><div class=\"swiper-slide\" role=\"group\" aria-roledescription=\"slide\" aria-label=\"8 de 9\"><figure class=\"swiper-slide-inner\"><img decoding=\"async\" class=\"swiper-slide-image\" src=\"https:\/\/shop.mastinell.com\/wp-content\/uploads\/2024\/12\/8_PREMIOSWEB-IWSCBRONCE2013.jpeg\" alt=\"8_PREMIOSWEB-IWSCBRONCE2013\" \/><\/figure><\/div><div class=\"swiper-slide\" role=\"group\" aria-roledescription=\"slide\" aria-label=\"9 de 9\"><figure class=\"swiper-slide-inner\"><img decoding=\"async\" class=\"swiper-slide-image\" src=\"https:\/\/shop.mastinell.com\/wp-content\/uploads\/2024\/12\/9_prod_effervescents_plata.jpg\" alt=\"9_prod_effervescents_plata\" \/><\/figure><\/div>\t\t\t<\/div>\n\t\t\t\t\t\t\t\n\t\t\t\t\t\t\t\t\t<\/div>\n\t\t\t\t\t\t<\/div>\n\t\t\t\t<\/div>\n\t\t\t\t\t<\/div>\n\t\t<\/div>\n\t\t\t\t\t<\/div>\n\t\t<\/section>\n\t\t\t\t<\/div>\n\t\t","protected":false},"excerpt":{"rendered":"<p><em>Brut Nature <\/em><\/p>\n<p class=\"p1\"><span class=\"s1\">Cava Carpe Gran Reserva, el nostre primer cava ecol\u00f2gic, \u00e9s el reflex de com d\u2019afortunats ens sentim amb la nostra labor dedicada a l\u2019elaboraci\u00f3 d\u2019un cava exclusiu. Destaca la seva golositat i eleg\u00e0ncia, sense perdre frescor.<\/span><\/p>\n<p>&nbsp;<\/p>\n","protected":false},"featured_media":34179,"template":"","meta":{"_acf_changed":false},"product_brand":[],"product_cat":[113],"product_tag":[],"class_list":{"0":"post-36994","1":"product","2":"type-product","3":"status-publish","4":"has-post-thumbnail","6":"product_cat-cava-ca","8":"first","9":"instock","10":"shipping-taxable","11":"purchasable","12":"product-type-simple"},"acf":[],"yoast_head":"<!-- This site is optimized with the Yoast SEO plugin v27.5 - https:\/\/yoast.com\/product\/yoast-seo-wordpress\/ -->\n<title>Cava Carpe Gran Reserva | Cava Gran Reserva Mastinell<\/title>\n<meta name=\"description\" content=\"Cava Gran Reserva. El nostre Primer Cava Ecol\u00f2gic. Cava Exclusiva i gran company de festa, de brindis i dels bons moments.\" \/>\n<meta name=\"robots\" content=\"index, follow, max-snippet:-1, max-image-preview:large, max-video-preview:-1\" \/>\n<link rel=\"canonical\" href=\"https:\/\/shop.mastinell.com\/ca\/producto\/cava-carpe-gran-reserva-eco-2019\/\" \/>\n<meta property=\"og:locale\" content=\"ca_ES\" \/>\n<meta property=\"og:type\" content=\"article\" \/>\n<meta property=\"og:title\" content=\"Cava Carpe Gran Reserva | Cava Gran Reserva Mastinell\" \/>\n<meta property=\"og:description\" content=\"Cava Gran Reserva. El nostre Primer Cava Ecol\u00f2gic. Cava Exclusiva i gran company de festa, de brindis i dels bons moments.\" \/>\n<meta property=\"og:url\" content=\"https:\/\/shop.mastinell.com\/ca\/producto\/cava-carpe-gran-reserva-eco-2019\/\" \/>\n<meta property=\"og:site_name\" content=\"Mastinell\" \/>\n<meta property=\"article:publisher\" content=\"https:\/\/www.facebook.com\/CavaHotelMastinell\" \/>\n<meta property=\"article:modified_time\" content=\"2025-11-20T15:13:34+00:00\" \/>\n<meta property=\"og:image\" content=\"https:\/\/shop.mastinell.com\/wp-content\/uploads\/2022\/02\/Tienda-Mastinell_Cavas_Carpe_exterior.jpg\" \/>\n\t<meta property=\"og:image:width\" content=\"890\" \/>\n\t<meta property=\"og:image:height\" content=\"668\" \/>\n\t<meta property=\"og:image:type\" content=\"image\/jpeg\" \/>\n<meta name=\"twitter:card\" content=\"summary_large_image\" \/>\n<meta name=\"twitter:label1\" content=\"Temps estimat de lectura\" \/>\n\t<meta name=\"twitter:data1\" content=\"4 minuts\" \/>\n<script type=\"application\/ld+json\" class=\"yoast-schema-graph\">{\"@context\":\"https:\\\/\\\/schema.org\",\"@graph\":[{\"@type\":\"WebPage\",\"@id\":\"https:\\\/\\\/shop.mastinell.com\\\/ca\\\/producto\\\/cava-carpe-gran-reserva-eco-2019\\\/\",\"url\":\"https:\\\/\\\/shop.mastinell.com\\\/ca\\\/producto\\\/cava-carpe-gran-reserva-eco-2019\\\/\",\"name\":\"Cava Carpe Gran Reserva | Cava Gran Reserva Mastinell\",\"isPartOf\":{\"@id\":\"https:\\\/\\\/mastinell.agencialiverpool.test\\\/#website\"},\"primaryImageOfPage\":{\"@id\":\"https:\\\/\\\/shop.mastinell.com\\\/ca\\\/producto\\\/cava-carpe-gran-reserva-eco-2019\\\/#primaryimage\"},\"image\":{\"@id\":\"https:\\\/\\\/shop.mastinell.com\\\/ca\\\/producto\\\/cava-carpe-gran-reserva-eco-2019\\\/#primaryimage\"},\"thumbnailUrl\":\"https:\\\/\\\/shop.mastinell.com\\\/wp-content\\\/uploads\\\/2022\\\/02\\\/Tienda-Mastinell_Cavas_Carpe_exterior.jpg\",\"datePublished\":\"2025-02-04T22:50:29+00:00\",\"dateModified\":\"2025-11-20T15:13:34+00:00\",\"description\":\"Cava Gran Reserva. El nostre Primer Cava Ecol\u00f2gic. Cava Exclusiva i gran company de festa, de brindis i dels bons moments.\",\"breadcrumb\":{\"@id\":\"https:\\\/\\\/shop.mastinell.com\\\/ca\\\/producto\\\/cava-carpe-gran-reserva-eco-2019\\\/#breadcrumb\"},\"inLanguage\":\"ca\",\"potentialAction\":[{\"@type\":\"ReadAction\",\"target\":[\"https:\\\/\\\/shop.mastinell.com\\\/ca\\\/producto\\\/cava-carpe-gran-reserva-eco-2019\\\/\"]}]},{\"@type\":\"ImageObject\",\"inLanguage\":\"ca\",\"@id\":\"https:\\\/\\\/shop.mastinell.com\\\/ca\\\/producto\\\/cava-carpe-gran-reserva-eco-2019\\\/#primaryimage\",\"url\":\"https:\\\/\\\/shop.mastinell.com\\\/wp-content\\\/uploads\\\/2022\\\/02\\\/Tienda-Mastinell_Cavas_Carpe_exterior.jpg\",\"contentUrl\":\"https:\\\/\\\/shop.mastinell.com\\\/wp-content\\\/uploads\\\/2022\\\/02\\\/Tienda-Mastinell_Cavas_Carpe_exterior.jpg\",\"width\":890,\"height\":668},{\"@type\":\"BreadcrumbList\",\"@id\":\"https:\\\/\\\/shop.mastinell.com\\\/ca\\\/producto\\\/cava-carpe-gran-reserva-eco-2019\\\/#breadcrumb\",\"itemListElement\":[{\"@type\":\"ListItem\",\"position\":1,\"name\":\"Home\",\"item\":\"https:\\\/\\\/shop.mastinell.com\\\/ca\\\/tienda\\\/\"},{\"@type\":\"ListItem\",\"position\":2,\"name\":\"Carpe 2019\"}]},{\"@type\":\"WebSite\",\"@id\":\"https:\\\/\\\/mastinell.agencialiverpool.test\\\/#website\",\"url\":\"https:\\\/\\\/mastinell.agencialiverpool.test\\\/\",\"name\":\"Mastinell\",\"description\":\"Tienda Oficial\",\"publisher\":{\"@id\":\"https:\\\/\\\/mastinell.agencialiverpool.test\\\/#organization\"},\"potentialAction\":[{\"@type\":\"SearchAction\",\"target\":{\"@type\":\"EntryPoint\",\"urlTemplate\":\"https:\\\/\\\/mastinell.agencialiverpool.test\\\/?s={search_term_string}\"},\"query-input\":{\"@type\":\"PropertyValueSpecification\",\"valueRequired\":true,\"valueName\":\"search_term_string\"}}],\"inLanguage\":\"ca\"},{\"@type\":\"Organization\",\"@id\":\"https:\\\/\\\/mastinell.agencialiverpool.test\\\/#organization\",\"name\":\"Mastinell\",\"url\":\"https:\\\/\\\/mastinell.agencialiverpool.test\\\/\",\"logo\":{\"@type\":\"ImageObject\",\"inLanguage\":\"ca\",\"@id\":\"https:\\\/\\\/mastinell.agencialiverpool.test\\\/#\\\/schema\\\/logo\\\/image\\\/\",\"url\":\"https:\\\/\\\/shop.mastinell.com\\\/wp-content\\\/uploads\\\/2025\\\/01\\\/Mastinell-Cava-y-Hotel-scaled-1.webp\",\"contentUrl\":\"https:\\\/\\\/shop.mastinell.com\\\/wp-content\\\/uploads\\\/2025\\\/01\\\/Mastinell-Cava-y-Hotel-scaled-1.webp\",\"width\":2560,\"height\":531,\"caption\":\"Mastinell\"},\"image\":{\"@id\":\"https:\\\/\\\/mastinell.agencialiverpool.test\\\/#\\\/schema\\\/logo\\\/image\\\/\"},\"sameAs\":[\"https:\\\/\\\/www.facebook.com\\\/CavaHotelMastinell\",\"https:\\\/\\\/www.instagram.com\\\/cavahotel_mastinell\\\/?hl=es\"]}]}<\/script>\n<!-- \/ Yoast SEO plugin. -->","yoast_head_json":{"title":"Cava Carpe Gran Reserva | Cava Gran Reserva Mastinell","description":"Cava Gran Reserva. El nostre Primer Cava Ecol\u00f2gic. Cava Exclusiva i gran company de festa, de brindis i dels bons moments.","robots":{"index":"index","follow":"follow","max-snippet":"max-snippet:-1","max-image-preview":"max-image-preview:large","max-video-preview":"max-video-preview:-1"},"canonical":"https:\/\/shop.mastinell.com\/ca\/producto\/cava-carpe-gran-reserva-eco-2019\/","og_locale":"ca_ES","og_type":"article","og_title":"Cava Carpe Gran Reserva | Cava Gran Reserva Mastinell","og_description":"Cava Gran Reserva. El nostre Primer Cava Ecol\u00f2gic. Cava Exclusiva i gran company de festa, de brindis i dels bons moments.","og_url":"https:\/\/shop.mastinell.com\/ca\/producto\/cava-carpe-gran-reserva-eco-2019\/","og_site_name":"Mastinell","article_publisher":"https:\/\/www.facebook.com\/CavaHotelMastinell","article_modified_time":"2025-11-20T15:13:34+00:00","og_image":[{"width":890,"height":668,"url":"https:\/\/shop.mastinell.com\/wp-content\/uploads\/2022\/02\/Tienda-Mastinell_Cavas_Carpe_exterior.jpg","type":"image\/jpeg"}],"twitter_card":"summary_large_image","twitter_misc":{"Temps estimat de lectura":"4 minuts"},"schema":{"@context":"https:\/\/schema.org","@graph":[{"@type":"WebPage","@id":"https:\/\/shop.mastinell.com\/ca\/producto\/cava-carpe-gran-reserva-eco-2019\/","url":"https:\/\/shop.mastinell.com\/ca\/producto\/cava-carpe-gran-reserva-eco-2019\/","name":"Cava Carpe Gran Reserva | Cava Gran Reserva Mastinell","isPartOf":{"@id":"https:\/\/mastinell.agencialiverpool.test\/#website"},"primaryImageOfPage":{"@id":"https:\/\/shop.mastinell.com\/ca\/producto\/cava-carpe-gran-reserva-eco-2019\/#primaryimage"},"image":{"@id":"https:\/\/shop.mastinell.com\/ca\/producto\/cava-carpe-gran-reserva-eco-2019\/#primaryimage"},"thumbnailUrl":"https:\/\/shop.mastinell.com\/wp-content\/uploads\/2022\/02\/Tienda-Mastinell_Cavas_Carpe_exterior.jpg","datePublished":"2025-02-04T22:50:29+00:00","dateModified":"2025-11-20T15:13:34+00:00","description":"Cava Gran Reserva. El nostre Primer Cava Ecol\u00f2gic. Cava Exclusiva i gran company de festa, de brindis i dels bons moments.","breadcrumb":{"@id":"https:\/\/shop.mastinell.com\/ca\/producto\/cava-carpe-gran-reserva-eco-2019\/#breadcrumb"},"inLanguage":"ca","potentialAction":[{"@type":"ReadAction","target":["https:\/\/shop.mastinell.com\/ca\/producto\/cava-carpe-gran-reserva-eco-2019\/"]}]},{"@type":"ImageObject","inLanguage":"ca","@id":"https:\/\/shop.mastinell.com\/ca\/producto\/cava-carpe-gran-reserva-eco-2019\/#primaryimage","url":"https:\/\/shop.mastinell.com\/wp-content\/uploads\/2022\/02\/Tienda-Mastinell_Cavas_Carpe_exterior.jpg","contentUrl":"https:\/\/shop.mastinell.com\/wp-content\/uploads\/2022\/02\/Tienda-Mastinell_Cavas_Carpe_exterior.jpg","width":890,"height":668},{"@type":"BreadcrumbList","@id":"https:\/\/shop.mastinell.com\/ca\/producto\/cava-carpe-gran-reserva-eco-2019\/#breadcrumb","itemListElement":[{"@type":"ListItem","position":1,"name":"Home","item":"https:\/\/shop.mastinell.com\/ca\/tienda\/"},{"@type":"ListItem","position":2,"name":"Carpe 2019"}]},{"@type":"WebSite","@id":"https:\/\/mastinell.agencialiverpool.test\/#website","url":"https:\/\/mastinell.agencialiverpool.test\/","name":"Mastinell","description":"Tienda Oficial","publisher":{"@id":"https:\/\/mastinell.agencialiverpool.test\/#organization"},"potentialAction":[{"@type":"SearchAction","target":{"@type":"EntryPoint","urlTemplate":"https:\/\/mastinell.agencialiverpool.test\/?s={search_term_string}"},"query-input":{"@type":"PropertyValueSpecification","valueRequired":true,"valueName":"search_term_string"}}],"inLanguage":"ca"},{"@type":"Organization","@id":"https:\/\/mastinell.agencialiverpool.test\/#organization","name":"Mastinell","url":"https:\/\/mastinell.agencialiverpool.test\/","logo":{"@type":"ImageObject","inLanguage":"ca","@id":"https:\/\/mastinell.agencialiverpool.test\/#\/schema\/logo\/image\/","url":"https:\/\/shop.mastinell.com\/wp-content\/uploads\/2025\/01\/Mastinell-Cava-y-Hotel-scaled-1.webp","contentUrl":"https:\/\/shop.mastinell.com\/wp-content\/uploads\/2025\/01\/Mastinell-Cava-y-Hotel-scaled-1.webp","width":2560,"height":531,"caption":"Mastinell"},"image":{"@id":"https:\/\/mastinell.agencialiverpool.test\/#\/schema\/logo\/image\/"},"sameAs":["https:\/\/www.facebook.com\/CavaHotelMastinell","https:\/\/www.instagram.com\/cavahotel_mastinell\/?hl=es"]}]}},"_links":{"self":[{"href":"https:\/\/shop.mastinell.com\/ca\/wp-json\/wp\/v2\/product\/36994","targetHints":{"allow":["GET"]}}],"collection":[{"href":"https:\/\/shop.mastinell.com\/ca\/wp-json\/wp\/v2\/product"}],"about":[{"href":"https:\/\/shop.mastinell.com\/ca\/wp-json\/wp\/v2\/types\/product"}],"version-history":[{"count":8,"href":"https:\/\/shop.mastinell.com\/ca\/wp-json\/wp\/v2\/product\/36994\/revisions"}],"predecessor-version":[{"id":39398,"href":"https:\/\/shop.mastinell.com\/ca\/wp-json\/wp\/v2\/product\/36994\/revisions\/39398"}],"wp:featuredmedia":[{"embeddable":true,"href":"https:\/\/shop.mastinell.com\/ca\/wp-json\/wp\/v2\/media\/34179"}],"wp:attachment":[{"href":"https:\/\/shop.mastinell.com\/ca\/wp-json\/wp\/v2\/media?parent=36994"}],"wp:term":[{"taxonomy":"product_brand","embeddable":true,"href":"https:\/\/shop.mastinell.com\/ca\/wp-json\/wp\/v2\/product_brand?post=36994"},{"taxonomy":"product_cat","embeddable":true,"href":"https:\/\/shop.mastinell.com\/ca\/wp-json\/wp\/v2\/product_cat?post=36994"},{"taxonomy":"product_tag","embeddable":true,"href":"https:\/\/shop.mastinell.com\/ca\/wp-json\/wp\/v2\/product_tag?post=36994"}],"curies":[{"name":"wp","href":"https:\/\/api.w.org\/{rel}","templated":true}]}}