{"id":37005,"date":"2025-02-04T23:47:36","date_gmt":"2025-02-04T22:47:36","guid":{"rendered":"https:\/\/shop.mastinell.com\/producto\/cava-m12-edicio-limitada-2011\/"},"modified":"2025-11-20T17:39:10","modified_gmt":"2025-11-20T16:39:10","slug":"cava-m12-edicio-limitada-2011","status":"publish","type":"product","link":"https:\/\/shop.mastinell.com\/ca\/producto\/cava-m12-edicio-limitada-2011\/","title":{"rendered":"M12 2011"},"content":{"rendered":"\t\t<div data-elementor-type=\"product-post\" data-elementor-id=\"37005\" class=\"elementor elementor-37005 elementor-34512\" data-elementor-post-type=\"product\">\n\t\t\t\t\t\t<section class=\"elementor-section elementor-top-section elementor-element elementor-element-6006cf4 elementor-section-stretched elementor-section-boxed elementor-section-height-default elementor-section-height-default\" data-id=\"6006cf4\" data-element_type=\"section\" data-settings=\"{&quot;stretch_section&quot;:&quot;section-stretched&quot;}\">\n\t\t\t\t\t\t<div class=\"elementor-container elementor-column-gap-default\">\n\t\t\t\t\t<div class=\"elementor-column elementor-col-100 elementor-top-column elementor-element elementor-element-dfc27b5\" data-id=\"dfc27b5\" data-element_type=\"column\">\n\t\t\t<div class=\"elementor-widget-wrap elementor-element-populated\">\n\t\t\t\t\t\t<section class=\"elementor-section elementor-inner-section elementor-element elementor-element-0abb276 elementor-section-content-middle elementor-section-boxed elementor-section-height-default elementor-section-height-default\" data-id=\"0abb276\" data-element_type=\"section\">\n\t\t\t\t\t\t<div class=\"elementor-container elementor-column-gap-default\">\n\t\t\t\t\t<div class=\"elementor-column elementor-col-50 elementor-inner-column elementor-element elementor-element-c2f8262\" data-id=\"c2f8262\" data-element_type=\"column\">\n\t\t\t<div class=\"elementor-widget-wrap elementor-element-populated\">\n\t\t\t\t\t\t<div class=\"elementor-element elementor-element-987b68a elementor-widget elementor-widget-image\" data-id=\"987b68a\" data-element_type=\"widget\" data-widget_type=\"image.default\">\n\t\t\t\t<div class=\"elementor-widget-container\">\n\t\t\t\t\t\t\t\t\t\t\t\t\t\t\t<img decoding=\"async\" src=\"https:\/\/shop.mastinell.com\/wp-content\/uploads\/elementor\/thumbs\/M12-2-qxwwefspgzfmexhr9a7am7tmp77kmb0b8ktqagivj0.jpg\" title=\"M12 &#8211; 2\" alt=\"M12 - 2\" loading=\"lazy\" \/>\t\t\t\t\t\t\t\t\t\t\t\t\t\t\t<\/div>\n\t\t\t\t<\/div>\n\t\t\t\t<div class=\"elementor-element elementor-element-1d1c6a1 elementor-widget elementor-widget-image\" data-id=\"1d1c6a1\" data-element_type=\"widget\" data-widget_type=\"image.default\">\n\t\t\t\t<div class=\"elementor-widget-container\">\n\t\t\t\t\t\t\t\t\t\t\t\t\t\t\t<img fetchpriority=\"high\" decoding=\"async\" width=\"1176\" height=\"1260\" src=\"https:\/\/shop.mastinell.com\/wp-content\/uploads\/2022\/03\/M12-3-1.jpeg\" class=\"attachment-full size-full wp-image-31717\" alt=\"Cava M12 Mastinell\" srcset=\"https:\/\/shop.mastinell.com\/wp-content\/uploads\/2022\/03\/M12-3-1.jpeg 1176w, https:\/\/shop.mastinell.com\/wp-content\/uploads\/2022\/03\/M12-3-1-280x300.jpeg 280w, https:\/\/shop.mastinell.com\/wp-content\/uploads\/2022\/03\/M12-3-1-956x1024.jpeg 956w, https:\/\/shop.mastinell.com\/wp-content\/uploads\/2022\/03\/M12-3-1-768x823.jpeg 768w, https:\/\/shop.mastinell.com\/wp-content\/uploads\/2022\/03\/M12-3-1-660x707.jpeg 660w, https:\/\/shop.mastinell.com\/wp-content\/uploads\/2022\/03\/M12-3-1-945x1013.jpeg 945w\" sizes=\"(max-width: 1176px) 100vw, 1176px\" \/>\t\t\t\t\t\t\t\t\t\t\t\t\t\t\t<\/div>\n\t\t\t\t<\/div>\n\t\t\t\t\t<\/div>\n\t\t<\/div>\n\t\t\t\t<div class=\"elementor-column elementor-col-50 elementor-inner-column elementor-element elementor-element-92a2299 prod-desc\" data-id=\"92a2299\" data-element_type=\"column\">\n\t\t\t<div class=\"elementor-widget-wrap elementor-element-populated\">\n\t\t\t\t\t\t<div class=\"elementor-element elementor-element-c7ce560 elementor-widget elementor-widget-text-editor\" data-id=\"c7ce560\" data-element_type=\"widget\" data-widget_type=\"text-editor.default\">\n\t\t\t\t<div class=\"elementor-widget-container\">\n\t\t\t\t\t\t\t\t\t<p>La nostra visi\u00f3 de futur ens va portar a guardar un nombre limitat d\u2019ampolles d\u2019aquesta anyada en condicions \u00f2ptimes durant 12 anys. Aquesta transformaci\u00f3 deliberadament pausada va donar com a resultat aquest cava \u00fanic, amb una personalitat distingida que irradia energia i vitalitat.<\/p>\n<p><strong>Nota de tast:\u00a0<br \/><\/strong>Un color daurat brillant i llumin\u00f3s est\u00e0 embellit per bombolles ne i animades. <br \/>Nas expressiu i gener\u00f3s amb aromes de flors i c\u00edtrics madurs amb notes de brioix i ametlla torrada.. <br \/>Opulent i crem\u00f3s, l\u2019elegant estructura de M12 es veu millorada per un final llarg amb notes de fruits secs, esp\u00e8cies i mel.<\/p>\n\t\t\t\t\t\t\t\t<\/div>\n\t\t\t\t<\/div>\n\t\t\t\t<div class=\"elementor-element elementor-element-d9f72d2 elementor-widget elementor-widget-text-editor\" data-id=\"d9f72d2\" data-element_type=\"widget\" data-widget_type=\"text-editor.default\">\n\t\t\t\t<div class=\"elementor-widget-container\">\n\t\t\t\t\t\t\t\t\t<p><strong>Varietats: <br \/><\/strong><span class=\"s1\">Macabeu, Xarel\u00b7lo, Parellada.<\/span><\/p>\n<p><strong>Maridatge: <br \/><\/strong><span class=\"s1\">Ostres amb caviar Beluga, arro\u0300s amb turbot a la brasa o steak ta\u0300rtar de bou madurat amb rovell curat.<\/span><\/p>\n\t\t\t\t\t\t\t\t<\/div>\n\t\t\t\t<\/div>\n\t\t\t\t<div class=\"elementor-element elementor-element-c5a69b5 elementor-widget elementor-widget-image\" data-id=\"c5a69b5\" data-element_type=\"widget\" data-widget_type=\"image.default\">\n\t\t\t\t<div class=\"elementor-widget-container\">\n\t\t\t\t\t\t\t\t\t\t\t\t\t\t\t<img decoding=\"async\" width=\"125\" height=\"125\" src=\"https:\/\/shop.mastinell.com\/wp-content\/uploads\/2021\/01\/Vegano.png\" class=\"attachment-large size-large wp-image-17641\" alt=\"\" srcset=\"https:\/\/shop.mastinell.com\/wp-content\/uploads\/2021\/01\/Vegano.png 125w, https:\/\/shop.mastinell.com\/wp-content\/uploads\/2021\/01\/Vegano-12x12.png 12w, https:\/\/shop.mastinell.com\/wp-content\/uploads\/2021\/01\/Vegano-100x100.png 100w\" sizes=\"(max-width: 125px) 100vw, 125px\" \/>\t\t\t\t\t\t\t\t\t\t\t\t\t\t\t<\/div>\n\t\t\t\t<\/div>\n\t\t\t\t\t<\/div>\n\t\t<\/div>\n\t\t\t\t\t<\/div>\n\t\t<\/section>\n\t\t\t\t\t<\/div>\n\t\t<\/div>\n\t\t\t\t\t<\/div>\n\t\t<\/section>\n\t\t\t\t<\/div>\n\t\t","protected":false},"excerpt":{"rendered":"<p><em>Extra Brut<\/em><\/p>\n<p style=\"font-weight: 400;\">L&#8217;any 2011 va portar condicions perfectes per a caves de llarga crian\u00e7a. Abundants pluges i baixes temperatures van propiciar una maduraci\u00f3 lenta del ra\u00efm a la vinya. L&#8217;harmonia entre acidesa i sucre en el moment de la verema ja prometien una anyada excepcional. Aquest potencial va despertar la nostra curiositat del que podr\u00edem assolir a llarg termini amb aquest tresor.<\/p>\n","protected":false},"featured_media":31722,"template":"","meta":{"_acf_changed":false},"product_brand":[],"product_cat":[113],"product_tag":[],"class_list":{"0":"post-37005","1":"product","2":"type-product","3":"status-publish","4":"has-post-thumbnail","6":"product_cat-cava-ca","8":"first","9":"outofstock","10":"shipping-taxable","11":"purchasable","12":"product-type-simple"},"acf":[],"yoast_head":"<!-- This site is optimized with the Yoast SEO plugin v27.4 - https:\/\/yoast.com\/product\/yoast-seo-wordpress\/ -->\n<title>M12 2011 - Mastinell<\/title>\n<meta name=\"robots\" content=\"index, follow, max-snippet:-1, max-image-preview:large, max-video-preview:-1\" \/>\n<link rel=\"canonical\" href=\"https:\/\/shop.mastinell.com\/ca\/producto\/cava-m12-edicio-limitada-2011\/\" \/>\n<meta property=\"og:locale\" content=\"ca_ES\" \/>\n<meta property=\"og:type\" content=\"article\" \/>\n<meta property=\"og:title\" content=\"M12 2011 - Mastinell\" \/>\n<meta property=\"og:description\" content=\"Extra Brut L&#039;any 2011 va portar condicions perfectes per a caves de llarga crian\u00e7a. Abundants pluges i baixes temperatures van propiciar una maduraci\u00f3 lenta del ra\u00efm a la vinya. L&#039;harmonia entre acidesa i sucre en el moment de la verema ja prometien una anyada excepcional. Aquest potencial va despertar la nostra curiositat del que podr\u00edem assolir a llarg termini amb aquest tresor.\" \/>\n<meta property=\"og:url\" content=\"https:\/\/shop.mastinell.com\/ca\/producto\/cava-m12-edicio-limitada-2011\/\" \/>\n<meta property=\"og:site_name\" content=\"Mastinell\" \/>\n<meta property=\"article:publisher\" content=\"https:\/\/www.facebook.com\/CavaHotelMastinell\" \/>\n<meta property=\"article:modified_time\" content=\"2025-11-20T16:39:10+00:00\" \/>\n<meta property=\"og:image\" content=\"https:\/\/shop.mastinell.com\/wp-content\/uploads\/2022\/03\/M12-1-1536x1528-1.jpeg\" \/>\n\t<meta property=\"og:image:width\" content=\"1536\" \/>\n\t<meta property=\"og:image:height\" content=\"1528\" \/>\n\t<meta property=\"og:image:type\" content=\"image\/jpeg\" \/>\n<meta name=\"twitter:card\" content=\"summary_large_image\" \/>\n<meta name=\"twitter:label1\" content=\"Temps estimat de lectura\" \/>\n\t<meta name=\"twitter:data1\" content=\"2 minuts\" \/>\n<script type=\"application\/ld+json\" class=\"yoast-schema-graph\">{\"@context\":\"https:\\\/\\\/schema.org\",\"@graph\":[{\"@type\":\"WebPage\",\"@id\":\"https:\\\/\\\/shop.mastinell.com\\\/ca\\\/producto\\\/cava-m12-edicio-limitada-2011\\\/\",\"url\":\"https:\\\/\\\/shop.mastinell.com\\\/ca\\\/producto\\\/cava-m12-edicio-limitada-2011\\\/\",\"name\":\"M12 2011 - Mastinell\",\"isPartOf\":{\"@id\":\"https:\\\/\\\/mastinell.agencialiverpool.test\\\/#website\"},\"primaryImageOfPage\":{\"@id\":\"https:\\\/\\\/shop.mastinell.com\\\/ca\\\/producto\\\/cava-m12-edicio-limitada-2011\\\/#primaryimage\"},\"image\":{\"@id\":\"https:\\\/\\\/shop.mastinell.com\\\/ca\\\/producto\\\/cava-m12-edicio-limitada-2011\\\/#primaryimage\"},\"thumbnailUrl\":\"https:\\\/\\\/shop.mastinell.com\\\/wp-content\\\/uploads\\\/2022\\\/03\\\/M12-1-1536x1528-1.jpeg\",\"datePublished\":\"2025-02-04T22:47:36+00:00\",\"dateModified\":\"2025-11-20T16:39:10+00:00\",\"breadcrumb\":{\"@id\":\"https:\\\/\\\/shop.mastinell.com\\\/ca\\\/producto\\\/cava-m12-edicio-limitada-2011\\\/#breadcrumb\"},\"inLanguage\":\"ca\",\"potentialAction\":[{\"@type\":\"ReadAction\",\"target\":[\"https:\\\/\\\/shop.mastinell.com\\\/ca\\\/producto\\\/cava-m12-edicio-limitada-2011\\\/\"]}]},{\"@type\":\"ImageObject\",\"inLanguage\":\"ca\",\"@id\":\"https:\\\/\\\/shop.mastinell.com\\\/ca\\\/producto\\\/cava-m12-edicio-limitada-2011\\\/#primaryimage\",\"url\":\"https:\\\/\\\/shop.mastinell.com\\\/wp-content\\\/uploads\\\/2022\\\/03\\\/M12-1-1536x1528-1.jpeg\",\"contentUrl\":\"https:\\\/\\\/shop.mastinell.com\\\/wp-content\\\/uploads\\\/2022\\\/03\\\/M12-1-1536x1528-1.jpeg\",\"width\":1536,\"height\":1528,\"caption\":\"Cava M12 Mastinell\"},{\"@type\":\"BreadcrumbList\",\"@id\":\"https:\\\/\\\/shop.mastinell.com\\\/ca\\\/producto\\\/cava-m12-edicio-limitada-2011\\\/#breadcrumb\",\"itemListElement\":[{\"@type\":\"ListItem\",\"position\":1,\"name\":\"Home\",\"item\":\"https:\\\/\\\/shop.mastinell.com\\\/ca\\\/tienda\\\/\"},{\"@type\":\"ListItem\",\"position\":2,\"name\":\"M12 2011\"}]},{\"@type\":\"WebSite\",\"@id\":\"https:\\\/\\\/mastinell.agencialiverpool.test\\\/#website\",\"url\":\"https:\\\/\\\/mastinell.agencialiverpool.test\\\/\",\"name\":\"Mastinell\",\"description\":\"Tienda Oficial\",\"publisher\":{\"@id\":\"https:\\\/\\\/mastinell.agencialiverpool.test\\\/#organization\"},\"potentialAction\":[{\"@type\":\"SearchAction\",\"target\":{\"@type\":\"EntryPoint\",\"urlTemplate\":\"https:\\\/\\\/mastinell.agencialiverpool.test\\\/?s={search_term_string}\"},\"query-input\":{\"@type\":\"PropertyValueSpecification\",\"valueRequired\":true,\"valueName\":\"search_term_string\"}}],\"inLanguage\":\"ca\"},{\"@type\":\"Organization\",\"@id\":\"https:\\\/\\\/mastinell.agencialiverpool.test\\\/#organization\",\"name\":\"Mastinell\",\"url\":\"https:\\\/\\\/mastinell.agencialiverpool.test\\\/\",\"logo\":{\"@type\":\"ImageObject\",\"inLanguage\":\"ca\",\"@id\":\"https:\\\/\\\/mastinell.agencialiverpool.test\\\/#\\\/schema\\\/logo\\\/image\\\/\",\"url\":\"https:\\\/\\\/shop.mastinell.com\\\/wp-content\\\/uploads\\\/2025\\\/01\\\/Mastinell-Cava-y-Hotel-scaled-1.webp\",\"contentUrl\":\"https:\\\/\\\/shop.mastinell.com\\\/wp-content\\\/uploads\\\/2025\\\/01\\\/Mastinell-Cava-y-Hotel-scaled-1.webp\",\"width\":2560,\"height\":531,\"caption\":\"Mastinell\"},\"image\":{\"@id\":\"https:\\\/\\\/mastinell.agencialiverpool.test\\\/#\\\/schema\\\/logo\\\/image\\\/\"},\"sameAs\":[\"https:\\\/\\\/www.facebook.com\\\/CavaHotelMastinell\",\"https:\\\/\\\/www.instagram.com\\\/cavahotel_mastinell\\\/?hl=es\"]}]}<\/script>\n<!-- \/ Yoast SEO plugin. -->","yoast_head_json":{"title":"M12 2011 - Mastinell","robots":{"index":"index","follow":"follow","max-snippet":"max-snippet:-1","max-image-preview":"max-image-preview:large","max-video-preview":"max-video-preview:-1"},"canonical":"https:\/\/shop.mastinell.com\/ca\/producto\/cava-m12-edicio-limitada-2011\/","og_locale":"ca_ES","og_type":"article","og_title":"M12 2011 - Mastinell","og_description":"Extra Brut L'any 2011 va portar condicions perfectes per a caves de llarga crian\u00e7a. Abundants pluges i baixes temperatures van propiciar una maduraci\u00f3 lenta del ra\u00efm a la vinya. L'harmonia entre acidesa i sucre en el moment de la verema ja prometien una anyada excepcional. Aquest potencial va despertar la nostra curiositat del que podr\u00edem assolir a llarg termini amb aquest tresor.","og_url":"https:\/\/shop.mastinell.com\/ca\/producto\/cava-m12-edicio-limitada-2011\/","og_site_name":"Mastinell","article_publisher":"https:\/\/www.facebook.com\/CavaHotelMastinell","article_modified_time":"2025-11-20T16:39:10+00:00","og_image":[{"width":1536,"height":1528,"url":"https:\/\/shop.mastinell.com\/wp-content\/uploads\/2022\/03\/M12-1-1536x1528-1.jpeg","type":"image\/jpeg"}],"twitter_card":"summary_large_image","twitter_misc":{"Temps estimat de lectura":"2 minuts"},"schema":{"@context":"https:\/\/schema.org","@graph":[{"@type":"WebPage","@id":"https:\/\/shop.mastinell.com\/ca\/producto\/cava-m12-edicio-limitada-2011\/","url":"https:\/\/shop.mastinell.com\/ca\/producto\/cava-m12-edicio-limitada-2011\/","name":"M12 2011 - Mastinell","isPartOf":{"@id":"https:\/\/mastinell.agencialiverpool.test\/#website"},"primaryImageOfPage":{"@id":"https:\/\/shop.mastinell.com\/ca\/producto\/cava-m12-edicio-limitada-2011\/#primaryimage"},"image":{"@id":"https:\/\/shop.mastinell.com\/ca\/producto\/cava-m12-edicio-limitada-2011\/#primaryimage"},"thumbnailUrl":"https:\/\/shop.mastinell.com\/wp-content\/uploads\/2022\/03\/M12-1-1536x1528-1.jpeg","datePublished":"2025-02-04T22:47:36+00:00","dateModified":"2025-11-20T16:39:10+00:00","breadcrumb":{"@id":"https:\/\/shop.mastinell.com\/ca\/producto\/cava-m12-edicio-limitada-2011\/#breadcrumb"},"inLanguage":"ca","potentialAction":[{"@type":"ReadAction","target":["https:\/\/shop.mastinell.com\/ca\/producto\/cava-m12-edicio-limitada-2011\/"]}]},{"@type":"ImageObject","inLanguage":"ca","@id":"https:\/\/shop.mastinell.com\/ca\/producto\/cava-m12-edicio-limitada-2011\/#primaryimage","url":"https:\/\/shop.mastinell.com\/wp-content\/uploads\/2022\/03\/M12-1-1536x1528-1.jpeg","contentUrl":"https:\/\/shop.mastinell.com\/wp-content\/uploads\/2022\/03\/M12-1-1536x1528-1.jpeg","width":1536,"height":1528,"caption":"Cava M12 Mastinell"},{"@type":"BreadcrumbList","@id":"https:\/\/shop.mastinell.com\/ca\/producto\/cava-m12-edicio-limitada-2011\/#breadcrumb","itemListElement":[{"@type":"ListItem","position":1,"name":"Home","item":"https:\/\/shop.mastinell.com\/ca\/tienda\/"},{"@type":"ListItem","position":2,"name":"M12 2011"}]},{"@type":"WebSite","@id":"https:\/\/mastinell.agencialiverpool.test\/#website","url":"https:\/\/mastinell.agencialiverpool.test\/","name":"Mastinell","description":"Tienda Oficial","publisher":{"@id":"https:\/\/mastinell.agencialiverpool.test\/#organization"},"potentialAction":[{"@type":"SearchAction","target":{"@type":"EntryPoint","urlTemplate":"https:\/\/mastinell.agencialiverpool.test\/?s={search_term_string}"},"query-input":{"@type":"PropertyValueSpecification","valueRequired":true,"valueName":"search_term_string"}}],"inLanguage":"ca"},{"@type":"Organization","@id":"https:\/\/mastinell.agencialiverpool.test\/#organization","name":"Mastinell","url":"https:\/\/mastinell.agencialiverpool.test\/","logo":{"@type":"ImageObject","inLanguage":"ca","@id":"https:\/\/mastinell.agencialiverpool.test\/#\/schema\/logo\/image\/","url":"https:\/\/shop.mastinell.com\/wp-content\/uploads\/2025\/01\/Mastinell-Cava-y-Hotel-scaled-1.webp","contentUrl":"https:\/\/shop.mastinell.com\/wp-content\/uploads\/2025\/01\/Mastinell-Cava-y-Hotel-scaled-1.webp","width":2560,"height":531,"caption":"Mastinell"},"image":{"@id":"https:\/\/mastinell.agencialiverpool.test\/#\/schema\/logo\/image\/"},"sameAs":["https:\/\/www.facebook.com\/CavaHotelMastinell","https:\/\/www.instagram.com\/cavahotel_mastinell\/?hl=es"]}]}},"_links":{"self":[{"href":"https:\/\/shop.mastinell.com\/ca\/wp-json\/wp\/v2\/product\/37005","targetHints":{"allow":["GET"]}}],"collection":[{"href":"https:\/\/shop.mastinell.com\/ca\/wp-json\/wp\/v2\/product"}],"about":[{"href":"https:\/\/shop.mastinell.com\/ca\/wp-json\/wp\/v2\/types\/product"}],"version-history":[{"count":4,"href":"https:\/\/shop.mastinell.com\/ca\/wp-json\/wp\/v2\/product\/37005\/revisions"}],"predecessor-version":[{"id":38155,"href":"https:\/\/shop.mastinell.com\/ca\/wp-json\/wp\/v2\/product\/37005\/revisions\/38155"}],"wp:featuredmedia":[{"embeddable":true,"href":"https:\/\/shop.mastinell.com\/ca\/wp-json\/wp\/v2\/media\/31722"}],"wp:attachment":[{"href":"https:\/\/shop.mastinell.com\/ca\/wp-json\/wp\/v2\/media?parent=37005"}],"wp:term":[{"taxonomy":"product_brand","embeddable":true,"href":"https:\/\/shop.mastinell.com\/ca\/wp-json\/wp\/v2\/product_brand?post=37005"},{"taxonomy":"product_cat","embeddable":true,"href":"https:\/\/shop.mastinell.com\/ca\/wp-json\/wp\/v2\/product_cat?post=37005"},{"taxonomy":"product_tag","embeddable":true,"href":"https:\/\/shop.mastinell.com\/ca\/wp-json\/wp\/v2\/product_tag?post=37005"}],"curies":[{"name":"wp","href":"https:\/\/api.w.org\/{rel}","templated":true}]}}