{"id":37013,"date":"2025-02-04T23:45:13","date_gmt":"2025-02-04T22:45:13","guid":{"rendered":"https:\/\/shop.mastinell.com\/producto\/cava-brut-rose-reserva-2020\/"},"modified":"2026-01-23T12:41:19","modified_gmt":"2026-01-23T11:41:19","slug":"cava-brut-rose-reserva-2020","status":"publish","type":"product","link":"https:\/\/shop.mastinell.com\/ca\/producto\/cava-brut-rose-reserva-2020\/","title":{"rendered":"Brut Ros\u00e9 2020"},"content":{"rendered":"\t\t<div data-elementor-type=\"product-post\" data-elementor-id=\"37013\" class=\"elementor elementor-37013 elementor-9051\" data-elementor-post-type=\"product\">\n\t\t\t\t\t\t<section class=\"elementor-section elementor-top-section elementor-element elementor-element-2c7fa5c4 elementor-section-stretched elementor-section-boxed elementor-section-height-default elementor-section-height-default\" data-id=\"2c7fa5c4\" data-element_type=\"section\" data-settings=\"{&quot;stretch_section&quot;:&quot;section-stretched&quot;}\">\n\t\t\t\t\t\t<div class=\"elementor-container elementor-column-gap-default\">\n\t\t\t\t\t<div class=\"elementor-column elementor-col-100 elementor-top-column elementor-element elementor-element-46ef91ad\" data-id=\"46ef91ad\" data-element_type=\"column\">\n\t\t\t<div class=\"elementor-widget-wrap elementor-element-populated\">\n\t\t\t\t\t\t<section class=\"elementor-section elementor-inner-section elementor-element elementor-element-63ccb4ef elementor-section-content-middle elementor-section-boxed elementor-section-height-default elementor-section-height-default\" data-id=\"63ccb4ef\" data-element_type=\"section\">\n\t\t\t\t\t\t<div class=\"elementor-container elementor-column-gap-default\">\n\t\t\t\t\t<div class=\"elementor-column elementor-col-50 elementor-inner-column elementor-element elementor-element-4fb8265a\" data-id=\"4fb8265a\" data-element_type=\"column\">\n\t\t\t<div class=\"elementor-widget-wrap elementor-element-populated\">\n\t\t\t\t\t\t<div class=\"elementor-element elementor-element-2a93f2ab elementor-widget elementor-widget-image\" data-id=\"2a93f2ab\" data-element_type=\"widget\" data-widget_type=\"image.default\">\n\t\t\t\t<div class=\"elementor-widget-container\">\n\t\t\t\t\t\t\t\t\t\t\t\t\t\t\t<img decoding=\"async\" src=\"https:\/\/shop.mastinell.com\/wp-content\/uploads\/2021\/01\/Interior_Rose_02.jpg\" title=\"\" alt=\"\" loading=\"lazy\" \/>\t\t\t\t\t\t\t\t\t\t\t\t\t\t\t<\/div>\n\t\t\t\t<\/div>\n\t\t\t\t<div class=\"elementor-element elementor-element-1bbaa9f0 elementor-widget elementor-widget-image\" data-id=\"1bbaa9f0\" data-element_type=\"widget\" data-widget_type=\"image.default\">\n\t\t\t\t<div class=\"elementor-widget-container\">\n\t\t\t\t\t\t\t\t\t\t\t\t\t\t\t<img decoding=\"async\" src=\"https:\/\/shop.mastinell.com\/wp-content\/uploads\/2021\/01\/Interior_Rose_03.jpg\" title=\"\" alt=\"\" loading=\"lazy\" \/>\t\t\t\t\t\t\t\t\t\t\t\t\t\t\t<\/div>\n\t\t\t\t<\/div>\n\t\t\t\t\t<\/div>\n\t\t<\/div>\n\t\t\t\t<div class=\"elementor-column elementor-col-50 elementor-inner-column elementor-element elementor-element-1ad3b99b\" data-id=\"1ad3b99b\" data-element_type=\"column\">\n\t\t\t<div class=\"elementor-widget-wrap elementor-element-populated\">\n\t\t\t\t\t\t<div class=\"elementor-element elementor-element-145f7a1 elementor-widget elementor-widget-text-editor\" data-id=\"145f7a1\" data-element_type=\"widget\" data-widget_type=\"text-editor.default\">\n\t\t\t\t<div class=\"elementor-widget-container\">\n\t\t\t\t\t\t\t\t\t<p class=\"p1\"><span class=\"s1\">Amb una delicada maceraci\u00f3 entre 6 o 8 hores en funci\u00f3 de l\u2019any, busquem la subtil extracci\u00f3 de color que defineix el car\u00e0cter femen\u00ed i elegant, real\u00e7at despr\u00e9s de la crian\u00e7a.<\/span><\/p>\n<p><strong>Nota de tast:\u00a0<br \/><\/strong>Color rosat p\u00e0l\u00b7lid. Bombolla fina i abundant. Aroma definit per notes de fruits del bosc. Boca expressiva marcada per notes de baies, mores i gerds. Final agradable amb un bon equilibri entre dol\u00e7or i frescor.<\/p>\n\t\t\t\t\t\t\t\t<\/div>\n\t\t\t\t<\/div>\n\t\t\t\t<div class=\"elementor-element elementor-element-6e245d3 elementor-widget elementor-widget-text-editor\" data-id=\"6e245d3\" data-element_type=\"widget\" data-widget_type=\"text-editor.default\">\n\t\t\t\t<div class=\"elementor-widget-container\">\n\t\t\t\t\t\t\t\t\t<p><strong>Varietat: <br \/><\/strong>100 % Trepat.<\/p>\n<p><strong>Maridatge: <br \/><\/strong><span class=\"s1\">Aperitius de pasta de full, fumats, marisc, carns blanques rostides i postres de fruits vermells o amb base de formatge.<\/span><\/p>\n\t\t\t\t\t\t\t\t<\/div>\n\t\t\t\t<\/div>\n\t\t\t\t<div class=\"elementor-element elementor-element-490d930 elementor-widget elementor-widget-image\" data-id=\"490d930\" data-element_type=\"widget\" data-widget_type=\"image.default\">\n\t\t\t\t<div class=\"elementor-widget-container\">\n\t\t\t\t\t\t\t\t\t\t\t\t\t\t\t<img decoding=\"async\" width=\"125\" height=\"125\" src=\"https:\/\/shop.mastinell.com\/wp-content\/uploads\/2021\/01\/Vegano.png\" class=\"attachment-large size-large wp-image-17641\" alt=\"\" srcset=\"https:\/\/shop.mastinell.com\/wp-content\/uploads\/2021\/01\/Vegano.png 125w, https:\/\/shop.mastinell.com\/wp-content\/uploads\/2021\/01\/Vegano-12x12.png 12w, https:\/\/shop.mastinell.com\/wp-content\/uploads\/2021\/01\/Vegano-100x100.png 100w\" sizes=\"(max-width: 125px) 100vw, 125px\" \/>\t\t\t\t\t\t\t\t\t\t\t\t\t\t\t<\/div>\n\t\t\t\t<\/div>\n\t\t\t\t\t<\/div>\n\t\t<\/div>\n\t\t\t\t\t<\/div>\n\t\t<\/section>\n\t\t\t\t\t<\/div>\n\t\t<\/div>\n\t\t\t\t\t<\/div>\n\t\t<\/section>\n\t\t\t\t<section class=\"elementor-section elementor-top-section elementor-element elementor-element-e15c8f1 elementor-section-full_width elementor-section-height-default elementor-section-height-default\" data-id=\"e15c8f1\" data-element_type=\"section\">\n\t\t\t\t\t\t<div class=\"elementor-container elementor-column-gap-default\">\n\t\t\t\t\t<div class=\"elementor-column elementor-col-100 elementor-top-column elementor-element elementor-element-16dba39\" data-id=\"16dba39\" data-element_type=\"column\">\n\t\t\t<div class=\"elementor-widget-wrap elementor-element-populated\">\n\t\t\t\t\t\t<div class=\"elementor-element elementor-element-6634dd2 middle-title elementor-widget elementor-widget-heading\" data-id=\"6634dd2\" data-element_type=\"widget\" data-widget_type=\"heading.default\">\n\t\t\t\t<div class=\"elementor-widget-container\">\n\t\t\t\t\t<h3 class=\"elementor-heading-title elementor-size-large\">Premis<\/h3>\t\t\t\t<\/div>\n\t\t\t\t<\/div>\n\t\t\t\t<div class=\"elementor-element elementor-element-a4051ba elementor-widget elementor-widget-image-carousel\" data-id=\"a4051ba\" data-element_type=\"widget\" data-settings=\"{&quot;slides_to_show&quot;:&quot;10&quot;,&quot;navigation&quot;:&quot;none&quot;,&quot;image_spacing_custom&quot;:{&quot;unit&quot;:&quot;px&quot;,&quot;size&quot;:30,&quot;sizes&quot;:[]},&quot;slides_to_scroll&quot;:&quot;1&quot;,&quot;autoplay_speed&quot;:3000,&quot;autoplay&quot;:&quot;yes&quot;,&quot;pause_on_hover&quot;:&quot;yes&quot;,&quot;pause_on_interaction&quot;:&quot;yes&quot;,&quot;speed&quot;:500,&quot;image_spacing_custom_tablet&quot;:{&quot;unit&quot;:&quot;px&quot;,&quot;size&quot;:&quot;&quot;,&quot;sizes&quot;:[]},&quot;image_spacing_custom_mobile&quot;:{&quot;unit&quot;:&quot;px&quot;,&quot;size&quot;:&quot;&quot;,&quot;sizes&quot;:[]}}\" data-widget_type=\"image-carousel.default\">\n\t\t\t\t<div class=\"elementor-widget-container\">\n\t\t\t\t\t\t\t<div class=\"elementor-image-carousel-wrapper swiper\" role=\"region\" aria-roledescription=\"carousel\" aria-label=\"Carrusel de im\u00e1genes\" dir=\"ltr\">\n\t\t\t<div class=\"elementor-image-carousel swiper-wrapper\" aria-live=\"off\">\n\t\t\t\t\t\t\t\t<div class=\"swiper-slide\" role=\"group\" aria-roledescription=\"slide\" aria-label=\"1 de 10\"><figure class=\"swiper-slide-inner\"><img decoding=\"async\" class=\"swiper-slide-image\" src=\"https:\/\/shop.mastinell.com\/wp-content\/uploads\/2024\/12\/1_SELLO_SAKURA.png\" alt=\"1_SELLO_SAKURA\" \/><\/figure><\/div><div class=\"swiper-slide\" role=\"group\" aria-roledescription=\"slide\" aria-label=\"2 de 10\"><figure class=\"swiper-slide-inner\"><img decoding=\"async\" class=\"swiper-slide-image\" src=\"https:\/\/shop.mastinell.com\/wp-content\/uploads\/2024\/12\/2_prod_90_james-1.jpg\" alt=\"2_prod_90_james-1\" \/><\/figure><\/div><div class=\"swiper-slide\" role=\"group\" aria-roledescription=\"slide\" aria-label=\"3 de 10\"><figure class=\"swiper-slide-inner\"><img decoding=\"async\" class=\"swiper-slide-image\" src=\"https:\/\/shop.mastinell.com\/wp-content\/uploads\/2024\/12\/3_medalla3.png\" alt=\"3_medalla3\" \/><\/figure><\/div><div class=\"swiper-slide\" role=\"group\" aria-roledescription=\"slide\" aria-label=\"4 de 10\"><figure class=\"swiper-slide-inner\"><img decoding=\"async\" class=\"swiper-slide-image\" src=\"https:\/\/shop.mastinell.com\/wp-content\/uploads\/2024\/12\/4_90-85x85-1.jpeg\" alt=\"4_90-85x85-1\" \/><\/figure><\/div><div class=\"swiper-slide\" role=\"group\" aria-roledescription=\"slide\" aria-label=\"5 de 10\"><figure class=\"swiper-slide-inner\"><img decoding=\"async\" class=\"swiper-slide-image\" src=\"https:\/\/shop.mastinell.com\/wp-content\/uploads\/2024\/12\/5_SELLO-WEB_SIN-FONDO.png\" alt=\"5_SELLO-WEB_SIN-FONDO\" \/><\/figure><\/div><div class=\"swiper-slide\" role=\"group\" aria-roledescription=\"slide\" aria-label=\"6 de 10\"><figure class=\"swiper-slide-inner\"><img decoding=\"async\" class=\"swiper-slide-image\" src=\"https:\/\/shop.mastinell.com\/wp-content\/uploads\/2022\/04\/PREMIOSWEB-SAKURAAWARDSGOLD2021-1-1.jpg\" alt=\"PREMIOSWEB-SAKURAAWARDSGOLD2021 (1)\" \/><\/figure><\/div><div class=\"swiper-slide\" role=\"group\" aria-roledescription=\"slide\" aria-label=\"7 de 10\"><figure class=\"swiper-slide-inner\"><img decoding=\"async\" class=\"swiper-slide-image\" src=\"https:\/\/shop.mastinell.com\/wp-content\/uploads\/2021\/10\/90-1.jpg\" alt=\"2019 Brut Ros\u00e9 Wine &amp; Spirits\" \/><\/figure><\/div><div class=\"swiper-slide\" role=\"group\" aria-roledescription=\"slide\" aria-label=\"8 de 10\"><figure class=\"swiper-slide-inner\"><img decoding=\"async\" class=\"swiper-slide-image\" src=\"https:\/\/shop.mastinell.com\/wp-content\/uploads\/2021\/09\/PREMIOSWEB-DECANTERPLATA2013.jpg\" alt=\"2013 Cava Brut Ros\u00e9 Reserva Medalla de Plata Decanter World Wine Awards\" \/><\/figure><\/div><div class=\"swiper-slide\" role=\"group\" aria-roledescription=\"slide\" aria-label=\"9 de 10\"><figure class=\"swiper-slide-inner\"><img decoding=\"async\" class=\"swiper-slide-image\" src=\"https:\/\/shop.mastinell.com\/wp-content\/uploads\/2021\/09\/PREMIOSWEB-IWSCBRONCE2013.jpg\" alt=\"2013 Cava Nature Gran Reserva\nMedalla de Bronce IWSC (International Wine &amp; Spirit Competition)\" \/><\/figure><\/div><div class=\"swiper-slide\" role=\"group\" aria-roledescription=\"slide\" aria-label=\"10 de 10\"><figure class=\"swiper-slide-inner\"><img decoding=\"async\" class=\"swiper-slide-image\" src=\"https:\/\/shop.mastinell.com\/wp-content\/uploads\/2021\/09\/PREMIOSWEB-LEMONDIALDUROSE.jpg\" alt=\"2011 Cava Brut Ros\u00e9 Reserva Medalla de Plata Le Mondial du Ros\u00e9\u00ae\" \/><\/figure><\/div>\t\t\t<\/div>\n\t\t\t\t\t\t\t\n\t\t\t\t\t\t\t\t\t<\/div>\n\t\t\t\t\t\t<\/div>\n\t\t\t\t<\/div>\n\t\t\t\t\t<\/div>\n\t\t<\/div>\n\t\t\t\t\t<\/div>\n\t\t<\/section>\n\t\t\t\t<\/div>\n\t\t","protected":false},"excerpt":{"rendered":"<p><em>Brut<\/em><\/p>\n<p class=\"p1\"><span class=\"s1\">En el Brut Ros\u00e9 la protagonista \u00e9s la nostra varietat aut\u00f2ctona Trepat, una varietat que dominem cada dia m\u00e9s i de la qual sentim un especial orgull.<\/span><\/p>\n<p>&nbsp;<\/p>\n<p>&nbsp;<\/p>\n","protected":false},"featured_media":34182,"template":"","meta":{"_acf_changed":false},"product_brand":[],"product_cat":[113],"product_tag":[],"class_list":{"0":"post-37013","1":"product","2":"type-product","3":"status-publish","4":"has-post-thumbnail","6":"product_cat-cava-ca","8":"first","9":"instock","10":"shipping-taxable","11":"purchasable","12":"product-type-simple"},"acf":[],"yoast_head":"<!-- This site is optimized with the Yoast SEO plugin v27.5 - https:\/\/yoast.com\/product\/yoast-seo-wordpress\/ -->\n<title>Cava Brut Ros\u00e9 Reserva | Mastinell<\/title>\n<meta name=\"description\" content=\"Cava Brut Ros\u00e9 est\u00e0 elaborat amb a partir de la varietat aut\u00f2ctona Trepat, i seguint el m\u00e8tode tradicional amb m\u00e9s de 24 mesos de crian\u00e7a,\" \/>\n<meta name=\"robots\" content=\"index, follow, max-snippet:-1, max-image-preview:large, max-video-preview:-1\" \/>\n<link rel=\"canonical\" href=\"https:\/\/shop.mastinell.com\/ca\/producto\/cava-brut-rose-reserva-2020\/\" \/>\n<meta property=\"og:locale\" content=\"ca_ES\" \/>\n<meta property=\"og:type\" content=\"article\" \/>\n<meta property=\"og:title\" content=\"Cava Brut Ros\u00e9 Reserva | Mastinell\" \/>\n<meta property=\"og:description\" content=\"Cava Brut Ros\u00e9 est\u00e0 elaborat amb a partir de la varietat aut\u00f2ctona Trepat, i seguint el m\u00e8tode tradicional amb m\u00e9s de 24 mesos de crian\u00e7a,\" \/>\n<meta property=\"og:url\" content=\"https:\/\/shop.mastinell.com\/ca\/producto\/cava-brut-rose-reserva-2020\/\" \/>\n<meta property=\"og:site_name\" content=\"Mastinell\" \/>\n<meta property=\"article:publisher\" content=\"https:\/\/www.facebook.com\/CavaHotelMastinell\" \/>\n<meta property=\"article:modified_time\" content=\"2026-01-23T11:41:19+00:00\" \/>\n<meta property=\"og:image\" content=\"https:\/\/shop.mastinell.com\/wp-content\/uploads\/2022\/02\/Tienda-Mastinell_Cavas_Rose_exterior.jpg\" \/>\n\t<meta property=\"og:image:width\" content=\"890\" \/>\n\t<meta property=\"og:image:height\" content=\"668\" \/>\n\t<meta property=\"og:image:type\" content=\"image\/jpeg\" \/>\n<meta name=\"twitter:card\" content=\"summary_large_image\" \/>\n<meta name=\"twitter:label1\" content=\"Temps estimat de lectura\" \/>\n\t<meta name=\"twitter:data1\" content=\"4 minuts\" \/>\n<script type=\"application\/ld+json\" class=\"yoast-schema-graph\">{\"@context\":\"https:\\\/\\\/schema.org\",\"@graph\":[{\"@type\":\"WebPage\",\"@id\":\"https:\\\/\\\/shop.mastinell.com\\\/ca\\\/producto\\\/cava-brut-rose-reserva-2020\\\/\",\"url\":\"https:\\\/\\\/shop.mastinell.com\\\/ca\\\/producto\\\/cava-brut-rose-reserva-2020\\\/\",\"name\":\"Cava Brut Ros\u00e9 Reserva | Mastinell\",\"isPartOf\":{\"@id\":\"https:\\\/\\\/mastinell.agencialiverpool.test\\\/#website\"},\"primaryImageOfPage\":{\"@id\":\"https:\\\/\\\/shop.mastinell.com\\\/ca\\\/producto\\\/cava-brut-rose-reserva-2020\\\/#primaryimage\"},\"image\":{\"@id\":\"https:\\\/\\\/shop.mastinell.com\\\/ca\\\/producto\\\/cava-brut-rose-reserva-2020\\\/#primaryimage\"},\"thumbnailUrl\":\"https:\\\/\\\/shop.mastinell.com\\\/wp-content\\\/uploads\\\/2022\\\/02\\\/Tienda-Mastinell_Cavas_Rose_exterior.jpg\",\"datePublished\":\"2025-02-04T22:45:13+00:00\",\"dateModified\":\"2026-01-23T11:41:19+00:00\",\"description\":\"Cava Brut Ros\u00e9 est\u00e0 elaborat amb a partir de la varietat aut\u00f2ctona Trepat, i seguint el m\u00e8tode tradicional amb m\u00e9s de 24 mesos de crian\u00e7a,\",\"breadcrumb\":{\"@id\":\"https:\\\/\\\/shop.mastinell.com\\\/ca\\\/producto\\\/cava-brut-rose-reserva-2020\\\/#breadcrumb\"},\"inLanguage\":\"ca\",\"potentialAction\":[{\"@type\":\"ReadAction\",\"target\":[\"https:\\\/\\\/shop.mastinell.com\\\/ca\\\/producto\\\/cava-brut-rose-reserva-2020\\\/\"]}]},{\"@type\":\"ImageObject\",\"inLanguage\":\"ca\",\"@id\":\"https:\\\/\\\/shop.mastinell.com\\\/ca\\\/producto\\\/cava-brut-rose-reserva-2020\\\/#primaryimage\",\"url\":\"https:\\\/\\\/shop.mastinell.com\\\/wp-content\\\/uploads\\\/2022\\\/02\\\/Tienda-Mastinell_Cavas_Rose_exterior.jpg\",\"contentUrl\":\"https:\\\/\\\/shop.mastinell.com\\\/wp-content\\\/uploads\\\/2022\\\/02\\\/Tienda-Mastinell_Cavas_Rose_exterior.jpg\",\"width\":890,\"height\":668},{\"@type\":\"BreadcrumbList\",\"@id\":\"https:\\\/\\\/shop.mastinell.com\\\/ca\\\/producto\\\/cava-brut-rose-reserva-2020\\\/#breadcrumb\",\"itemListElement\":[{\"@type\":\"ListItem\",\"position\":1,\"name\":\"Home\",\"item\":\"https:\\\/\\\/shop.mastinell.com\\\/ca\\\/tienda\\\/\"},{\"@type\":\"ListItem\",\"position\":2,\"name\":\"Brut Ros\u00e9 2020\"}]},{\"@type\":\"WebSite\",\"@id\":\"https:\\\/\\\/mastinell.agencialiverpool.test\\\/#website\",\"url\":\"https:\\\/\\\/mastinell.agencialiverpool.test\\\/\",\"name\":\"Mastinell\",\"description\":\"Tienda Oficial\",\"publisher\":{\"@id\":\"https:\\\/\\\/mastinell.agencialiverpool.test\\\/#organization\"},\"potentialAction\":[{\"@type\":\"SearchAction\",\"target\":{\"@type\":\"EntryPoint\",\"urlTemplate\":\"https:\\\/\\\/mastinell.agencialiverpool.test\\\/?s={search_term_string}\"},\"query-input\":{\"@type\":\"PropertyValueSpecification\",\"valueRequired\":true,\"valueName\":\"search_term_string\"}}],\"inLanguage\":\"ca\"},{\"@type\":\"Organization\",\"@id\":\"https:\\\/\\\/mastinell.agencialiverpool.test\\\/#organization\",\"name\":\"Mastinell\",\"url\":\"https:\\\/\\\/mastinell.agencialiverpool.test\\\/\",\"logo\":{\"@type\":\"ImageObject\",\"inLanguage\":\"ca\",\"@id\":\"https:\\\/\\\/mastinell.agencialiverpool.test\\\/#\\\/schema\\\/logo\\\/image\\\/\",\"url\":\"https:\\\/\\\/shop.mastinell.com\\\/wp-content\\\/uploads\\\/2025\\\/01\\\/Mastinell-Cava-y-Hotel-scaled-1.webp\",\"contentUrl\":\"https:\\\/\\\/shop.mastinell.com\\\/wp-content\\\/uploads\\\/2025\\\/01\\\/Mastinell-Cava-y-Hotel-scaled-1.webp\",\"width\":2560,\"height\":531,\"caption\":\"Mastinell\"},\"image\":{\"@id\":\"https:\\\/\\\/mastinell.agencialiverpool.test\\\/#\\\/schema\\\/logo\\\/image\\\/\"},\"sameAs\":[\"https:\\\/\\\/www.facebook.com\\\/CavaHotelMastinell\",\"https:\\\/\\\/www.instagram.com\\\/cavahotel_mastinell\\\/?hl=es\"]}]}<\/script>\n<!-- \/ Yoast SEO plugin. -->","yoast_head_json":{"title":"Cava Brut Ros\u00e9 Reserva | Mastinell","description":"Cava Brut Ros\u00e9 est\u00e0 elaborat amb a partir de la varietat aut\u00f2ctona Trepat, i seguint el m\u00e8tode tradicional amb m\u00e9s de 24 mesos de crian\u00e7a,","robots":{"index":"index","follow":"follow","max-snippet":"max-snippet:-1","max-image-preview":"max-image-preview:large","max-video-preview":"max-video-preview:-1"},"canonical":"https:\/\/shop.mastinell.com\/ca\/producto\/cava-brut-rose-reserva-2020\/","og_locale":"ca_ES","og_type":"article","og_title":"Cava Brut Ros\u00e9 Reserva | Mastinell","og_description":"Cava Brut Ros\u00e9 est\u00e0 elaborat amb a partir de la varietat aut\u00f2ctona Trepat, i seguint el m\u00e8tode tradicional amb m\u00e9s de 24 mesos de crian\u00e7a,","og_url":"https:\/\/shop.mastinell.com\/ca\/producto\/cava-brut-rose-reserva-2020\/","og_site_name":"Mastinell","article_publisher":"https:\/\/www.facebook.com\/CavaHotelMastinell","article_modified_time":"2026-01-23T11:41:19+00:00","og_image":[{"width":890,"height":668,"url":"https:\/\/shop.mastinell.com\/wp-content\/uploads\/2022\/02\/Tienda-Mastinell_Cavas_Rose_exterior.jpg","type":"image\/jpeg"}],"twitter_card":"summary_large_image","twitter_misc":{"Temps estimat de lectura":"4 minuts"},"schema":{"@context":"https:\/\/schema.org","@graph":[{"@type":"WebPage","@id":"https:\/\/shop.mastinell.com\/ca\/producto\/cava-brut-rose-reserva-2020\/","url":"https:\/\/shop.mastinell.com\/ca\/producto\/cava-brut-rose-reserva-2020\/","name":"Cava Brut Ros\u00e9 Reserva | Mastinell","isPartOf":{"@id":"https:\/\/mastinell.agencialiverpool.test\/#website"},"primaryImageOfPage":{"@id":"https:\/\/shop.mastinell.com\/ca\/producto\/cava-brut-rose-reserva-2020\/#primaryimage"},"image":{"@id":"https:\/\/shop.mastinell.com\/ca\/producto\/cava-brut-rose-reserva-2020\/#primaryimage"},"thumbnailUrl":"https:\/\/shop.mastinell.com\/wp-content\/uploads\/2022\/02\/Tienda-Mastinell_Cavas_Rose_exterior.jpg","datePublished":"2025-02-04T22:45:13+00:00","dateModified":"2026-01-23T11:41:19+00:00","description":"Cava Brut Ros\u00e9 est\u00e0 elaborat amb a partir de la varietat aut\u00f2ctona Trepat, i seguint el m\u00e8tode tradicional amb m\u00e9s de 24 mesos de crian\u00e7a,","breadcrumb":{"@id":"https:\/\/shop.mastinell.com\/ca\/producto\/cava-brut-rose-reserva-2020\/#breadcrumb"},"inLanguage":"ca","potentialAction":[{"@type":"ReadAction","target":["https:\/\/shop.mastinell.com\/ca\/producto\/cava-brut-rose-reserva-2020\/"]}]},{"@type":"ImageObject","inLanguage":"ca","@id":"https:\/\/shop.mastinell.com\/ca\/producto\/cava-brut-rose-reserva-2020\/#primaryimage","url":"https:\/\/shop.mastinell.com\/wp-content\/uploads\/2022\/02\/Tienda-Mastinell_Cavas_Rose_exterior.jpg","contentUrl":"https:\/\/shop.mastinell.com\/wp-content\/uploads\/2022\/02\/Tienda-Mastinell_Cavas_Rose_exterior.jpg","width":890,"height":668},{"@type":"BreadcrumbList","@id":"https:\/\/shop.mastinell.com\/ca\/producto\/cava-brut-rose-reserva-2020\/#breadcrumb","itemListElement":[{"@type":"ListItem","position":1,"name":"Home","item":"https:\/\/shop.mastinell.com\/ca\/tienda\/"},{"@type":"ListItem","position":2,"name":"Brut Ros\u00e9 2020"}]},{"@type":"WebSite","@id":"https:\/\/mastinell.agencialiverpool.test\/#website","url":"https:\/\/mastinell.agencialiverpool.test\/","name":"Mastinell","description":"Tienda Oficial","publisher":{"@id":"https:\/\/mastinell.agencialiverpool.test\/#organization"},"potentialAction":[{"@type":"SearchAction","target":{"@type":"EntryPoint","urlTemplate":"https:\/\/mastinell.agencialiverpool.test\/?s={search_term_string}"},"query-input":{"@type":"PropertyValueSpecification","valueRequired":true,"valueName":"search_term_string"}}],"inLanguage":"ca"},{"@type":"Organization","@id":"https:\/\/mastinell.agencialiverpool.test\/#organization","name":"Mastinell","url":"https:\/\/mastinell.agencialiverpool.test\/","logo":{"@type":"ImageObject","inLanguage":"ca","@id":"https:\/\/mastinell.agencialiverpool.test\/#\/schema\/logo\/image\/","url":"https:\/\/shop.mastinell.com\/wp-content\/uploads\/2025\/01\/Mastinell-Cava-y-Hotel-scaled-1.webp","contentUrl":"https:\/\/shop.mastinell.com\/wp-content\/uploads\/2025\/01\/Mastinell-Cava-y-Hotel-scaled-1.webp","width":2560,"height":531,"caption":"Mastinell"},"image":{"@id":"https:\/\/mastinell.agencialiverpool.test\/#\/schema\/logo\/image\/"},"sameAs":["https:\/\/www.facebook.com\/CavaHotelMastinell","https:\/\/www.instagram.com\/cavahotel_mastinell\/?hl=es"]}]}},"_links":{"self":[{"href":"https:\/\/shop.mastinell.com\/ca\/wp-json\/wp\/v2\/product\/37013","targetHints":{"allow":["GET"]}}],"collection":[{"href":"https:\/\/shop.mastinell.com\/ca\/wp-json\/wp\/v2\/product"}],"about":[{"href":"https:\/\/shop.mastinell.com\/ca\/wp-json\/wp\/v2\/types\/product"}],"version-history":[{"count":5,"href":"https:\/\/shop.mastinell.com\/ca\/wp-json\/wp\/v2\/product\/37013\/revisions"}],"predecessor-version":[{"id":38157,"href":"https:\/\/shop.mastinell.com\/ca\/wp-json\/wp\/v2\/product\/37013\/revisions\/38157"}],"wp:featuredmedia":[{"embeddable":true,"href":"https:\/\/shop.mastinell.com\/ca\/wp-json\/wp\/v2\/media\/34182"}],"wp:attachment":[{"href":"https:\/\/shop.mastinell.com\/ca\/wp-json\/wp\/v2\/media?parent=37013"}],"wp:term":[{"taxonomy":"product_brand","embeddable":true,"href":"https:\/\/shop.mastinell.com\/ca\/wp-json\/wp\/v2\/product_brand?post=37013"},{"taxonomy":"product_cat","embeddable":true,"href":"https:\/\/shop.mastinell.com\/ca\/wp-json\/wp\/v2\/product_cat?post=37013"},{"taxonomy":"product_tag","embeddable":true,"href":"https:\/\/shop.mastinell.com\/ca\/wp-json\/wp\/v2\/product_tag?post=37013"}],"curies":[{"name":"wp","href":"https:\/\/api.w.org\/{rel}","templated":true}]}}