{"id":37032,"date":"2025-02-04T23:29:59","date_gmt":"2025-02-04T22:29:59","guid":{"rendered":"https:\/\/shop.mastinell.com\/producto\/cava-brut-real-gran-reserva-magnum-eco-2016\/"},"modified":"2025-11-20T16:11:58","modified_gmt":"2025-11-20T15:11:58","slug":"cava-brut-real-gran-reserva-magnum-eco-2016","status":"publish","type":"product","link":"https:\/\/shop.mastinell.com\/ca\/producto\/cava-brut-real-gran-reserva-magnum-eco-2016\/","title":{"rendered":"Brut Real Magnum 2016"},"content":{"rendered":"\t\t<div data-elementor-type=\"product-post\" data-elementor-id=\"37032\" class=\"elementor elementor-37032 elementor-15595\" data-elementor-post-type=\"product\">\n\t\t\t\t\t\t<section class=\"elementor-section elementor-top-section elementor-element elementor-element-f2dcf81 elementor-section-stretched elementor-section-boxed elementor-section-height-default elementor-section-height-default\" data-id=\"f2dcf81\" data-element_type=\"section\" data-settings=\"{&quot;stretch_section&quot;:&quot;section-stretched&quot;}\">\n\t\t\t\t\t\t<div class=\"elementor-container elementor-column-gap-default\">\n\t\t\t\t\t<div class=\"elementor-column elementor-col-100 elementor-top-column elementor-element elementor-element-17f2b038\" data-id=\"17f2b038\" data-element_type=\"column\">\n\t\t\t<div class=\"elementor-widget-wrap elementor-element-populated\">\n\t\t\t\t\t\t<section class=\"elementor-section elementor-inner-section elementor-element elementor-element-4bf69588 elementor-section-content-middle elementor-section-boxed elementor-section-height-default elementor-section-height-default\" data-id=\"4bf69588\" data-element_type=\"section\">\n\t\t\t\t\t\t<div class=\"elementor-container elementor-column-gap-default\">\n\t\t\t\t\t<div class=\"elementor-column elementor-col-50 elementor-inner-column elementor-element elementor-element-2b2cd3c8\" data-id=\"2b2cd3c8\" data-element_type=\"column\">\n\t\t\t<div class=\"elementor-widget-wrap elementor-element-populated\">\n\t\t\t\t\t\t<div class=\"elementor-element elementor-element-36cd8ba5 elementor-widget elementor-widget-image\" data-id=\"36cd8ba5\" data-element_type=\"widget\" data-widget_type=\"image.default\">\n\t\t\t\t<div class=\"elementor-widget-container\">\n\t\t\t\t\t\t\t\t\t\t\t\t\t\t\t<img decoding=\"async\" src=\"https:\/\/shop.mastinell.com\/wp-content\/uploads\/elementor\/thumbs\/tienda_cavas_brut_real_detalle-qxwwgbh35209murga3gflqqtgxy00igzhvsoudqj30.jpg\" title=\"tienda_cavas_brut_real_detalle\" alt=\"tienda_cavas_brut_real_detalle\" loading=\"lazy\" \/>\t\t\t\t\t\t\t\t\t\t\t\t\t\t\t<\/div>\n\t\t\t\t<\/div>\n\t\t\t\t<div class=\"elementor-element elementor-element-4d169f2b elementor-widget elementor-widget-image\" data-id=\"4d169f2b\" data-element_type=\"widget\" data-widget_type=\"image.default\">\n\t\t\t\t<div class=\"elementor-widget-container\">\n\t\t\t\t\t\t\t\t\t\t\t\t\t\t\t<img fetchpriority=\"high\" decoding=\"async\" width=\"1090\" height=\"1434\" src=\"https:\/\/shop.mastinell.com\/wp-content\/uploads\/2020\/12\/real_03.jpg\" class=\"attachment-full size-full wp-image-10435\" alt=\"\" srcset=\"https:\/\/shop.mastinell.com\/wp-content\/uploads\/2020\/12\/real_03.jpg 1090w, https:\/\/shop.mastinell.com\/wp-content\/uploads\/2020\/12\/real_03-228x300.jpg 228w, https:\/\/shop.mastinell.com\/wp-content\/uploads\/2020\/12\/real_03-778x1024.jpg 778w, https:\/\/shop.mastinell.com\/wp-content\/uploads\/2020\/12\/real_03-768x1010.jpg 768w, https:\/\/shop.mastinell.com\/wp-content\/uploads\/2020\/12\/real_03-9x12.jpg 9w, https:\/\/shop.mastinell.com\/wp-content\/uploads\/2020\/12\/real_03-660x868.jpg 660w, https:\/\/shop.mastinell.com\/wp-content\/uploads\/2020\/12\/real_03-945x1243.jpg 945w\" sizes=\"(max-width: 1090px) 100vw, 1090px\" \/>\t\t\t\t\t\t\t\t\t\t\t\t\t\t\t<\/div>\n\t\t\t\t<\/div>\n\t\t\t\t\t<\/div>\n\t\t<\/div>\n\t\t\t\t<div class=\"elementor-column elementor-col-50 elementor-inner-column elementor-element elementor-element-2417e30f\" data-id=\"2417e30f\" data-element_type=\"column\">\n\t\t\t<div class=\"elementor-widget-wrap elementor-element-populated\">\n\t\t\t\t\t\t<div class=\"elementor-element elementor-element-b3f7e08 elementor-widget elementor-widget-text-editor\" data-id=\"b3f7e08\" data-element_type=\"widget\" data-widget_type=\"text-editor.default\">\n\t\t\t\t<div class=\"elementor-widget-container\">\n\t\t\t\t\t\t\t\t\t<p class=\"p1\"><span class=\"s1\">Cada varietat es vinifica per separat i al gener estudiem amb rigor la millor composici\u00f3. Despr\u00e9s d\u2019una llarga crian\u00e7a decidim oferir dues versions. Una d\u2019elles \u00e9s Brut Real, en la que el nostre licor d\u2019expedici\u00f3 potencia la seva personalitat.<\/span><\/p>\n<p><strong>Nota de tast:\u00a0<br \/><\/strong>Color or brillant amb pres\u00e8ncia de fin\u00edssimes bombolles. Molt floral, amb tocs de fruita blanca, poma i pera madura. Pas en boca equilibrat, elegant i harmoni\u00f3s. Final llarg i refrescant, amb notes suaus de c\u00edtrics i fonoll.<\/p>\n\t\t\t\t\t\t\t\t<\/div>\n\t\t\t\t<\/div>\n\t\t\t\t<div class=\"elementor-element elementor-element-cf1b1e7 elementor-widget elementor-widget-text-editor\" data-id=\"cf1b1e7\" data-element_type=\"widget\" data-widget_type=\"text-editor.default\">\n\t\t\t\t<div class=\"elementor-widget-container\">\n\t\t\t\t\t\t\t\t\t<p><strong>Varietats: <br \/><\/strong>Macabeu, Xarel \u00b7 lo, Parellada.<\/p>\n<p><strong>Maridatge: <br \/><\/strong><span class=\"s1\">Amanides elaborades, verdura, hamburgueses, carn blanca rostida o a la planxa, peix a la graella, aperitius i fruits secs.<\/span><\/p>\n\t\t\t\t\t\t\t\t<\/div>\n\t\t\t\t<\/div>\n\t\t\t\t<div class=\"elementor-element elementor-element-26682a1 elementor-widget elementor-widget-image\" data-id=\"26682a1\" data-element_type=\"widget\" data-widget_type=\"image.default\">\n\t\t\t\t<div class=\"elementor-widget-container\">\n\t\t\t\t\t\t\t\t\t\t\t\t\t\t\t<img decoding=\"async\" width=\"221\" height=\"125\" src=\"https:\/\/shop.mastinell.com\/wp-content\/uploads\/2022\/02\/vegano-eco.png\" class=\"attachment-large size-large wp-image-26352\" alt=\"\" \/>\t\t\t\t\t\t\t\t\t\t\t\t\t\t\t<\/div>\n\t\t\t\t<\/div>\n\t\t\t\t\t<\/div>\n\t\t<\/div>\n\t\t\t\t\t<\/div>\n\t\t<\/section>\n\t\t\t\t\t<\/div>\n\t\t<\/div>\n\t\t\t\t\t<\/div>\n\t\t<\/section>\n\t\t\t\t<section class=\"elementor-section elementor-top-section elementor-element elementor-element-1337383 elementor-section-full_width elementor-section-height-default elementor-section-height-default\" data-id=\"1337383\" data-element_type=\"section\">\n\t\t\t\t\t\t<div class=\"elementor-container elementor-column-gap-default\">\n\t\t\t\t\t<div class=\"elementor-column elementor-col-100 elementor-top-column elementor-element elementor-element-66edb3a\" data-id=\"66edb3a\" data-element_type=\"column\">\n\t\t\t<div class=\"elementor-widget-wrap elementor-element-populated\">\n\t\t\t\t\t\t<div class=\"elementor-element elementor-element-e872093 middle-title elementor-widget elementor-widget-heading\" data-id=\"e872093\" data-element_type=\"widget\" data-widget_type=\"heading.default\">\n\t\t\t\t<div class=\"elementor-widget-container\">\n\t\t\t\t\t<h3 class=\"elementor-heading-title elementor-size-large\">Premis<\/h3>\t\t\t\t<\/div>\n\t\t\t\t<\/div>\n\t\t\t\t<div class=\"elementor-element elementor-element-57e0f3b elementor-widget elementor-widget-image-carousel\" data-id=\"57e0f3b\" data-element_type=\"widget\" data-settings=\"{&quot;slides_to_show&quot;:&quot;10&quot;,&quot;navigation&quot;:&quot;none&quot;,&quot;image_spacing_custom&quot;:{&quot;unit&quot;:&quot;px&quot;,&quot;size&quot;:30,&quot;sizes&quot;:[]},&quot;slides_to_scroll&quot;:&quot;1&quot;,&quot;autoplay_speed&quot;:3000,&quot;autoplay&quot;:&quot;yes&quot;,&quot;pause_on_hover&quot;:&quot;yes&quot;,&quot;pause_on_interaction&quot;:&quot;yes&quot;,&quot;speed&quot;:500,&quot;image_spacing_custom_tablet&quot;:{&quot;unit&quot;:&quot;px&quot;,&quot;size&quot;:&quot;&quot;,&quot;sizes&quot;:[]},&quot;image_spacing_custom_mobile&quot;:{&quot;unit&quot;:&quot;px&quot;,&quot;size&quot;:&quot;&quot;,&quot;sizes&quot;:[]}}\" data-widget_type=\"image-carousel.default\">\n\t\t\t\t<div class=\"elementor-widget-container\">\n\t\t\t\t\t\t\t<div class=\"elementor-image-carousel-wrapper swiper\" role=\"region\" aria-roledescription=\"carousel\" aria-label=\"Carrusel de im\u00e1genes\" dir=\"ltr\">\n\t\t\t<div class=\"elementor-image-carousel swiper-wrapper\" aria-live=\"off\">\n\t\t\t\t\t\t\t\t<div class=\"swiper-slide\" role=\"group\" aria-roledescription=\"slide\" aria-label=\"1 de 8\"><figure class=\"swiper-slide-inner\"><img decoding=\"async\" class=\"swiper-slide-image\" src=\"https:\/\/shop.mastinell.com\/wp-content\/uploads\/2024\/12\/1_92.png\" alt=\"1_92\" \/><\/figure><\/div><div class=\"swiper-slide\" role=\"group\" aria-roledescription=\"slide\" aria-label=\"2 de 8\"><figure class=\"swiper-slide-inner\"><img decoding=\"async\" class=\"swiper-slide-image\" src=\"https:\/\/shop.mastinell.com\/wp-content\/uploads\/2024\/12\/2_PREMIOSWEB-CONCOURSGOLD2021-1.jpeg\" alt=\"2_PREMIOSWEB-CONCOURSGOLD2021-1\" \/><\/figure><\/div><div class=\"swiper-slide\" role=\"group\" aria-roledescription=\"slide\" aria-label=\"3 de 8\"><figure class=\"swiper-slide-inner\"><img decoding=\"async\" class=\"swiper-slide-image\" src=\"https:\/\/shop.mastinell.com\/wp-content\/uploads\/2024\/12\/3_PREMIOSWEB-MUNDUSVINIGOLD-1.jpeg\" alt=\"3_PREMIOSWEB-MUNDUSVINIGOLD-1\" \/><\/figure><\/div><div class=\"swiper-slide\" role=\"group\" aria-roledescription=\"slide\" aria-label=\"4 de 8\"><figure class=\"swiper-slide-inner\"><img decoding=\"async\" class=\"swiper-slide-image\" src=\"https:\/\/shop.mastinell.com\/wp-content\/uploads\/2024\/12\/4_PREMIOSWEB-MUNDUSVINIPLATA.jpeg\" alt=\"4_PREMIOSWEB-MUNDUSVINIPLATA\" \/><\/figure><\/div><div class=\"swiper-slide\" role=\"group\" aria-roledescription=\"slide\" aria-label=\"5 de 8\"><figure class=\"swiper-slide-inner\"><img decoding=\"async\" class=\"swiper-slide-image\" src=\"https:\/\/shop.mastinell.com\/wp-content\/uploads\/2024\/12\/5_PREMIOSWEB-JAPANWINEPLATA2017.jpeg\" alt=\"5_PREMIOSWEB-JAPANWINEPLATA2017\" \/><\/figure><\/div><div class=\"swiper-slide\" role=\"group\" aria-roledescription=\"slide\" aria-label=\"6 de 8\"><figure class=\"swiper-slide-inner\"><img decoding=\"async\" class=\"swiper-slide-image\" src=\"https:\/\/shop.mastinell.com\/wp-content\/uploads\/2024\/12\/6_PREMIOSWEB-CONCOURSgilbertgailard2016.jpeg\" alt=\"6_PREMIOSWEB-CONCOURSgilbertgailard2016\" \/><\/figure><\/div><div class=\"swiper-slide\" role=\"group\" aria-roledescription=\"slide\" aria-label=\"7 de 8\"><figure class=\"swiper-slide-inner\"><img decoding=\"async\" class=\"swiper-slide-image\" src=\"https:\/\/shop.mastinell.com\/wp-content\/uploads\/2024\/12\/7_PREMIOSWEB-AWCVIENNAGOLD2016.jpeg\" alt=\"7_PREMIOSWEB-AWCVIENNAGOLD2016\" \/><\/figure><\/div><div class=\"swiper-slide\" role=\"group\" aria-roledescription=\"slide\" aria-label=\"8 de 8\"><figure class=\"swiper-slide-inner\"><img decoding=\"async\" class=\"swiper-slide-image\" src=\"https:\/\/shop.mastinell.com\/wp-content\/uploads\/2024\/12\/8_PREMIOSWEB-DECANTERBRONCE2013.jpeg\" alt=\"8_PREMIOSWEB-DECANTERBRONCE2013\" \/><\/figure><\/div>\t\t\t<\/div>\n\t\t\t\t\t\t\t\n\t\t\t\t\t\t\t\t\t<\/div>\n\t\t\t\t\t\t<\/div>\n\t\t\t\t<\/div>\n\t\t\t\t\t<\/div>\n\t\t<\/div>\n\t\t\t\t\t<\/div>\n\t\t<\/section>\n\t\t\t\t<\/div>\n\t\t","protected":false},"excerpt":{"rendered":"<p><em>Brut<\/em><\/p>\n<p class=\"p1\"><span class=\"s1\">Equilibrat, elegant i harmoni\u00f3s. El nostre Brut Real, ara en format magnum, \u00e9s l\u00b4acompanyant ideal de qualsevol celebraci\u00f3 amb els teus.<\/span><\/p>\n","protected":false},"featured_media":34173,"template":"","meta":{"_acf_changed":false},"product_brand":[],"product_cat":[113],"product_tag":[],"class_list":{"0":"post-37032","1":"product","2":"type-product","3":"status-publish","4":"has-post-thumbnail","6":"product_cat-cava-ca","8":"first","9":"instock","10":"shipping-taxable","11":"purchasable","12":"product-type-simple"},"acf":[],"yoast_head":"<!-- This site is optimized with the Yoast SEO plugin v27.5 - https:\/\/yoast.com\/product\/yoast-seo-wordpress\/ -->\n<title>Cava Brut Real Gran Reserva Magnum | Mastinell<\/title>\n<meta name=\"description\" content=\"Cava Brut Real Gran Reserva es un cava brut equilibrado, elegante y armonioso con toques suaves de c\u00edtricos e hinojo en tama\u00f1o XL (1,5L).\" \/>\n<meta name=\"robots\" content=\"index, follow, max-snippet:-1, max-image-preview:large, max-video-preview:-1\" \/>\n<link rel=\"canonical\" href=\"https:\/\/shop.mastinell.com\/ca\/producto\/cava-brut-real-gran-reserva-magnum-eco-2016\/\" \/>\n<meta property=\"og:locale\" content=\"ca_ES\" \/>\n<meta property=\"og:type\" content=\"article\" \/>\n<meta property=\"og:title\" content=\"Cava Brut Real Gran Reserva Magnum | Mastinell\" \/>\n<meta property=\"og:description\" content=\"Cava Brut Real Gran Reserva es un cava brut equilibrado, elegante y armonioso con toques suaves de c\u00edtricos e hinojo en tama\u00f1o XL (1,5L).\" \/>\n<meta property=\"og:url\" content=\"https:\/\/shop.mastinell.com\/ca\/producto\/cava-brut-real-gran-reserva-magnum-eco-2016\/\" \/>\n<meta property=\"og:site_name\" content=\"Mastinell\" \/>\n<meta property=\"article:publisher\" content=\"https:\/\/www.facebook.com\/CavaHotelMastinell\" \/>\n<meta property=\"article:modified_time\" content=\"2025-11-20T15:11:58+00:00\" \/>\n<meta property=\"og:image\" content=\"https:\/\/shop.mastinell.com\/wp-content\/uploads\/2020\/03\/Tienda-Mastinell_Cavas_Brut-Real_exterior.jpg\" \/>\n\t<meta property=\"og:image:width\" content=\"890\" \/>\n\t<meta property=\"og:image:height\" content=\"668\" \/>\n\t<meta property=\"og:image:type\" content=\"image\/jpeg\" \/>\n<meta name=\"twitter:card\" content=\"summary_large_image\" \/>\n<meta name=\"twitter:label1\" content=\"Temps estimat de lectura\" \/>\n\t<meta name=\"twitter:data1\" content=\"3 minuts\" \/>\n<script type=\"application\/ld+json\" class=\"yoast-schema-graph\">{\"@context\":\"https:\\\/\\\/schema.org\",\"@graph\":[{\"@type\":\"WebPage\",\"@id\":\"https:\\\/\\\/shop.mastinell.com\\\/ca\\\/producto\\\/cava-brut-real-gran-reserva-magnum-eco-2016\\\/\",\"url\":\"https:\\\/\\\/shop.mastinell.com\\\/ca\\\/producto\\\/cava-brut-real-gran-reserva-magnum-eco-2016\\\/\",\"name\":\"Cava Brut Real Gran Reserva Magnum | Mastinell\",\"isPartOf\":{\"@id\":\"https:\\\/\\\/mastinell.agencialiverpool.test\\\/#website\"},\"primaryImageOfPage\":{\"@id\":\"https:\\\/\\\/shop.mastinell.com\\\/ca\\\/producto\\\/cava-brut-real-gran-reserva-magnum-eco-2016\\\/#primaryimage\"},\"image\":{\"@id\":\"https:\\\/\\\/shop.mastinell.com\\\/ca\\\/producto\\\/cava-brut-real-gran-reserva-magnum-eco-2016\\\/#primaryimage\"},\"thumbnailUrl\":\"https:\\\/\\\/shop.mastinell.com\\\/wp-content\\\/uploads\\\/2020\\\/03\\\/Tienda-Mastinell_Cavas_Brut-Real_exterior.jpg\",\"datePublished\":\"2025-02-04T22:29:59+00:00\",\"dateModified\":\"2025-11-20T15:11:58+00:00\",\"description\":\"Cava Brut Real Gran Reserva es un cava brut equilibrado, elegante y armonioso con toques suaves de c\u00edtricos e hinojo en tama\u00f1o XL (1,5L).\",\"breadcrumb\":{\"@id\":\"https:\\\/\\\/shop.mastinell.com\\\/ca\\\/producto\\\/cava-brut-real-gran-reserva-magnum-eco-2016\\\/#breadcrumb\"},\"inLanguage\":\"ca\",\"potentialAction\":[{\"@type\":\"ReadAction\",\"target\":[\"https:\\\/\\\/shop.mastinell.com\\\/ca\\\/producto\\\/cava-brut-real-gran-reserva-magnum-eco-2016\\\/\"]}]},{\"@type\":\"ImageObject\",\"inLanguage\":\"ca\",\"@id\":\"https:\\\/\\\/shop.mastinell.com\\\/ca\\\/producto\\\/cava-brut-real-gran-reserva-magnum-eco-2016\\\/#primaryimage\",\"url\":\"https:\\\/\\\/shop.mastinell.com\\\/wp-content\\\/uploads\\\/2020\\\/03\\\/Tienda-Mastinell_Cavas_Brut-Real_exterior.jpg\",\"contentUrl\":\"https:\\\/\\\/shop.mastinell.com\\\/wp-content\\\/uploads\\\/2020\\\/03\\\/Tienda-Mastinell_Cavas_Brut-Real_exterior.jpg\",\"width\":890,\"height\":668},{\"@type\":\"BreadcrumbList\",\"@id\":\"https:\\\/\\\/shop.mastinell.com\\\/ca\\\/producto\\\/cava-brut-real-gran-reserva-magnum-eco-2016\\\/#breadcrumb\",\"itemListElement\":[{\"@type\":\"ListItem\",\"position\":1,\"name\":\"Home\",\"item\":\"https:\\\/\\\/shop.mastinell.com\\\/ca\\\/tienda\\\/\"},{\"@type\":\"ListItem\",\"position\":2,\"name\":\"Brut Real Magnum 2016\"}]},{\"@type\":\"WebSite\",\"@id\":\"https:\\\/\\\/mastinell.agencialiverpool.test\\\/#website\",\"url\":\"https:\\\/\\\/mastinell.agencialiverpool.test\\\/\",\"name\":\"Mastinell\",\"description\":\"Tienda Oficial\",\"publisher\":{\"@id\":\"https:\\\/\\\/mastinell.agencialiverpool.test\\\/#organization\"},\"potentialAction\":[{\"@type\":\"SearchAction\",\"target\":{\"@type\":\"EntryPoint\",\"urlTemplate\":\"https:\\\/\\\/mastinell.agencialiverpool.test\\\/?s={search_term_string}\"},\"query-input\":{\"@type\":\"PropertyValueSpecification\",\"valueRequired\":true,\"valueName\":\"search_term_string\"}}],\"inLanguage\":\"ca\"},{\"@type\":\"Organization\",\"@id\":\"https:\\\/\\\/mastinell.agencialiverpool.test\\\/#organization\",\"name\":\"Mastinell\",\"url\":\"https:\\\/\\\/mastinell.agencialiverpool.test\\\/\",\"logo\":{\"@type\":\"ImageObject\",\"inLanguage\":\"ca\",\"@id\":\"https:\\\/\\\/mastinell.agencialiverpool.test\\\/#\\\/schema\\\/logo\\\/image\\\/\",\"url\":\"https:\\\/\\\/shop.mastinell.com\\\/wp-content\\\/uploads\\\/2025\\\/01\\\/Mastinell-Cava-y-Hotel-scaled-1.webp\",\"contentUrl\":\"https:\\\/\\\/shop.mastinell.com\\\/wp-content\\\/uploads\\\/2025\\\/01\\\/Mastinell-Cava-y-Hotel-scaled-1.webp\",\"width\":2560,\"height\":531,\"caption\":\"Mastinell\"},\"image\":{\"@id\":\"https:\\\/\\\/mastinell.agencialiverpool.test\\\/#\\\/schema\\\/logo\\\/image\\\/\"},\"sameAs\":[\"https:\\\/\\\/www.facebook.com\\\/CavaHotelMastinell\",\"https:\\\/\\\/www.instagram.com\\\/cavahotel_mastinell\\\/?hl=es\"]}]}<\/script>\n<!-- \/ Yoast SEO plugin. -->","yoast_head_json":{"title":"Cava Brut Real Gran Reserva Magnum | Mastinell","description":"Cava Brut Real Gran Reserva es un cava brut equilibrado, elegante y armonioso con toques suaves de c\u00edtricos e hinojo en tama\u00f1o XL (1,5L).","robots":{"index":"index","follow":"follow","max-snippet":"max-snippet:-1","max-image-preview":"max-image-preview:large","max-video-preview":"max-video-preview:-1"},"canonical":"https:\/\/shop.mastinell.com\/ca\/producto\/cava-brut-real-gran-reserva-magnum-eco-2016\/","og_locale":"ca_ES","og_type":"article","og_title":"Cava Brut Real Gran Reserva Magnum | Mastinell","og_description":"Cava Brut Real Gran Reserva es un cava brut equilibrado, elegante y armonioso con toques suaves de c\u00edtricos e hinojo en tama\u00f1o XL (1,5L).","og_url":"https:\/\/shop.mastinell.com\/ca\/producto\/cava-brut-real-gran-reserva-magnum-eco-2016\/","og_site_name":"Mastinell","article_publisher":"https:\/\/www.facebook.com\/CavaHotelMastinell","article_modified_time":"2025-11-20T15:11:58+00:00","og_image":[{"width":890,"height":668,"url":"https:\/\/shop.mastinell.com\/wp-content\/uploads\/2020\/03\/Tienda-Mastinell_Cavas_Brut-Real_exterior.jpg","type":"image\/jpeg"}],"twitter_card":"summary_large_image","twitter_misc":{"Temps estimat de lectura":"3 minuts"},"schema":{"@context":"https:\/\/schema.org","@graph":[{"@type":"WebPage","@id":"https:\/\/shop.mastinell.com\/ca\/producto\/cava-brut-real-gran-reserva-magnum-eco-2016\/","url":"https:\/\/shop.mastinell.com\/ca\/producto\/cava-brut-real-gran-reserva-magnum-eco-2016\/","name":"Cava Brut Real Gran Reserva Magnum | Mastinell","isPartOf":{"@id":"https:\/\/mastinell.agencialiverpool.test\/#website"},"primaryImageOfPage":{"@id":"https:\/\/shop.mastinell.com\/ca\/producto\/cava-brut-real-gran-reserva-magnum-eco-2016\/#primaryimage"},"image":{"@id":"https:\/\/shop.mastinell.com\/ca\/producto\/cava-brut-real-gran-reserva-magnum-eco-2016\/#primaryimage"},"thumbnailUrl":"https:\/\/shop.mastinell.com\/wp-content\/uploads\/2020\/03\/Tienda-Mastinell_Cavas_Brut-Real_exterior.jpg","datePublished":"2025-02-04T22:29:59+00:00","dateModified":"2025-11-20T15:11:58+00:00","description":"Cava Brut Real Gran Reserva es un cava brut equilibrado, elegante y armonioso con toques suaves de c\u00edtricos e hinojo en tama\u00f1o XL (1,5L).","breadcrumb":{"@id":"https:\/\/shop.mastinell.com\/ca\/producto\/cava-brut-real-gran-reserva-magnum-eco-2016\/#breadcrumb"},"inLanguage":"ca","potentialAction":[{"@type":"ReadAction","target":["https:\/\/shop.mastinell.com\/ca\/producto\/cava-brut-real-gran-reserva-magnum-eco-2016\/"]}]},{"@type":"ImageObject","inLanguage":"ca","@id":"https:\/\/shop.mastinell.com\/ca\/producto\/cava-brut-real-gran-reserva-magnum-eco-2016\/#primaryimage","url":"https:\/\/shop.mastinell.com\/wp-content\/uploads\/2020\/03\/Tienda-Mastinell_Cavas_Brut-Real_exterior.jpg","contentUrl":"https:\/\/shop.mastinell.com\/wp-content\/uploads\/2020\/03\/Tienda-Mastinell_Cavas_Brut-Real_exterior.jpg","width":890,"height":668},{"@type":"BreadcrumbList","@id":"https:\/\/shop.mastinell.com\/ca\/producto\/cava-brut-real-gran-reserva-magnum-eco-2016\/#breadcrumb","itemListElement":[{"@type":"ListItem","position":1,"name":"Home","item":"https:\/\/shop.mastinell.com\/ca\/tienda\/"},{"@type":"ListItem","position":2,"name":"Brut Real Magnum 2016"}]},{"@type":"WebSite","@id":"https:\/\/mastinell.agencialiverpool.test\/#website","url":"https:\/\/mastinell.agencialiverpool.test\/","name":"Mastinell","description":"Tienda Oficial","publisher":{"@id":"https:\/\/mastinell.agencialiverpool.test\/#organization"},"potentialAction":[{"@type":"SearchAction","target":{"@type":"EntryPoint","urlTemplate":"https:\/\/mastinell.agencialiverpool.test\/?s={search_term_string}"},"query-input":{"@type":"PropertyValueSpecification","valueRequired":true,"valueName":"search_term_string"}}],"inLanguage":"ca"},{"@type":"Organization","@id":"https:\/\/mastinell.agencialiverpool.test\/#organization","name":"Mastinell","url":"https:\/\/mastinell.agencialiverpool.test\/","logo":{"@type":"ImageObject","inLanguage":"ca","@id":"https:\/\/mastinell.agencialiverpool.test\/#\/schema\/logo\/image\/","url":"https:\/\/shop.mastinell.com\/wp-content\/uploads\/2025\/01\/Mastinell-Cava-y-Hotel-scaled-1.webp","contentUrl":"https:\/\/shop.mastinell.com\/wp-content\/uploads\/2025\/01\/Mastinell-Cava-y-Hotel-scaled-1.webp","width":2560,"height":531,"caption":"Mastinell"},"image":{"@id":"https:\/\/mastinell.agencialiverpool.test\/#\/schema\/logo\/image\/"},"sameAs":["https:\/\/www.facebook.com\/CavaHotelMastinell","https:\/\/www.instagram.com\/cavahotel_mastinell\/?hl=es"]}]}},"_links":{"self":[{"href":"https:\/\/shop.mastinell.com\/ca\/wp-json\/wp\/v2\/product\/37032","targetHints":{"allow":["GET"]}}],"collection":[{"href":"https:\/\/shop.mastinell.com\/ca\/wp-json\/wp\/v2\/product"}],"about":[{"href":"https:\/\/shop.mastinell.com\/ca\/wp-json\/wp\/v2\/types\/product"}],"version-history":[{"count":9,"href":"https:\/\/shop.mastinell.com\/ca\/wp-json\/wp\/v2\/product\/37032\/revisions"}],"predecessor-version":[{"id":39395,"href":"https:\/\/shop.mastinell.com\/ca\/wp-json\/wp\/v2\/product\/37032\/revisions\/39395"}],"wp:featuredmedia":[{"embeddable":true,"href":"https:\/\/shop.mastinell.com\/ca\/wp-json\/wp\/v2\/media\/34173"}],"wp:attachment":[{"href":"https:\/\/shop.mastinell.com\/ca\/wp-json\/wp\/v2\/media?parent=37032"}],"wp:term":[{"taxonomy":"product_brand","embeddable":true,"href":"https:\/\/shop.mastinell.com\/ca\/wp-json\/wp\/v2\/product_brand?post=37032"},{"taxonomy":"product_cat","embeddable":true,"href":"https:\/\/shop.mastinell.com\/ca\/wp-json\/wp\/v2\/product_cat?post=37032"},{"taxonomy":"product_tag","embeddable":true,"href":"https:\/\/shop.mastinell.com\/ca\/wp-json\/wp\/v2\/product_tag?post=37032"}],"curies":[{"name":"wp","href":"https:\/\/api.w.org\/{rel}","templated":true}]}}