{"id":37034,"date":"2025-02-04T17:50:45","date_gmt":"2025-02-04T16:50:45","guid":{"rendered":"https:\/\/shop.mastinell.com\/producto\/pack-vins-premium\/"},"modified":"2025-11-20T17:43:33","modified_gmt":"2025-11-20T16:43:33","slug":"pack-maridatge-premium","status":"publish","type":"product","link":"https:\/\/shop.mastinell.com\/ca\/producto\/pack-maridatge-premium\/","title":{"rendered":"Pack Maridatge Premium"},"content":{"rendered":"\t\t<div data-elementor-type=\"product-post\" data-elementor-id=\"37034\" class=\"elementor elementor-37034 elementor-9573\" data-elementor-post-type=\"product\">\n\t\t\t\t\t\t<section class=\"elementor-section elementor-top-section elementor-element elementor-element-4dc14add elementor-section-stretched elementor-section-boxed elementor-section-height-default elementor-section-height-default\" data-id=\"4dc14add\" data-element_type=\"section\" data-settings=\"{&quot;stretch_section&quot;:&quot;section-stretched&quot;}\">\n\t\t\t\t\t\t<div class=\"elementor-container elementor-column-gap-default\">\n\t\t\t\t\t<div class=\"elementor-column elementor-col-100 elementor-top-column elementor-element elementor-element-790420e3\" data-id=\"790420e3\" data-element_type=\"column\">\n\t\t\t<div class=\"elementor-widget-wrap elementor-element-populated\">\n\t\t\t\t\t\t<section class=\"elementor-section elementor-inner-section elementor-element elementor-element-2ae25f61 elementor-section-content-middle elementor-section-boxed elementor-section-height-default elementor-section-height-default\" data-id=\"2ae25f61\" data-element_type=\"section\">\n\t\t\t\t\t\t<div class=\"elementor-container elementor-column-gap-default\">\n\t\t\t\t\t<div class=\"elementor-column elementor-col-50 elementor-inner-column elementor-element elementor-element-5c5b57ac\" data-id=\"5c5b57ac\" data-element_type=\"column\">\n\t\t\t<div class=\"elementor-widget-wrap elementor-element-populated\">\n\t\t\t\t\t\t<div class=\"elementor-element elementor-element-7b5c0185 elementor-widget elementor-widget-image\" data-id=\"7b5c0185\" data-element_type=\"widget\" data-widget_type=\"image.default\">\n\t\t\t\t<div class=\"elementor-widget-container\">\n\t\t\t\t\t\t\t\t\t\t\t\t\t\t\t<img decoding=\"async\" src=\"https:\/\/shop.mastinell.com\/wp-content\/uploads\/elementor\/thumbs\/mix_cava_vino_premium_in_02-qxwwf646scfng0fizlkuk16jbzlultwso73bq7fuos.jpg\" title=\"mix_cava_vino_premium_in_02\" alt=\"mix_cava_vino_premium_in_02\" loading=\"lazy\" \/>\t\t\t\t\t\t\t\t\t\t\t\t\t\t\t<\/div>\n\t\t\t\t<\/div>\n\t\t\t\t\t<\/div>\n\t\t<\/div>\n\t\t\t\t<div class=\"elementor-column elementor-col-50 elementor-inner-column elementor-element elementor-element-402b9bb1\" data-id=\"402b9bb1\" data-element_type=\"column\">\n\t\t\t<div class=\"elementor-widget-wrap elementor-element-populated\">\n\t\t\t\t\t\t<div class=\"elementor-element elementor-element-2687494 elementor-widget elementor-widget-text-editor\" data-id=\"2687494\" data-element_type=\"widget\" data-widget_type=\"text-editor.default\">\n\t\t\t\t<div class=\"elementor-widget-container\">\n\t\t\t\t\t\t\t\t\t<p><strong>Marida\u2019ls amb:<br \/>\n<\/strong><span class=\"s1\">Gisele: Sushi, plats picants, tempura, bacall\u00e0 i plats de carn blanca.<\/span><\/p>\n<p class=\"p3\"><span class=\"s1\">Arte: Carns blanques amb salses, carns vermelles rostides, bistec t\u00e0rtar, xai a la brasa o a la brasa, formatge d&#8217;ovella.<\/span><\/p>\n<p class=\"p3\"><span class=\"s1\">Cristina: Menjar fumat, marisc, peix blanc al forn i ostres.<\/span><\/p>\n\t\t\t\t\t\t\t\t<\/div>\n\t\t\t\t<\/div>\n\t\t\t\t\t<\/div>\n\t\t<\/div>\n\t\t\t\t\t<\/div>\n\t\t<\/section>\n\t\t\t\t\t<\/div>\n\t\t<\/div>\n\t\t\t\t\t<\/div>\n\t\t<\/section>\n\t\t\t\t<\/div>\n\t\t","protected":false},"excerpt":{"rendered":"<p>En aquest pack t\u2019oferim el maridatge perfecte per una ocasi\u00f3 especial. Els nostres vins i cava neixen de la dedicaci\u00f3, la delicadesa, el savoir-faire i la nostra obstinaci\u00f3 per oferir-te vins i caves d\u2019alta qualitat. Inclou:<\/p>\n<p>\u2013 Una ampolla de Gisele.<br \/>\n\u2013 Una ampolla de Arte.<br \/>\n\u2013 Una ampolla de Cristina.<\/p>\n","protected":false},"featured_media":22107,"template":"","meta":{"_acf_changed":false},"product_brand":[],"product_cat":[113,114,109],"product_tag":[],"class_list":{"0":"post-37034","1":"product","2":"type-product","3":"status-publish","4":"has-post-thumbnail","6":"product_cat-cava-ca","7":"product_cat-regala-cava-vino-ca","8":"product_cat-vino-ca","10":"first","11":"instock","12":"shipping-taxable","13":"purchasable","14":"product-type-variable"},"acf":[],"yoast_head":"<!-- This site is optimized with the Yoast SEO plugin v27.5 - https:\/\/yoast.com\/product\/yoast-seo-wordpress\/ -->\n<title>Pack Maridatge Premium - Mastinell<\/title>\n<meta name=\"robots\" content=\"index, follow, max-snippet:-1, max-image-preview:large, max-video-preview:-1\" \/>\n<link rel=\"canonical\" href=\"https:\/\/shop.mastinell.com\/ca\/producto\/pack-maridatge-premium\/\" \/>\n<meta property=\"og:locale\" content=\"ca_ES\" \/>\n<meta property=\"og:type\" content=\"article\" \/>\n<meta property=\"og:title\" content=\"Pack Maridatge Premium - Mastinell\" \/>\n<meta property=\"og:description\" content=\"En aquest pack t\u2019oferim el maridatge perfecte per una ocasi\u00f3 especial. Els nostres vins i cava neixen de la dedicaci\u00f3, la delicadesa, el savoir-faire i la nostra obstinaci\u00f3 per oferir-te vins i caves d\u2019alta qualitat. Inclou:  \u2013 Una ampolla de Gisele. \u2013 Una ampolla de Arte. \u2013 Una ampolla de Cristina.\" \/>\n<meta property=\"og:url\" content=\"https:\/\/shop.mastinell.com\/ca\/producto\/pack-maridatge-premium\/\" \/>\n<meta property=\"og:site_name\" content=\"Mastinell\" \/>\n<meta property=\"article:publisher\" content=\"https:\/\/www.facebook.com\/CavaHotelMastinell\" \/>\n<meta property=\"article:modified_time\" content=\"2025-11-20T16:43:33+00:00\" \/>\n<meta property=\"og:image\" content=\"https:\/\/shop.mastinell.com\/wp-content\/uploads\/2020\/12\/mix_cava_vino_premium_in_01.jpg\" \/>\n\t<meta property=\"og:image:width\" content=\"1890\" \/>\n\t<meta property=\"og:image:height\" content=\"1880\" \/>\n\t<meta property=\"og:image:type\" content=\"image\/jpeg\" \/>\n<meta name=\"twitter:card\" content=\"summary_large_image\" \/>\n<meta name=\"twitter:label1\" content=\"Temps estimat de lectura\" \/>\n\t<meta name=\"twitter:data1\" content=\"1 minut\" \/>\n<script type=\"application\/ld+json\" class=\"yoast-schema-graph\">{\"@context\":\"https:\\\/\\\/schema.org\",\"@graph\":[{\"@type\":\"WebPage\",\"@id\":\"https:\\\/\\\/shop.mastinell.com\\\/ca\\\/producto\\\/pack-maridatge-premium\\\/\",\"url\":\"https:\\\/\\\/shop.mastinell.com\\\/ca\\\/producto\\\/pack-maridatge-premium\\\/\",\"name\":\"Pack Maridatge Premium - Mastinell\",\"isPartOf\":{\"@id\":\"https:\\\/\\\/mastinell.agencialiverpool.test\\\/#website\"},\"primaryImageOfPage\":{\"@id\":\"https:\\\/\\\/shop.mastinell.com\\\/ca\\\/producto\\\/pack-maridatge-premium\\\/#primaryimage\"},\"image\":{\"@id\":\"https:\\\/\\\/shop.mastinell.com\\\/ca\\\/producto\\\/pack-maridatge-premium\\\/#primaryimage\"},\"thumbnailUrl\":\"https:\\\/\\\/shop.mastinell.com\\\/wp-content\\\/uploads\\\/2020\\\/12\\\/mix_cava_vino_premium_in_01.jpg\",\"datePublished\":\"2025-02-04T16:50:45+00:00\",\"dateModified\":\"2025-11-20T16:43:33+00:00\",\"breadcrumb\":{\"@id\":\"https:\\\/\\\/shop.mastinell.com\\\/ca\\\/producto\\\/pack-maridatge-premium\\\/#breadcrumb\"},\"inLanguage\":\"ca\",\"potentialAction\":[{\"@type\":\"ReadAction\",\"target\":[\"https:\\\/\\\/shop.mastinell.com\\\/ca\\\/producto\\\/pack-maridatge-premium\\\/\"]}]},{\"@type\":\"ImageObject\",\"inLanguage\":\"ca\",\"@id\":\"https:\\\/\\\/shop.mastinell.com\\\/ca\\\/producto\\\/pack-maridatge-premium\\\/#primaryimage\",\"url\":\"https:\\\/\\\/shop.mastinell.com\\\/wp-content\\\/uploads\\\/2020\\\/12\\\/mix_cava_vino_premium_in_01.jpg\",\"contentUrl\":\"https:\\\/\\\/shop.mastinell.com\\\/wp-content\\\/uploads\\\/2020\\\/12\\\/mix_cava_vino_premium_in_01.jpg\",\"width\":1890,\"height\":1880},{\"@type\":\"BreadcrumbList\",\"@id\":\"https:\\\/\\\/shop.mastinell.com\\\/ca\\\/producto\\\/pack-maridatge-premium\\\/#breadcrumb\",\"itemListElement\":[{\"@type\":\"ListItem\",\"position\":1,\"name\":\"Home\",\"item\":\"https:\\\/\\\/shop.mastinell.com\\\/ca\\\/tienda\\\/\"},{\"@type\":\"ListItem\",\"position\":2,\"name\":\"Pack Maridatge Premium\"}]},{\"@type\":\"WebSite\",\"@id\":\"https:\\\/\\\/mastinell.agencialiverpool.test\\\/#website\",\"url\":\"https:\\\/\\\/mastinell.agencialiverpool.test\\\/\",\"name\":\"Mastinell\",\"description\":\"Tienda Oficial\",\"publisher\":{\"@id\":\"https:\\\/\\\/mastinell.agencialiverpool.test\\\/#organization\"},\"potentialAction\":[{\"@type\":\"SearchAction\",\"target\":{\"@type\":\"EntryPoint\",\"urlTemplate\":\"https:\\\/\\\/mastinell.agencialiverpool.test\\\/?s={search_term_string}\"},\"query-input\":{\"@type\":\"PropertyValueSpecification\",\"valueRequired\":true,\"valueName\":\"search_term_string\"}}],\"inLanguage\":\"ca\"},{\"@type\":\"Organization\",\"@id\":\"https:\\\/\\\/mastinell.agencialiverpool.test\\\/#organization\",\"name\":\"Mastinell\",\"url\":\"https:\\\/\\\/mastinell.agencialiverpool.test\\\/\",\"logo\":{\"@type\":\"ImageObject\",\"inLanguage\":\"ca\",\"@id\":\"https:\\\/\\\/mastinell.agencialiverpool.test\\\/#\\\/schema\\\/logo\\\/image\\\/\",\"url\":\"https:\\\/\\\/shop.mastinell.com\\\/wp-content\\\/uploads\\\/2025\\\/01\\\/Mastinell-Cava-y-Hotel-scaled-1.webp\",\"contentUrl\":\"https:\\\/\\\/shop.mastinell.com\\\/wp-content\\\/uploads\\\/2025\\\/01\\\/Mastinell-Cava-y-Hotel-scaled-1.webp\",\"width\":2560,\"height\":531,\"caption\":\"Mastinell\"},\"image\":{\"@id\":\"https:\\\/\\\/mastinell.agencialiverpool.test\\\/#\\\/schema\\\/logo\\\/image\\\/\"},\"sameAs\":[\"https:\\\/\\\/www.facebook.com\\\/CavaHotelMastinell\",\"https:\\\/\\\/www.instagram.com\\\/cavahotel_mastinell\\\/?hl=es\"]}]}<\/script>\n<!-- \/ Yoast SEO plugin. -->","yoast_head_json":{"title":"Pack Maridatge Premium - Mastinell","robots":{"index":"index","follow":"follow","max-snippet":"max-snippet:-1","max-image-preview":"max-image-preview:large","max-video-preview":"max-video-preview:-1"},"canonical":"https:\/\/shop.mastinell.com\/ca\/producto\/pack-maridatge-premium\/","og_locale":"ca_ES","og_type":"article","og_title":"Pack Maridatge Premium - Mastinell","og_description":"En aquest pack t\u2019oferim el maridatge perfecte per una ocasi\u00f3 especial. Els nostres vins i cava neixen de la dedicaci\u00f3, la delicadesa, el savoir-faire i la nostra obstinaci\u00f3 per oferir-te vins i caves d\u2019alta qualitat. Inclou:  \u2013 Una ampolla de Gisele. \u2013 Una ampolla de Arte. \u2013 Una ampolla de Cristina.","og_url":"https:\/\/shop.mastinell.com\/ca\/producto\/pack-maridatge-premium\/","og_site_name":"Mastinell","article_publisher":"https:\/\/www.facebook.com\/CavaHotelMastinell","article_modified_time":"2025-11-20T16:43:33+00:00","og_image":[{"width":1890,"height":1880,"url":"https:\/\/shop.mastinell.com\/wp-content\/uploads\/2020\/12\/mix_cava_vino_premium_in_01.jpg","type":"image\/jpeg"}],"twitter_card":"summary_large_image","twitter_misc":{"Temps estimat de lectura":"1 minut"},"schema":{"@context":"https:\/\/schema.org","@graph":[{"@type":"WebPage","@id":"https:\/\/shop.mastinell.com\/ca\/producto\/pack-maridatge-premium\/","url":"https:\/\/shop.mastinell.com\/ca\/producto\/pack-maridatge-premium\/","name":"Pack Maridatge Premium - Mastinell","isPartOf":{"@id":"https:\/\/mastinell.agencialiverpool.test\/#website"},"primaryImageOfPage":{"@id":"https:\/\/shop.mastinell.com\/ca\/producto\/pack-maridatge-premium\/#primaryimage"},"image":{"@id":"https:\/\/shop.mastinell.com\/ca\/producto\/pack-maridatge-premium\/#primaryimage"},"thumbnailUrl":"https:\/\/shop.mastinell.com\/wp-content\/uploads\/2020\/12\/mix_cava_vino_premium_in_01.jpg","datePublished":"2025-02-04T16:50:45+00:00","dateModified":"2025-11-20T16:43:33+00:00","breadcrumb":{"@id":"https:\/\/shop.mastinell.com\/ca\/producto\/pack-maridatge-premium\/#breadcrumb"},"inLanguage":"ca","potentialAction":[{"@type":"ReadAction","target":["https:\/\/shop.mastinell.com\/ca\/producto\/pack-maridatge-premium\/"]}]},{"@type":"ImageObject","inLanguage":"ca","@id":"https:\/\/shop.mastinell.com\/ca\/producto\/pack-maridatge-premium\/#primaryimage","url":"https:\/\/shop.mastinell.com\/wp-content\/uploads\/2020\/12\/mix_cava_vino_premium_in_01.jpg","contentUrl":"https:\/\/shop.mastinell.com\/wp-content\/uploads\/2020\/12\/mix_cava_vino_premium_in_01.jpg","width":1890,"height":1880},{"@type":"BreadcrumbList","@id":"https:\/\/shop.mastinell.com\/ca\/producto\/pack-maridatge-premium\/#breadcrumb","itemListElement":[{"@type":"ListItem","position":1,"name":"Home","item":"https:\/\/shop.mastinell.com\/ca\/tienda\/"},{"@type":"ListItem","position":2,"name":"Pack Maridatge Premium"}]},{"@type":"WebSite","@id":"https:\/\/mastinell.agencialiverpool.test\/#website","url":"https:\/\/mastinell.agencialiverpool.test\/","name":"Mastinell","description":"Tienda Oficial","publisher":{"@id":"https:\/\/mastinell.agencialiverpool.test\/#organization"},"potentialAction":[{"@type":"SearchAction","target":{"@type":"EntryPoint","urlTemplate":"https:\/\/mastinell.agencialiverpool.test\/?s={search_term_string}"},"query-input":{"@type":"PropertyValueSpecification","valueRequired":true,"valueName":"search_term_string"}}],"inLanguage":"ca"},{"@type":"Organization","@id":"https:\/\/mastinell.agencialiverpool.test\/#organization","name":"Mastinell","url":"https:\/\/mastinell.agencialiverpool.test\/","logo":{"@type":"ImageObject","inLanguage":"ca","@id":"https:\/\/mastinell.agencialiverpool.test\/#\/schema\/logo\/image\/","url":"https:\/\/shop.mastinell.com\/wp-content\/uploads\/2025\/01\/Mastinell-Cava-y-Hotel-scaled-1.webp","contentUrl":"https:\/\/shop.mastinell.com\/wp-content\/uploads\/2025\/01\/Mastinell-Cava-y-Hotel-scaled-1.webp","width":2560,"height":531,"caption":"Mastinell"},"image":{"@id":"https:\/\/mastinell.agencialiverpool.test\/#\/schema\/logo\/image\/"},"sameAs":["https:\/\/www.facebook.com\/CavaHotelMastinell","https:\/\/www.instagram.com\/cavahotel_mastinell\/?hl=es"]}]}},"_links":{"self":[{"href":"https:\/\/shop.mastinell.com\/ca\/wp-json\/wp\/v2\/product\/37034","targetHints":{"allow":["GET"]}}],"collection":[{"href":"https:\/\/shop.mastinell.com\/ca\/wp-json\/wp\/v2\/product"}],"about":[{"href":"https:\/\/shop.mastinell.com\/ca\/wp-json\/wp\/v2\/types\/product"}],"version-history":[{"count":8,"href":"https:\/\/shop.mastinell.com\/ca\/wp-json\/wp\/v2\/product\/37034\/revisions"}],"predecessor-version":[{"id":37587,"href":"https:\/\/shop.mastinell.com\/ca\/wp-json\/wp\/v2\/product\/37034\/revisions\/37587"}],"wp:featuredmedia":[{"embeddable":true,"href":"https:\/\/shop.mastinell.com\/ca\/wp-json\/wp\/v2\/media\/22107"}],"wp:attachment":[{"href":"https:\/\/shop.mastinell.com\/ca\/wp-json\/wp\/v2\/media?parent=37034"}],"wp:term":[{"taxonomy":"product_brand","embeddable":true,"href":"https:\/\/shop.mastinell.com\/ca\/wp-json\/wp\/v2\/product_brand?post=37034"},{"taxonomy":"product_cat","embeddable":true,"href":"https:\/\/shop.mastinell.com\/ca\/wp-json\/wp\/v2\/product_cat?post=37034"},{"taxonomy":"product_tag","embeddable":true,"href":"https:\/\/shop.mastinell.com\/ca\/wp-json\/wp\/v2\/product_tag?post=37034"}],"curies":[{"name":"wp","href":"https:\/\/api.w.org\/{rel}","templated":true}]}}