{"id":37044,"date":"2025-02-04T23:25:30","date_gmt":"2025-02-04T22:25:30","guid":{"rendered":"https:\/\/shop.mastinell.com\/producto\/cava-chapo-reserva-2015\/"},"modified":"2025-11-20T17:48:31","modified_gmt":"2025-11-20T16:48:31","slug":"cava-chapo-reserva-2015","status":"publish","type":"product","link":"https:\/\/shop.mastinell.com\/ca\/producto\/cava-chapo-reserva-2015\/","title":{"rendered":"Chap\u00f3! 2015"},"content":{"rendered":"\t\t<div data-elementor-type=\"product-post\" data-elementor-id=\"37044\" class=\"elementor elementor-37044 elementor-9048\" data-elementor-post-type=\"product\">\n\t\t\t\t\t\t<section class=\"elementor-section elementor-top-section elementor-element elementor-element-ee707b9 elementor-section-stretched elementor-section-boxed elementor-section-height-default elementor-section-height-default\" data-id=\"ee707b9\" data-element_type=\"section\" data-settings=\"{&quot;stretch_section&quot;:&quot;section-stretched&quot;}\">\n\t\t\t\t\t\t<div class=\"elementor-container elementor-column-gap-default\">\n\t\t\t\t\t<div class=\"elementor-column elementor-col-100 elementor-top-column elementor-element elementor-element-4ccf4478\" data-id=\"4ccf4478\" data-element_type=\"column\">\n\t\t\t<div class=\"elementor-widget-wrap elementor-element-populated\">\n\t\t\t\t\t\t<section class=\"elementor-section elementor-inner-section elementor-element elementor-element-b38b7a7 elementor-section-content-middle elementor-section-boxed elementor-section-height-default elementor-section-height-default\" data-id=\"b38b7a7\" data-element_type=\"section\">\n\t\t\t\t\t\t<div class=\"elementor-container elementor-column-gap-default\">\n\t\t\t\t\t<div class=\"elementor-column elementor-col-50 elementor-inner-column elementor-element elementor-element-63514ebe\" data-id=\"63514ebe\" data-element_type=\"column\">\n\t\t\t<div class=\"elementor-widget-wrap elementor-element-populated\">\n\t\t\t\t\t\t<div class=\"elementor-element elementor-element-54b2fd2f elementor-widget elementor-widget-image\" data-id=\"54b2fd2f\" data-element_type=\"widget\" data-widget_type=\"image.default\">\n\t\t\t\t<div class=\"elementor-widget-container\">\n\t\t\t\t\t\t\t\t\t\t\t\t\t\t\t<img decoding=\"async\" src=\"https:\/\/shop.mastinell.com\/wp-content\/uploads\/elementor\/thumbs\/tienda_cavas_chapo_detalle-qxwwexnn2u42jirtczx7flbdzirjojz7n17yepse8s.jpg\" title=\"tienda_cavas_chapo_detalle\" alt=\"tienda_cavas_chapo_detalle\" loading=\"lazy\" \/>\t\t\t\t\t\t\t\t\t\t\t\t\t\t\t<\/div>\n\t\t\t\t<\/div>\n\t\t\t\t<div class=\"elementor-element elementor-element-2753a761 elementor-widget elementor-widget-image\" data-id=\"2753a761\" data-element_type=\"widget\" data-widget_type=\"image.default\">\n\t\t\t\t<div class=\"elementor-widget-container\">\n\t\t\t\t\t\t\t\t\t\t\t\t\t\t\t<img fetchpriority=\"high\" decoding=\"async\" width=\"1090\" height=\"1434\" src=\"https:\/\/shop.mastinell.com\/wp-content\/uploads\/2020\/12\/chapo_03.jpg\" class=\"attachment-full size-full wp-image-10568\" alt=\"\" srcset=\"https:\/\/shop.mastinell.com\/wp-content\/uploads\/2020\/12\/chapo_03.jpg 1090w, https:\/\/shop.mastinell.com\/wp-content\/uploads\/2020\/12\/chapo_03-228x300.jpg 228w, https:\/\/shop.mastinell.com\/wp-content\/uploads\/2020\/12\/chapo_03-778x1024.jpg 778w, https:\/\/shop.mastinell.com\/wp-content\/uploads\/2020\/12\/chapo_03-768x1010.jpg 768w, https:\/\/shop.mastinell.com\/wp-content\/uploads\/2020\/12\/chapo_03-9x12.jpg 9w, https:\/\/shop.mastinell.com\/wp-content\/uploads\/2020\/12\/chapo_03-660x868.jpg 660w, https:\/\/shop.mastinell.com\/wp-content\/uploads\/2020\/12\/chapo_03-945x1243.jpg 945w\" sizes=\"(max-width: 1090px) 100vw, 1090px\" \/>\t\t\t\t\t\t\t\t\t\t\t\t\t\t\t<\/div>\n\t\t\t\t<\/div>\n\t\t\t\t\t<\/div>\n\t\t<\/div>\n\t\t\t\t<div class=\"elementor-column elementor-col-50 elementor-inner-column elementor-element elementor-element-55bc020d\" data-id=\"55bc020d\" data-element_type=\"column\">\n\t\t\t<div class=\"elementor-widget-wrap elementor-element-populated\">\n\t\t\t\t\t\t<div class=\"elementor-element elementor-element-3fb4962 elementor-widget elementor-widget-text-editor\" data-id=\"3fb4962\" data-element_type=\"widget\" data-widget_type=\"text-editor.default\">\n\t\t\t\t<div class=\"elementor-widget-container\">\n\t\t\t\t\t\t\t\t\t<p class=\"p1\"><span class=\"s1\">El ra\u00efm Chardonnay de la nostra vinya marca cada any l\u2019inici de la verema en el nostre celler, els primers dies d\u2019agost, convertint-se en el tret de sortida del moment m\u00e9s emocionant de l\u2019any.<\/span><\/p>\n<p><strong>Nota de tast:\u00a0<br \/><\/strong>Color or, brillant. Bombolla definida per un constant rosari. Notes florals precedeixen a aromes afruitats de pinya, aranja i mel\u00f3. En boca \u00e9s equilibrat, elegant i crem\u00f3s. Postgust llarg i fresc amb sensacions c\u00edtriques i bals\u00e0miques.<\/p>\n\t\t\t\t\t\t\t\t<\/div>\n\t\t\t\t<\/div>\n\t\t\t\t<div class=\"elementor-element elementor-element-8383937 elementor-widget elementor-widget-text-editor\" data-id=\"8383937\" data-element_type=\"widget\" data-widget_type=\"text-editor.default\">\n\t\t\t\t<div class=\"elementor-widget-container\">\n\t\t\t\t\t\t\t\t\t<p><strong>Varietat: <br \/><\/strong>100 % Chardonnay.<\/p>\n<p><strong>Maridatge: <br \/><\/strong><span class=\"s1\">Esp\u00e0rrecs, carxofes, peix blanc, pasta, arrossos i aperitius.<\/span><\/p>\n\t\t\t\t\t\t\t\t<\/div>\n\t\t\t\t<\/div>\n\t\t\t\t<div class=\"elementor-element elementor-element-91b6bec elementor-widget elementor-widget-image\" data-id=\"91b6bec\" data-element_type=\"widget\" data-widget_type=\"image.default\">\n\t\t\t\t<div class=\"elementor-widget-container\">\n\t\t\t\t\t\t\t\t\t\t\t\t\t\t\t<img decoding=\"async\" width=\"125\" height=\"125\" src=\"https:\/\/shop.mastinell.com\/wp-content\/uploads\/2021\/01\/Vegano.png\" class=\"attachment-large size-large wp-image-17641\" alt=\"\" srcset=\"https:\/\/shop.mastinell.com\/wp-content\/uploads\/2021\/01\/Vegano.png 125w, https:\/\/shop.mastinell.com\/wp-content\/uploads\/2021\/01\/Vegano-12x12.png 12w, https:\/\/shop.mastinell.com\/wp-content\/uploads\/2021\/01\/Vegano-100x100.png 100w\" sizes=\"(max-width: 125px) 100vw, 125px\" \/>\t\t\t\t\t\t\t\t\t\t\t\t\t\t\t<\/div>\n\t\t\t\t<\/div>\n\t\t\t\t\t<\/div>\n\t\t<\/div>\n\t\t\t\t\t<\/div>\n\t\t<\/section>\n\t\t\t\t\t<\/div>\n\t\t<\/div>\n\t\t\t\t\t<\/div>\n\t\t<\/section>\n\t\t\t\t<\/div>\n\t\t","protected":false},"excerpt":{"rendered":"<p><em>Extra Brut<\/em><\/p>\n<p class=\"p1\"><span class=\"s1\">Amb Chap\u00f3! oferim la versi\u00f3 m\u00e9s internacional dels nostres caves. Elaborat amb 100 % Chardonnay, \u00e9s un cava que ens demostra la gran versatilitat d\u2019aquesta varietat que, a dia d\u2019avui, conviu en harmonia amb vinyes de varietats aut\u00f2ctones dibuixant el nostre magn\u00edfic i divers paisatge.<\/span><\/p>\n","protected":false},"featured_media":34170,"template":"","meta":{"_acf_changed":false},"product_brand":[],"product_cat":[113],"product_tag":[],"class_list":{"0":"post-37044","1":"product","2":"type-product","3":"status-publish","4":"has-post-thumbnail","6":"product_cat-cava-ca","8":"first","9":"instock","10":"shipping-taxable","11":"purchasable","12":"product-type-simple"},"acf":[],"yoast_head":"<!-- This site is optimized with the Yoast SEO plugin v27.5 - https:\/\/yoast.com\/product\/yoast-seo-wordpress\/ -->\n<title>Cava Chap\u00f3! Reserva | Chardonnay | Mastinell<\/title>\n<meta name=\"description\" content=\"Cava 100% Chardonnay fresco y original, fruto de nuestro privilegiado entorno. Un cava delicado y equilibrado en boca.\" \/>\n<meta name=\"robots\" content=\"index, follow, max-snippet:-1, max-image-preview:large, max-video-preview:-1\" \/>\n<link rel=\"canonical\" href=\"https:\/\/shop.mastinell.com\/ca\/producto\/cava-chapo-reserva-2015\/\" \/>\n<meta property=\"og:locale\" content=\"ca_ES\" \/>\n<meta property=\"og:type\" content=\"article\" \/>\n<meta property=\"og:title\" content=\"Cava Chap\u00f3! Reserva | Chardonnay | Mastinell\" \/>\n<meta property=\"og:description\" content=\"Cava 100% Chardonnay fresco y original, fruto de nuestro privilegiado entorno. Un cava delicado y equilibrado en boca.\" \/>\n<meta property=\"og:url\" content=\"https:\/\/shop.mastinell.com\/ca\/producto\/cava-chapo-reserva-2015\/\" \/>\n<meta property=\"og:site_name\" content=\"Mastinell\" \/>\n<meta property=\"article:publisher\" content=\"https:\/\/www.facebook.com\/CavaHotelMastinell\" \/>\n<meta property=\"article:modified_time\" content=\"2025-11-20T16:48:31+00:00\" \/>\n<meta property=\"og:image\" content=\"https:\/\/shop.mastinell.com\/wp-content\/uploads\/2021\/01\/Tienda-Mastinell_Cavas_Chapo_exterior.jpg\" \/>\n\t<meta property=\"og:image:width\" content=\"890\" \/>\n\t<meta property=\"og:image:height\" content=\"668\" \/>\n\t<meta property=\"og:image:type\" content=\"image\/jpeg\" \/>\n<meta name=\"twitter:card\" content=\"summary_large_image\" \/>\n<meta name=\"twitter:label1\" content=\"Temps estimat de lectura\" \/>\n\t<meta name=\"twitter:data1\" content=\"2 minuts\" \/>\n<script type=\"application\/ld+json\" class=\"yoast-schema-graph\">{\"@context\":\"https:\\\/\\\/schema.org\",\"@graph\":[{\"@type\":\"WebPage\",\"@id\":\"https:\\\/\\\/shop.mastinell.com\\\/ca\\\/producto\\\/cava-chapo-reserva-2015\\\/\",\"url\":\"https:\\\/\\\/shop.mastinell.com\\\/ca\\\/producto\\\/cava-chapo-reserva-2015\\\/\",\"name\":\"Cava Chap\u00f3! Reserva | Chardonnay | Mastinell\",\"isPartOf\":{\"@id\":\"https:\\\/\\\/mastinell.agencialiverpool.test\\\/#website\"},\"primaryImageOfPage\":{\"@id\":\"https:\\\/\\\/shop.mastinell.com\\\/ca\\\/producto\\\/cava-chapo-reserva-2015\\\/#primaryimage\"},\"image\":{\"@id\":\"https:\\\/\\\/shop.mastinell.com\\\/ca\\\/producto\\\/cava-chapo-reserva-2015\\\/#primaryimage\"},\"thumbnailUrl\":\"https:\\\/\\\/shop.mastinell.com\\\/wp-content\\\/uploads\\\/2021\\\/01\\\/Tienda-Mastinell_Cavas_Chapo_exterior.jpg\",\"datePublished\":\"2025-02-04T22:25:30+00:00\",\"dateModified\":\"2025-11-20T16:48:31+00:00\",\"description\":\"Cava 100% Chardonnay fresco y original, fruto de nuestro privilegiado entorno. Un cava delicado y equilibrado en boca.\",\"breadcrumb\":{\"@id\":\"https:\\\/\\\/shop.mastinell.com\\\/ca\\\/producto\\\/cava-chapo-reserva-2015\\\/#breadcrumb\"},\"inLanguage\":\"ca\",\"potentialAction\":[{\"@type\":\"ReadAction\",\"target\":[\"https:\\\/\\\/shop.mastinell.com\\\/ca\\\/producto\\\/cava-chapo-reserva-2015\\\/\"]}]},{\"@type\":\"ImageObject\",\"inLanguage\":\"ca\",\"@id\":\"https:\\\/\\\/shop.mastinell.com\\\/ca\\\/producto\\\/cava-chapo-reserva-2015\\\/#primaryimage\",\"url\":\"https:\\\/\\\/shop.mastinell.com\\\/wp-content\\\/uploads\\\/2021\\\/01\\\/Tienda-Mastinell_Cavas_Chapo_exterior.jpg\",\"contentUrl\":\"https:\\\/\\\/shop.mastinell.com\\\/wp-content\\\/uploads\\\/2021\\\/01\\\/Tienda-Mastinell_Cavas_Chapo_exterior.jpg\",\"width\":890,\"height\":668},{\"@type\":\"BreadcrumbList\",\"@id\":\"https:\\\/\\\/shop.mastinell.com\\\/ca\\\/producto\\\/cava-chapo-reserva-2015\\\/#breadcrumb\",\"itemListElement\":[{\"@type\":\"ListItem\",\"position\":1,\"name\":\"Home\",\"item\":\"https:\\\/\\\/shop.mastinell.com\\\/ca\\\/tienda\\\/\"},{\"@type\":\"ListItem\",\"position\":2,\"name\":\"Chap\u00f3! 2015\"}]},{\"@type\":\"WebSite\",\"@id\":\"https:\\\/\\\/mastinell.agencialiverpool.test\\\/#website\",\"url\":\"https:\\\/\\\/mastinell.agencialiverpool.test\\\/\",\"name\":\"Mastinell\",\"description\":\"Tienda Oficial\",\"publisher\":{\"@id\":\"https:\\\/\\\/mastinell.agencialiverpool.test\\\/#organization\"},\"potentialAction\":[{\"@type\":\"SearchAction\",\"target\":{\"@type\":\"EntryPoint\",\"urlTemplate\":\"https:\\\/\\\/mastinell.agencialiverpool.test\\\/?s={search_term_string}\"},\"query-input\":{\"@type\":\"PropertyValueSpecification\",\"valueRequired\":true,\"valueName\":\"search_term_string\"}}],\"inLanguage\":\"ca\"},{\"@type\":\"Organization\",\"@id\":\"https:\\\/\\\/mastinell.agencialiverpool.test\\\/#organization\",\"name\":\"Mastinell\",\"url\":\"https:\\\/\\\/mastinell.agencialiverpool.test\\\/\",\"logo\":{\"@type\":\"ImageObject\",\"inLanguage\":\"ca\",\"@id\":\"https:\\\/\\\/mastinell.agencialiverpool.test\\\/#\\\/schema\\\/logo\\\/image\\\/\",\"url\":\"https:\\\/\\\/shop.mastinell.com\\\/wp-content\\\/uploads\\\/2025\\\/01\\\/Mastinell-Cava-y-Hotel-scaled-1.webp\",\"contentUrl\":\"https:\\\/\\\/shop.mastinell.com\\\/wp-content\\\/uploads\\\/2025\\\/01\\\/Mastinell-Cava-y-Hotel-scaled-1.webp\",\"width\":2560,\"height\":531,\"caption\":\"Mastinell\"},\"image\":{\"@id\":\"https:\\\/\\\/mastinell.agencialiverpool.test\\\/#\\\/schema\\\/logo\\\/image\\\/\"},\"sameAs\":[\"https:\\\/\\\/www.facebook.com\\\/CavaHotelMastinell\",\"https:\\\/\\\/www.instagram.com\\\/cavahotel_mastinell\\\/?hl=es\"]}]}<\/script>\n<!-- \/ Yoast SEO plugin. -->","yoast_head_json":{"title":"Cava Chap\u00f3! Reserva | Chardonnay | Mastinell","description":"Cava 100% Chardonnay fresco y original, fruto de nuestro privilegiado entorno. Un cava delicado y equilibrado en boca.","robots":{"index":"index","follow":"follow","max-snippet":"max-snippet:-1","max-image-preview":"max-image-preview:large","max-video-preview":"max-video-preview:-1"},"canonical":"https:\/\/shop.mastinell.com\/ca\/producto\/cava-chapo-reserva-2015\/","og_locale":"ca_ES","og_type":"article","og_title":"Cava Chap\u00f3! Reserva | Chardonnay | Mastinell","og_description":"Cava 100% Chardonnay fresco y original, fruto de nuestro privilegiado entorno. Un cava delicado y equilibrado en boca.","og_url":"https:\/\/shop.mastinell.com\/ca\/producto\/cava-chapo-reserva-2015\/","og_site_name":"Mastinell","article_publisher":"https:\/\/www.facebook.com\/CavaHotelMastinell","article_modified_time":"2025-11-20T16:48:31+00:00","og_image":[{"width":890,"height":668,"url":"https:\/\/shop.mastinell.com\/wp-content\/uploads\/2021\/01\/Tienda-Mastinell_Cavas_Chapo_exterior.jpg","type":"image\/jpeg"}],"twitter_card":"summary_large_image","twitter_misc":{"Temps estimat de lectura":"2 minuts"},"schema":{"@context":"https:\/\/schema.org","@graph":[{"@type":"WebPage","@id":"https:\/\/shop.mastinell.com\/ca\/producto\/cava-chapo-reserva-2015\/","url":"https:\/\/shop.mastinell.com\/ca\/producto\/cava-chapo-reserva-2015\/","name":"Cava Chap\u00f3! Reserva | Chardonnay | Mastinell","isPartOf":{"@id":"https:\/\/mastinell.agencialiverpool.test\/#website"},"primaryImageOfPage":{"@id":"https:\/\/shop.mastinell.com\/ca\/producto\/cava-chapo-reserva-2015\/#primaryimage"},"image":{"@id":"https:\/\/shop.mastinell.com\/ca\/producto\/cava-chapo-reserva-2015\/#primaryimage"},"thumbnailUrl":"https:\/\/shop.mastinell.com\/wp-content\/uploads\/2021\/01\/Tienda-Mastinell_Cavas_Chapo_exterior.jpg","datePublished":"2025-02-04T22:25:30+00:00","dateModified":"2025-11-20T16:48:31+00:00","description":"Cava 100% Chardonnay fresco y original, fruto de nuestro privilegiado entorno. Un cava delicado y equilibrado en boca.","breadcrumb":{"@id":"https:\/\/shop.mastinell.com\/ca\/producto\/cava-chapo-reserva-2015\/#breadcrumb"},"inLanguage":"ca","potentialAction":[{"@type":"ReadAction","target":["https:\/\/shop.mastinell.com\/ca\/producto\/cava-chapo-reserva-2015\/"]}]},{"@type":"ImageObject","inLanguage":"ca","@id":"https:\/\/shop.mastinell.com\/ca\/producto\/cava-chapo-reserva-2015\/#primaryimage","url":"https:\/\/shop.mastinell.com\/wp-content\/uploads\/2021\/01\/Tienda-Mastinell_Cavas_Chapo_exterior.jpg","contentUrl":"https:\/\/shop.mastinell.com\/wp-content\/uploads\/2021\/01\/Tienda-Mastinell_Cavas_Chapo_exterior.jpg","width":890,"height":668},{"@type":"BreadcrumbList","@id":"https:\/\/shop.mastinell.com\/ca\/producto\/cava-chapo-reserva-2015\/#breadcrumb","itemListElement":[{"@type":"ListItem","position":1,"name":"Home","item":"https:\/\/shop.mastinell.com\/ca\/tienda\/"},{"@type":"ListItem","position":2,"name":"Chap\u00f3! 2015"}]},{"@type":"WebSite","@id":"https:\/\/mastinell.agencialiverpool.test\/#website","url":"https:\/\/mastinell.agencialiverpool.test\/","name":"Mastinell","description":"Tienda Oficial","publisher":{"@id":"https:\/\/mastinell.agencialiverpool.test\/#organization"},"potentialAction":[{"@type":"SearchAction","target":{"@type":"EntryPoint","urlTemplate":"https:\/\/mastinell.agencialiverpool.test\/?s={search_term_string}"},"query-input":{"@type":"PropertyValueSpecification","valueRequired":true,"valueName":"search_term_string"}}],"inLanguage":"ca"},{"@type":"Organization","@id":"https:\/\/mastinell.agencialiverpool.test\/#organization","name":"Mastinell","url":"https:\/\/mastinell.agencialiverpool.test\/","logo":{"@type":"ImageObject","inLanguage":"ca","@id":"https:\/\/mastinell.agencialiverpool.test\/#\/schema\/logo\/image\/","url":"https:\/\/shop.mastinell.com\/wp-content\/uploads\/2025\/01\/Mastinell-Cava-y-Hotel-scaled-1.webp","contentUrl":"https:\/\/shop.mastinell.com\/wp-content\/uploads\/2025\/01\/Mastinell-Cava-y-Hotel-scaled-1.webp","width":2560,"height":531,"caption":"Mastinell"},"image":{"@id":"https:\/\/mastinell.agencialiverpool.test\/#\/schema\/logo\/image\/"},"sameAs":["https:\/\/www.facebook.com\/CavaHotelMastinell","https:\/\/www.instagram.com\/cavahotel_mastinell\/?hl=es"]}]}},"_links":{"self":[{"href":"https:\/\/shop.mastinell.com\/ca\/wp-json\/wp\/v2\/product\/37044","targetHints":{"allow":["GET"]}}],"collection":[{"href":"https:\/\/shop.mastinell.com\/ca\/wp-json\/wp\/v2\/product"}],"about":[{"href":"https:\/\/shop.mastinell.com\/ca\/wp-json\/wp\/v2\/types\/product"}],"version-history":[{"count":3,"href":"https:\/\/shop.mastinell.com\/ca\/wp-json\/wp\/v2\/product\/37044\/revisions"}],"predecessor-version":[{"id":38164,"href":"https:\/\/shop.mastinell.com\/ca\/wp-json\/wp\/v2\/product\/37044\/revisions\/38164"}],"wp:featuredmedia":[{"embeddable":true,"href":"https:\/\/shop.mastinell.com\/ca\/wp-json\/wp\/v2\/media\/34170"}],"wp:attachment":[{"href":"https:\/\/shop.mastinell.com\/ca\/wp-json\/wp\/v2\/media?parent=37044"}],"wp:term":[{"taxonomy":"product_brand","embeddable":true,"href":"https:\/\/shop.mastinell.com\/ca\/wp-json\/wp\/v2\/product_brand?post=37044"},{"taxonomy":"product_cat","embeddable":true,"href":"https:\/\/shop.mastinell.com\/ca\/wp-json\/wp\/v2\/product_cat?post=37044"},{"taxonomy":"product_tag","embeddable":true,"href":"https:\/\/shop.mastinell.com\/ca\/wp-json\/wp\/v2\/product_tag?post=37044"}],"curies":[{"name":"wp","href":"https:\/\/api.w.org\/{rel}","templated":true}]}}