{"id":37184,"date":"2025-02-04T23:47:59","date_gmt":"2025-02-04T22:47:59","guid":{"rendered":"https:\/\/shop.mastinell.com\/producto\/vi-arte-2022\/"},"modified":"2026-03-05T17:41:00","modified_gmt":"2026-03-05T16:41:00","slug":"vi-arte-2022","status":"publish","type":"product","link":"https:\/\/shop.mastinell.com\/ca\/producto\/vi-arte-2022\/","title":{"rendered":"Arte 2023"},"content":{"rendered":"\t\t<div data-elementor-type=\"product-post\" data-elementor-id=\"37184\" class=\"elementor elementor-37184 elementor-9136\" data-elementor-post-type=\"product\">\n\t\t\t\t\t\t<section class=\"elementor-section elementor-top-section elementor-element elementor-element-cfbdfd0 elementor-section-stretched elementor-section-boxed elementor-section-height-default elementor-section-height-default\" data-id=\"cfbdfd0\" data-element_type=\"section\" data-settings=\"{&quot;stretch_section&quot;:&quot;section-stretched&quot;}\">\n\t\t\t\t\t\t<div class=\"elementor-container elementor-column-gap-default\">\n\t\t\t\t\t<div class=\"elementor-column elementor-col-100 elementor-top-column elementor-element elementor-element-331a79ba\" data-id=\"331a79ba\" data-element_type=\"column\">\n\t\t\t<div class=\"elementor-widget-wrap elementor-element-populated\">\n\t\t\t\t\t\t<section class=\"elementor-section elementor-inner-section elementor-element elementor-element-4dce64af elementor-section-content-middle elementor-section-boxed elementor-section-height-default elementor-section-height-default\" data-id=\"4dce64af\" data-element_type=\"section\">\n\t\t\t\t\t\t<div class=\"elementor-container elementor-column-gap-default\">\n\t\t\t\t\t<div class=\"elementor-column elementor-col-50 elementor-inner-column elementor-element elementor-element-39dd505f\" data-id=\"39dd505f\" data-element_type=\"column\">\n\t\t\t<div class=\"elementor-widget-wrap elementor-element-populated\">\n\t\t\t\t\t\t<div class=\"elementor-element elementor-element-70df5942 elementor-widget elementor-widget-image\" data-id=\"70df5942\" data-element_type=\"widget\" data-widget_type=\"image.default\">\n\t\t\t\t<div class=\"elementor-widget-container\">\n\t\t\t\t\t\t\t\t\t\t\t\t\t\t\t<img decoding=\"async\" src=\"https:\/\/shop.mastinell.com\/wp-content\/uploads\/elementor\/thumbs\/arte_02-qxwwgbh35209murga3gflqqtgxy00igzhvsoudqj30.jpg\" title=\"arte_02\" alt=\"arte_02\" loading=\"lazy\" \/>\t\t\t\t\t\t\t\t\t\t\t\t\t\t\t<\/div>\n\t\t\t\t<\/div>\n\t\t\t\t<div class=\"elementor-element elementor-element-465eca4b elementor-widget elementor-widget-image\" data-id=\"465eca4b\" data-element_type=\"widget\" data-widget_type=\"image.default\">\n\t\t\t\t<div class=\"elementor-widget-container\">\n\t\t\t\t\t\t\t\t\t\t\t\t\t\t\t<img fetchpriority=\"high\" decoding=\"async\" width=\"1090\" height=\"1434\" src=\"https:\/\/shop.mastinell.com\/wp-content\/uploads\/2020\/12\/arte_03.jpg\" class=\"attachment-full size-full wp-image-10404\" alt=\"\" srcset=\"https:\/\/shop.mastinell.com\/wp-content\/uploads\/2020\/12\/arte_03.jpg 1090w, https:\/\/shop.mastinell.com\/wp-content\/uploads\/2020\/12\/arte_03-228x300.jpg 228w, https:\/\/shop.mastinell.com\/wp-content\/uploads\/2020\/12\/arte_03-778x1024.jpg 778w, https:\/\/shop.mastinell.com\/wp-content\/uploads\/2020\/12\/arte_03-768x1010.jpg 768w, https:\/\/shop.mastinell.com\/wp-content\/uploads\/2020\/12\/arte_03-9x12.jpg 9w, https:\/\/shop.mastinell.com\/wp-content\/uploads\/2020\/12\/arte_03-660x868.jpg 660w, https:\/\/shop.mastinell.com\/wp-content\/uploads\/2020\/12\/arte_03-945x1243.jpg 945w\" sizes=\"(max-width: 1090px) 100vw, 1090px\" \/>\t\t\t\t\t\t\t\t\t\t\t\t\t\t\t<\/div>\n\t\t\t\t<\/div>\n\t\t\t\t\t<\/div>\n\t\t<\/div>\n\t\t\t\t<div class=\"elementor-column elementor-col-50 elementor-inner-column elementor-element elementor-element-75967cdb\" data-id=\"75967cdb\" data-element_type=\"column\">\n\t\t\t<div class=\"elementor-widget-wrap elementor-element-populated\">\n\t\t\t\t\t\t<div class=\"elementor-element elementor-element-d1a939c elementor-widget elementor-widget-text-editor\" data-id=\"d1a939c\" data-element_type=\"widget\" data-widget_type=\"text-editor.default\">\n\t\t\t\t<div class=\"elementor-widget-container\">\n\t\t\t\t\t\t\t\t\t<p class=\"p1\"><span class=\"s1\">Arte s\u2019elabora en base a Garnatxa negra, on el seu origen es troba en una parcel\u00b7la seleccionada a Guardiola de Font Rub\u00ed, a 450 m sobre el nivell del mar. L\u2019assemblatge final es real\u00e7a amb Merlot i Cabernet Sauvignon, procedent de petites parcel\u00b7les seleccionades a Sant Mart\u00ed Sarroca.<\/span><\/p><p class=\"p1\"><span class=\"s1\">La maduraci\u00f3 \u00f2ptima s\u2019assoleix amb calma, a mitjans d\u2019octubre. Es realitza una pre-maceraci\u00f3 en fred durant 2 dies i la fermentaci\u00f3 arranca de forma lenta al tercer o quart dia de l\u2019arribada del ra\u00efm al celler.<\/span><\/p><p><strong>Nota de tast:\u00a0<br \/><\/strong>Color vermell rob\u00ed, intensitat mitjana-alta amb ll\u00e0grima persistent. En nas destaca la fruita vermella, predominant gerd i cirera, tocs de sotabosc mediterrani, torrats fins i records de cacau. En boca, notes de fulles de tabac es combinen amb grosella i pruna madura sobre un fons especiat. Llarg final, harm\u00f2nic, tanins madurs i sedosos.<\/p>\t\t\t\t\t\t\t\t<\/div>\n\t\t\t\t<\/div>\n\t\t\t\t<div class=\"elementor-element elementor-element-d3b9917 elementor-widget elementor-widget-text-editor\" data-id=\"d3b9917\" data-element_type=\"widget\" data-widget_type=\"text-editor.default\">\n\t\t\t\t<div class=\"elementor-widget-container\">\n\t\t\t\t\t\t\t\t\t<p><strong>Varietats: <br \/><\/strong>Garnacha negra, Cari\u00f1ena y Cabernet Sauvignon.<\/p><p><strong>Maridatge: <br \/><\/strong>Carn a la graella, ca\u00e7a, estofats, steak t\u00e0rtar, bolets saltats, formatges d&#8217;ovella i pernil ib\u00e8ric.<\/p>\t\t\t\t\t\t\t\t<\/div>\n\t\t\t\t<\/div>\n\t\t\t\t<div class=\"elementor-element elementor-element-37adb4d elementor-widget elementor-widget-image\" data-id=\"37adb4d\" data-element_type=\"widget\" data-widget_type=\"image.default\">\n\t\t\t\t<div class=\"elementor-widget-container\">\n\t\t\t\t\t\t\t\t\t\t\t\t\t\t\t<img decoding=\"async\" width=\"125\" height=\"125\" src=\"https:\/\/shop.mastinell.com\/wp-content\/uploads\/2021\/01\/Vegano.png\" class=\"attachment-large size-large wp-image-17641\" alt=\"\" srcset=\"https:\/\/shop.mastinell.com\/wp-content\/uploads\/2021\/01\/Vegano.png 125w, https:\/\/shop.mastinell.com\/wp-content\/uploads\/2021\/01\/Vegano-12x12.png 12w, https:\/\/shop.mastinell.com\/wp-content\/uploads\/2021\/01\/Vegano-100x100.png 100w\" sizes=\"(max-width: 125px) 100vw, 125px\" \/>\t\t\t\t\t\t\t\t\t\t\t\t\t\t\t<\/div>\n\t\t\t\t<\/div>\n\t\t\t\t\t<\/div>\n\t\t<\/div>\n\t\t\t\t\t<\/div>\n\t\t<\/section>\n\t\t\t\t\t<\/div>\n\t\t<\/div>\n\t\t\t\t\t<\/div>\n\t\t<\/section>\n\t\t\t\t<section class=\"elementor-section elementor-top-section elementor-element elementor-element-0d75407 elementor-section-full_width elementor-section-height-default elementor-section-height-default\" data-id=\"0d75407\" data-element_type=\"section\">\n\t\t\t\t\t\t<div class=\"elementor-container elementor-column-gap-default\">\n\t\t\t\t\t<div class=\"elementor-column elementor-col-100 elementor-top-column elementor-element elementor-element-928fb75\" data-id=\"928fb75\" data-element_type=\"column\">\n\t\t\t<div class=\"elementor-widget-wrap elementor-element-populated\">\n\t\t\t\t\t\t<div class=\"elementor-element elementor-element-c38a82b middle-title elementor-widget elementor-widget-heading\" data-id=\"c38a82b\" data-element_type=\"widget\" data-widget_type=\"heading.default\">\n\t\t\t\t<div class=\"elementor-widget-container\">\n\t\t\t\t\t<h3 class=\"elementor-heading-title elementor-size-large\">Premis<\/h3>\t\t\t\t<\/div>\n\t\t\t\t<\/div>\n\t\t\t\t<div class=\"elementor-element elementor-element-14bd708 elementor-widget elementor-widget-image-carousel\" data-id=\"14bd708\" data-element_type=\"widget\" data-settings=\"{&quot;slides_to_show&quot;:&quot;10&quot;,&quot;navigation&quot;:&quot;none&quot;,&quot;image_spacing_custom&quot;:{&quot;unit&quot;:&quot;px&quot;,&quot;size&quot;:30,&quot;sizes&quot;:[]},&quot;slides_to_scroll&quot;:&quot;1&quot;,&quot;autoplay_speed&quot;:3000,&quot;autoplay&quot;:&quot;yes&quot;,&quot;pause_on_hover&quot;:&quot;yes&quot;,&quot;pause_on_interaction&quot;:&quot;yes&quot;,&quot;speed&quot;:500,&quot;image_spacing_custom_tablet&quot;:{&quot;unit&quot;:&quot;px&quot;,&quot;size&quot;:&quot;&quot;,&quot;sizes&quot;:[]},&quot;image_spacing_custom_mobile&quot;:{&quot;unit&quot;:&quot;px&quot;,&quot;size&quot;:&quot;&quot;,&quot;sizes&quot;:[]}}\" data-widget_type=\"image-carousel.default\">\n\t\t\t\t<div class=\"elementor-widget-container\">\n\t\t\t\t\t\t\t<div class=\"elementor-image-carousel-wrapper swiper\" role=\"region\" aria-roledescription=\"carousel\" aria-label=\"Carrusel de im\u00e1genes\" dir=\"ltr\">\n\t\t\t<div class=\"elementor-image-carousel swiper-wrapper\" aria-live=\"off\">\n\t\t\t\t\t\t\t\t<div class=\"swiper-slide\" role=\"group\" aria-roledescription=\"slide\" aria-label=\"1 de 2\"><figure class=\"swiper-slide-inner\"><img decoding=\"async\" class=\"swiper-slide-image\" src=\"https:\/\/shop.mastinell.com\/wp-content\/uploads\/2024\/12\/1_medalla-bronce-1.jpeg\" alt=\"1_medalla-bronce-1\" \/><\/figure><\/div><div class=\"swiper-slide\" role=\"group\" aria-roledescription=\"slide\" aria-label=\"2 de 2\"><figure class=\"swiper-slide-inner\"><img decoding=\"async\" class=\"swiper-slide-image\" src=\"https:\/\/shop.mastinell.com\/wp-content\/uploads\/2024\/12\/2_PREMIOSWEB-DECANTER89points2021.jpeg\" alt=\"2_PREMIOSWEB-DECANTER89points2021\" \/><\/figure><\/div>\t\t\t<\/div>\n\t\t\t\t\t\t\t\n\t\t\t\t\t\t\t\t\t<\/div>\n\t\t\t\t\t\t<\/div>\n\t\t\t\t<\/div>\n\t\t\t\t\t<\/div>\n\t\t<\/div>\n\t\t\t\t\t<\/div>\n\t\t<\/section>\n\t\t\t\t<\/div>\n\t\t","protected":false},"excerpt":{"rendered":"<p class=\"p1\"><span class=\"s1\">Arte \u00e9s un vi de categoria que neix d\u2018una selecci\u00f3 de varietats mediterr\u00e0nies veremades a m\u00e0. Es fermenta en b\u00f3tes de roure franc\u00e8s de 500 L, on el vi hi descansa fins assolir la seva plenitud.<\/span><\/p>\n<p>&nbsp;<\/p>\n","protected":false},"featured_media":21756,"template":"","meta":{"_acf_changed":false},"product_brand":[],"product_cat":[109],"product_tag":[],"class_list":{"0":"post-37184","1":"product","2":"type-product","3":"status-publish","4":"has-post-thumbnail","6":"product_cat-vino-ca","8":"first","9":"instock","10":"shipping-taxable","11":"purchasable","12":"product-type-simple"},"acf":[],"yoast_head":"<!-- This site is optimized with the Yoast SEO plugin v27.5 - https:\/\/yoast.com\/product\/yoast-seo-wordpress\/ -->\n<title>Vino Arte | Vino tinto | Mastinell<\/title>\n<meta name=\"description\" content=\"Un vino tinto sutil, sincero, elegante y equilibrado. Se elabora a partir de las variedades Garnacha tinta, Cabernet Sauvignon y Merlot.\" \/>\n<meta name=\"robots\" content=\"index, follow, max-snippet:-1, max-image-preview:large, max-video-preview:-1\" \/>\n<link rel=\"canonical\" href=\"https:\/\/shop.mastinell.com\/ca\/producto\/vi-arte-2022\/\" \/>\n<meta property=\"og:locale\" content=\"ca_ES\" \/>\n<meta property=\"og:type\" content=\"article\" \/>\n<meta property=\"og:title\" content=\"Vino Arte | Vino tinto | Mastinell\" \/>\n<meta property=\"og:description\" content=\"Un vino tinto sutil, sincero, elegante y equilibrado. Se elabora a partir de las variedades Garnacha tinta, Cabernet Sauvignon y Merlot.\" \/>\n<meta property=\"og:url\" content=\"https:\/\/shop.mastinell.com\/ca\/producto\/vi-arte-2022\/\" \/>\n<meta property=\"og:site_name\" content=\"Mastinell\" \/>\n<meta property=\"article:publisher\" content=\"https:\/\/www.facebook.com\/CavaHotelMastinell\" \/>\n<meta property=\"article:modified_time\" content=\"2026-03-05T16:41:00+00:00\" \/>\n<meta property=\"og:image\" content=\"https:\/\/shop.mastinell.com\/wp-content\/uploads\/2020\/12\/tienda_vinos_arte.jpg\" \/>\n\t<meta property=\"og:image:width\" content=\"1090\" \/>\n\t<meta property=\"og:image:height\" content=\"1100\" \/>\n\t<meta property=\"og:image:type\" content=\"image\/jpeg\" \/>\n<meta name=\"twitter:card\" content=\"summary_large_image\" \/>\n<script type=\"application\/ld+json\" class=\"yoast-schema-graph\">{\"@context\":\"https:\\\/\\\/schema.org\",\"@graph\":[{\"@type\":\"WebPage\",\"@id\":\"https:\\\/\\\/shop.mastinell.com\\\/ca\\\/producto\\\/vi-arte-2022\\\/\",\"url\":\"https:\\\/\\\/shop.mastinell.com\\\/ca\\\/producto\\\/vi-arte-2022\\\/\",\"name\":\"Vino Arte | Vino tinto | Mastinell\",\"isPartOf\":{\"@id\":\"https:\\\/\\\/mastinell.agencialiverpool.test\\\/#website\"},\"primaryImageOfPage\":{\"@id\":\"https:\\\/\\\/shop.mastinell.com\\\/ca\\\/producto\\\/vi-arte-2022\\\/#primaryimage\"},\"image\":{\"@id\":\"https:\\\/\\\/shop.mastinell.com\\\/ca\\\/producto\\\/vi-arte-2022\\\/#primaryimage\"},\"thumbnailUrl\":\"https:\\\/\\\/shop.mastinell.com\\\/wp-content\\\/uploads\\\/2020\\\/12\\\/tienda_vinos_arte.jpg\",\"datePublished\":\"2025-02-04T22:47:59+00:00\",\"dateModified\":\"2026-03-05T16:41:00+00:00\",\"description\":\"Un vino tinto sutil, sincero, elegante y equilibrado. Se elabora a partir de las variedades Garnacha tinta, Cabernet Sauvignon y Merlot.\",\"breadcrumb\":{\"@id\":\"https:\\\/\\\/shop.mastinell.com\\\/ca\\\/producto\\\/vi-arte-2022\\\/#breadcrumb\"},\"inLanguage\":\"ca\",\"potentialAction\":[{\"@type\":\"ReadAction\",\"target\":[\"https:\\\/\\\/shop.mastinell.com\\\/ca\\\/producto\\\/vi-arte-2022\\\/\"]}]},{\"@type\":\"ImageObject\",\"inLanguage\":\"ca\",\"@id\":\"https:\\\/\\\/shop.mastinell.com\\\/ca\\\/producto\\\/vi-arte-2022\\\/#primaryimage\",\"url\":\"https:\\\/\\\/shop.mastinell.com\\\/wp-content\\\/uploads\\\/2020\\\/12\\\/tienda_vinos_arte.jpg\",\"contentUrl\":\"https:\\\/\\\/shop.mastinell.com\\\/wp-content\\\/uploads\\\/2020\\\/12\\\/tienda_vinos_arte.jpg\",\"width\":1090,\"height\":1100},{\"@type\":\"BreadcrumbList\",\"@id\":\"https:\\\/\\\/shop.mastinell.com\\\/ca\\\/producto\\\/vi-arte-2022\\\/#breadcrumb\",\"itemListElement\":[{\"@type\":\"ListItem\",\"position\":1,\"name\":\"Home\",\"item\":\"https:\\\/\\\/shop.mastinell.com\\\/ca\\\/tienda\\\/\"},{\"@type\":\"ListItem\",\"position\":2,\"name\":\"Arte 2023\"}]},{\"@type\":\"WebSite\",\"@id\":\"https:\\\/\\\/mastinell.agencialiverpool.test\\\/#website\",\"url\":\"https:\\\/\\\/mastinell.agencialiverpool.test\\\/\",\"name\":\"Mastinell\",\"description\":\"Tienda Oficial\",\"publisher\":{\"@id\":\"https:\\\/\\\/mastinell.agencialiverpool.test\\\/#organization\"},\"potentialAction\":[{\"@type\":\"SearchAction\",\"target\":{\"@type\":\"EntryPoint\",\"urlTemplate\":\"https:\\\/\\\/mastinell.agencialiverpool.test\\\/?s={search_term_string}\"},\"query-input\":{\"@type\":\"PropertyValueSpecification\",\"valueRequired\":true,\"valueName\":\"search_term_string\"}}],\"inLanguage\":\"ca\"},{\"@type\":\"Organization\",\"@id\":\"https:\\\/\\\/mastinell.agencialiverpool.test\\\/#organization\",\"name\":\"Mastinell\",\"url\":\"https:\\\/\\\/mastinell.agencialiverpool.test\\\/\",\"logo\":{\"@type\":\"ImageObject\",\"inLanguage\":\"ca\",\"@id\":\"https:\\\/\\\/mastinell.agencialiverpool.test\\\/#\\\/schema\\\/logo\\\/image\\\/\",\"url\":\"https:\\\/\\\/shop.mastinell.com\\\/wp-content\\\/uploads\\\/2025\\\/01\\\/Mastinell-Cava-y-Hotel-scaled-1.webp\",\"contentUrl\":\"https:\\\/\\\/shop.mastinell.com\\\/wp-content\\\/uploads\\\/2025\\\/01\\\/Mastinell-Cava-y-Hotel-scaled-1.webp\",\"width\":2560,\"height\":531,\"caption\":\"Mastinell\"},\"image\":{\"@id\":\"https:\\\/\\\/mastinell.agencialiverpool.test\\\/#\\\/schema\\\/logo\\\/image\\\/\"},\"sameAs\":[\"https:\\\/\\\/www.facebook.com\\\/CavaHotelMastinell\",\"https:\\\/\\\/www.instagram.com\\\/cavahotel_mastinell\\\/?hl=es\"]}]}<\/script>\n<!-- \/ Yoast SEO plugin. -->","yoast_head_json":{"title":"Vino Arte | Vino tinto | Mastinell","description":"Un vino tinto sutil, sincero, elegante y equilibrado. Se elabora a partir de las variedades Garnacha tinta, Cabernet Sauvignon y Merlot.","robots":{"index":"index","follow":"follow","max-snippet":"max-snippet:-1","max-image-preview":"max-image-preview:large","max-video-preview":"max-video-preview:-1"},"canonical":"https:\/\/shop.mastinell.com\/ca\/producto\/vi-arte-2022\/","og_locale":"ca_ES","og_type":"article","og_title":"Vino Arte | Vino tinto | Mastinell","og_description":"Un vino tinto sutil, sincero, elegante y equilibrado. Se elabora a partir de las variedades Garnacha tinta, Cabernet Sauvignon y Merlot.","og_url":"https:\/\/shop.mastinell.com\/ca\/producto\/vi-arte-2022\/","og_site_name":"Mastinell","article_publisher":"https:\/\/www.facebook.com\/CavaHotelMastinell","article_modified_time":"2026-03-05T16:41:00+00:00","og_image":[{"width":1090,"height":1100,"url":"https:\/\/shop.mastinell.com\/wp-content\/uploads\/2020\/12\/tienda_vinos_arte.jpg","type":"image\/jpeg"}],"twitter_card":"summary_large_image","schema":{"@context":"https:\/\/schema.org","@graph":[{"@type":"WebPage","@id":"https:\/\/shop.mastinell.com\/ca\/producto\/vi-arte-2022\/","url":"https:\/\/shop.mastinell.com\/ca\/producto\/vi-arte-2022\/","name":"Vino Arte | Vino tinto | Mastinell","isPartOf":{"@id":"https:\/\/mastinell.agencialiverpool.test\/#website"},"primaryImageOfPage":{"@id":"https:\/\/shop.mastinell.com\/ca\/producto\/vi-arte-2022\/#primaryimage"},"image":{"@id":"https:\/\/shop.mastinell.com\/ca\/producto\/vi-arte-2022\/#primaryimage"},"thumbnailUrl":"https:\/\/shop.mastinell.com\/wp-content\/uploads\/2020\/12\/tienda_vinos_arte.jpg","datePublished":"2025-02-04T22:47:59+00:00","dateModified":"2026-03-05T16:41:00+00:00","description":"Un vino tinto sutil, sincero, elegante y equilibrado. Se elabora a partir de las variedades Garnacha tinta, Cabernet Sauvignon y Merlot.","breadcrumb":{"@id":"https:\/\/shop.mastinell.com\/ca\/producto\/vi-arte-2022\/#breadcrumb"},"inLanguage":"ca","potentialAction":[{"@type":"ReadAction","target":["https:\/\/shop.mastinell.com\/ca\/producto\/vi-arte-2022\/"]}]},{"@type":"ImageObject","inLanguage":"ca","@id":"https:\/\/shop.mastinell.com\/ca\/producto\/vi-arte-2022\/#primaryimage","url":"https:\/\/shop.mastinell.com\/wp-content\/uploads\/2020\/12\/tienda_vinos_arte.jpg","contentUrl":"https:\/\/shop.mastinell.com\/wp-content\/uploads\/2020\/12\/tienda_vinos_arte.jpg","width":1090,"height":1100},{"@type":"BreadcrumbList","@id":"https:\/\/shop.mastinell.com\/ca\/producto\/vi-arte-2022\/#breadcrumb","itemListElement":[{"@type":"ListItem","position":1,"name":"Home","item":"https:\/\/shop.mastinell.com\/ca\/tienda\/"},{"@type":"ListItem","position":2,"name":"Arte 2023"}]},{"@type":"WebSite","@id":"https:\/\/mastinell.agencialiverpool.test\/#website","url":"https:\/\/mastinell.agencialiverpool.test\/","name":"Mastinell","description":"Tienda Oficial","publisher":{"@id":"https:\/\/mastinell.agencialiverpool.test\/#organization"},"potentialAction":[{"@type":"SearchAction","target":{"@type":"EntryPoint","urlTemplate":"https:\/\/mastinell.agencialiverpool.test\/?s={search_term_string}"},"query-input":{"@type":"PropertyValueSpecification","valueRequired":true,"valueName":"search_term_string"}}],"inLanguage":"ca"},{"@type":"Organization","@id":"https:\/\/mastinell.agencialiverpool.test\/#organization","name":"Mastinell","url":"https:\/\/mastinell.agencialiverpool.test\/","logo":{"@type":"ImageObject","inLanguage":"ca","@id":"https:\/\/mastinell.agencialiverpool.test\/#\/schema\/logo\/image\/","url":"https:\/\/shop.mastinell.com\/wp-content\/uploads\/2025\/01\/Mastinell-Cava-y-Hotel-scaled-1.webp","contentUrl":"https:\/\/shop.mastinell.com\/wp-content\/uploads\/2025\/01\/Mastinell-Cava-y-Hotel-scaled-1.webp","width":2560,"height":531,"caption":"Mastinell"},"image":{"@id":"https:\/\/mastinell.agencialiverpool.test\/#\/schema\/logo\/image\/"},"sameAs":["https:\/\/www.facebook.com\/CavaHotelMastinell","https:\/\/www.instagram.com\/cavahotel_mastinell\/?hl=es"]}]}},"_links":{"self":[{"href":"https:\/\/shop.mastinell.com\/ca\/wp-json\/wp\/v2\/product\/37184","targetHints":{"allow":["GET"]}}],"collection":[{"href":"https:\/\/shop.mastinell.com\/ca\/wp-json\/wp\/v2\/product"}],"about":[{"href":"https:\/\/shop.mastinell.com\/ca\/wp-json\/wp\/v2\/types\/product"}],"version-history":[{"count":7,"href":"https:\/\/shop.mastinell.com\/ca\/wp-json\/wp\/v2\/product\/37184\/revisions"}],"predecessor-version":[{"id":39833,"href":"https:\/\/shop.mastinell.com\/ca\/wp-json\/wp\/v2\/product\/37184\/revisions\/39833"}],"wp:featuredmedia":[{"embeddable":true,"href":"https:\/\/shop.mastinell.com\/ca\/wp-json\/wp\/v2\/media\/21756"}],"wp:attachment":[{"href":"https:\/\/shop.mastinell.com\/ca\/wp-json\/wp\/v2\/media?parent=37184"}],"wp:term":[{"taxonomy":"product_brand","embeddable":true,"href":"https:\/\/shop.mastinell.com\/ca\/wp-json\/wp\/v2\/product_brand?post=37184"},{"taxonomy":"product_cat","embeddable":true,"href":"https:\/\/shop.mastinell.com\/ca\/wp-json\/wp\/v2\/product_cat?post=37184"},{"taxonomy":"product_tag","embeddable":true,"href":"https:\/\/shop.mastinell.com\/ca\/wp-json\/wp\/v2\/product_tag?post=37184"}],"curies":[{"name":"wp","href":"https:\/\/api.w.org\/{rel}","templated":true}]}}