{"id":37235,"date":"2024-02-01T12:29:31","date_gmt":"2024-02-01T11:29:31","guid":{"rendered":"https:\/\/shop.mastinell.com\/producto\/pack-gastronomic\/"},"modified":"2025-02-05T13:49:40","modified_gmt":"2025-02-05T12:49:40","slug":"pack-gastronomic","status":"publish","type":"product","link":"https:\/\/shop.mastinell.com\/ca\/producto\/pack-gastronomic\/","title":{"rendered":"Pack Gastron\u00f3mic"},"content":{"rendered":"\t\t<div data-elementor-type=\"product-post\" data-elementor-id=\"37235\" class=\"elementor elementor-37235 elementor-11768\" data-elementor-post-type=\"product\">\n\t\t\t\t\t\t<section class=\"elementor-section elementor-top-section elementor-element elementor-element-4d23f2eb elementor-section-stretched elementor-section-boxed elementor-section-height-default elementor-section-height-default\" data-id=\"4d23f2eb\" data-element_type=\"section\" data-settings=\"{&quot;stretch_section&quot;:&quot;section-stretched&quot;}\">\n\t\t\t\t\t\t<div class=\"elementor-container elementor-column-gap-default\">\n\t\t\t\t\t<div class=\"elementor-column elementor-col-100 elementor-top-column elementor-element elementor-element-65bfdf6a\" data-id=\"65bfdf6a\" data-element_type=\"column\">\n\t\t\t<div class=\"elementor-widget-wrap elementor-element-populated\">\n\t\t\t\t\t\t<section class=\"elementor-section elementor-inner-section elementor-element elementor-element-71a40405 elementor-section-content-middle elementor-section-boxed elementor-section-height-default elementor-section-height-default\" data-id=\"71a40405\" data-element_type=\"section\">\n\t\t\t\t\t\t<div class=\"elementor-container elementor-column-gap-default\">\n\t\t\t\t\t<div class=\"elementor-column elementor-col-50 elementor-inner-column elementor-element elementor-element-47fefc73\" data-id=\"47fefc73\" data-element_type=\"column\">\n\t\t\t<div class=\"elementor-widget-wrap elementor-element-populated\">\n\t\t\t\t\t\t<div class=\"elementor-element elementor-element-3bc2ac0e elementor-widget elementor-widget-image\" data-id=\"3bc2ac0e\" data-element_type=\"widget\" data-widget_type=\"image.default\">\n\t\t\t\t<div class=\"elementor-widget-container\">\n\t\t\t\t\t\t\t\t\t\t\t\t\t\t\t<img decoding=\"async\" src=\"https:\/\/shop.mastinell.com\/wp-content\/uploads\/elementor\/thumbs\/tienda_accesorios_chapas_exterior-1-qxwwe0rafmv1963lp3p9ibm9719p75cluidym156ak.jpg\" title=\"tienda_accesorios_chapas_exterior (1)\" alt=\"tienda_accesorios_chapas_exterior (1)\" loading=\"lazy\" \/>\t\t\t\t\t\t\t\t\t\t\t\t\t\t\t<\/div>\n\t\t\t\t<\/div>\n\t\t\t\t\t<\/div>\n\t\t<\/div>\n\t\t\t\t<div class=\"elementor-column elementor-col-50 elementor-inner-column elementor-element elementor-element-4327c175\" data-id=\"4327c175\" data-element_type=\"column\">\n\t\t\t<div class=\"elementor-widget-wrap elementor-element-populated\">\n\t\t\t\t\t\t<div class=\"elementor-element elementor-element-dfcd88a elementor-widget elementor-widget-text-editor\" data-id=\"dfcd88a\" data-element_type=\"widget\" data-widget_type=\"text-editor.default\">\n\t\t\t\t<div class=\"elementor-widget-container\">\n\t\t\t\t\t\t\t\t\t<p><strong>El pack inclou:<br \/><\/strong>&#8211; Allotja\u2019t en el nostre Cava &amp; Hotel Mastinell una nit, en habitaci\u00f3 Premium.<br \/>&#8211; <span class=\"s1\">El sopar \u00e9s una combinaci\u00f3 per con\u00e8ixer els sabors de la terra ecol\u00f2gics i Km 0 del nostre hort. Inclou 7 plats maridats amb els nostres vins i caves<\/span>.<br \/>&#8211; <span class=\"s1\">Esmorzar amb embotits ecol\u00f2gics, melmelades, formatges artesans, iogurts casolans, suc de taronja natural, ous de gallina de corral i maridat amb el nostre cava.<\/span><br \/>&#8211;<span class=\"s1\">Visita al celler sentint-te en\u00f2leg per un dia on descobrir\u00e0s els secrets del nostre cava seguit d\u2019una degustaci\u00f3 de 2 caves i un vi de la nostra millor anyada.<\/span><\/p><p>No reemborsable.<br \/>Estades per a nits de divendres, dissabte o vig\u00edlia de festiu.<\/p>\t\t\t\t\t\t\t\t<\/div>\n\t\t\t\t<\/div>\n\t\t\t\t\t<\/div>\n\t\t<\/div>\n\t\t\t\t\t<\/div>\n\t\t<\/section>\n\t\t\t\t\t<\/div>\n\t\t<\/div>\n\t\t\t\t\t<\/div>\n\t\t<\/section>\n\t\t\t\t<\/div>\n\t\t","protected":false},"excerpt":{"rendered":"<p class=\"p1\"><span class=\"s1\">Una experi\u00e8ncia completa al nostre Cava &#038; Hotel MasTinell, en una habitaci\u00f3 Doble Premium, amb la pau de les vinyes al teu voltant. I assaboreix en l\u2019espai En Rima un sopar degustaci\u00f3 especialment ideada per con\u00e8ixer els sabors de la terra, ecol\u00f2gics i km 0 del nostre hort. El sopar inclou set plats diferents, maridats amb els nostres vins i caves. Dates sota disponibilitat.<\/span><\/p>\n<p>Per finalitzar la reserva d\u2019aquest pack, un cop hagis fet la compra, consulta les dates disponibles amb el nostre equip d\u2019Atenci\u00f3 al client, a trav\u00e9s del nostre Whatssap\u00a0(+34 662 60 06 32) o via e-mail a\u00a0<a href=\"mailto:info@hotelmastinell.com\" target=\"_blank\" rel=\"noopener\">info@hotelmastinell.com<\/a><\/p>\n","protected":false},"featured_media":22116,"template":"","meta":{"_acf_changed":false},"product_brand":[],"product_cat":[132],"product_tag":[],"class_list":{"0":"post-37235","1":"product","2":"type-product","3":"status-publish","4":"has-post-thumbnail","6":"product_cat-regala-hotel-ca","8":"first","9":"instock","10":"shipping-taxable","11":"purchasable","12":"product-type-variable"},"acf":[],"yoast_head":"<!-- This site is optimized with the Yoast SEO plugin v27.4 - https:\/\/yoast.com\/product\/yoast-seo-wordpress\/ -->\n<title>Pack Gastron\u00f3mic - Mastinell<\/title>\n<meta name=\"robots\" content=\"index, follow, max-snippet:-1, max-image-preview:large, max-video-preview:-1\" \/>\n<link rel=\"canonical\" href=\"https:\/\/shop.mastinell.com\/ca\/producto\/pack-gastronomic\/\" \/>\n<meta property=\"og:locale\" content=\"ca_ES\" \/>\n<meta property=\"og:type\" content=\"article\" \/>\n<meta property=\"og:title\" content=\"Pack Gastron\u00f3mic - Mastinell\" \/>\n<meta property=\"og:description\" content=\"Una experi\u00e8ncia completa al nostre Cava &amp; Hotel MasTinell, en una habitaci\u00f3 Doble Premium, amb la pau de les vinyes al teu voltant. I assaboreix en l\u2019espai En Rima un sopar degustaci\u00f3 especialment ideada per con\u00e8ixer els sabors de la terra, ecol\u00f2gics i km 0 del nostre hort. El sopar inclou set plats diferents, maridats amb els nostres vins i caves. Dates sota disponibilitat. Per finalitzar la reserva d\u2019aquest pack, un cop hagis fet la compra, consulta les dates disponibles amb el nostre equip d\u2019Atenci\u00f3 al client, a trav\u00e9s del nostre Whatssap\u00a0(+34 662 60 06 32) o via e-mail a\u00a0info@hotelmastinell.com\" \/>\n<meta property=\"og:url\" content=\"https:\/\/shop.mastinell.com\/ca\/producto\/pack-gastronomic\/\" \/>\n<meta property=\"og:site_name\" content=\"Mastinell\" \/>\n<meta property=\"article:publisher\" content=\"https:\/\/www.facebook.com\/CavaHotelMastinell\" \/>\n<meta property=\"article:modified_time\" content=\"2025-02-05T12:49:40+00:00\" \/>\n<meta property=\"og:image\" content=\"https:\/\/shop.mastinell.com\/wp-content\/uploads\/2021\/02\/estancia_3_01.jpg\" \/>\n\t<meta property=\"og:image:width\" content=\"1890\" \/>\n\t<meta property=\"og:image:height\" content=\"1880\" \/>\n\t<meta property=\"og:image:type\" content=\"image\/jpeg\" \/>\n<meta name=\"twitter:card\" content=\"summary_large_image\" \/>\n<script type=\"application\/ld+json\" class=\"yoast-schema-graph\">{\"@context\":\"https:\\\/\\\/schema.org\",\"@graph\":[{\"@type\":\"WebPage\",\"@id\":\"https:\\\/\\\/shop.mastinell.com\\\/ca\\\/producto\\\/pack-gastronomic\\\/\",\"url\":\"https:\\\/\\\/shop.mastinell.com\\\/ca\\\/producto\\\/pack-gastronomic\\\/\",\"name\":\"Pack Gastron\u00f3mic - Mastinell\",\"isPartOf\":{\"@id\":\"https:\\\/\\\/mastinell.agencialiverpool.test\\\/#website\"},\"primaryImageOfPage\":{\"@id\":\"https:\\\/\\\/shop.mastinell.com\\\/ca\\\/producto\\\/pack-gastronomic\\\/#primaryimage\"},\"image\":{\"@id\":\"https:\\\/\\\/shop.mastinell.com\\\/ca\\\/producto\\\/pack-gastronomic\\\/#primaryimage\"},\"thumbnailUrl\":\"https:\\\/\\\/shop.mastinell.com\\\/wp-content\\\/uploads\\\/2021\\\/02\\\/estancia_3_01.jpg\",\"datePublished\":\"2024-02-01T11:29:31+00:00\",\"dateModified\":\"2025-02-05T12:49:40+00:00\",\"breadcrumb\":{\"@id\":\"https:\\\/\\\/shop.mastinell.com\\\/ca\\\/producto\\\/pack-gastronomic\\\/#breadcrumb\"},\"inLanguage\":\"ca\",\"potentialAction\":[{\"@type\":\"ReadAction\",\"target\":[\"https:\\\/\\\/shop.mastinell.com\\\/ca\\\/producto\\\/pack-gastronomic\\\/\"]}]},{\"@type\":\"ImageObject\",\"inLanguage\":\"ca\",\"@id\":\"https:\\\/\\\/shop.mastinell.com\\\/ca\\\/producto\\\/pack-gastronomic\\\/#primaryimage\",\"url\":\"https:\\\/\\\/shop.mastinell.com\\\/wp-content\\\/uploads\\\/2021\\\/02\\\/estancia_3_01.jpg\",\"contentUrl\":\"https:\\\/\\\/shop.mastinell.com\\\/wp-content\\\/uploads\\\/2021\\\/02\\\/estancia_3_01.jpg\",\"width\":1890,\"height\":1880},{\"@type\":\"BreadcrumbList\",\"@id\":\"https:\\\/\\\/shop.mastinell.com\\\/ca\\\/producto\\\/pack-gastronomic\\\/#breadcrumb\",\"itemListElement\":[{\"@type\":\"ListItem\",\"position\":1,\"name\":\"Home\",\"item\":\"https:\\\/\\\/shop.mastinell.com\\\/ca\\\/tienda\\\/\"},{\"@type\":\"ListItem\",\"position\":2,\"name\":\"Pack Gastron\u00f3mic\"}]},{\"@type\":\"WebSite\",\"@id\":\"https:\\\/\\\/mastinell.agencialiverpool.test\\\/#website\",\"url\":\"https:\\\/\\\/mastinell.agencialiverpool.test\\\/\",\"name\":\"Mastinell\",\"description\":\"Tienda Oficial\",\"publisher\":{\"@id\":\"https:\\\/\\\/mastinell.agencialiverpool.test\\\/#organization\"},\"potentialAction\":[{\"@type\":\"SearchAction\",\"target\":{\"@type\":\"EntryPoint\",\"urlTemplate\":\"https:\\\/\\\/mastinell.agencialiverpool.test\\\/?s={search_term_string}\"},\"query-input\":{\"@type\":\"PropertyValueSpecification\",\"valueRequired\":true,\"valueName\":\"search_term_string\"}}],\"inLanguage\":\"ca\"},{\"@type\":\"Organization\",\"@id\":\"https:\\\/\\\/mastinell.agencialiverpool.test\\\/#organization\",\"name\":\"Mastinell\",\"url\":\"https:\\\/\\\/mastinell.agencialiverpool.test\\\/\",\"logo\":{\"@type\":\"ImageObject\",\"inLanguage\":\"ca\",\"@id\":\"https:\\\/\\\/mastinell.agencialiverpool.test\\\/#\\\/schema\\\/logo\\\/image\\\/\",\"url\":\"https:\\\/\\\/shop.mastinell.com\\\/wp-content\\\/uploads\\\/2025\\\/01\\\/Mastinell-Cava-y-Hotel-scaled-1.webp\",\"contentUrl\":\"https:\\\/\\\/shop.mastinell.com\\\/wp-content\\\/uploads\\\/2025\\\/01\\\/Mastinell-Cava-y-Hotel-scaled-1.webp\",\"width\":2560,\"height\":531,\"caption\":\"Mastinell\"},\"image\":{\"@id\":\"https:\\\/\\\/mastinell.agencialiverpool.test\\\/#\\\/schema\\\/logo\\\/image\\\/\"},\"sameAs\":[\"https:\\\/\\\/www.facebook.com\\\/CavaHotelMastinell\",\"https:\\\/\\\/www.instagram.com\\\/cavahotel_mastinell\\\/?hl=es\"]}]}<\/script>\n<!-- \/ Yoast SEO plugin. -->","yoast_head_json":{"title":"Pack Gastron\u00f3mic - Mastinell","robots":{"index":"index","follow":"follow","max-snippet":"max-snippet:-1","max-image-preview":"max-image-preview:large","max-video-preview":"max-video-preview:-1"},"canonical":"https:\/\/shop.mastinell.com\/ca\/producto\/pack-gastronomic\/","og_locale":"ca_ES","og_type":"article","og_title":"Pack Gastron\u00f3mic - Mastinell","og_description":"Una experi\u00e8ncia completa al nostre Cava & Hotel MasTinell, en una habitaci\u00f3 Doble Premium, amb la pau de les vinyes al teu voltant. I assaboreix en l\u2019espai En Rima un sopar degustaci\u00f3 especialment ideada per con\u00e8ixer els sabors de la terra, ecol\u00f2gics i km 0 del nostre hort. El sopar inclou set plats diferents, maridats amb els nostres vins i caves. Dates sota disponibilitat. Per finalitzar la reserva d\u2019aquest pack, un cop hagis fet la compra, consulta les dates disponibles amb el nostre equip d\u2019Atenci\u00f3 al client, a trav\u00e9s del nostre Whatssap\u00a0(+34 662 60 06 32) o via e-mail a\u00a0info@hotelmastinell.com","og_url":"https:\/\/shop.mastinell.com\/ca\/producto\/pack-gastronomic\/","og_site_name":"Mastinell","article_publisher":"https:\/\/www.facebook.com\/CavaHotelMastinell","article_modified_time":"2025-02-05T12:49:40+00:00","og_image":[{"width":1890,"height":1880,"url":"https:\/\/shop.mastinell.com\/wp-content\/uploads\/2021\/02\/estancia_3_01.jpg","type":"image\/jpeg"}],"twitter_card":"summary_large_image","schema":{"@context":"https:\/\/schema.org","@graph":[{"@type":"WebPage","@id":"https:\/\/shop.mastinell.com\/ca\/producto\/pack-gastronomic\/","url":"https:\/\/shop.mastinell.com\/ca\/producto\/pack-gastronomic\/","name":"Pack Gastron\u00f3mic - Mastinell","isPartOf":{"@id":"https:\/\/mastinell.agencialiverpool.test\/#website"},"primaryImageOfPage":{"@id":"https:\/\/shop.mastinell.com\/ca\/producto\/pack-gastronomic\/#primaryimage"},"image":{"@id":"https:\/\/shop.mastinell.com\/ca\/producto\/pack-gastronomic\/#primaryimage"},"thumbnailUrl":"https:\/\/shop.mastinell.com\/wp-content\/uploads\/2021\/02\/estancia_3_01.jpg","datePublished":"2024-02-01T11:29:31+00:00","dateModified":"2025-02-05T12:49:40+00:00","breadcrumb":{"@id":"https:\/\/shop.mastinell.com\/ca\/producto\/pack-gastronomic\/#breadcrumb"},"inLanguage":"ca","potentialAction":[{"@type":"ReadAction","target":["https:\/\/shop.mastinell.com\/ca\/producto\/pack-gastronomic\/"]}]},{"@type":"ImageObject","inLanguage":"ca","@id":"https:\/\/shop.mastinell.com\/ca\/producto\/pack-gastronomic\/#primaryimage","url":"https:\/\/shop.mastinell.com\/wp-content\/uploads\/2021\/02\/estancia_3_01.jpg","contentUrl":"https:\/\/shop.mastinell.com\/wp-content\/uploads\/2021\/02\/estancia_3_01.jpg","width":1890,"height":1880},{"@type":"BreadcrumbList","@id":"https:\/\/shop.mastinell.com\/ca\/producto\/pack-gastronomic\/#breadcrumb","itemListElement":[{"@type":"ListItem","position":1,"name":"Home","item":"https:\/\/shop.mastinell.com\/ca\/tienda\/"},{"@type":"ListItem","position":2,"name":"Pack Gastron\u00f3mic"}]},{"@type":"WebSite","@id":"https:\/\/mastinell.agencialiverpool.test\/#website","url":"https:\/\/mastinell.agencialiverpool.test\/","name":"Mastinell","description":"Tienda Oficial","publisher":{"@id":"https:\/\/mastinell.agencialiverpool.test\/#organization"},"potentialAction":[{"@type":"SearchAction","target":{"@type":"EntryPoint","urlTemplate":"https:\/\/mastinell.agencialiverpool.test\/?s={search_term_string}"},"query-input":{"@type":"PropertyValueSpecification","valueRequired":true,"valueName":"search_term_string"}}],"inLanguage":"ca"},{"@type":"Organization","@id":"https:\/\/mastinell.agencialiverpool.test\/#organization","name":"Mastinell","url":"https:\/\/mastinell.agencialiverpool.test\/","logo":{"@type":"ImageObject","inLanguage":"ca","@id":"https:\/\/mastinell.agencialiverpool.test\/#\/schema\/logo\/image\/","url":"https:\/\/shop.mastinell.com\/wp-content\/uploads\/2025\/01\/Mastinell-Cava-y-Hotel-scaled-1.webp","contentUrl":"https:\/\/shop.mastinell.com\/wp-content\/uploads\/2025\/01\/Mastinell-Cava-y-Hotel-scaled-1.webp","width":2560,"height":531,"caption":"Mastinell"},"image":{"@id":"https:\/\/mastinell.agencialiverpool.test\/#\/schema\/logo\/image\/"},"sameAs":["https:\/\/www.facebook.com\/CavaHotelMastinell","https:\/\/www.instagram.com\/cavahotel_mastinell\/?hl=es"]}]}},"_links":{"self":[{"href":"https:\/\/shop.mastinell.com\/ca\/wp-json\/wp\/v2\/product\/37235","targetHints":{"allow":["GET"]}}],"collection":[{"href":"https:\/\/shop.mastinell.com\/ca\/wp-json\/wp\/v2\/product"}],"about":[{"href":"https:\/\/shop.mastinell.com\/ca\/wp-json\/wp\/v2\/types\/product"}],"version-history":[{"count":5,"href":"https:\/\/shop.mastinell.com\/ca\/wp-json\/wp\/v2\/product\/37235\/revisions"}],"predecessor-version":[{"id":37273,"href":"https:\/\/shop.mastinell.com\/ca\/wp-json\/wp\/v2\/product\/37235\/revisions\/37273"}],"wp:featuredmedia":[{"embeddable":true,"href":"https:\/\/shop.mastinell.com\/ca\/wp-json\/wp\/v2\/media\/22116"}],"wp:attachment":[{"href":"https:\/\/shop.mastinell.com\/ca\/wp-json\/wp\/v2\/media?parent=37235"}],"wp:term":[{"taxonomy":"product_brand","embeddable":true,"href":"https:\/\/shop.mastinell.com\/ca\/wp-json\/wp\/v2\/product_brand?post=37235"},{"taxonomy":"product_cat","embeddable":true,"href":"https:\/\/shop.mastinell.com\/ca\/wp-json\/wp\/v2\/product_cat?post=37235"},{"taxonomy":"product_tag","embeddable":true,"href":"https:\/\/shop.mastinell.com\/ca\/wp-json\/wp\/v2\/product_tag?post=37235"}],"curies":[{"name":"wp","href":"https:\/\/api.w.org\/{rel}","templated":true}]}}