{"id":37250,"date":"2023-02-04T12:47:52","date_gmt":"2023-02-04T11:47:52","guid":{"rendered":"https:\/\/shop.mastinell.com\/producto\/pack-romantic\/"},"modified":"2025-05-22T18:59:53","modified_gmt":"2025-05-22T16:59:53","slug":"pack-romantic","status":"publish","type":"product","link":"https:\/\/shop.mastinell.com\/ca\/producto\/pack-romantic\/","title":{"rendered":"Pack Rom\u00e1ntic"},"content":{"rendered":"\t\t<div data-elementor-type=\"product-post\" data-elementor-id=\"37250\" class=\"elementor elementor-37250 elementor-11760\" data-elementor-post-type=\"product\">\n\t\t\t\t\t\t<section class=\"elementor-section elementor-top-section elementor-element elementor-element-772878e elementor-section-stretched elementor-section-boxed elementor-section-height-default elementor-section-height-default\" data-id=\"772878e\" data-element_type=\"section\" data-settings=\"{&quot;stretch_section&quot;:&quot;section-stretched&quot;}\">\n\t\t\t\t\t\t<div class=\"elementor-container elementor-column-gap-default\">\n\t\t\t\t\t<div class=\"elementor-column elementor-col-100 elementor-top-column elementor-element elementor-element-063851f\" data-id=\"063851f\" data-element_type=\"column\">\n\t\t\t<div class=\"elementor-widget-wrap elementor-element-populated\">\n\t\t\t\t\t\t<section class=\"elementor-section elementor-inner-section elementor-element elementor-element-3167988 elementor-section-content-middle elementor-section-boxed elementor-section-height-default elementor-section-height-default\" data-id=\"3167988\" data-element_type=\"section\">\n\t\t\t\t\t\t<div class=\"elementor-container elementor-column-gap-default\">\n\t\t\t\t\t<div class=\"elementor-column elementor-col-50 elementor-inner-column elementor-element elementor-element-656352a\" data-id=\"656352a\" data-element_type=\"column\">\n\t\t\t<div class=\"elementor-widget-wrap elementor-element-populated\">\n\t\t\t\t\t\t<div class=\"elementor-element elementor-element-227dcce elementor-widget elementor-widget-image\" data-id=\"227dcce\" data-element_type=\"widget\" data-widget_type=\"image.default\">\n\t\t\t\t<div class=\"elementor-widget-container\">\n\t\t\t\t\t\t\t\t\t\t\t\t\t\t\t<img decoding=\"async\" src=\"https:\/\/shop.mastinell.com\/wp-content\/uploads\/elementor\/thumbs\/tienda_accesorios_chapas_exterior-1-qxwwe0rafmv1963lp3p9ibm9719p75cluidym156ak.jpg\" title=\"tienda_accesorios_chapas_exterior (1)\" alt=\"tienda_accesorios_chapas_exterior (1)\" loading=\"lazy\" \/>\t\t\t\t\t\t\t\t\t\t\t\t\t\t\t<\/div>\n\t\t\t\t<\/div>\n\t\t\t\t\t<\/div>\n\t\t<\/div>\n\t\t\t\t<div class=\"elementor-column elementor-col-50 elementor-inner-column elementor-element elementor-element-d4419b2\" data-id=\"d4419b2\" data-element_type=\"column\">\n\t\t\t<div class=\"elementor-widget-wrap elementor-element-populated\">\n\t\t\t\t\t\t<div class=\"elementor-element elementor-element-00eeade elementor-widget elementor-widget-text-editor\" data-id=\"00eeade\" data-element_type=\"widget\" data-widget_type=\"text-editor.default\">\n\t\t\t\t<div class=\"elementor-widget-container\">\n\t\t\t\t\t\t\t\t\t<p class=\"p1\"><span class=\"s1\">Allotja\u2019t en el nostre Cava &#038; Hotel Mastinell una nit, en habitaci\u00f3 Premium.<\/span><\/p>\n<p class=\"p1\"><span class=\"s1\">-El sopar \u00e9s una combinaci\u00f3 per con\u00e8ixer els sabors de la terra ecol\u00f2gics i Km 0 del nostre hort. Inclou 8 plats maridats amb els nostres vins i caves.<br \/><\/span><span class=\"s1\">-Esmorzar amb embotits ecol\u00f2gics, melmelades, formatges artesans, iogurts casolans, suc de taronja natural, ous de gallina de corral i maridat amb el nostre cava.<br \/><\/span><span class=\"s1\">-Visita al celler sentint-te en\u00f2leg per un dia on descobrir\u00e0s els secrets del nostre cava seguit d\u2019una degustaci\u00f3 de 2 caves i un vi de la nostra millor anyada.<br \/><\/span>-Massatge hol\u00edstic simultani amb la teva parella de 60\u2019.\u00a0<\/p>\n<p class=\"p1\">Preu per habitaci\u00f3n.<br \/>No reemborsable.<br \/>Estades per a nits de divendres,dissabte i vig\u00edlia de festiu.<br \/>Aquest pack t\u00e9 una validesa de 6 mesos des de la data de compra.<\/p>\n\t\t\t\t\t\t\t\t<\/div>\n\t\t\t\t<\/div>\n\t\t\t\t\t<\/div>\n\t\t<\/div>\n\t\t\t\t\t<\/div>\n\t\t<\/section>\n\t\t\t\t\t<\/div>\n\t\t<\/div>\n\t\t\t\t\t<\/div>\n\t\t<\/section>\n\t\t\t\t<\/div>\n\t\t","protected":false},"excerpt":{"rendered":"<p class=\"p1\"><span class=\"s1\">Per a les parelles que tenen molt a celebrar, os presentem nostre Pack Rom\u00e0ntic. Una experi\u00e8ncia que INCLOU l\u2019allotjament d\u2019una nit a Cava &amp; Hotel MasTinell, aix\u00ed<\/span><span class=\"Y2IQFc\" lang=\"ca\"> com un massatge hol\u00edstic simultani amb la teva parella de 60&#8242; i <\/span><span class=\"s1\">un sopar que us permetr\u00e0 descobrir els aut\u00e8ntics sabors de la terra, ecol\u00f2gics i km 0 procedents del nostre propi hort. La Proposta gastron\u00f2mica INCLOU set plats maridats amb els nostres vins i caves.<\/span><\/p>\n<p>Per finalitzar la reserva d\u2019aquest pack, un cop hagis fet la compra, consulta les dates disponibles amb el nostre equip d\u2019Atenci\u00f3 al client, a trav\u00e9s del nostre Whatssap (+34 662 60 06 32) o via e-mail a <a href=\"mailto:info@hotelmastinell.com\" target=\"_blank\" rel=\"noopener\">info@hotelmastinell.com<\/a><\/p>\n","protected":false},"featured_media":22134,"template":"","meta":{"_acf_changed":false},"product_brand":[],"product_cat":[132],"product_tag":[],"class_list":{"0":"post-37250","1":"product","2":"type-product","3":"status-publish","4":"has-post-thumbnail","6":"product_cat-regala-hotel-ca","8":"first","9":"instock","10":"shipping-taxable","11":"purchasable","12":"product-type-variable"},"acf":[],"yoast_head":"<!-- This site is optimized with the Yoast SEO plugin v27.4 - https:\/\/yoast.com\/product\/yoast-seo-wordpress\/ -->\n<title>Pack Rom\u00e1ntic - Mastinell<\/title>\n<meta name=\"robots\" content=\"index, follow, max-snippet:-1, max-image-preview:large, max-video-preview:-1\" \/>\n<link rel=\"canonical\" href=\"https:\/\/shop.mastinell.com\/ca\/producto\/pack-romantic\/\" \/>\n<meta property=\"og:locale\" content=\"ca_ES\" \/>\n<meta property=\"og:type\" content=\"article\" \/>\n<meta property=\"og:title\" content=\"Pack Rom\u00e1ntic - Mastinell\" \/>\n<meta property=\"og:description\" content=\"Per a les parelles que tenen molt a celebrar, os presentem nostre Pack Rom\u00e0ntic. Una experi\u00e8ncia que INCLOU l\u2019allotjament d\u2019una nit a Cava &amp; Hotel MasTinell, aix\u00ed com un massatge hol\u00edstic simultani amb la teva parella de 60&#039; i un sopar que us permetr\u00e0 descobrir els aut\u00e8ntics sabors de la terra, ecol\u00f2gics i km 0 procedents del nostre propi hort. La Proposta gastron\u00f2mica INCLOU set plats maridats amb els nostres vins i caves. Per finalitzar la reserva d\u2019aquest pack, un cop hagis fet la compra, consulta les dates disponibles amb el nostre equip d\u2019Atenci\u00f3 al client, a trav\u00e9s del nostre Whatssap (+34 662 60 06 32) o via e-mail a info@hotelmastinell.com\" \/>\n<meta property=\"og:url\" content=\"https:\/\/shop.mastinell.com\/ca\/producto\/pack-romantic\/\" \/>\n<meta property=\"og:site_name\" content=\"Mastinell\" \/>\n<meta property=\"article:publisher\" content=\"https:\/\/www.facebook.com\/CavaHotelMastinell\" \/>\n<meta property=\"article:modified_time\" content=\"2025-05-22T16:59:53+00:00\" \/>\n<meta property=\"og:image\" content=\"https:\/\/shop.mastinell.com\/wp-content\/uploads\/2021\/02\/completa_01.jpg\" \/>\n\t<meta property=\"og:image:width\" content=\"1890\" \/>\n\t<meta property=\"og:image:height\" content=\"1880\" \/>\n\t<meta property=\"og:image:type\" content=\"image\/jpeg\" \/>\n<meta name=\"twitter:card\" content=\"summary_large_image\" \/>\n<meta name=\"twitter:label1\" content=\"Temps estimat de lectura\" \/>\n\t<meta name=\"twitter:data1\" content=\"2 minuts\" \/>\n<script type=\"application\/ld+json\" class=\"yoast-schema-graph\">{\"@context\":\"https:\\\/\\\/schema.org\",\"@graph\":[{\"@type\":\"WebPage\",\"@id\":\"https:\\\/\\\/shop.mastinell.com\\\/ca\\\/producto\\\/pack-romantic\\\/\",\"url\":\"https:\\\/\\\/shop.mastinell.com\\\/ca\\\/producto\\\/pack-romantic\\\/\",\"name\":\"Pack Rom\u00e1ntic - Mastinell\",\"isPartOf\":{\"@id\":\"https:\\\/\\\/mastinell.agencialiverpool.test\\\/#website\"},\"primaryImageOfPage\":{\"@id\":\"https:\\\/\\\/shop.mastinell.com\\\/ca\\\/producto\\\/pack-romantic\\\/#primaryimage\"},\"image\":{\"@id\":\"https:\\\/\\\/shop.mastinell.com\\\/ca\\\/producto\\\/pack-romantic\\\/#primaryimage\"},\"thumbnailUrl\":\"https:\\\/\\\/shop.mastinell.com\\\/wp-content\\\/uploads\\\/2021\\\/02\\\/completa_01.jpg\",\"datePublished\":\"2023-02-04T11:47:52+00:00\",\"dateModified\":\"2025-05-22T16:59:53+00:00\",\"breadcrumb\":{\"@id\":\"https:\\\/\\\/shop.mastinell.com\\\/ca\\\/producto\\\/pack-romantic\\\/#breadcrumb\"},\"inLanguage\":\"ca\",\"potentialAction\":[{\"@type\":\"ReadAction\",\"target\":[\"https:\\\/\\\/shop.mastinell.com\\\/ca\\\/producto\\\/pack-romantic\\\/\"]}]},{\"@type\":\"ImageObject\",\"inLanguage\":\"ca\",\"@id\":\"https:\\\/\\\/shop.mastinell.com\\\/ca\\\/producto\\\/pack-romantic\\\/#primaryimage\",\"url\":\"https:\\\/\\\/shop.mastinell.com\\\/wp-content\\\/uploads\\\/2021\\\/02\\\/completa_01.jpg\",\"contentUrl\":\"https:\\\/\\\/shop.mastinell.com\\\/wp-content\\\/uploads\\\/2021\\\/02\\\/completa_01.jpg\",\"width\":1890,\"height\":1880,\"caption\":\"detalle anochecer habitaci\u00f3n hotel Mastinell\"},{\"@type\":\"BreadcrumbList\",\"@id\":\"https:\\\/\\\/shop.mastinell.com\\\/ca\\\/producto\\\/pack-romantic\\\/#breadcrumb\",\"itemListElement\":[{\"@type\":\"ListItem\",\"position\":1,\"name\":\"Home\",\"item\":\"https:\\\/\\\/shop.mastinell.com\\\/ca\\\/tienda\\\/\"},{\"@type\":\"ListItem\",\"position\":2,\"name\":\"Pack Rom\u00e1ntic\"}]},{\"@type\":\"WebSite\",\"@id\":\"https:\\\/\\\/mastinell.agencialiverpool.test\\\/#website\",\"url\":\"https:\\\/\\\/mastinell.agencialiverpool.test\\\/\",\"name\":\"Mastinell\",\"description\":\"Tienda Oficial\",\"publisher\":{\"@id\":\"https:\\\/\\\/mastinell.agencialiverpool.test\\\/#organization\"},\"potentialAction\":[{\"@type\":\"SearchAction\",\"target\":{\"@type\":\"EntryPoint\",\"urlTemplate\":\"https:\\\/\\\/mastinell.agencialiverpool.test\\\/?s={search_term_string}\"},\"query-input\":{\"@type\":\"PropertyValueSpecification\",\"valueRequired\":true,\"valueName\":\"search_term_string\"}}],\"inLanguage\":\"ca\"},{\"@type\":\"Organization\",\"@id\":\"https:\\\/\\\/mastinell.agencialiverpool.test\\\/#organization\",\"name\":\"Mastinell\",\"url\":\"https:\\\/\\\/mastinell.agencialiverpool.test\\\/\",\"logo\":{\"@type\":\"ImageObject\",\"inLanguage\":\"ca\",\"@id\":\"https:\\\/\\\/mastinell.agencialiverpool.test\\\/#\\\/schema\\\/logo\\\/image\\\/\",\"url\":\"https:\\\/\\\/shop.mastinell.com\\\/wp-content\\\/uploads\\\/2025\\\/01\\\/Mastinell-Cava-y-Hotel-scaled-1.webp\",\"contentUrl\":\"https:\\\/\\\/shop.mastinell.com\\\/wp-content\\\/uploads\\\/2025\\\/01\\\/Mastinell-Cava-y-Hotel-scaled-1.webp\",\"width\":2560,\"height\":531,\"caption\":\"Mastinell\"},\"image\":{\"@id\":\"https:\\\/\\\/mastinell.agencialiverpool.test\\\/#\\\/schema\\\/logo\\\/image\\\/\"},\"sameAs\":[\"https:\\\/\\\/www.facebook.com\\\/CavaHotelMastinell\",\"https:\\\/\\\/www.instagram.com\\\/cavahotel_mastinell\\\/?hl=es\"]}]}<\/script>\n<!-- \/ Yoast SEO plugin. -->","yoast_head_json":{"title":"Pack Rom\u00e1ntic - Mastinell","robots":{"index":"index","follow":"follow","max-snippet":"max-snippet:-1","max-image-preview":"max-image-preview:large","max-video-preview":"max-video-preview:-1"},"canonical":"https:\/\/shop.mastinell.com\/ca\/producto\/pack-romantic\/","og_locale":"ca_ES","og_type":"article","og_title":"Pack Rom\u00e1ntic - Mastinell","og_description":"Per a les parelles que tenen molt a celebrar, os presentem nostre Pack Rom\u00e0ntic. Una experi\u00e8ncia que INCLOU l\u2019allotjament d\u2019una nit a Cava &amp; Hotel MasTinell, aix\u00ed com un massatge hol\u00edstic simultani amb la teva parella de 60' i un sopar que us permetr\u00e0 descobrir els aut\u00e8ntics sabors de la terra, ecol\u00f2gics i km 0 procedents del nostre propi hort. La Proposta gastron\u00f2mica INCLOU set plats maridats amb els nostres vins i caves. Per finalitzar la reserva d\u2019aquest pack, un cop hagis fet la compra, consulta les dates disponibles amb el nostre equip d\u2019Atenci\u00f3 al client, a trav\u00e9s del nostre Whatssap (+34 662 60 06 32) o via e-mail a info@hotelmastinell.com","og_url":"https:\/\/shop.mastinell.com\/ca\/producto\/pack-romantic\/","og_site_name":"Mastinell","article_publisher":"https:\/\/www.facebook.com\/CavaHotelMastinell","article_modified_time":"2025-05-22T16:59:53+00:00","og_image":[{"width":1890,"height":1880,"url":"https:\/\/shop.mastinell.com\/wp-content\/uploads\/2021\/02\/completa_01.jpg","type":"image\/jpeg"}],"twitter_card":"summary_large_image","twitter_misc":{"Temps estimat de lectura":"2 minuts"},"schema":{"@context":"https:\/\/schema.org","@graph":[{"@type":"WebPage","@id":"https:\/\/shop.mastinell.com\/ca\/producto\/pack-romantic\/","url":"https:\/\/shop.mastinell.com\/ca\/producto\/pack-romantic\/","name":"Pack Rom\u00e1ntic - Mastinell","isPartOf":{"@id":"https:\/\/mastinell.agencialiverpool.test\/#website"},"primaryImageOfPage":{"@id":"https:\/\/shop.mastinell.com\/ca\/producto\/pack-romantic\/#primaryimage"},"image":{"@id":"https:\/\/shop.mastinell.com\/ca\/producto\/pack-romantic\/#primaryimage"},"thumbnailUrl":"https:\/\/shop.mastinell.com\/wp-content\/uploads\/2021\/02\/completa_01.jpg","datePublished":"2023-02-04T11:47:52+00:00","dateModified":"2025-05-22T16:59:53+00:00","breadcrumb":{"@id":"https:\/\/shop.mastinell.com\/ca\/producto\/pack-romantic\/#breadcrumb"},"inLanguage":"ca","potentialAction":[{"@type":"ReadAction","target":["https:\/\/shop.mastinell.com\/ca\/producto\/pack-romantic\/"]}]},{"@type":"ImageObject","inLanguage":"ca","@id":"https:\/\/shop.mastinell.com\/ca\/producto\/pack-romantic\/#primaryimage","url":"https:\/\/shop.mastinell.com\/wp-content\/uploads\/2021\/02\/completa_01.jpg","contentUrl":"https:\/\/shop.mastinell.com\/wp-content\/uploads\/2021\/02\/completa_01.jpg","width":1890,"height":1880,"caption":"detalle anochecer habitaci\u00f3n hotel Mastinell"},{"@type":"BreadcrumbList","@id":"https:\/\/shop.mastinell.com\/ca\/producto\/pack-romantic\/#breadcrumb","itemListElement":[{"@type":"ListItem","position":1,"name":"Home","item":"https:\/\/shop.mastinell.com\/ca\/tienda\/"},{"@type":"ListItem","position":2,"name":"Pack Rom\u00e1ntic"}]},{"@type":"WebSite","@id":"https:\/\/mastinell.agencialiverpool.test\/#website","url":"https:\/\/mastinell.agencialiverpool.test\/","name":"Mastinell","description":"Tienda Oficial","publisher":{"@id":"https:\/\/mastinell.agencialiverpool.test\/#organization"},"potentialAction":[{"@type":"SearchAction","target":{"@type":"EntryPoint","urlTemplate":"https:\/\/mastinell.agencialiverpool.test\/?s={search_term_string}"},"query-input":{"@type":"PropertyValueSpecification","valueRequired":true,"valueName":"search_term_string"}}],"inLanguage":"ca"},{"@type":"Organization","@id":"https:\/\/mastinell.agencialiverpool.test\/#organization","name":"Mastinell","url":"https:\/\/mastinell.agencialiverpool.test\/","logo":{"@type":"ImageObject","inLanguage":"ca","@id":"https:\/\/mastinell.agencialiverpool.test\/#\/schema\/logo\/image\/","url":"https:\/\/shop.mastinell.com\/wp-content\/uploads\/2025\/01\/Mastinell-Cava-y-Hotel-scaled-1.webp","contentUrl":"https:\/\/shop.mastinell.com\/wp-content\/uploads\/2025\/01\/Mastinell-Cava-y-Hotel-scaled-1.webp","width":2560,"height":531,"caption":"Mastinell"},"image":{"@id":"https:\/\/mastinell.agencialiverpool.test\/#\/schema\/logo\/image\/"},"sameAs":["https:\/\/www.facebook.com\/CavaHotelMastinell","https:\/\/www.instagram.com\/cavahotel_mastinell\/?hl=es"]}]}},"_links":{"self":[{"href":"https:\/\/shop.mastinell.com\/ca\/wp-json\/wp\/v2\/product\/37250","targetHints":{"allow":["GET"]}}],"collection":[{"href":"https:\/\/shop.mastinell.com\/ca\/wp-json\/wp\/v2\/product"}],"about":[{"href":"https:\/\/shop.mastinell.com\/ca\/wp-json\/wp\/v2\/types\/product"}],"version-history":[{"count":5,"href":"https:\/\/shop.mastinell.com\/ca\/wp-json\/wp\/v2\/product\/37250\/revisions"}],"predecessor-version":[{"id":38553,"href":"https:\/\/shop.mastinell.com\/ca\/wp-json\/wp\/v2\/product\/37250\/revisions\/38553"}],"wp:featuredmedia":[{"embeddable":true,"href":"https:\/\/shop.mastinell.com\/ca\/wp-json\/wp\/v2\/media\/22134"}],"wp:attachment":[{"href":"https:\/\/shop.mastinell.com\/ca\/wp-json\/wp\/v2\/media?parent=37250"}],"wp:term":[{"taxonomy":"product_brand","embeddable":true,"href":"https:\/\/shop.mastinell.com\/ca\/wp-json\/wp\/v2\/product_brand?post=37250"},{"taxonomy":"product_cat","embeddable":true,"href":"https:\/\/shop.mastinell.com\/ca\/wp-json\/wp\/v2\/product_cat?post=37250"},{"taxonomy":"product_tag","embeddable":true,"href":"https:\/\/shop.mastinell.com\/ca\/wp-json\/wp\/v2\/product_tag?post=37250"}],"curies":[{"name":"wp","href":"https:\/\/api.w.org\/{rel}","templated":true}]}}