{"id":37288,"date":"2025-02-05T13:57:19","date_gmt":"2025-02-05T12:57:19","guid":{"rendered":"https:\/\/shop.mastinell.com\/producto\/visita-cellers-mastinell\/"},"modified":"2026-01-01T12:48:30","modified_gmt":"2026-01-01T11:48:30","slug":"visita-cellers-mastinell","status":"publish","type":"product","link":"https:\/\/shop.mastinell.com\/ca\/producto\/visita-cellers-mastinell\/","title":{"rendered":"Visita Cellers Mastinell"},"content":{"rendered":"\t\t<div data-elementor-type=\"product-post\" data-elementor-id=\"37288\" class=\"elementor elementor-37288 elementor-34344\" data-elementor-post-type=\"product\">\n\t\t\t\t\t\t<section class=\"elementor-section elementor-top-section elementor-element elementor-element-03194e1 elementor-section-stretched elementor-section-boxed elementor-section-height-default elementor-section-height-default\" data-id=\"03194e1\" data-element_type=\"section\" data-settings=\"{&quot;stretch_section&quot;:&quot;section-stretched&quot;}\">\n\t\t\t\t\t\t<div class=\"elementor-container elementor-column-gap-default\">\n\t\t\t\t\t<div class=\"elementor-column elementor-col-100 elementor-top-column elementor-element elementor-element-6af8db5\" data-id=\"6af8db5\" data-element_type=\"column\">\n\t\t\t<div class=\"elementor-widget-wrap elementor-element-populated\">\n\t\t\t\t\t\t<section class=\"elementor-section elementor-inner-section elementor-element elementor-element-9f7953e elementor-section-content-middle elementor-section-boxed elementor-section-height-default elementor-section-height-default\" data-id=\"9f7953e\" data-element_type=\"section\">\n\t\t\t\t\t\t<div class=\"elementor-container elementor-column-gap-default\">\n\t\t\t\t\t<div class=\"elementor-column elementor-col-50 elementor-inner-column elementor-element elementor-element-e76d6a2\" data-id=\"e76d6a2\" data-element_type=\"column\">\n\t\t\t<div class=\"elementor-widget-wrap elementor-element-populated\">\n\t\t\t\t\t\t<div class=\"elementor-element elementor-element-5a2a7c4 elementor-widget elementor-widget-image\" data-id=\"5a2a7c4\" data-element_type=\"widget\" data-widget_type=\"image.default\">\n\t\t\t\t<div class=\"elementor-widget-container\">\n\t\t\t\t\t\t\t\t\t\t\t\t\t\t\t<img decoding=\"async\" src=\"https:\/\/shop.mastinell.com\/wp-content\/uploads\/elementor\/thumbs\/vinos_mastinell_in_02-qxwwf7zv60i838csome3p0pgircl1849cgeaord2cc.jpg\" title=\"vinos_mastinell_in_02\" alt=\"vinos_mastinell_in_02\" loading=\"lazy\" \/>\t\t\t\t\t\t\t\t\t\t\t\t\t\t\t<\/div>\n\t\t\t\t<\/div>\n\t\t\t\t\t<\/div>\n\t\t<\/div>\n\t\t\t\t<div class=\"elementor-column elementor-col-50 elementor-inner-column elementor-element elementor-element-674d93b\" data-id=\"674d93b\" data-element_type=\"column\">\n\t\t\t<div class=\"elementor-widget-wrap elementor-element-populated\">\n\t\t\t\t\t\t<div class=\"elementor-element elementor-element-30890f8 elementor-widget elementor-widget-text-editor\" data-id=\"30890f8\" data-element_type=\"widget\" data-widget_type=\"text-editor.default\">\n\t\t\t\t<div class=\"elementor-widget-container\">\n\t\t\t\t\t\t\t\t\t<p><strong>El pack est\u00e0ndard inclou:<br \/><\/strong>\u2013 Visita guiada als cellers Mastinell.<br \/>\u2013 Tast de 3 dels nostres productes Mastinell (un vi i dues caves).<\/p><p><strong>El pack premium inclou:<br \/><\/strong>\u2013 Visita guiada als cellers Mastinell.<br \/>\u2013 Tast de 5 dels nostres productes Mastinell (dos vins i tres caves).<\/p><p>Preu per persona.<br \/>No reemborsable.<br \/>Dates soda disponibilitat.<br \/>Aquest pack t\u00e9 una validesa de 6 mesos des de la data de compra.<\/p>\t\t\t\t\t\t\t\t<\/div>\n\t\t\t\t<\/div>\n\t\t\t\t\t<\/div>\n\t\t<\/div>\n\t\t\t\t\t<\/div>\n\t\t<\/section>\n\t\t\t\t\t<\/div>\n\t\t<\/div>\n\t\t\t\t\t<\/div>\n\t\t<\/section>\n\t\t\t\t<\/div>\n\t\t","protected":false},"excerpt":{"rendered":"<p class=\"p1\"><span class=\"s1\">L&#8217;opci\u00f3 perfecta per als amants del vi que vulguin descobrir tots els secrets de l&#8217;elaboraci\u00f3 dels vins i caves Mastinell, aix\u00ed com aprendre a percebre les subtils difer\u00e8ncies entre els seus diferents propostes.<\/span><\/p>\n<p>Per finalitzar la reserva d&#8217;aquest pack, un cop hagis realitzat la compra, consulta les dates disponibles amb el nostre equip d&#8217;Atenci\u00f3 al client, a trav\u00e9s del nostre Whatssap (+34 662 60 06 32) o via email a\u00a0<a href=\"mailto :info@hotelmastinell.com\" target=\"_blank\" rel=\"noopener\">info@hotelmastinell.com<\/a><\/p>\n","protected":false},"featured_media":23438,"template":"","meta":{"_acf_changed":false},"product_brand":[],"product_cat":[135],"product_tag":[],"class_list":{"0":"post-37288","1":"product","2":"type-product","3":"status-publish","4":"has-post-thumbnail","6":"product_cat-regala-enoturismo-ca","7":"product_shipping_class-enviament-gratuit","9":"first","10":"instock","11":"shipping-taxable","12":"purchasable","13":"product-type-variable"},"acf":[],"yoast_head":"<!-- This site is optimized with the Yoast SEO plugin v27.3 - https:\/\/yoast.com\/product\/yoast-seo-wordpress\/ -->\n<title>Visita Cellers Mastinell - Mastinell<\/title>\n<meta name=\"robots\" content=\"index, follow, max-snippet:-1, max-image-preview:large, max-video-preview:-1\" \/>\n<link rel=\"canonical\" href=\"https:\/\/shop.mastinell.com\/ca\/producto\/visita-cellers-mastinell\/\" \/>\n<meta property=\"og:locale\" content=\"ca_ES\" \/>\n<meta property=\"og:type\" content=\"article\" \/>\n<meta property=\"og:title\" content=\"Visita Cellers Mastinell - Mastinell\" \/>\n<meta property=\"og:description\" content=\"L&#039;opci\u00f3 perfecta per als amants del vi que vulguin descobrir tots els secrets de l&#039;elaboraci\u00f3 dels vins i caves Mastinell, aix\u00ed com aprendre a percebre les subtils difer\u00e8ncies entre els seus diferents propostes. Per finalitzar la reserva d&#039;aquest pack, un cop hagis realitzat la compra, consulta les dates disponibles amb el nostre equip d&#039;Atenci\u00f3 al client, a trav\u00e9s del nostre Whatssap (+34 662 60 06 32) o via email a\u00a0info@hotelmastinell.com\" \/>\n<meta property=\"og:url\" content=\"https:\/\/shop.mastinell.com\/ca\/producto\/visita-cellers-mastinell\/\" \/>\n<meta property=\"og:site_name\" content=\"Mastinell\" \/>\n<meta property=\"article:publisher\" content=\"https:\/\/www.facebook.com\/CavaHotelMastinell\" \/>\n<meta property=\"article:modified_time\" content=\"2026-01-01T11:48:30+00:00\" \/>\n<meta property=\"og:image\" content=\"https:\/\/shop.mastinell.com\/wp-content\/uploads\/2021\/08\/EXTERIOR-WEB-PACK-1.jpg\" \/>\n\t<meta property=\"og:image:width\" content=\"1406\" \/>\n\t<meta property=\"og:image:height\" content=\"1100\" \/>\n\t<meta property=\"og:image:type\" content=\"image\/jpeg\" \/>\n<meta name=\"twitter:card\" content=\"summary_large_image\" \/>\n<script type=\"application\/ld+json\" class=\"yoast-schema-graph\">{\"@context\":\"https:\\\/\\\/schema.org\",\"@graph\":[{\"@type\":\"WebPage\",\"@id\":\"https:\\\/\\\/shop.mastinell.com\\\/ca\\\/producto\\\/visita-cellers-mastinell\\\/\",\"url\":\"https:\\\/\\\/shop.mastinell.com\\\/ca\\\/producto\\\/visita-cellers-mastinell\\\/\",\"name\":\"Visita Cellers Mastinell - Mastinell\",\"isPartOf\":{\"@id\":\"https:\\\/\\\/mastinell.agencialiverpool.test\\\/#website\"},\"primaryImageOfPage\":{\"@id\":\"https:\\\/\\\/shop.mastinell.com\\\/ca\\\/producto\\\/visita-cellers-mastinell\\\/#primaryimage\"},\"image\":{\"@id\":\"https:\\\/\\\/shop.mastinell.com\\\/ca\\\/producto\\\/visita-cellers-mastinell\\\/#primaryimage\"},\"thumbnailUrl\":\"https:\\\/\\\/shop.mastinell.com\\\/wp-content\\\/uploads\\\/2021\\\/08\\\/EXTERIOR-WEB-PACK-1.jpg\",\"datePublished\":\"2025-02-05T12:57:19+00:00\",\"dateModified\":\"2026-01-01T11:48:30+00:00\",\"breadcrumb\":{\"@id\":\"https:\\\/\\\/shop.mastinell.com\\\/ca\\\/producto\\\/visita-cellers-mastinell\\\/#breadcrumb\"},\"inLanguage\":\"ca\",\"potentialAction\":[{\"@type\":\"ReadAction\",\"target\":[\"https:\\\/\\\/shop.mastinell.com\\\/ca\\\/producto\\\/visita-cellers-mastinell\\\/\"]}]},{\"@type\":\"ImageObject\",\"inLanguage\":\"ca\",\"@id\":\"https:\\\/\\\/shop.mastinell.com\\\/ca\\\/producto\\\/visita-cellers-mastinell\\\/#primaryimage\",\"url\":\"https:\\\/\\\/shop.mastinell.com\\\/wp-content\\\/uploads\\\/2021\\\/08\\\/EXTERIOR-WEB-PACK-1.jpg\",\"contentUrl\":\"https:\\\/\\\/shop.mastinell.com\\\/wp-content\\\/uploads\\\/2021\\\/08\\\/EXTERIOR-WEB-PACK-1.jpg\",\"width\":1406,\"height\":1100,\"caption\":\"recogida uva\"},{\"@type\":\"BreadcrumbList\",\"@id\":\"https:\\\/\\\/shop.mastinell.com\\\/ca\\\/producto\\\/visita-cellers-mastinell\\\/#breadcrumb\",\"itemListElement\":[{\"@type\":\"ListItem\",\"position\":1,\"name\":\"Home\",\"item\":\"https:\\\/\\\/shop.mastinell.com\\\/ca\\\/tienda\\\/\"},{\"@type\":\"ListItem\",\"position\":2,\"name\":\"Visita Cellers Mastinell\"}]},{\"@type\":\"WebSite\",\"@id\":\"https:\\\/\\\/mastinell.agencialiverpool.test\\\/#website\",\"url\":\"https:\\\/\\\/mastinell.agencialiverpool.test\\\/\",\"name\":\"Mastinell\",\"description\":\"Tienda Oficial\",\"publisher\":{\"@id\":\"https:\\\/\\\/mastinell.agencialiverpool.test\\\/#organization\"},\"potentialAction\":[{\"@type\":\"SearchAction\",\"target\":{\"@type\":\"EntryPoint\",\"urlTemplate\":\"https:\\\/\\\/mastinell.agencialiverpool.test\\\/?s={search_term_string}\"},\"query-input\":{\"@type\":\"PropertyValueSpecification\",\"valueRequired\":true,\"valueName\":\"search_term_string\"}}],\"inLanguage\":\"ca\"},{\"@type\":\"Organization\",\"@id\":\"https:\\\/\\\/mastinell.agencialiverpool.test\\\/#organization\",\"name\":\"Mastinell\",\"url\":\"https:\\\/\\\/mastinell.agencialiverpool.test\\\/\",\"logo\":{\"@type\":\"ImageObject\",\"inLanguage\":\"ca\",\"@id\":\"https:\\\/\\\/mastinell.agencialiverpool.test\\\/#\\\/schema\\\/logo\\\/image\\\/\",\"url\":\"https:\\\/\\\/shop.mastinell.com\\\/wp-content\\\/uploads\\\/2025\\\/01\\\/Mastinell-Cava-y-Hotel-scaled-1.webp\",\"contentUrl\":\"https:\\\/\\\/shop.mastinell.com\\\/wp-content\\\/uploads\\\/2025\\\/01\\\/Mastinell-Cava-y-Hotel-scaled-1.webp\",\"width\":2560,\"height\":531,\"caption\":\"Mastinell\"},\"image\":{\"@id\":\"https:\\\/\\\/mastinell.agencialiverpool.test\\\/#\\\/schema\\\/logo\\\/image\\\/\"},\"sameAs\":[\"https:\\\/\\\/www.facebook.com\\\/CavaHotelMastinell\",\"https:\\\/\\\/www.instagram.com\\\/cavahotel_mastinell\\\/?hl=es\"]}]}<\/script>\n<!-- \/ Yoast SEO plugin. -->","yoast_head_json":{"title":"Visita Cellers Mastinell - Mastinell","robots":{"index":"index","follow":"follow","max-snippet":"max-snippet:-1","max-image-preview":"max-image-preview:large","max-video-preview":"max-video-preview:-1"},"canonical":"https:\/\/shop.mastinell.com\/ca\/producto\/visita-cellers-mastinell\/","og_locale":"ca_ES","og_type":"article","og_title":"Visita Cellers Mastinell - Mastinell","og_description":"L'opci\u00f3 perfecta per als amants del vi que vulguin descobrir tots els secrets de l'elaboraci\u00f3 dels vins i caves Mastinell, aix\u00ed com aprendre a percebre les subtils difer\u00e8ncies entre els seus diferents propostes. Per finalitzar la reserva d'aquest pack, un cop hagis realitzat la compra, consulta les dates disponibles amb el nostre equip d'Atenci\u00f3 al client, a trav\u00e9s del nostre Whatssap (+34 662 60 06 32) o via email a\u00a0info@hotelmastinell.com","og_url":"https:\/\/shop.mastinell.com\/ca\/producto\/visita-cellers-mastinell\/","og_site_name":"Mastinell","article_publisher":"https:\/\/www.facebook.com\/CavaHotelMastinell","article_modified_time":"2026-01-01T11:48:30+00:00","og_image":[{"width":1406,"height":1100,"url":"https:\/\/shop.mastinell.com\/wp-content\/uploads\/2021\/08\/EXTERIOR-WEB-PACK-1.jpg","type":"image\/jpeg"}],"twitter_card":"summary_large_image","schema":{"@context":"https:\/\/schema.org","@graph":[{"@type":"WebPage","@id":"https:\/\/shop.mastinell.com\/ca\/producto\/visita-cellers-mastinell\/","url":"https:\/\/shop.mastinell.com\/ca\/producto\/visita-cellers-mastinell\/","name":"Visita Cellers Mastinell - Mastinell","isPartOf":{"@id":"https:\/\/mastinell.agencialiverpool.test\/#website"},"primaryImageOfPage":{"@id":"https:\/\/shop.mastinell.com\/ca\/producto\/visita-cellers-mastinell\/#primaryimage"},"image":{"@id":"https:\/\/shop.mastinell.com\/ca\/producto\/visita-cellers-mastinell\/#primaryimage"},"thumbnailUrl":"https:\/\/shop.mastinell.com\/wp-content\/uploads\/2021\/08\/EXTERIOR-WEB-PACK-1.jpg","datePublished":"2025-02-05T12:57:19+00:00","dateModified":"2026-01-01T11:48:30+00:00","breadcrumb":{"@id":"https:\/\/shop.mastinell.com\/ca\/producto\/visita-cellers-mastinell\/#breadcrumb"},"inLanguage":"ca","potentialAction":[{"@type":"ReadAction","target":["https:\/\/shop.mastinell.com\/ca\/producto\/visita-cellers-mastinell\/"]}]},{"@type":"ImageObject","inLanguage":"ca","@id":"https:\/\/shop.mastinell.com\/ca\/producto\/visita-cellers-mastinell\/#primaryimage","url":"https:\/\/shop.mastinell.com\/wp-content\/uploads\/2021\/08\/EXTERIOR-WEB-PACK-1.jpg","contentUrl":"https:\/\/shop.mastinell.com\/wp-content\/uploads\/2021\/08\/EXTERIOR-WEB-PACK-1.jpg","width":1406,"height":1100,"caption":"recogida uva"},{"@type":"BreadcrumbList","@id":"https:\/\/shop.mastinell.com\/ca\/producto\/visita-cellers-mastinell\/#breadcrumb","itemListElement":[{"@type":"ListItem","position":1,"name":"Home","item":"https:\/\/shop.mastinell.com\/ca\/tienda\/"},{"@type":"ListItem","position":2,"name":"Visita Cellers Mastinell"}]},{"@type":"WebSite","@id":"https:\/\/mastinell.agencialiverpool.test\/#website","url":"https:\/\/mastinell.agencialiverpool.test\/","name":"Mastinell","description":"Tienda Oficial","publisher":{"@id":"https:\/\/mastinell.agencialiverpool.test\/#organization"},"potentialAction":[{"@type":"SearchAction","target":{"@type":"EntryPoint","urlTemplate":"https:\/\/mastinell.agencialiverpool.test\/?s={search_term_string}"},"query-input":{"@type":"PropertyValueSpecification","valueRequired":true,"valueName":"search_term_string"}}],"inLanguage":"ca"},{"@type":"Organization","@id":"https:\/\/mastinell.agencialiverpool.test\/#organization","name":"Mastinell","url":"https:\/\/mastinell.agencialiverpool.test\/","logo":{"@type":"ImageObject","inLanguage":"ca","@id":"https:\/\/mastinell.agencialiverpool.test\/#\/schema\/logo\/image\/","url":"https:\/\/shop.mastinell.com\/wp-content\/uploads\/2025\/01\/Mastinell-Cava-y-Hotel-scaled-1.webp","contentUrl":"https:\/\/shop.mastinell.com\/wp-content\/uploads\/2025\/01\/Mastinell-Cava-y-Hotel-scaled-1.webp","width":2560,"height":531,"caption":"Mastinell"},"image":{"@id":"https:\/\/mastinell.agencialiverpool.test\/#\/schema\/logo\/image\/"},"sameAs":["https:\/\/www.facebook.com\/CavaHotelMastinell","https:\/\/www.instagram.com\/cavahotel_mastinell\/?hl=es"]}]}},"_links":{"self":[{"href":"https:\/\/shop.mastinell.com\/ca\/wp-json\/wp\/v2\/product\/37288","targetHints":{"allow":["GET"]}}],"collection":[{"href":"https:\/\/shop.mastinell.com\/ca\/wp-json\/wp\/v2\/product"}],"about":[{"href":"https:\/\/shop.mastinell.com\/ca\/wp-json\/wp\/v2\/types\/product"}],"version-history":[{"count":5,"href":"https:\/\/shop.mastinell.com\/ca\/wp-json\/wp\/v2\/product\/37288\/revisions"}],"predecessor-version":[{"id":39057,"href":"https:\/\/shop.mastinell.com\/ca\/wp-json\/wp\/v2\/product\/37288\/revisions\/39057"}],"wp:featuredmedia":[{"embeddable":true,"href":"https:\/\/shop.mastinell.com\/ca\/wp-json\/wp\/v2\/media\/23438"}],"wp:attachment":[{"href":"https:\/\/shop.mastinell.com\/ca\/wp-json\/wp\/v2\/media?parent=37288"}],"wp:term":[{"taxonomy":"product_brand","embeddable":true,"href":"https:\/\/shop.mastinell.com\/ca\/wp-json\/wp\/v2\/product_brand?post=37288"},{"taxonomy":"product_cat","embeddable":true,"href":"https:\/\/shop.mastinell.com\/ca\/wp-json\/wp\/v2\/product_cat?post=37288"},{"taxonomy":"product_tag","embeddable":true,"href":"https:\/\/shop.mastinell.com\/ca\/wp-json\/wp\/v2\/product_tag?post=37288"}],"curies":[{"name":"wp","href":"https:\/\/api.w.org\/{rel}","templated":true}]}}