{"id":37308,"date":"2023-02-05T14:21:37","date_gmt":"2023-02-05T13:21:37","guid":{"rendered":"https:\/\/shop.mastinell.com\/producto\/pack-dia-a-mastinell\/"},"modified":"2025-07-07T17:11:05","modified_gmt":"2025-07-07T15:11:05","slug":"pack-dia-a-mastinell","status":"publish","type":"product","link":"https:\/\/shop.mastinell.com\/ca\/producto\/pack-dia-a-mastinell\/","title":{"rendered":"Pack D\u00eda a Mastinell"},"content":{"rendered":"\t\t<div data-elementor-type=\"product-post\" data-elementor-id=\"37308\" class=\"elementor elementor-37308 elementor-11735\" data-elementor-post-type=\"product\">\n\t\t\t\t\t\t<section class=\"elementor-section elementor-top-section elementor-element elementor-element-10191a04 elementor-section-stretched elementor-section-boxed elementor-section-height-default elementor-section-height-default\" data-id=\"10191a04\" data-element_type=\"section\" data-settings=\"{&quot;stretch_section&quot;:&quot;section-stretched&quot;}\">\n\t\t\t\t\t\t<div class=\"elementor-container elementor-column-gap-default\">\n\t\t\t\t\t<div class=\"elementor-column elementor-col-100 elementor-top-column elementor-element elementor-element-65927cde\" data-id=\"65927cde\" data-element_type=\"column\">\n\t\t\t<div class=\"elementor-widget-wrap elementor-element-populated\">\n\t\t\t\t\t\t<section class=\"elementor-section elementor-inner-section elementor-element elementor-element-38ca8042 elementor-section-content-middle elementor-section-boxed elementor-section-height-default elementor-section-height-default\" data-id=\"38ca8042\" data-element_type=\"section\">\n\t\t\t\t\t\t<div class=\"elementor-container elementor-column-gap-default\">\n\t\t\t\t\t<div class=\"elementor-column elementor-col-50 elementor-inner-column elementor-element elementor-element-7117988b\" data-id=\"7117988b\" data-element_type=\"column\">\n\t\t\t<div class=\"elementor-widget-wrap elementor-element-populated\">\n\t\t\t\t\t\t<div class=\"elementor-element elementor-element-55b8f27b elementor-widget elementor-widget-image\" data-id=\"55b8f27b\" data-element_type=\"widget\" data-widget_type=\"image.default\">\n\t\t\t\t<div class=\"elementor-widget-container\">\n\t\t\t\t\t\t\t\t\t\t\t\t\t\t\t<img decoding=\"async\" src=\"https:\/\/shop.mastinell.com\/wp-content\/uploads\/elementor\/thumbs\/vinos_mastinell_in_02-qxwwf7zv60i838csome3p0pgircl1849cgeaord2cc.jpg\" title=\"vinos_mastinell_in_02\" alt=\"vinos_mastinell_in_02\" loading=\"lazy\" \/>\t\t\t\t\t\t\t\t\t\t\t\t\t\t\t<\/div>\n\t\t\t\t<\/div>\n\t\t\t\t\t<\/div>\n\t\t<\/div>\n\t\t\t\t<div class=\"elementor-column elementor-col-50 elementor-inner-column elementor-element elementor-element-47094589\" data-id=\"47094589\" data-element_type=\"column\">\n\t\t\t<div class=\"elementor-widget-wrap elementor-element-populated\">\n\t\t\t\t\t\t<div class=\"elementor-element elementor-element-6a2a4eb elementor-widget elementor-widget-text-editor\" data-id=\"6a2a4eb\" data-element_type=\"widget\" data-widget_type=\"text-editor.default\">\n\t\t\t\t<div class=\"elementor-widget-container\">\n\t\t\t\t\t\t\t\t\t<p><strong>El pack inclou:<br \/><\/strong>\u2013 Visita guiada als cellers Mastinell.<br \/><span class=\"s1\">\u2013 Tast dels nostres productes Mastinell.<br \/>\u2013 Men\u00fa de migdia al nostre restaurant En Rima.<br \/>\u2013 <\/span>20% de descompte en compres de cava Mastinell a la nostra botiga.<br \/>Dates sota disponibilitat.<br \/>No reemborsable.<br \/>Aquest pack t\u00e9 una validesa de 6 mesos des de la data de compra.<\/p>\n\t\t\t\t\t\t\t\t<\/div>\n\t\t\t\t<\/div>\n\t\t\t\t\t<\/div>\n\t\t<\/div>\n\t\t\t\t\t<\/div>\n\t\t<\/section>\n\t\t\t\t\t<\/div>\n\t\t<\/div>\n\t\t\t\t\t<\/div>\n\t\t<\/section>\n\t\t\t\t<\/div>\n\t\t","protected":false},"excerpt":{"rendered":"<p class=\"p1\"><span class=\"s1\">L\u2019opci\u00f3 perfecta pels als amants de el vi que vulguin descobrir tots els secrets de l\u2019elaboraci\u00f3 dels vins i caves MasTinell, aix\u00ed com aprendre a percebre les subtils difer\u00e8ncies entre les seves diferents propostes.<\/span><\/p>\n<p>Per finalitzar la reserva d\u2019aquest pack, un cop hagis fet la compra, consulta les dates disponibles amb el nostre equip d\u2019Atenci\u00f3 al client, a trav\u00e9s del nostre Whatssap\u00a0(+34 662 60 06 32) o via e-mail a\u00a0<a href=\"mailto:info@hotelmastinell.com\" target=\"_blank\" rel=\"noopener\">info@hotelmastinell.com<\/a><\/p>\n<p>\u00a0<\/p>\n","protected":false},"featured_media":20546,"template":"","meta":{"_acf_changed":false},"product_brand":[],"product_cat":[135],"product_tag":[],"class_list":{"0":"post-37308","1":"product","2":"type-product","3":"status-publish","4":"has-post-thumbnail","6":"product_cat-regala-enoturismo-ca","8":"first","9":"instock","10":"shipping-taxable","11":"purchasable","12":"product-type-variable"},"acf":[],"yoast_head":"<!-- This site is optimized with the Yoast SEO plugin v27.5 - https:\/\/yoast.com\/product\/yoast-seo-wordpress\/ -->\n<title>Pack D\u00eda a Mastinell - Mastinell<\/title>\n<meta name=\"robots\" content=\"index, follow, max-snippet:-1, max-image-preview:large, max-video-preview:-1\" \/>\n<link rel=\"canonical\" href=\"https:\/\/shop.mastinell.com\/ca\/producto\/pack-dia-a-mastinell\/\" \/>\n<meta property=\"og:locale\" content=\"ca_ES\" \/>\n<meta property=\"og:type\" content=\"article\" \/>\n<meta property=\"og:title\" content=\"Pack D\u00eda a Mastinell - Mastinell\" \/>\n<meta property=\"og:description\" content=\"L\u2019opci\u00f3 perfecta pels als amants de el vi que vulguin descobrir tots els secrets de l\u2019elaboraci\u00f3 dels vins i caves MasTinell, aix\u00ed com aprendre a percebre les subtils difer\u00e8ncies entre les seves diferents propostes. Per finalitzar la reserva d\u2019aquest pack, un cop hagis fet la compra, consulta les dates disponibles amb el nostre equip d\u2019Atenci\u00f3 al client, a trav\u00e9s del nostre Whatssap\u00a0(+34 662 60 06 32) o via e-mail a\u00a0info@hotelmastinell.com  \u00a0\" \/>\n<meta property=\"og:url\" content=\"https:\/\/shop.mastinell.com\/ca\/producto\/pack-dia-a-mastinell\/\" \/>\n<meta property=\"og:site_name\" content=\"Mastinell\" \/>\n<meta property=\"article:publisher\" content=\"https:\/\/www.facebook.com\/CavaHotelMastinell\" \/>\n<meta property=\"article:modified_time\" content=\"2025-07-07T15:11:05+00:00\" \/>\n<meta property=\"og:image\" content=\"https:\/\/shop.mastinell.com\/wp-content\/uploads\/2021\/02\/hotel_espacios_restaurante.jpg\" \/>\n\t<meta property=\"og:image:width\" content=\"1406\" \/>\n\t<meta property=\"og:image:height\" content=\"1100\" \/>\n\t<meta property=\"og:image:type\" content=\"image\/jpeg\" \/>\n<meta name=\"twitter:card\" content=\"summary_large_image\" \/>\n<meta name=\"twitter:label1\" content=\"Temps estimat de lectura\" \/>\n\t<meta name=\"twitter:data1\" content=\"1 minut\" \/>\n<script type=\"application\/ld+json\" class=\"yoast-schema-graph\">{\"@context\":\"https:\\\/\\\/schema.org\",\"@graph\":[{\"@type\":\"WebPage\",\"@id\":\"https:\\\/\\\/shop.mastinell.com\\\/ca\\\/producto\\\/pack-dia-a-mastinell\\\/\",\"url\":\"https:\\\/\\\/shop.mastinell.com\\\/ca\\\/producto\\\/pack-dia-a-mastinell\\\/\",\"name\":\"Pack D\u00eda a Mastinell - Mastinell\",\"isPartOf\":{\"@id\":\"https:\\\/\\\/mastinell.agencialiverpool.test\\\/#website\"},\"primaryImageOfPage\":{\"@id\":\"https:\\\/\\\/shop.mastinell.com\\\/ca\\\/producto\\\/pack-dia-a-mastinell\\\/#primaryimage\"},\"image\":{\"@id\":\"https:\\\/\\\/shop.mastinell.com\\\/ca\\\/producto\\\/pack-dia-a-mastinell\\\/#primaryimage\"},\"thumbnailUrl\":\"https:\\\/\\\/shop.mastinell.com\\\/wp-content\\\/uploads\\\/2021\\\/02\\\/hotel_espacios_restaurante.jpg\",\"datePublished\":\"2023-02-05T13:21:37+00:00\",\"dateModified\":\"2025-07-07T15:11:05+00:00\",\"breadcrumb\":{\"@id\":\"https:\\\/\\\/shop.mastinell.com\\\/ca\\\/producto\\\/pack-dia-a-mastinell\\\/#breadcrumb\"},\"inLanguage\":\"ca\",\"potentialAction\":[{\"@type\":\"ReadAction\",\"target\":[\"https:\\\/\\\/shop.mastinell.com\\\/ca\\\/producto\\\/pack-dia-a-mastinell\\\/\"]}]},{\"@type\":\"ImageObject\",\"inLanguage\":\"ca\",\"@id\":\"https:\\\/\\\/shop.mastinell.com\\\/ca\\\/producto\\\/pack-dia-a-mastinell\\\/#primaryimage\",\"url\":\"https:\\\/\\\/shop.mastinell.com\\\/wp-content\\\/uploads\\\/2021\\\/02\\\/hotel_espacios_restaurante.jpg\",\"contentUrl\":\"https:\\\/\\\/shop.mastinell.com\\\/wp-content\\\/uploads\\\/2021\\\/02\\\/hotel_espacios_restaurante.jpg\",\"width\":1406,\"height\":1100,\"caption\":\"espacio restaurante En Rima Mastinell hotel con bodega\"},{\"@type\":\"BreadcrumbList\",\"@id\":\"https:\\\/\\\/shop.mastinell.com\\\/ca\\\/producto\\\/pack-dia-a-mastinell\\\/#breadcrumb\",\"itemListElement\":[{\"@type\":\"ListItem\",\"position\":1,\"name\":\"Home\",\"item\":\"https:\\\/\\\/shop.mastinell.com\\\/ca\\\/tienda\\\/\"},{\"@type\":\"ListItem\",\"position\":2,\"name\":\"Pack D\u00eda a Mastinell\"}]},{\"@type\":\"WebSite\",\"@id\":\"https:\\\/\\\/mastinell.agencialiverpool.test\\\/#website\",\"url\":\"https:\\\/\\\/mastinell.agencialiverpool.test\\\/\",\"name\":\"Mastinell\",\"description\":\"Tienda Oficial\",\"publisher\":{\"@id\":\"https:\\\/\\\/mastinell.agencialiverpool.test\\\/#organization\"},\"potentialAction\":[{\"@type\":\"SearchAction\",\"target\":{\"@type\":\"EntryPoint\",\"urlTemplate\":\"https:\\\/\\\/mastinell.agencialiverpool.test\\\/?s={search_term_string}\"},\"query-input\":{\"@type\":\"PropertyValueSpecification\",\"valueRequired\":true,\"valueName\":\"search_term_string\"}}],\"inLanguage\":\"ca\"},{\"@type\":\"Organization\",\"@id\":\"https:\\\/\\\/mastinell.agencialiverpool.test\\\/#organization\",\"name\":\"Mastinell\",\"url\":\"https:\\\/\\\/mastinell.agencialiverpool.test\\\/\",\"logo\":{\"@type\":\"ImageObject\",\"inLanguage\":\"ca\",\"@id\":\"https:\\\/\\\/mastinell.agencialiverpool.test\\\/#\\\/schema\\\/logo\\\/image\\\/\",\"url\":\"https:\\\/\\\/shop.mastinell.com\\\/wp-content\\\/uploads\\\/2025\\\/01\\\/Mastinell-Cava-y-Hotel-scaled-1.webp\",\"contentUrl\":\"https:\\\/\\\/shop.mastinell.com\\\/wp-content\\\/uploads\\\/2025\\\/01\\\/Mastinell-Cava-y-Hotel-scaled-1.webp\",\"width\":2560,\"height\":531,\"caption\":\"Mastinell\"},\"image\":{\"@id\":\"https:\\\/\\\/mastinell.agencialiverpool.test\\\/#\\\/schema\\\/logo\\\/image\\\/\"},\"sameAs\":[\"https:\\\/\\\/www.facebook.com\\\/CavaHotelMastinell\",\"https:\\\/\\\/www.instagram.com\\\/cavahotel_mastinell\\\/?hl=es\"]}]}<\/script>\n<!-- \/ Yoast SEO plugin. -->","yoast_head_json":{"title":"Pack D\u00eda a Mastinell - Mastinell","robots":{"index":"index","follow":"follow","max-snippet":"max-snippet:-1","max-image-preview":"max-image-preview:large","max-video-preview":"max-video-preview:-1"},"canonical":"https:\/\/shop.mastinell.com\/ca\/producto\/pack-dia-a-mastinell\/","og_locale":"ca_ES","og_type":"article","og_title":"Pack D\u00eda a Mastinell - Mastinell","og_description":"L\u2019opci\u00f3 perfecta pels als amants de el vi que vulguin descobrir tots els secrets de l\u2019elaboraci\u00f3 dels vins i caves MasTinell, aix\u00ed com aprendre a percebre les subtils difer\u00e8ncies entre les seves diferents propostes. Per finalitzar la reserva d\u2019aquest pack, un cop hagis fet la compra, consulta les dates disponibles amb el nostre equip d\u2019Atenci\u00f3 al client, a trav\u00e9s del nostre Whatssap\u00a0(+34 662 60 06 32) o via e-mail a\u00a0info@hotelmastinell.com  \u00a0","og_url":"https:\/\/shop.mastinell.com\/ca\/producto\/pack-dia-a-mastinell\/","og_site_name":"Mastinell","article_publisher":"https:\/\/www.facebook.com\/CavaHotelMastinell","article_modified_time":"2025-07-07T15:11:05+00:00","og_image":[{"width":1406,"height":1100,"url":"https:\/\/shop.mastinell.com\/wp-content\/uploads\/2021\/02\/hotel_espacios_restaurante.jpg","type":"image\/jpeg"}],"twitter_card":"summary_large_image","twitter_misc":{"Temps estimat de lectura":"1 minut"},"schema":{"@context":"https:\/\/schema.org","@graph":[{"@type":"WebPage","@id":"https:\/\/shop.mastinell.com\/ca\/producto\/pack-dia-a-mastinell\/","url":"https:\/\/shop.mastinell.com\/ca\/producto\/pack-dia-a-mastinell\/","name":"Pack D\u00eda a Mastinell - Mastinell","isPartOf":{"@id":"https:\/\/mastinell.agencialiverpool.test\/#website"},"primaryImageOfPage":{"@id":"https:\/\/shop.mastinell.com\/ca\/producto\/pack-dia-a-mastinell\/#primaryimage"},"image":{"@id":"https:\/\/shop.mastinell.com\/ca\/producto\/pack-dia-a-mastinell\/#primaryimage"},"thumbnailUrl":"https:\/\/shop.mastinell.com\/wp-content\/uploads\/2021\/02\/hotel_espacios_restaurante.jpg","datePublished":"2023-02-05T13:21:37+00:00","dateModified":"2025-07-07T15:11:05+00:00","breadcrumb":{"@id":"https:\/\/shop.mastinell.com\/ca\/producto\/pack-dia-a-mastinell\/#breadcrumb"},"inLanguage":"ca","potentialAction":[{"@type":"ReadAction","target":["https:\/\/shop.mastinell.com\/ca\/producto\/pack-dia-a-mastinell\/"]}]},{"@type":"ImageObject","inLanguage":"ca","@id":"https:\/\/shop.mastinell.com\/ca\/producto\/pack-dia-a-mastinell\/#primaryimage","url":"https:\/\/shop.mastinell.com\/wp-content\/uploads\/2021\/02\/hotel_espacios_restaurante.jpg","contentUrl":"https:\/\/shop.mastinell.com\/wp-content\/uploads\/2021\/02\/hotel_espacios_restaurante.jpg","width":1406,"height":1100,"caption":"espacio restaurante En Rima Mastinell hotel con bodega"},{"@type":"BreadcrumbList","@id":"https:\/\/shop.mastinell.com\/ca\/producto\/pack-dia-a-mastinell\/#breadcrumb","itemListElement":[{"@type":"ListItem","position":1,"name":"Home","item":"https:\/\/shop.mastinell.com\/ca\/tienda\/"},{"@type":"ListItem","position":2,"name":"Pack D\u00eda a Mastinell"}]},{"@type":"WebSite","@id":"https:\/\/mastinell.agencialiverpool.test\/#website","url":"https:\/\/mastinell.agencialiverpool.test\/","name":"Mastinell","description":"Tienda Oficial","publisher":{"@id":"https:\/\/mastinell.agencialiverpool.test\/#organization"},"potentialAction":[{"@type":"SearchAction","target":{"@type":"EntryPoint","urlTemplate":"https:\/\/mastinell.agencialiverpool.test\/?s={search_term_string}"},"query-input":{"@type":"PropertyValueSpecification","valueRequired":true,"valueName":"search_term_string"}}],"inLanguage":"ca"},{"@type":"Organization","@id":"https:\/\/mastinell.agencialiverpool.test\/#organization","name":"Mastinell","url":"https:\/\/mastinell.agencialiverpool.test\/","logo":{"@type":"ImageObject","inLanguage":"ca","@id":"https:\/\/mastinell.agencialiverpool.test\/#\/schema\/logo\/image\/","url":"https:\/\/shop.mastinell.com\/wp-content\/uploads\/2025\/01\/Mastinell-Cava-y-Hotel-scaled-1.webp","contentUrl":"https:\/\/shop.mastinell.com\/wp-content\/uploads\/2025\/01\/Mastinell-Cava-y-Hotel-scaled-1.webp","width":2560,"height":531,"caption":"Mastinell"},"image":{"@id":"https:\/\/mastinell.agencialiverpool.test\/#\/schema\/logo\/image\/"},"sameAs":["https:\/\/www.facebook.com\/CavaHotelMastinell","https:\/\/www.instagram.com\/cavahotel_mastinell\/?hl=es"]}]}},"_links":{"self":[{"href":"https:\/\/shop.mastinell.com\/ca\/wp-json\/wp\/v2\/product\/37308","targetHints":{"allow":["GET"]}}],"collection":[{"href":"https:\/\/shop.mastinell.com\/ca\/wp-json\/wp\/v2\/product"}],"about":[{"href":"https:\/\/shop.mastinell.com\/ca\/wp-json\/wp\/v2\/types\/product"}],"version-history":[{"count":11,"href":"https:\/\/shop.mastinell.com\/ca\/wp-json\/wp\/v2\/product\/37308\/revisions"}],"predecessor-version":[{"id":38919,"href":"https:\/\/shop.mastinell.com\/ca\/wp-json\/wp\/v2\/product\/37308\/revisions\/38919"}],"wp:featuredmedia":[{"embeddable":true,"href":"https:\/\/shop.mastinell.com\/ca\/wp-json\/wp\/v2\/media\/20546"}],"wp:attachment":[{"href":"https:\/\/shop.mastinell.com\/ca\/wp-json\/wp\/v2\/media?parent=37308"}],"wp:term":[{"taxonomy":"product_brand","embeddable":true,"href":"https:\/\/shop.mastinell.com\/ca\/wp-json\/wp\/v2\/product_brand?post=37308"},{"taxonomy":"product_cat","embeddable":true,"href":"https:\/\/shop.mastinell.com\/ca\/wp-json\/wp\/v2\/product_cat?post=37308"},{"taxonomy":"product_tag","embeddable":true,"href":"https:\/\/shop.mastinell.com\/ca\/wp-json\/wp\/v2\/product_tag?post=37308"}],"curies":[{"name":"wp","href":"https:\/\/api.w.org\/{rel}","templated":true}]}}