{"id":37323,"date":"2022-02-05T14:33:58","date_gmt":"2022-02-05T13:33:58","guid":{"rendered":"https:\/\/shop.mastinell.com\/producto\/pack-dia-a-mastinell-en-parella\/"},"modified":"2025-02-05T14:49:02","modified_gmt":"2025-02-05T13:49:02","slug":"pack-dia-a-mastinell-en-parella","status":"publish","type":"product","link":"https:\/\/shop.mastinell.com\/ca\/producto\/pack-dia-a-mastinell-en-parella\/","title":{"rendered":"Pack D\u00eda a Mastinell en parella"},"content":{"rendered":"\t\t<div data-elementor-type=\"product-post\" data-elementor-id=\"37323\" class=\"elementor elementor-37323 elementor-11733\" data-elementor-post-type=\"product\">\n\t\t\t\t\t\t<section class=\"elementor-section elementor-top-section elementor-element elementor-element-42ee11d5 elementor-section-stretched elementor-section-boxed elementor-section-height-default elementor-section-height-default\" data-id=\"42ee11d5\" data-element_type=\"section\" data-settings=\"{&quot;stretch_section&quot;:&quot;section-stretched&quot;}\">\n\t\t\t\t\t\t<div class=\"elementor-container elementor-column-gap-default\">\n\t\t\t\t\t<div class=\"elementor-column elementor-col-100 elementor-top-column elementor-element elementor-element-5d18740f\" data-id=\"5d18740f\" data-element_type=\"column\">\n\t\t\t<div class=\"elementor-widget-wrap elementor-element-populated\">\n\t\t\t\t\t\t<section class=\"elementor-section elementor-inner-section elementor-element elementor-element-793a4bf6 elementor-section-content-middle elementor-section-boxed elementor-section-height-default elementor-section-height-default\" data-id=\"793a4bf6\" data-element_type=\"section\">\n\t\t\t\t\t\t<div class=\"elementor-container elementor-column-gap-default\">\n\t\t\t\t\t<div class=\"elementor-column elementor-col-50 elementor-inner-column elementor-element elementor-element-4fbfd283\" data-id=\"4fbfd283\" data-element_type=\"column\">\n\t\t\t<div class=\"elementor-widget-wrap elementor-element-populated\">\n\t\t\t\t\t\t<div class=\"elementor-element elementor-element-1f3cc6dc elementor-widget elementor-widget-image\" data-id=\"1f3cc6dc\" data-element_type=\"widget\" data-widget_type=\"image.default\">\n\t\t\t\t<div class=\"elementor-widget-container\">\n\t\t\t\t\t\t\t\t\t\t\t\t\t\t\t<img decoding=\"async\" src=\"https:\/\/shop.mastinell.com\/wp-content\/uploads\/elementor\/thumbs\/in__enoturismo_visita_4_02-qxwwfcp246onpa5yx6f8jhirhopf3pmx13nq3563h8.jpg\" title=\"in__enoturismo_visita_4_02\" alt=\"in__enoturismo_visita_4_02\" loading=\"lazy\" \/>\t\t\t\t\t\t\t\t\t\t\t\t\t\t\t<\/div>\n\t\t\t\t<\/div>\n\t\t\t\t\t<\/div>\n\t\t<\/div>\n\t\t\t\t<div class=\"elementor-column elementor-col-50 elementor-inner-column elementor-element elementor-element-769bee23\" data-id=\"769bee23\" data-element_type=\"column\">\n\t\t\t<div class=\"elementor-widget-wrap elementor-element-populated\">\n\t\t\t\t\t\t<div class=\"elementor-element elementor-element-deeabbc elementor-widget elementor-widget-text-editor\" data-id=\"deeabbc\" data-element_type=\"widget\" data-widget_type=\"text-editor.default\">\n\t\t\t\t<div class=\"elementor-widget-container\">\n\t\t\t\t\t\t\t\t\t<p><strong>El pack inclou:<br \/>\n<\/strong>&#8211; Visita guiada als cellerss.<br \/>\n&#8211; Tast dels nostres productes.<br \/>\n&#8211; Men\u00fa de migdia en el nostre restaurant En Rima.<br \/>\n&#8211; Massatge hol\u00edstic de 60 minuts per a dos.<br \/>\n&#8211; 20% de descompte en compres de cava Mastinell a la nostra botiga.<\/p>\n<p>Preu per parella.<br \/>\nNo reemborsable.<br \/>\nDates sota disponibilitat.<br \/>\nAquest pack t\u00e9 una validesa de 6 mesos des de la data de compra..<\/p>\n\t\t\t\t\t\t\t\t<\/div>\n\t\t\t\t<\/div>\n\t\t\t\t\t<\/div>\n\t\t<\/div>\n\t\t\t\t\t<\/div>\n\t\t<\/section>\n\t\t\t\t\t<\/div>\n\t\t<\/div>\n\t\t\t\t\t<\/div>\n\t\t<\/section>\n\t\t\t\t<\/div>\n\t\t","protected":false},"excerpt":{"rendered":"<p class=\"p1\"><span class=\"s1\">A m\u00e9s de visitar els nostres cellers i tastar els nostres millors caves i vins, el pack inclou el nostre delici\u00f3s men\u00fa de migdia en el restaurant En Rima. I un final perfecte amb el nostre massatge simultani on els dos us sentireu sans i relaxats. Aquest pack \u00e9s per gaudir-lo entre setmana.<\/span><\/p>\n<p>Per finalitzar la reserva d\u2019aquest pack, un cop hagis fet la compra, consulta les dates disponibles amb el nostre equip d\u2019Atenci\u00f3 al client, a trav\u00e9s del nostre Whatssap\u00a0(+34 662 60 06 32) o via e-mail a\u00a0<a href=\"mailto:info@hotelmastinell.com\" target=\"_blank\" rel=\"noopener\">info@hotelmastinell.com<\/a><\/p>\n","protected":false},"featured_media":34848,"template":"","meta":{"_acf_changed":false},"product_brand":[],"product_cat":[135],"product_tag":[],"class_list":{"0":"post-37323","1":"product","2":"type-product","3":"status-publish","4":"has-post-thumbnail","6":"product_cat-regala-enoturismo-ca","8":"first","9":"instock","10":"shipping-taxable","11":"purchasable","12":"product-type-variable"},"acf":[],"yoast_head":"<!-- This site is optimized with the Yoast SEO plugin v27.3 - https:\/\/yoast.com\/product\/yoast-seo-wordpress\/ -->\n<title>Pack D\u00eda a Mastinell en parella - Mastinell<\/title>\n<meta name=\"robots\" content=\"index, follow, max-snippet:-1, max-image-preview:large, max-video-preview:-1\" \/>\n<link rel=\"canonical\" href=\"https:\/\/shop.mastinell.com\/ca\/producto\/pack-dia-a-mastinell-en-parella\/\" \/>\n<meta property=\"og:locale\" content=\"ca_ES\" \/>\n<meta property=\"og:type\" content=\"article\" \/>\n<meta property=\"og:title\" content=\"Pack D\u00eda a Mastinell en parella - Mastinell\" \/>\n<meta property=\"og:description\" content=\"A m\u00e9s de visitar els nostres cellers i tastar els nostres millors caves i vins, el pack inclou el nostre delici\u00f3s men\u00fa de migdia en el restaurant En Rima. I un final perfecte amb el nostre massatge simultani on els dos us sentireu sans i relaxats. Aquest pack \u00e9s per gaudir-lo entre setmana. Per finalitzar la reserva d\u2019aquest pack, un cop hagis fet la compra, consulta les dates disponibles amb el nostre equip d\u2019Atenci\u00f3 al client, a trav\u00e9s del nostre Whatssap\u00a0(+34 662 60 06 32) o via e-mail a\u00a0info@hotelmastinell.com\" \/>\n<meta property=\"og:url\" content=\"https:\/\/shop.mastinell.com\/ca\/producto\/pack-dia-a-mastinell-en-parella\/\" \/>\n<meta property=\"og:site_name\" content=\"Mastinell\" \/>\n<meta property=\"article:publisher\" content=\"https:\/\/www.facebook.com\/CavaHotelMastinell\" \/>\n<meta property=\"article:modified_time\" content=\"2025-02-05T13:49:02+00:00\" \/>\n<meta property=\"og:image\" content=\"https:\/\/shop.mastinell.com\/wp-content\/uploads\/2021\/02\/Chica-in.jpg\" \/>\n\t<meta property=\"og:image:width\" content=\"1890\" \/>\n\t<meta property=\"og:image:height\" content=\"1880\" \/>\n\t<meta property=\"og:image:type\" content=\"image\/jpeg\" \/>\n<meta name=\"twitter:card\" content=\"summary_large_image\" \/>\n<meta name=\"twitter:label1\" content=\"Temps estimat de lectura\" \/>\n\t<meta name=\"twitter:data1\" content=\"1 minut\" \/>\n<script type=\"application\/ld+json\" class=\"yoast-schema-graph\">{\"@context\":\"https:\\\/\\\/schema.org\",\"@graph\":[{\"@type\":\"WebPage\",\"@id\":\"https:\\\/\\\/shop.mastinell.com\\\/ca\\\/producto\\\/pack-dia-a-mastinell-en-parella\\\/\",\"url\":\"https:\\\/\\\/shop.mastinell.com\\\/ca\\\/producto\\\/pack-dia-a-mastinell-en-parella\\\/\",\"name\":\"Pack D\u00eda a Mastinell en parella - Mastinell\",\"isPartOf\":{\"@id\":\"https:\\\/\\\/mastinell.agencialiverpool.test\\\/#website\"},\"primaryImageOfPage\":{\"@id\":\"https:\\\/\\\/shop.mastinell.com\\\/ca\\\/producto\\\/pack-dia-a-mastinell-en-parella\\\/#primaryimage\"},\"image\":{\"@id\":\"https:\\\/\\\/shop.mastinell.com\\\/ca\\\/producto\\\/pack-dia-a-mastinell-en-parella\\\/#primaryimage\"},\"thumbnailUrl\":\"https:\\\/\\\/shop.mastinell.com\\\/wp-content\\\/uploads\\\/2021\\\/02\\\/Chica-in.jpg\",\"datePublished\":\"2022-02-05T13:33:58+00:00\",\"dateModified\":\"2025-02-05T13:49:02+00:00\",\"breadcrumb\":{\"@id\":\"https:\\\/\\\/shop.mastinell.com\\\/ca\\\/producto\\\/pack-dia-a-mastinell-en-parella\\\/#breadcrumb\"},\"inLanguage\":\"ca\",\"potentialAction\":[{\"@type\":\"ReadAction\",\"target\":[\"https:\\\/\\\/shop.mastinell.com\\\/ca\\\/producto\\\/pack-dia-a-mastinell-en-parella\\\/\"]}]},{\"@type\":\"ImageObject\",\"inLanguage\":\"ca\",\"@id\":\"https:\\\/\\\/shop.mastinell.com\\\/ca\\\/producto\\\/pack-dia-a-mastinell-en-parella\\\/#primaryimage\",\"url\":\"https:\\\/\\\/shop.mastinell.com\\\/wp-content\\\/uploads\\\/2021\\\/02\\\/Chica-in.jpg\",\"contentUrl\":\"https:\\\/\\\/shop.mastinell.com\\\/wp-content\\\/uploads\\\/2021\\\/02\\\/Chica-in.jpg\",\"width\":1890,\"height\":1880},{\"@type\":\"BreadcrumbList\",\"@id\":\"https:\\\/\\\/shop.mastinell.com\\\/ca\\\/producto\\\/pack-dia-a-mastinell-en-parella\\\/#breadcrumb\",\"itemListElement\":[{\"@type\":\"ListItem\",\"position\":1,\"name\":\"Home\",\"item\":\"https:\\\/\\\/shop.mastinell.com\\\/ca\\\/tienda\\\/\"},{\"@type\":\"ListItem\",\"position\":2,\"name\":\"Pack D\u00eda a Mastinell en parella\"}]},{\"@type\":\"WebSite\",\"@id\":\"https:\\\/\\\/mastinell.agencialiverpool.test\\\/#website\",\"url\":\"https:\\\/\\\/mastinell.agencialiverpool.test\\\/\",\"name\":\"Mastinell\",\"description\":\"Tienda Oficial\",\"publisher\":{\"@id\":\"https:\\\/\\\/mastinell.agencialiverpool.test\\\/#organization\"},\"potentialAction\":[{\"@type\":\"SearchAction\",\"target\":{\"@type\":\"EntryPoint\",\"urlTemplate\":\"https:\\\/\\\/mastinell.agencialiverpool.test\\\/?s={search_term_string}\"},\"query-input\":{\"@type\":\"PropertyValueSpecification\",\"valueRequired\":true,\"valueName\":\"search_term_string\"}}],\"inLanguage\":\"ca\"},{\"@type\":\"Organization\",\"@id\":\"https:\\\/\\\/mastinell.agencialiverpool.test\\\/#organization\",\"name\":\"Mastinell\",\"url\":\"https:\\\/\\\/mastinell.agencialiverpool.test\\\/\",\"logo\":{\"@type\":\"ImageObject\",\"inLanguage\":\"ca\",\"@id\":\"https:\\\/\\\/mastinell.agencialiverpool.test\\\/#\\\/schema\\\/logo\\\/image\\\/\",\"url\":\"https:\\\/\\\/shop.mastinell.com\\\/wp-content\\\/uploads\\\/2025\\\/01\\\/Mastinell-Cava-y-Hotel-scaled-1.webp\",\"contentUrl\":\"https:\\\/\\\/shop.mastinell.com\\\/wp-content\\\/uploads\\\/2025\\\/01\\\/Mastinell-Cava-y-Hotel-scaled-1.webp\",\"width\":2560,\"height\":531,\"caption\":\"Mastinell\"},\"image\":{\"@id\":\"https:\\\/\\\/mastinell.agencialiverpool.test\\\/#\\\/schema\\\/logo\\\/image\\\/\"},\"sameAs\":[\"https:\\\/\\\/www.facebook.com\\\/CavaHotelMastinell\",\"https:\\\/\\\/www.instagram.com\\\/cavahotel_mastinell\\\/?hl=es\"]}]}<\/script>\n<!-- \/ Yoast SEO plugin. -->","yoast_head_json":{"title":"Pack D\u00eda a Mastinell en parella - Mastinell","robots":{"index":"index","follow":"follow","max-snippet":"max-snippet:-1","max-image-preview":"max-image-preview:large","max-video-preview":"max-video-preview:-1"},"canonical":"https:\/\/shop.mastinell.com\/ca\/producto\/pack-dia-a-mastinell-en-parella\/","og_locale":"ca_ES","og_type":"article","og_title":"Pack D\u00eda a Mastinell en parella - Mastinell","og_description":"A m\u00e9s de visitar els nostres cellers i tastar els nostres millors caves i vins, el pack inclou el nostre delici\u00f3s men\u00fa de migdia en el restaurant En Rima. I un final perfecte amb el nostre massatge simultani on els dos us sentireu sans i relaxats. Aquest pack \u00e9s per gaudir-lo entre setmana. Per finalitzar la reserva d\u2019aquest pack, un cop hagis fet la compra, consulta les dates disponibles amb el nostre equip d\u2019Atenci\u00f3 al client, a trav\u00e9s del nostre Whatssap\u00a0(+34 662 60 06 32) o via e-mail a\u00a0info@hotelmastinell.com","og_url":"https:\/\/shop.mastinell.com\/ca\/producto\/pack-dia-a-mastinell-en-parella\/","og_site_name":"Mastinell","article_publisher":"https:\/\/www.facebook.com\/CavaHotelMastinell","article_modified_time":"2025-02-05T13:49:02+00:00","og_image":[{"width":1890,"height":1880,"url":"https:\/\/shop.mastinell.com\/wp-content\/uploads\/2021\/02\/Chica-in.jpg","type":"image\/jpeg"}],"twitter_card":"summary_large_image","twitter_misc":{"Temps estimat de lectura":"1 minut"},"schema":{"@context":"https:\/\/schema.org","@graph":[{"@type":"WebPage","@id":"https:\/\/shop.mastinell.com\/ca\/producto\/pack-dia-a-mastinell-en-parella\/","url":"https:\/\/shop.mastinell.com\/ca\/producto\/pack-dia-a-mastinell-en-parella\/","name":"Pack D\u00eda a Mastinell en parella - Mastinell","isPartOf":{"@id":"https:\/\/mastinell.agencialiverpool.test\/#website"},"primaryImageOfPage":{"@id":"https:\/\/shop.mastinell.com\/ca\/producto\/pack-dia-a-mastinell-en-parella\/#primaryimage"},"image":{"@id":"https:\/\/shop.mastinell.com\/ca\/producto\/pack-dia-a-mastinell-en-parella\/#primaryimage"},"thumbnailUrl":"https:\/\/shop.mastinell.com\/wp-content\/uploads\/2021\/02\/Chica-in.jpg","datePublished":"2022-02-05T13:33:58+00:00","dateModified":"2025-02-05T13:49:02+00:00","breadcrumb":{"@id":"https:\/\/shop.mastinell.com\/ca\/producto\/pack-dia-a-mastinell-en-parella\/#breadcrumb"},"inLanguage":"ca","potentialAction":[{"@type":"ReadAction","target":["https:\/\/shop.mastinell.com\/ca\/producto\/pack-dia-a-mastinell-en-parella\/"]}]},{"@type":"ImageObject","inLanguage":"ca","@id":"https:\/\/shop.mastinell.com\/ca\/producto\/pack-dia-a-mastinell-en-parella\/#primaryimage","url":"https:\/\/shop.mastinell.com\/wp-content\/uploads\/2021\/02\/Chica-in.jpg","contentUrl":"https:\/\/shop.mastinell.com\/wp-content\/uploads\/2021\/02\/Chica-in.jpg","width":1890,"height":1880},{"@type":"BreadcrumbList","@id":"https:\/\/shop.mastinell.com\/ca\/producto\/pack-dia-a-mastinell-en-parella\/#breadcrumb","itemListElement":[{"@type":"ListItem","position":1,"name":"Home","item":"https:\/\/shop.mastinell.com\/ca\/tienda\/"},{"@type":"ListItem","position":2,"name":"Pack D\u00eda a Mastinell en parella"}]},{"@type":"WebSite","@id":"https:\/\/mastinell.agencialiverpool.test\/#website","url":"https:\/\/mastinell.agencialiverpool.test\/","name":"Mastinell","description":"Tienda Oficial","publisher":{"@id":"https:\/\/mastinell.agencialiverpool.test\/#organization"},"potentialAction":[{"@type":"SearchAction","target":{"@type":"EntryPoint","urlTemplate":"https:\/\/mastinell.agencialiverpool.test\/?s={search_term_string}"},"query-input":{"@type":"PropertyValueSpecification","valueRequired":true,"valueName":"search_term_string"}}],"inLanguage":"ca"},{"@type":"Organization","@id":"https:\/\/mastinell.agencialiverpool.test\/#organization","name":"Mastinell","url":"https:\/\/mastinell.agencialiverpool.test\/","logo":{"@type":"ImageObject","inLanguage":"ca","@id":"https:\/\/mastinell.agencialiverpool.test\/#\/schema\/logo\/image\/","url":"https:\/\/shop.mastinell.com\/wp-content\/uploads\/2025\/01\/Mastinell-Cava-y-Hotel-scaled-1.webp","contentUrl":"https:\/\/shop.mastinell.com\/wp-content\/uploads\/2025\/01\/Mastinell-Cava-y-Hotel-scaled-1.webp","width":2560,"height":531,"caption":"Mastinell"},"image":{"@id":"https:\/\/mastinell.agencialiverpool.test\/#\/schema\/logo\/image\/"},"sameAs":["https:\/\/www.facebook.com\/CavaHotelMastinell","https:\/\/www.instagram.com\/cavahotel_mastinell\/?hl=es"]}]}},"_links":{"self":[{"href":"https:\/\/shop.mastinell.com\/ca\/wp-json\/wp\/v2\/product\/37323","targetHints":{"allow":["GET"]}}],"collection":[{"href":"https:\/\/shop.mastinell.com\/ca\/wp-json\/wp\/v2\/product"}],"about":[{"href":"https:\/\/shop.mastinell.com\/ca\/wp-json\/wp\/v2\/types\/product"}],"version-history":[{"count":3,"href":"https:\/\/shop.mastinell.com\/ca\/wp-json\/wp\/v2\/product\/37323\/revisions"}],"predecessor-version":[{"id":37340,"href":"https:\/\/shop.mastinell.com\/ca\/wp-json\/wp\/v2\/product\/37323\/revisions\/37340"}],"wp:featuredmedia":[{"embeddable":true,"href":"https:\/\/shop.mastinell.com\/ca\/wp-json\/wp\/v2\/media\/34848"}],"wp:attachment":[{"href":"https:\/\/shop.mastinell.com\/ca\/wp-json\/wp\/v2\/media?parent=37323"}],"wp:term":[{"taxonomy":"product_brand","embeddable":true,"href":"https:\/\/shop.mastinell.com\/ca\/wp-json\/wp\/v2\/product_brand?post=37323"},{"taxonomy":"product_cat","embeddable":true,"href":"https:\/\/shop.mastinell.com\/ca\/wp-json\/wp\/v2\/product_cat?post=37323"},{"taxonomy":"product_tag","embeddable":true,"href":"https:\/\/shop.mastinell.com\/ca\/wp-json\/wp\/v2\/product_tag?post=37323"}],"curies":[{"name":"wp","href":"https:\/\/api.w.org\/{rel}","templated":true}]}}