{"id":37348,"date":"2025-02-04T23:59:47","date_gmt":"2025-02-04T22:59:47","guid":{"rendered":"https:\/\/shop.mastinell.com\/producto\/oleo-oli-mastinell\/"},"modified":"2025-02-05T16:33:45","modified_gmt":"2025-02-05T15:33:45","slug":"oleo-oli-mastinell","status":"publish","type":"product","link":"https:\/\/shop.mastinell.com\/ca\/producto\/oleo-oli-mastinell\/","title":{"rendered":"Oleo Oli Mastinell"},"content":{"rendered":"\t\t<div data-elementor-type=\"product-post\" data-elementor-id=\"37348\" class=\"elementor elementor-37348 elementor-29399\" data-elementor-post-type=\"product\">\n\t\t\t\t\t\t<section class=\"elementor-section elementor-top-section elementor-element elementor-element-270d2412 elementor-section-stretched elementor-section-boxed elementor-section-height-default elementor-section-height-default\" data-id=\"270d2412\" data-element_type=\"section\" data-settings=\"{&quot;stretch_section&quot;:&quot;section-stretched&quot;}\">\n\t\t\t\t\t\t<div class=\"elementor-container elementor-column-gap-default\">\n\t\t\t\t\t<div class=\"elementor-column elementor-col-100 elementor-top-column elementor-element elementor-element-624a77bf\" data-id=\"624a77bf\" data-element_type=\"column\">\n\t\t\t<div class=\"elementor-widget-wrap elementor-element-populated\">\n\t\t\t\t\t\t<section class=\"elementor-section elementor-inner-section elementor-element elementor-element-2775173e elementor-section-content-middle elementor-section-boxed elementor-section-height-default elementor-section-height-default\" data-id=\"2775173e\" data-element_type=\"section\">\n\t\t\t\t\t\t<div class=\"elementor-container elementor-column-gap-default\">\n\t\t\t\t\t<div class=\"elementor-column elementor-col-50 elementor-inner-column elementor-element elementor-element-1f9cea3\" data-id=\"1f9cea3\" data-element_type=\"column\">\n\t\t\t<div class=\"elementor-widget-wrap elementor-element-populated\">\n\t\t\t\t\t\t<div class=\"elementor-element elementor-element-7fb009ee elementor-widget elementor-widget-image\" data-id=\"7fb009ee\" data-element_type=\"widget\" data-widget_type=\"image.default\">\n\t\t\t\t<div class=\"elementor-widget-container\">\n\t\t\t\t\t\t\t\t\t\t\t\t\t\t\t<img decoding=\"async\" src=\"https:\/\/shop.mastinell.com\/wp-content\/uploads\/elementor\/thumbs\/Mastinell-tienda-Aceite-interior-2-qxwwe3kt04yw7zzi8mx57swmz6vsu8nsuwcf1v0zrw.jpg\" title=\"Mastinell tienda Aceite interior 2\" alt=\"Mastinell tienda Aceite interior 2\" loading=\"lazy\" \/>\t\t\t\t\t\t\t\t\t\t\t\t\t\t\t<\/div>\n\t\t\t\t<\/div>\n\t\t\t\t\t<\/div>\n\t\t<\/div>\n\t\t\t\t<div class=\"elementor-column elementor-col-50 elementor-inner-column elementor-element elementor-element-1bc4a29\" data-id=\"1bc4a29\" data-element_type=\"column\">\n\t\t\t<div class=\"elementor-widget-wrap elementor-element-populated\">\n\t\t\t\t\t\t<div class=\"elementor-element elementor-element-8ada3e2 elementor-widget elementor-widget-text-editor\" data-id=\"8ada3e2\" data-element_type=\"widget\" data-widget_type=\"text-editor.default\">\n\t\t\t\t<div class=\"elementor-widget-container\">\n\t\t\t\t\t\t\t\t\t<p><strong>Nota de tast:<br \/><\/strong>A la vista t\u00e9 un color groc llimona, brillant i sense impureses.<br \/>\nEn nas expressa un perfil madur amb notes d\u2019ametll\u00f3 tendre i tamb\u00e9 ametlla crua. Si deixem passar uns minuts es va desenvolupant i expressa notes de fruita molt madura, sobretot poma Golden i tamb\u00e9 subtils records de pl\u00e0tan madur.<\/p>\n<p>En boca la textura \u00e9s cremosa, i t\u00e9 un pas estable. Amb una sensaci\u00f3 de fruitat mitjana, en el qual destaca l\u2019atribut dol\u00e7, i dol\u00e7 b\u00f3ta. De fruita coincideix amb la l\u00ednia arom\u00e0tica, percebem la poma golden molt madura. Al final de boca apareixen notes molt lleugeres de picant, que delaten la pres\u00e8ncia de polifenols.<\/p>\n<p><strong>Maridatge:<br \/><\/strong>En general \u00e9s un oli for\u00e7a lleuger, fet que lo confereix versatilitat a la cuina. Ser\u00e0 un bon aliat per amanir la majoria de productes gustosos.<\/p>\n<p>\u00c9s l\u2019acompanyant ideal per esmorzars i amanides i tamb\u00e9 us d\u00f3na el toc perfecte a l\u2019hora d\u2019elaborar salses o marinats suaus.<\/p>\n<p><strong>Collita: <\/strong>2020<\/p>\n<p><strong>Varietat:<\/strong>100% Arbequina<\/p>\n\t\t\t\t\t\t\t\t<\/div>\n\t\t\t\t<\/div>\n\t\t\t\t\t<\/div>\n\t\t<\/div>\n\t\t\t\t\t<\/div>\n\t\t<\/section>\n\t\t\t\t\t<\/div>\n\t\t<\/div>\n\t\t\t\t\t<\/div>\n\t\t<\/section>\n\t\t\t\t<\/div>\n\t\t","protected":false},"excerpt":{"rendered":"<p>L\u2019oli d\u2019oliva verge extra, obtingut directament d\u2019olives per procediments mec\u00e0nics, \u00e9s el de m\u00e9s qualitat disponible al mercat. La nostra versi\u00f3 2020 \u00e9s suau, dol\u00e7a i arom\u00e0tica, i la seva personalitat i aroma la convertiran en la teva gran aliada a la cuina.<\/p>\n<p>L\u2019Arbequina \u00e9s una de les varietats d\u2019oliva m\u00e9s esteses a Catalunya, i el seu sabor canvia segons el terreny on es cultivi. Ens mantenim fidels al car\u00e0cter distintiu de la nostra oliva a trav\u00e9s dels nostres processos de premsatge i embotellament lliures de qu\u00edmics.<\/p>\n<p>\u00a0<\/p>\n","protected":false},"featured_media":29404,"template":"","meta":{"_acf_changed":false},"product_brand":[],"product_cat":[111],"product_tag":[],"class_list":{"0":"post-37348","1":"product","2":"type-product","3":"status-publish","4":"has-post-thumbnail","6":"product_cat-accesorios-ca","8":"first","9":"instock","10":"shipping-taxable","11":"purchasable","12":"product-type-simple"},"acf":[],"yoast_head":"<!-- This site is optimized with the Yoast SEO plugin v27.5 - https:\/\/yoast.com\/product\/yoast-seo-wordpress\/ -->\n<title>Oleo Oli Mastinell | Mastinell<\/title>\n<meta name=\"description\" content=\"Colecci\u00f3n que incluye todas las placas de cavas Mastinell. Venta solo de manera exclusiva en nuestra web.\" \/>\n<meta name=\"robots\" content=\"index, follow, max-snippet:-1, max-image-preview:large, max-video-preview:-1\" \/>\n<link rel=\"canonical\" href=\"https:\/\/shop.mastinell.com\/ca\/producto\/oleo-oli-mastinell\/\" \/>\n<meta property=\"og:locale\" content=\"ca_ES\" \/>\n<meta property=\"og:type\" content=\"article\" \/>\n<meta property=\"og:title\" content=\"Oleo Oli Mastinell | Mastinell\" \/>\n<meta property=\"og:description\" content=\"Colecci\u00f3n que incluye todas las placas de cavas Mastinell. Venta solo de manera exclusiva en nuestra web.\" \/>\n<meta property=\"og:url\" content=\"https:\/\/shop.mastinell.com\/ca\/producto\/oleo-oli-mastinell\/\" \/>\n<meta property=\"og:site_name\" content=\"Mastinell\" \/>\n<meta property=\"article:publisher\" content=\"https:\/\/www.facebook.com\/CavaHotelMastinell\" \/>\n<meta property=\"article:modified_time\" content=\"2025-02-05T15:33:45+00:00\" \/>\n<meta property=\"og:image\" content=\"https:\/\/shop.mastinell.com\/wp-content\/uploads\/2023\/03\/Mastinell-tienda-Aceite-interior-1.jpg\" \/>\n\t<meta property=\"og:image:width\" content=\"1890\" \/>\n\t<meta property=\"og:image:height\" content=\"1880\" \/>\n\t<meta property=\"og:image:type\" content=\"image\/jpeg\" \/>\n<meta name=\"twitter:card\" content=\"summary_large_image\" \/>\n<meta name=\"twitter:label1\" content=\"Temps estimat de lectura\" \/>\n\t<meta name=\"twitter:data1\" content=\"2 minuts\" \/>\n<script type=\"application\/ld+json\" class=\"yoast-schema-graph\">{\"@context\":\"https:\\\/\\\/schema.org\",\"@graph\":[{\"@type\":\"WebPage\",\"@id\":\"https:\\\/\\\/shop.mastinell.com\\\/ca\\\/producto\\\/oleo-oli-mastinell\\\/\",\"url\":\"https:\\\/\\\/shop.mastinell.com\\\/ca\\\/producto\\\/oleo-oli-mastinell\\\/\",\"name\":\"Oleo Oli Mastinell | Mastinell\",\"isPartOf\":{\"@id\":\"https:\\\/\\\/mastinell.agencialiverpool.test\\\/#website\"},\"primaryImageOfPage\":{\"@id\":\"https:\\\/\\\/shop.mastinell.com\\\/ca\\\/producto\\\/oleo-oli-mastinell\\\/#primaryimage\"},\"image\":{\"@id\":\"https:\\\/\\\/shop.mastinell.com\\\/ca\\\/producto\\\/oleo-oli-mastinell\\\/#primaryimage\"},\"thumbnailUrl\":\"https:\\\/\\\/shop.mastinell.com\\\/wp-content\\\/uploads\\\/2023\\\/03\\\/Mastinell-tienda-Aceite-interior-1.jpg\",\"datePublished\":\"2025-02-04T22:59:47+00:00\",\"dateModified\":\"2025-02-05T15:33:45+00:00\",\"description\":\"Colecci\u00f3n que incluye todas las placas de cavas Mastinell. Venta solo de manera exclusiva en nuestra web.\",\"breadcrumb\":{\"@id\":\"https:\\\/\\\/shop.mastinell.com\\\/ca\\\/producto\\\/oleo-oli-mastinell\\\/#breadcrumb\"},\"inLanguage\":\"ca\",\"potentialAction\":[{\"@type\":\"ReadAction\",\"target\":[\"https:\\\/\\\/shop.mastinell.com\\\/ca\\\/producto\\\/oleo-oli-mastinell\\\/\"]}]},{\"@type\":\"ImageObject\",\"inLanguage\":\"ca\",\"@id\":\"https:\\\/\\\/shop.mastinell.com\\\/ca\\\/producto\\\/oleo-oli-mastinell\\\/#primaryimage\",\"url\":\"https:\\\/\\\/shop.mastinell.com\\\/wp-content\\\/uploads\\\/2023\\\/03\\\/Mastinell-tienda-Aceite-interior-1.jpg\",\"contentUrl\":\"https:\\\/\\\/shop.mastinell.com\\\/wp-content\\\/uploads\\\/2023\\\/03\\\/Mastinell-tienda-Aceite-interior-1.jpg\",\"width\":1890,\"height\":1880,\"caption\":\"Aceite de oliva Mastinell\"},{\"@type\":\"BreadcrumbList\",\"@id\":\"https:\\\/\\\/shop.mastinell.com\\\/ca\\\/producto\\\/oleo-oli-mastinell\\\/#breadcrumb\",\"itemListElement\":[{\"@type\":\"ListItem\",\"position\":1,\"name\":\"Home\",\"item\":\"https:\\\/\\\/shop.mastinell.com\\\/ca\\\/tienda\\\/\"},{\"@type\":\"ListItem\",\"position\":2,\"name\":\"Oleo Oli Mastinell\"}]},{\"@type\":\"WebSite\",\"@id\":\"https:\\\/\\\/mastinell.agencialiverpool.test\\\/#website\",\"url\":\"https:\\\/\\\/mastinell.agencialiverpool.test\\\/\",\"name\":\"Mastinell\",\"description\":\"Tienda Oficial\",\"publisher\":{\"@id\":\"https:\\\/\\\/mastinell.agencialiverpool.test\\\/#organization\"},\"potentialAction\":[{\"@type\":\"SearchAction\",\"target\":{\"@type\":\"EntryPoint\",\"urlTemplate\":\"https:\\\/\\\/mastinell.agencialiverpool.test\\\/?s={search_term_string}\"},\"query-input\":{\"@type\":\"PropertyValueSpecification\",\"valueRequired\":true,\"valueName\":\"search_term_string\"}}],\"inLanguage\":\"ca\"},{\"@type\":\"Organization\",\"@id\":\"https:\\\/\\\/mastinell.agencialiverpool.test\\\/#organization\",\"name\":\"Mastinell\",\"url\":\"https:\\\/\\\/mastinell.agencialiverpool.test\\\/\",\"logo\":{\"@type\":\"ImageObject\",\"inLanguage\":\"ca\",\"@id\":\"https:\\\/\\\/mastinell.agencialiverpool.test\\\/#\\\/schema\\\/logo\\\/image\\\/\",\"url\":\"https:\\\/\\\/shop.mastinell.com\\\/wp-content\\\/uploads\\\/2025\\\/01\\\/Mastinell-Cava-y-Hotel-scaled-1.webp\",\"contentUrl\":\"https:\\\/\\\/shop.mastinell.com\\\/wp-content\\\/uploads\\\/2025\\\/01\\\/Mastinell-Cava-y-Hotel-scaled-1.webp\",\"width\":2560,\"height\":531,\"caption\":\"Mastinell\"},\"image\":{\"@id\":\"https:\\\/\\\/mastinell.agencialiverpool.test\\\/#\\\/schema\\\/logo\\\/image\\\/\"},\"sameAs\":[\"https:\\\/\\\/www.facebook.com\\\/CavaHotelMastinell\",\"https:\\\/\\\/www.instagram.com\\\/cavahotel_mastinell\\\/?hl=es\"]}]}<\/script>\n<!-- \/ Yoast SEO plugin. -->","yoast_head_json":{"title":"Oleo Oli Mastinell | Mastinell","description":"Colecci\u00f3n que incluye todas las placas de cavas Mastinell. Venta solo de manera exclusiva en nuestra web.","robots":{"index":"index","follow":"follow","max-snippet":"max-snippet:-1","max-image-preview":"max-image-preview:large","max-video-preview":"max-video-preview:-1"},"canonical":"https:\/\/shop.mastinell.com\/ca\/producto\/oleo-oli-mastinell\/","og_locale":"ca_ES","og_type":"article","og_title":"Oleo Oli Mastinell | Mastinell","og_description":"Colecci\u00f3n que incluye todas las placas de cavas Mastinell. Venta solo de manera exclusiva en nuestra web.","og_url":"https:\/\/shop.mastinell.com\/ca\/producto\/oleo-oli-mastinell\/","og_site_name":"Mastinell","article_publisher":"https:\/\/www.facebook.com\/CavaHotelMastinell","article_modified_time":"2025-02-05T15:33:45+00:00","og_image":[{"width":1890,"height":1880,"url":"https:\/\/shop.mastinell.com\/wp-content\/uploads\/2023\/03\/Mastinell-tienda-Aceite-interior-1.jpg","type":"image\/jpeg"}],"twitter_card":"summary_large_image","twitter_misc":{"Temps estimat de lectura":"2 minuts"},"schema":{"@context":"https:\/\/schema.org","@graph":[{"@type":"WebPage","@id":"https:\/\/shop.mastinell.com\/ca\/producto\/oleo-oli-mastinell\/","url":"https:\/\/shop.mastinell.com\/ca\/producto\/oleo-oli-mastinell\/","name":"Oleo Oli Mastinell | Mastinell","isPartOf":{"@id":"https:\/\/mastinell.agencialiverpool.test\/#website"},"primaryImageOfPage":{"@id":"https:\/\/shop.mastinell.com\/ca\/producto\/oleo-oli-mastinell\/#primaryimage"},"image":{"@id":"https:\/\/shop.mastinell.com\/ca\/producto\/oleo-oli-mastinell\/#primaryimage"},"thumbnailUrl":"https:\/\/shop.mastinell.com\/wp-content\/uploads\/2023\/03\/Mastinell-tienda-Aceite-interior-1.jpg","datePublished":"2025-02-04T22:59:47+00:00","dateModified":"2025-02-05T15:33:45+00:00","description":"Colecci\u00f3n que incluye todas las placas de cavas Mastinell. Venta solo de manera exclusiva en nuestra web.","breadcrumb":{"@id":"https:\/\/shop.mastinell.com\/ca\/producto\/oleo-oli-mastinell\/#breadcrumb"},"inLanguage":"ca","potentialAction":[{"@type":"ReadAction","target":["https:\/\/shop.mastinell.com\/ca\/producto\/oleo-oli-mastinell\/"]}]},{"@type":"ImageObject","inLanguage":"ca","@id":"https:\/\/shop.mastinell.com\/ca\/producto\/oleo-oli-mastinell\/#primaryimage","url":"https:\/\/shop.mastinell.com\/wp-content\/uploads\/2023\/03\/Mastinell-tienda-Aceite-interior-1.jpg","contentUrl":"https:\/\/shop.mastinell.com\/wp-content\/uploads\/2023\/03\/Mastinell-tienda-Aceite-interior-1.jpg","width":1890,"height":1880,"caption":"Aceite de oliva Mastinell"},{"@type":"BreadcrumbList","@id":"https:\/\/shop.mastinell.com\/ca\/producto\/oleo-oli-mastinell\/#breadcrumb","itemListElement":[{"@type":"ListItem","position":1,"name":"Home","item":"https:\/\/shop.mastinell.com\/ca\/tienda\/"},{"@type":"ListItem","position":2,"name":"Oleo Oli Mastinell"}]},{"@type":"WebSite","@id":"https:\/\/mastinell.agencialiverpool.test\/#website","url":"https:\/\/mastinell.agencialiverpool.test\/","name":"Mastinell","description":"Tienda Oficial","publisher":{"@id":"https:\/\/mastinell.agencialiverpool.test\/#organization"},"potentialAction":[{"@type":"SearchAction","target":{"@type":"EntryPoint","urlTemplate":"https:\/\/mastinell.agencialiverpool.test\/?s={search_term_string}"},"query-input":{"@type":"PropertyValueSpecification","valueRequired":true,"valueName":"search_term_string"}}],"inLanguage":"ca"},{"@type":"Organization","@id":"https:\/\/mastinell.agencialiverpool.test\/#organization","name":"Mastinell","url":"https:\/\/mastinell.agencialiverpool.test\/","logo":{"@type":"ImageObject","inLanguage":"ca","@id":"https:\/\/mastinell.agencialiverpool.test\/#\/schema\/logo\/image\/","url":"https:\/\/shop.mastinell.com\/wp-content\/uploads\/2025\/01\/Mastinell-Cava-y-Hotel-scaled-1.webp","contentUrl":"https:\/\/shop.mastinell.com\/wp-content\/uploads\/2025\/01\/Mastinell-Cava-y-Hotel-scaled-1.webp","width":2560,"height":531,"caption":"Mastinell"},"image":{"@id":"https:\/\/mastinell.agencialiverpool.test\/#\/schema\/logo\/image\/"},"sameAs":["https:\/\/www.facebook.com\/CavaHotelMastinell","https:\/\/www.instagram.com\/cavahotel_mastinell\/?hl=es"]}]}},"_links":{"self":[{"href":"https:\/\/shop.mastinell.com\/ca\/wp-json\/wp\/v2\/product\/37348","targetHints":{"allow":["GET"]}}],"collection":[{"href":"https:\/\/shop.mastinell.com\/ca\/wp-json\/wp\/v2\/product"}],"about":[{"href":"https:\/\/shop.mastinell.com\/ca\/wp-json\/wp\/v2\/types\/product"}],"version-history":[{"count":3,"href":"https:\/\/shop.mastinell.com\/ca\/wp-json\/wp\/v2\/product\/37348\/revisions"}],"predecessor-version":[{"id":37457,"href":"https:\/\/shop.mastinell.com\/ca\/wp-json\/wp\/v2\/product\/37348\/revisions\/37457"}],"wp:featuredmedia":[{"embeddable":true,"href":"https:\/\/shop.mastinell.com\/ca\/wp-json\/wp\/v2\/media\/29404"}],"wp:attachment":[{"href":"https:\/\/shop.mastinell.com\/ca\/wp-json\/wp\/v2\/media?parent=37348"}],"wp:term":[{"taxonomy":"product_brand","embeddable":true,"href":"https:\/\/shop.mastinell.com\/ca\/wp-json\/wp\/v2\/product_brand?post=37348"},{"taxonomy":"product_cat","embeddable":true,"href":"https:\/\/shop.mastinell.com\/ca\/wp-json\/wp\/v2\/product_cat?post=37348"},{"taxonomy":"product_tag","embeddable":true,"href":"https:\/\/shop.mastinell.com\/ca\/wp-json\/wp\/v2\/product_tag?post=37348"}],"curies":[{"name":"wp","href":"https:\/\/api.w.org\/{rel}","templated":true}]}}