{"id":37377,"date":"2025-02-04T23:40:08","date_gmt":"2025-02-04T22:40:08","guid":{"rendered":"https:\/\/shop.mastinell.com\/producto\/tap-hermetic-per-a-cava\/"},"modified":"2025-07-18T13:08:37","modified_gmt":"2025-07-18T11:08:37","slug":"tap-hermetic-per-a-cava","status":"publish","type":"product","link":"https:\/\/shop.mastinell.com\/ca\/producto\/tap-hermetic-per-a-cava\/","title":{"rendered":"Tap herm\u00e9tic per a cava"},"content":{"rendered":"\t\t<div data-elementor-type=\"product-post\" data-elementor-id=\"37377\" class=\"elementor elementor-37377 elementor-9524\" data-elementor-post-type=\"product\">\n\t\t\t\t\t\t<section class=\"elementor-section elementor-top-section elementor-element elementor-element-23eefb64 elementor-section-stretched elementor-section-boxed elementor-section-height-default elementor-section-height-default\" data-id=\"23eefb64\" data-element_type=\"section\" data-settings=\"{&quot;stretch_section&quot;:&quot;section-stretched&quot;}\">\n\t\t\t\t\t\t<div class=\"elementor-container elementor-column-gap-default\">\n\t\t\t\t\t<div class=\"elementor-column elementor-col-100 elementor-top-column elementor-element elementor-element-f04ba2d\" data-id=\"f04ba2d\" data-element_type=\"column\">\n\t\t\t<div class=\"elementor-widget-wrap elementor-element-populated\">\n\t\t\t\t\t\t<section class=\"elementor-section elementor-inner-section elementor-element elementor-element-7e30318 elementor-section-content-middle elementor-section-boxed elementor-section-height-default elementor-section-height-default\" data-id=\"7e30318\" data-element_type=\"section\">\n\t\t\t\t\t\t<div class=\"elementor-container elementor-column-gap-default\">\n\t\t\t\t\t<div class=\"elementor-column elementor-col-50 elementor-inner-column elementor-element elementor-element-420f3083\" data-id=\"420f3083\" data-element_type=\"column\">\n\t\t\t<div class=\"elementor-widget-wrap elementor-element-populated\">\n\t\t\t\t\t\t<div class=\"elementor-element elementor-element-6b660fe7 elementor-widget elementor-widget-image\" data-id=\"6b660fe7\" data-element_type=\"widget\" data-widget_type=\"image.default\">\n\t\t\t\t<div class=\"elementor-widget-container\">\n\t\t\t\t\t\t\t\t\t\t\t\t\t\t\t<img decoding=\"async\" src=\"https:\/\/shop.mastinell.com\/wp-content\/uploads\/elementor\/thumbs\/tapon_02-qxwwekhwf5m20zaxhu8fgomxo4keosiyx835oubwnw.jpg\" title=\"tapon_02\" alt=\"tapon_02\" loading=\"lazy\" \/>\t\t\t\t\t\t\t\t\t\t\t\t\t\t\t<\/div>\n\t\t\t\t<\/div>\n\t\t\t\t\t<\/div>\n\t\t<\/div>\n\t\t\t\t<div class=\"elementor-column elementor-col-50 elementor-inner-column elementor-element elementor-element-3a7ce3d2\" data-id=\"3a7ce3d2\" data-element_type=\"column\">\n\t\t\t<div class=\"elementor-widget-wrap elementor-element-populated\">\n\t\t\t\t\t\t<div class=\"elementor-element elementor-element-38be731 elementor-widget elementor-widget-text-editor\" data-id=\"38be731\" data-element_type=\"widget\" data-widget_type=\"text-editor.default\">\n\t\t\t\t<div class=\"elementor-widget-container\">\n\t\t\t\t\t\t\t\t\t<p class=\"p1\"><span class=\"s1\">El nostre tap mant\u00e9 segellada una ampolla oberta durant m\u00e9s de tres dies. <\/span><\/p>\n<p class=\"p1\"><span class=\"s1\">\u00c9s molt f\u00e0cil d\u2019utilitzar: nom\u00e9s has de pressionar cap avall per a qu\u00e8 l\u2019ampolla quedi tancada herm\u00e8ticament i baixar la palanca lateral. El tap s\u2019ajusta firmament a l\u2019ampolla. Per treure el tap, nom\u00e9s s\u2019ha d\u2019aixecar la palanca lateral. <\/span><\/p>\n<p class=\"p2\"><span class=\"s1\">L Es pot rentar i reutilitzar durant molts anys. <\/span><\/p>\n\t\t\t\t\t\t\t\t<\/div>\n\t\t\t\t<\/div>\n\t\t\t\t\t<\/div>\n\t\t<\/div>\n\t\t\t\t\t<\/div>\n\t\t<\/section>\n\t\t\t\t\t<\/div>\n\t\t<\/div>\n\t\t\t\t\t<\/div>\n\t\t<\/section>\n\t\t\t\t<\/div>\n\t\t","protected":false},"excerpt":{"rendered":"<p class=\"p1\"><span class=\"s1\">\u00bfVols obrir una ampolla de cava per\u00f2 saps que no l\u2019acabar\u00e0s? No hi ha problema. El nostre tap herm\u00e8tic per cava \u00e9s l\u2019utensili que necessites per guardar la teva ampolla comen\u00e7ada, conservant totes les qualitats del cava per a la seg\u00fcent ocasi\u00f3.<\/span><\/p>\n<p>&nbsp;<\/p>\n","protected":false},"featured_media":38947,"template":"","meta":{"_acf_changed":false},"product_brand":[],"product_cat":[111],"product_tag":[],"class_list":{"0":"post-37377","1":"product","2":"type-product","3":"status-publish","4":"has-post-thumbnail","6":"product_cat-accesorios-ca","8":"first","9":"instock","10":"shipping-taxable","11":"purchasable","12":"product-type-simple"},"acf":[],"yoast_head":"<!-- This site is optimized with the Yoast SEO plugin v27.5 - https:\/\/yoast.com\/product\/yoast-seo-wordpress\/ -->\n<title>Tap herm\u00e9tic per a cava - Mastinell<\/title>\n<meta name=\"description\" content=\"Tap\u00f3n herm\u00e9tico para cava. Con \u00e9l, conservar\u00e1s todas las cualidades de tu botella de cava para la siguiente ocasi\u00f3n.\" \/>\n<meta name=\"robots\" content=\"index, follow, max-snippet:-1, max-image-preview:large, max-video-preview:-1\" \/>\n<link rel=\"canonical\" href=\"https:\/\/shop.mastinell.com\/ca\/producto\/tap-hermetic-per-a-cava\/\" \/>\n<meta property=\"og:locale\" content=\"ca_ES\" \/>\n<meta property=\"og:type\" content=\"article\" \/>\n<meta property=\"og:title\" content=\"Tap herm\u00e9tic per a cava - Mastinell\" \/>\n<meta property=\"og:description\" content=\"Tap\u00f3n herm\u00e9tico para cava. Con \u00e9l, conservar\u00e1s todas las cualidades de tu botella de cava para la siguiente ocasi\u00f3n.\" \/>\n<meta property=\"og:url\" content=\"https:\/\/shop.mastinell.com\/ca\/producto\/tap-hermetic-per-a-cava\/\" \/>\n<meta property=\"og:site_name\" content=\"Mastinell\" \/>\n<meta property=\"article:publisher\" content=\"https:\/\/www.facebook.com\/CavaHotelMastinell\" \/>\n<meta property=\"article:modified_time\" content=\"2025-07-18T11:08:37+00:00\" \/>\n<meta property=\"og:image\" content=\"https:\/\/shop.mastinell.com\/wp-content\/uploads\/2021\/01\/Tapon-web.jpg\" \/>\n\t<meta property=\"og:image:width\" content=\"1890\" \/>\n\t<meta property=\"og:image:height\" content=\"1880\" \/>\n\t<meta property=\"og:image:type\" content=\"image\/jpeg\" \/>\n<meta name=\"twitter:card\" content=\"summary_large_image\" \/>\n<meta name=\"twitter:label1\" content=\"Temps estimat de lectura\" \/>\n\t<meta name=\"twitter:data1\" content=\"1 minut\" \/>\n<script type=\"application\/ld+json\" class=\"yoast-schema-graph\">{\"@context\":\"https:\\\/\\\/schema.org\",\"@graph\":[{\"@type\":\"WebPage\",\"@id\":\"https:\\\/\\\/shop.mastinell.com\\\/ca\\\/producto\\\/tap-hermetic-per-a-cava\\\/\",\"url\":\"https:\\\/\\\/shop.mastinell.com\\\/ca\\\/producto\\\/tap-hermetic-per-a-cava\\\/\",\"name\":\"Tap herm\u00e9tic per a cava - Mastinell\",\"isPartOf\":{\"@id\":\"https:\\\/\\\/mastinell.agencialiverpool.test\\\/#website\"},\"primaryImageOfPage\":{\"@id\":\"https:\\\/\\\/shop.mastinell.com\\\/ca\\\/producto\\\/tap-hermetic-per-a-cava\\\/#primaryimage\"},\"image\":{\"@id\":\"https:\\\/\\\/shop.mastinell.com\\\/ca\\\/producto\\\/tap-hermetic-per-a-cava\\\/#primaryimage\"},\"thumbnailUrl\":\"https:\\\/\\\/shop.mastinell.com\\\/wp-content\\\/uploads\\\/2021\\\/01\\\/Tapon-web.jpg\",\"datePublished\":\"2025-02-04T22:40:08+00:00\",\"dateModified\":\"2025-07-18T11:08:37+00:00\",\"description\":\"Tap\u00f3n herm\u00e9tico para cava. Con \u00e9l, conservar\u00e1s todas las cualidades de tu botella de cava para la siguiente ocasi\u00f3n.\",\"breadcrumb\":{\"@id\":\"https:\\\/\\\/shop.mastinell.com\\\/ca\\\/producto\\\/tap-hermetic-per-a-cava\\\/#breadcrumb\"},\"inLanguage\":\"ca\",\"potentialAction\":[{\"@type\":\"ReadAction\",\"target\":[\"https:\\\/\\\/shop.mastinell.com\\\/ca\\\/producto\\\/tap-hermetic-per-a-cava\\\/\"]}]},{\"@type\":\"ImageObject\",\"inLanguage\":\"ca\",\"@id\":\"https:\\\/\\\/shop.mastinell.com\\\/ca\\\/producto\\\/tap-hermetic-per-a-cava\\\/#primaryimage\",\"url\":\"https:\\\/\\\/shop.mastinell.com\\\/wp-content\\\/uploads\\\/2021\\\/01\\\/Tapon-web.jpg\",\"contentUrl\":\"https:\\\/\\\/shop.mastinell.com\\\/wp-content\\\/uploads\\\/2021\\\/01\\\/Tapon-web.jpg\",\"width\":1890,\"height\":1880},{\"@type\":\"BreadcrumbList\",\"@id\":\"https:\\\/\\\/shop.mastinell.com\\\/ca\\\/producto\\\/tap-hermetic-per-a-cava\\\/#breadcrumb\",\"itemListElement\":[{\"@type\":\"ListItem\",\"position\":1,\"name\":\"Home\",\"item\":\"https:\\\/\\\/shop.mastinell.com\\\/ca\\\/tienda\\\/\"},{\"@type\":\"ListItem\",\"position\":2,\"name\":\"Tap herm\u00e9tic per a cava\"}]},{\"@type\":\"WebSite\",\"@id\":\"https:\\\/\\\/mastinell.agencialiverpool.test\\\/#website\",\"url\":\"https:\\\/\\\/mastinell.agencialiverpool.test\\\/\",\"name\":\"Mastinell\",\"description\":\"Tienda Oficial\",\"publisher\":{\"@id\":\"https:\\\/\\\/mastinell.agencialiverpool.test\\\/#organization\"},\"potentialAction\":[{\"@type\":\"SearchAction\",\"target\":{\"@type\":\"EntryPoint\",\"urlTemplate\":\"https:\\\/\\\/mastinell.agencialiverpool.test\\\/?s={search_term_string}\"},\"query-input\":{\"@type\":\"PropertyValueSpecification\",\"valueRequired\":true,\"valueName\":\"search_term_string\"}}],\"inLanguage\":\"ca\"},{\"@type\":\"Organization\",\"@id\":\"https:\\\/\\\/mastinell.agencialiverpool.test\\\/#organization\",\"name\":\"Mastinell\",\"url\":\"https:\\\/\\\/mastinell.agencialiverpool.test\\\/\",\"logo\":{\"@type\":\"ImageObject\",\"inLanguage\":\"ca\",\"@id\":\"https:\\\/\\\/mastinell.agencialiverpool.test\\\/#\\\/schema\\\/logo\\\/image\\\/\",\"url\":\"https:\\\/\\\/shop.mastinell.com\\\/wp-content\\\/uploads\\\/2025\\\/01\\\/Mastinell-Cava-y-Hotel-scaled-1.webp\",\"contentUrl\":\"https:\\\/\\\/shop.mastinell.com\\\/wp-content\\\/uploads\\\/2025\\\/01\\\/Mastinell-Cava-y-Hotel-scaled-1.webp\",\"width\":2560,\"height\":531,\"caption\":\"Mastinell\"},\"image\":{\"@id\":\"https:\\\/\\\/mastinell.agencialiverpool.test\\\/#\\\/schema\\\/logo\\\/image\\\/\"},\"sameAs\":[\"https:\\\/\\\/www.facebook.com\\\/CavaHotelMastinell\",\"https:\\\/\\\/www.instagram.com\\\/cavahotel_mastinell\\\/?hl=es\"]}]}<\/script>\n<!-- \/ Yoast SEO plugin. -->","yoast_head_json":{"title":"Tap herm\u00e9tic per a cava - Mastinell","description":"Tap\u00f3n herm\u00e9tico para cava. Con \u00e9l, conservar\u00e1s todas las cualidades de tu botella de cava para la siguiente ocasi\u00f3n.","robots":{"index":"index","follow":"follow","max-snippet":"max-snippet:-1","max-image-preview":"max-image-preview:large","max-video-preview":"max-video-preview:-1"},"canonical":"https:\/\/shop.mastinell.com\/ca\/producto\/tap-hermetic-per-a-cava\/","og_locale":"ca_ES","og_type":"article","og_title":"Tap herm\u00e9tic per a cava - Mastinell","og_description":"Tap\u00f3n herm\u00e9tico para cava. Con \u00e9l, conservar\u00e1s todas las cualidades de tu botella de cava para la siguiente ocasi\u00f3n.","og_url":"https:\/\/shop.mastinell.com\/ca\/producto\/tap-hermetic-per-a-cava\/","og_site_name":"Mastinell","article_publisher":"https:\/\/www.facebook.com\/CavaHotelMastinell","article_modified_time":"2025-07-18T11:08:37+00:00","og_image":[{"width":1890,"height":1880,"url":"https:\/\/shop.mastinell.com\/wp-content\/uploads\/2021\/01\/Tapon-web.jpg","type":"image\/jpeg"}],"twitter_card":"summary_large_image","twitter_misc":{"Temps estimat de lectura":"1 minut"},"schema":{"@context":"https:\/\/schema.org","@graph":[{"@type":"WebPage","@id":"https:\/\/shop.mastinell.com\/ca\/producto\/tap-hermetic-per-a-cava\/","url":"https:\/\/shop.mastinell.com\/ca\/producto\/tap-hermetic-per-a-cava\/","name":"Tap herm\u00e9tic per a cava - Mastinell","isPartOf":{"@id":"https:\/\/mastinell.agencialiverpool.test\/#website"},"primaryImageOfPage":{"@id":"https:\/\/shop.mastinell.com\/ca\/producto\/tap-hermetic-per-a-cava\/#primaryimage"},"image":{"@id":"https:\/\/shop.mastinell.com\/ca\/producto\/tap-hermetic-per-a-cava\/#primaryimage"},"thumbnailUrl":"https:\/\/shop.mastinell.com\/wp-content\/uploads\/2021\/01\/Tapon-web.jpg","datePublished":"2025-02-04T22:40:08+00:00","dateModified":"2025-07-18T11:08:37+00:00","description":"Tap\u00f3n herm\u00e9tico para cava. Con \u00e9l, conservar\u00e1s todas las cualidades de tu botella de cava para la siguiente ocasi\u00f3n.","breadcrumb":{"@id":"https:\/\/shop.mastinell.com\/ca\/producto\/tap-hermetic-per-a-cava\/#breadcrumb"},"inLanguage":"ca","potentialAction":[{"@type":"ReadAction","target":["https:\/\/shop.mastinell.com\/ca\/producto\/tap-hermetic-per-a-cava\/"]}]},{"@type":"ImageObject","inLanguage":"ca","@id":"https:\/\/shop.mastinell.com\/ca\/producto\/tap-hermetic-per-a-cava\/#primaryimage","url":"https:\/\/shop.mastinell.com\/wp-content\/uploads\/2021\/01\/Tapon-web.jpg","contentUrl":"https:\/\/shop.mastinell.com\/wp-content\/uploads\/2021\/01\/Tapon-web.jpg","width":1890,"height":1880},{"@type":"BreadcrumbList","@id":"https:\/\/shop.mastinell.com\/ca\/producto\/tap-hermetic-per-a-cava\/#breadcrumb","itemListElement":[{"@type":"ListItem","position":1,"name":"Home","item":"https:\/\/shop.mastinell.com\/ca\/tienda\/"},{"@type":"ListItem","position":2,"name":"Tap herm\u00e9tic per a cava"}]},{"@type":"WebSite","@id":"https:\/\/mastinell.agencialiverpool.test\/#website","url":"https:\/\/mastinell.agencialiverpool.test\/","name":"Mastinell","description":"Tienda Oficial","publisher":{"@id":"https:\/\/mastinell.agencialiverpool.test\/#organization"},"potentialAction":[{"@type":"SearchAction","target":{"@type":"EntryPoint","urlTemplate":"https:\/\/mastinell.agencialiverpool.test\/?s={search_term_string}"},"query-input":{"@type":"PropertyValueSpecification","valueRequired":true,"valueName":"search_term_string"}}],"inLanguage":"ca"},{"@type":"Organization","@id":"https:\/\/mastinell.agencialiverpool.test\/#organization","name":"Mastinell","url":"https:\/\/mastinell.agencialiverpool.test\/","logo":{"@type":"ImageObject","inLanguage":"ca","@id":"https:\/\/mastinell.agencialiverpool.test\/#\/schema\/logo\/image\/","url":"https:\/\/shop.mastinell.com\/wp-content\/uploads\/2025\/01\/Mastinell-Cava-y-Hotel-scaled-1.webp","contentUrl":"https:\/\/shop.mastinell.com\/wp-content\/uploads\/2025\/01\/Mastinell-Cava-y-Hotel-scaled-1.webp","width":2560,"height":531,"caption":"Mastinell"},"image":{"@id":"https:\/\/mastinell.agencialiverpool.test\/#\/schema\/logo\/image\/"},"sameAs":["https:\/\/www.facebook.com\/CavaHotelMastinell","https:\/\/www.instagram.com\/cavahotel_mastinell\/?hl=es"]}]}},"_links":{"self":[{"href":"https:\/\/shop.mastinell.com\/ca\/wp-json\/wp\/v2\/product\/37377","targetHints":{"allow":["GET"]}}],"collection":[{"href":"https:\/\/shop.mastinell.com\/ca\/wp-json\/wp\/v2\/product"}],"about":[{"href":"https:\/\/shop.mastinell.com\/ca\/wp-json\/wp\/v2\/types\/product"}],"version-history":[{"count":3,"href":"https:\/\/shop.mastinell.com\/ca\/wp-json\/wp\/v2\/product\/37377\/revisions"}],"predecessor-version":[{"id":38234,"href":"https:\/\/shop.mastinell.com\/ca\/wp-json\/wp\/v2\/product\/37377\/revisions\/38234"}],"wp:featuredmedia":[{"embeddable":true,"href":"https:\/\/shop.mastinell.com\/ca\/wp-json\/wp\/v2\/media\/38947"}],"wp:attachment":[{"href":"https:\/\/shop.mastinell.com\/ca\/wp-json\/wp\/v2\/media?parent=37377"}],"wp:term":[{"taxonomy":"product_brand","embeddable":true,"href":"https:\/\/shop.mastinell.com\/ca\/wp-json\/wp\/v2\/product_brand?post=37377"},{"taxonomy":"product_cat","embeddable":true,"href":"https:\/\/shop.mastinell.com\/ca\/wp-json\/wp\/v2\/product_cat?post=37377"},{"taxonomy":"product_tag","embeddable":true,"href":"https:\/\/shop.mastinell.com\/ca\/wp-json\/wp\/v2\/product_tag?post=37377"}],"curies":[{"name":"wp","href":"https:\/\/api.w.org\/{rel}","templated":true}]}}