{"id":20141,"date":"2021-06-02T02:20:36","date_gmt":"2021-06-02T00:20:36","guid":{"rendered":"https:\/\/mastinell.com\/?page_id=20141"},"modified":"2021-06-10T02:57:23","modified_gmt":"2021-06-10T00:57:23","slug":"visit-other-wineries","status":"publish","type":"page","link":"https:\/\/shop.mastinell.com\/en\/hotel\/services\/visit-other-wineries\/","title":{"rendered":"VISIT OTHER WINERIES"},"content":{"rendered":"\t\t<div data-elementor-type=\"wp-page\" data-elementor-id=\"20141\" class=\"elementor elementor-20141 elementor-8657\" data-elementor-post-type=\"page\">\n\t\t\t\t\t\t<section class=\"elementor-section elementor-top-section elementor-element elementor-element-2ce568aa elementor-section-content-middle elementor-section-stretched elementor-section-boxed elementor-section-height-default elementor-section-height-default\" data-id=\"2ce568aa\" data-element_type=\"section\" data-settings=\"{&quot;stretch_section&quot;:&quot;section-stretched&quot;,&quot;background_background&quot;:&quot;classic&quot;}\">\n\t\t\t\t\t\t<div class=\"elementor-container elementor-column-gap-default\">\n\t\t\t\t\t<div class=\"elementor-column elementor-col-100 elementor-top-column elementor-element elementor-element-3018e18\" data-id=\"3018e18\" data-element_type=\"column\">\n\t\t\t<div class=\"elementor-widget-wrap elementor-element-populated\">\n\t\t\t\t\t\t<div class=\"elementor-element elementor-element-5b39170a elementor-widget elementor-widget-heading\" data-id=\"5b39170a\" data-element_type=\"widget\" data-widget_type=\"heading.default\">\n\t\t\t\t<div class=\"elementor-widget-container\">\n\t\t\t\t\t<h1 class=\"elementor-heading-title elementor-size-default\">VISIT OTHER WINERIES<\/h1>\t\t\t\t<\/div>\n\t\t\t\t<\/div>\n\t\t\t\t\t<\/div>\n\t\t<\/div>\n\t\t\t\t\t<\/div>\n\t\t<\/section>\n\t\t\t\t<section class=\"elementor-section elementor-top-section elementor-element elementor-element-77013cd3 elementor-section-boxed elementor-section-height-default elementor-section-height-default\" data-id=\"77013cd3\" data-element_type=\"section\">\n\t\t\t\t\t\t<div class=\"elementor-container elementor-column-gap-default\">\n\t\t\t\t\t<div class=\"elementor-column elementor-col-100 elementor-top-column elementor-element elementor-element-1fd63e57\" data-id=\"1fd63e57\" data-element_type=\"column\">\n\t\t\t<div class=\"elementor-widget-wrap elementor-element-populated\">\n\t\t\t\t\t\t<div class=\"elementor-element elementor-element-317ea5da elementor-widget elementor-widget-heading\" data-id=\"317ea5da\" data-element_type=\"widget\" data-widget_type=\"heading.default\">\n\t\t\t\t<div class=\"elementor-widget-container\">\n\t\t\t\t\t<h2 class=\"elementor-heading-title elementor-size-default\">Prueba otros cavas y vinos del Pened\u00e9s\n<\/h2>\t\t\t\t<\/div>\n\t\t\t\t<\/div>\n\t\t\t\t<div class=\"elementor-element elementor-element-4812e2e4 elementor-widget-divider--view-line elementor-widget elementor-widget-divider\" data-id=\"4812e2e4\" data-element_type=\"widget\" data-widget_type=\"divider.default\">\n\t\t\t\t<div class=\"elementor-widget-container\">\n\t\t\t\t\t\t\t<div class=\"elementor-divider\">\n\t\t\t<span class=\"elementor-divider-separator\">\n\t\t\t\t\t\t<\/span>\n\t\t<\/div>\n\t\t\t\t\t\t<\/div>\n\t\t\t\t<\/div>\n\t\t\t\t<div class=\"elementor-element elementor-element-2e371057 elementor-widget elementor-widget-text-editor\" data-id=\"2e371057\" data-element_type=\"widget\" data-widget_type=\"text-editor.default\">\n\t\t\t\t<div class=\"elementor-widget-container\">\n\t\t\t\t\t\t\t\t\t<p class=\"p1\">We suggest visiting more wineries in the area to make the most of your stay in the Pened\u00e8s region.<\/p><p class=\"p1\"><strong>Par\u00e9s Balt\u00e0<\/strong><\/p><p class=\"p1\">We recommend Par\u00e9s Balt\u00e0a third-generation family winery with a spirit very similar to ours. Par\u00e9s Balt\u00e0 respects the environment throughout its production processes and offers excellent wines and cavas.<\/p><p class=\"p1\">Please contact reception if you are interested in visiting Par\u00e9s Balt\u00e0 winery once your hotel booking is confirmed.<\/p><p class=\"p1\"><strong>Torres Winery<\/strong><\/p><p class=\"p1\">Located on the famous Wine Road and very close to our hotel is the Torres Winery. They have been making wine since 1870 at Torres Winery, passing down their winemaking artistry from generation to generation. Torres is a winery worth visiting and enjoying.\u00a0<\/p><p class=\"p1\">Please contact reception if you are interested in visiting Torres Winery once your hotel booking is confirmed.<\/p><p><strong>Gramona Winery<\/strong><\/p><p>The Gramona Winery and its vineyards sit next to the Anoia river, protected by the mountain of Montserrat, in Sant Sadurn\u00ed d&#8217;Anoia. They produce up to 15 varieties of grapes using sustainable methods, creating exceptional wines and sparkling wines. Gramona started production in the mid-nineteenth century, making it an essential part of the Pened\u00e8s wine story.<\/p><p>For more information about these and other wineries in the area, please contact reception.<\/p>\t\t\t\t\t\t\t\t<\/div>\n\t\t\t\t<\/div>\n\t\t\t\t<section class=\"elementor-section elementor-inner-section elementor-element elementor-element-716b4d74 elementor-hidden-tablet elementor-hidden-phone elementor-section-boxed elementor-section-height-default elementor-section-height-default\" data-id=\"716b4d74\" data-element_type=\"section\">\n\t\t\t\t\t\t<div class=\"elementor-container elementor-column-gap-default\">\n\t\t\t\t\t<div class=\"elementor-column elementor-col-100 elementor-inner-column elementor-element elementor-element-547a441d\" data-id=\"547a441d\" data-element_type=\"column\">\n\t\t\t<div class=\"elementor-widget-wrap elementor-element-populated\">\n\t\t\t\t\t\t<div class=\"elementor-element elementor-element-2b6ab127 image_overlay_3 elementor-absolute elementor-widget__width-auto elementor-widget elementor-widget-image\" data-id=\"2b6ab127\" data-element_type=\"widget\" data-settings=\"{&quot;_position&quot;:&quot;absolute&quot;}\" data-widget_type=\"image.default\">\n\t\t\t\t<div class=\"elementor-widget-container\">\n\t\t\t\t\t\t\t\t\t\t\t\t\t\t\t<img decoding=\"async\" src=\"https:\/\/shop.mastinell.com\/wp-content\/uploads\/elementor\/thumbs\/hotel_servicios_bodegas_interior_01-qxwwdw21jamh7afqp3vzu9ekoipinma5j1flzaj2tk.jpg\" title=\"hotel_servicios_bodegas_interior_01\" alt=\"hotel_servicios_bodegas_interior_01\" loading=\"lazy\" \/>\t\t\t\t\t\t\t\t\t\t\t\t\t\t\t<\/div>\n\t\t\t\t<\/div>\n\t\t\t\t<div class=\"elementor-element elementor-element-4e599841 image_box3_center elementor-widget__width-auto elementor-widget elementor-widget-image\" data-id=\"4e599841\" data-element_type=\"widget\" data-widget_type=\"image.default\">\n\t\t\t\t<div class=\"elementor-widget-container\">\n\t\t\t\t\t\t\t\t\t\t\t\t\t\t\t<img decoding=\"async\" src=\"https:\/\/shop.mastinell.com\/wp-content\/uploads\/elementor\/thumbs\/hotel_servicios_bodegas_interior_02-qxwwfl5moe4w1hiv4wo0citqzitk6duqaahyo6d5do.jpg\" title=\"hotel_servicios_bodegas_interior_02\" alt=\"hotel_servicios_bodegas_interior_02\" loading=\"lazy\" \/>\t\t\t\t\t\t\t\t\t\t\t\t\t\t\t<\/div>\n\t\t\t\t<\/div>\n\t\t\t\t<div class=\"elementor-element elementor-element-7654ea11 image_overlay_3 elementor-absolute elementor-widget__width-auto elementor-widget elementor-widget-image\" data-id=\"7654ea11\" data-element_type=\"widget\" data-settings=\"{&quot;_position&quot;:&quot;absolute&quot;}\" data-widget_type=\"image.default\">\n\t\t\t\t<div class=\"elementor-widget-container\">\n\t\t\t\t\t\t\t\t\t\t\t\t\t\t\t<img decoding=\"async\" src=\"https:\/\/shop.mastinell.com\/wp-content\/uploads\/elementor\/thumbs\/hotel_servicios_bodegas_interior_03-qxwwgcevdpyv21j413egtj9w4w5tha1qlp9f2cd3j4.jpg\" title=\"hotel_servicios_bodegas_interior_03\" alt=\"hotel_servicios_bodegas_interior_03\" loading=\"lazy\" \/>\t\t\t\t\t\t\t\t\t\t\t\t\t\t\t<\/div>\n\t\t\t\t<\/div>\n\t\t\t\t\t<\/div>\n\t\t<\/div>\n\t\t\t\t\t<\/div>\n\t\t<\/section>\n\t\t\t\t<div class=\"elementor-element elementor-element-2384c98 elementor-hidden-desktop elementor-widget elementor-widget-image\" data-id=\"2384c98\" data-element_type=\"widget\" data-widget_type=\"image.default\">\n\t\t\t\t<div class=\"elementor-widget-container\">\n\t\t\t\t\t\t\t\t\t\t\t\t\t\t\t<img fetchpriority=\"high\" decoding=\"async\" width=\"690\" height=\"750\" src=\"https:\/\/shop.mastinell.com\/wp-content\/uploads\/2021\/03\/m_hotel_servicios_bodegas_interior.jpg\" class=\"attachment-large size-large wp-image-15506\" alt=\"\" srcset=\"https:\/\/shop.mastinell.com\/wp-content\/uploads\/2021\/03\/m_hotel_servicios_bodegas_interior.jpg 690w, https:\/\/shop.mastinell.com\/wp-content\/uploads\/2021\/03\/m_hotel_servicios_bodegas_interior-276x300.jpg 276w, https:\/\/shop.mastinell.com\/wp-content\/uploads\/2021\/03\/m_hotel_servicios_bodegas_interior-11x12.jpg 11w, https:\/\/shop.mastinell.com\/wp-content\/uploads\/2021\/03\/m_hotel_servicios_bodegas_interior-660x717.jpg 660w\" sizes=\"(max-width: 690px) 100vw, 690px\" \/>\t\t\t\t\t\t\t\t\t\t\t\t\t\t\t<\/div>\n\t\t\t\t<\/div>\n\t\t\t\t<div class=\"elementor-element elementor-element-53b7d0ab elementor-mobile-align-center elementor-widget elementor-widget-button\" data-id=\"53b7d0ab\" data-element_type=\"widget\" data-widget_type=\"button.default\">\n\t\t\t\t<div class=\"elementor-widget-container\">\n\t\t\t\t\t\t\t\t\t<div class=\"elementor-button-wrapper\">\n\t\t\t\t\t<a class=\"elementor-button elementor-button-link elementor-size-sm\" href=\"https:\/\/shop.mastinell.com\/en\/hotel\/services\/\">\n\t\t\t\t\t\t<span class=\"elementor-button-content-wrapper\">\n\t\t\t\t\t\t\t\t\t<span class=\"elementor-button-text\">BACK TO SERVICES<\/span>\n\t\t\t\t\t<\/span>\n\t\t\t\t\t<\/a>\n\t\t\t\t<\/div>\n\t\t\t\t\t\t\t\t<\/div>\n\t\t\t\t<\/div>\n\t\t\t\t\t<\/div>\n\t\t<\/div>\n\t\t\t\t\t<\/div>\n\t\t<\/section>\n\t\t\t\t<section class=\"elementor-section elementor-top-section elementor-element elementor-element-287064d8 elementor-section-boxed elementor-section-height-default elementor-section-height-default\" data-id=\"287064d8\" data-element_type=\"section\">\n\t\t\t\t\t\t<div class=\"elementor-container elementor-column-gap-default\">\n\t\t\t\t\t<div class=\"elementor-column elementor-col-100 elementor-top-column elementor-element elementor-element-679d1d4a\" data-id=\"679d1d4a\" data-element_type=\"column\">\n\t\t\t<div class=\"elementor-widget-wrap\">\n\t\t\t\t\t\t\t<\/div>\n\t\t<\/div>\n\t\t\t\t\t<\/div>\n\t\t<\/section>\n\t\t\t\t<\/div>\n\t\t","protected":false},"excerpt":{"rendered":"<p>VISIT OTHER WINERIES Prueba otros cavas y vinos del Pened\u00e9s We suggest visiting more wineries in the area to make the most of your stay in the Pened\u00e8s region. Par\u00e9s Balt\u00e0 We recommend Par\u00e9s Balt\u00e0a third-generation family winery with a spirit very similar to ours. Par\u00e9s Balt\u00e0 respects the environment throughout its production processes and [&hellip;]<\/p>\n","protected":false},"author":1,"featured_media":0,"parent":19800,"menu_order":0,"comment_status":"closed","ping_status":"closed","template":"","meta":{"_acf_changed":false,"footnotes":""},"class_list":["post-20141","page","type-page","status-publish","hentry"],"acf":[],"yoast_head":"<!-- This site is optimized with the Yoast SEO plugin v27.4 - https:\/\/yoast.com\/product\/yoast-seo-wordpress\/ -->\n<title>VISIT OTHER WINERIES - Mastinell<\/title>\n<meta name=\"robots\" content=\"index, follow, max-snippet:-1, max-image-preview:large, max-video-preview:-1\" \/>\n<link rel=\"canonical\" href=\"https:\/\/mastinell.agencialiverpool.test\/en\/hotel\/services\/visit-other-wineries\/\" \/>\n<meta property=\"og:locale\" content=\"en_US\" \/>\n<meta property=\"og:type\" content=\"article\" \/>\n<meta property=\"og:title\" content=\"VISIT OTHER WINERIES - Mastinell\" \/>\n<meta property=\"og:description\" content=\"VISIT OTHER WINERIES Prueba otros cavas y vinos del Pened\u00e9s We suggest visiting more wineries in the area to make the most of your stay in the Pened\u00e8s region. Par\u00e9s Balt\u00e0 We recommend Par\u00e9s Balt\u00e0a third-generation family winery with a spirit very similar to ours. Par\u00e9s Balt\u00e0 respects the environment throughout its production processes and [&hellip;]\" \/>\n<meta property=\"og:url\" content=\"https:\/\/mastinell.agencialiverpool.test\/en\/hotel\/services\/visit-other-wineries\/\" \/>\n<meta property=\"og:site_name\" content=\"Mastinell\" \/>\n<meta property=\"article:publisher\" content=\"https:\/\/www.facebook.com\/CavaHotelMastinell\" \/>\n<meta property=\"article:modified_time\" content=\"2021-06-10T00:57:23+00:00\" \/>\n<meta property=\"og:image\" content=\"https:\/\/mastinell.agencialiverpool.test\/wp-content\/uploads\/elementor\/thumbs\/hotel_servicios_bodegas_interior_01-p0b1bdvqat3m7sgmzsc5lfjnhidb8zbyuuqwzd7dvs.jpg\" \/>\n<meta name=\"twitter:card\" content=\"summary_large_image\" \/>\n<meta name=\"twitter:label1\" content=\"Est. reading time\" \/>\n\t<meta name=\"twitter:data1\" content=\"2 minutes\" \/>\n<script type=\"application\/ld+json\" class=\"yoast-schema-graph\">{\"@context\":\"https:\\\/\\\/schema.org\",\"@graph\":[{\"@type\":\"WebPage\",\"@id\":\"https:\\\/\\\/mastinell.agencialiverpool.test\\\/en\\\/hotel\\\/services\\\/visit-other-wineries\\\/\",\"url\":\"https:\\\/\\\/mastinell.agencialiverpool.test\\\/en\\\/hotel\\\/services\\\/visit-other-wineries\\\/\",\"name\":\"VISIT OTHER WINERIES - Mastinell\",\"isPartOf\":{\"@id\":\"https:\\\/\\\/mastinell.agencialiverpool.test\\\/#website\"},\"primaryImageOfPage\":{\"@id\":\"https:\\\/\\\/mastinell.agencialiverpool.test\\\/en\\\/hotel\\\/services\\\/visit-other-wineries\\\/#primaryimage\"},\"image\":{\"@id\":\"https:\\\/\\\/mastinell.agencialiverpool.test\\\/en\\\/hotel\\\/services\\\/visit-other-wineries\\\/#primaryimage\"},\"thumbnailUrl\":\"https:\\\/\\\/shop.mastinell.com\\\/wp-content\\\/uploads\\\/elementor\\\/thumbs\\\/hotel_servicios_bodegas_interior_01-p0b1bdvqat3m7sgmzsc5lfjnhidb8zbyuuqwzd7dvs.jpg\",\"datePublished\":\"2021-06-02T00:20:36+00:00\",\"dateModified\":\"2021-06-10T00:57:23+00:00\",\"breadcrumb\":{\"@id\":\"https:\\\/\\\/mastinell.agencialiverpool.test\\\/en\\\/hotel\\\/services\\\/visit-other-wineries\\\/#breadcrumb\"},\"inLanguage\":\"en-US\",\"potentialAction\":[{\"@type\":\"ReadAction\",\"target\":[\"https:\\\/\\\/mastinell.agencialiverpool.test\\\/en\\\/hotel\\\/services\\\/visit-other-wineries\\\/\"]}]},{\"@type\":\"ImageObject\",\"inLanguage\":\"en-US\",\"@id\":\"https:\\\/\\\/mastinell.agencialiverpool.test\\\/en\\\/hotel\\\/services\\\/visit-other-wineries\\\/#primaryimage\",\"url\":\"https:\\\/\\\/shop.mastinell.com\\\/wp-content\\\/uploads\\\/elementor\\\/thumbs\\\/hotel_servicios_bodegas_interior_01-p0b1bdvqat3m7sgmzsc5lfjnhidb8zbyuuqwzd7dvs.jpg\",\"contentUrl\":\"https:\\\/\\\/shop.mastinell.com\\\/wp-content\\\/uploads\\\/elementor\\\/thumbs\\\/hotel_servicios_bodegas_interior_01-p0b1bdvqat3m7sgmzsc5lfjnhidb8zbyuuqwzd7dvs.jpg\"},{\"@type\":\"BreadcrumbList\",\"@id\":\"https:\\\/\\\/mastinell.agencialiverpool.test\\\/en\\\/hotel\\\/services\\\/visit-other-wineries\\\/#breadcrumb\",\"itemListElement\":[{\"@type\":\"ListItem\",\"position\":1,\"name\":\"Home\",\"item\":\"https:\\\/\\\/mastinell.agencialiverpool.test\\\/en\\\/tienda\\\/\"},{\"@type\":\"ListItem\",\"position\":2,\"name\":\"Hotel\",\"item\":\"https:\\\/\\\/mastinell.agencialiverpool.test\\\/en\\\/hotel\\\/\"},{\"@type\":\"ListItem\",\"position\":3,\"name\":\"Services\",\"item\":\"https:\\\/\\\/mastinell.agencialiverpool.test\\\/en\\\/hotel\\\/services\\\/\"},{\"@type\":\"ListItem\",\"position\":4,\"name\":\"VISIT OTHER WINERIES\"}]},{\"@type\":\"WebSite\",\"@id\":\"https:\\\/\\\/mastinell.agencialiverpool.test\\\/#website\",\"url\":\"https:\\\/\\\/mastinell.agencialiverpool.test\\\/\",\"name\":\"Mastinell\",\"description\":\"Tienda Oficial\",\"publisher\":{\"@id\":\"https:\\\/\\\/mastinell.agencialiverpool.test\\\/#organization\"},\"potentialAction\":[{\"@type\":\"SearchAction\",\"target\":{\"@type\":\"EntryPoint\",\"urlTemplate\":\"https:\\\/\\\/mastinell.agencialiverpool.test\\\/?s={search_term_string}\"},\"query-input\":{\"@type\":\"PropertyValueSpecification\",\"valueRequired\":true,\"valueName\":\"search_term_string\"}}],\"inLanguage\":\"en-US\"},{\"@type\":\"Organization\",\"@id\":\"https:\\\/\\\/mastinell.agencialiverpool.test\\\/#organization\",\"name\":\"Mastinell\",\"url\":\"https:\\\/\\\/mastinell.agencialiverpool.test\\\/\",\"logo\":{\"@type\":\"ImageObject\",\"inLanguage\":\"en-US\",\"@id\":\"https:\\\/\\\/mastinell.agencialiverpool.test\\\/#\\\/schema\\\/logo\\\/image\\\/\",\"url\":\"https:\\\/\\\/shop.mastinell.com\\\/wp-content\\\/uploads\\\/2025\\\/01\\\/Mastinell-Cava-y-Hotel-scaled-1.webp\",\"contentUrl\":\"https:\\\/\\\/shop.mastinell.com\\\/wp-content\\\/uploads\\\/2025\\\/01\\\/Mastinell-Cava-y-Hotel-scaled-1.webp\",\"width\":2560,\"height\":531,\"caption\":\"Mastinell\"},\"image\":{\"@id\":\"https:\\\/\\\/mastinell.agencialiverpool.test\\\/#\\\/schema\\\/logo\\\/image\\\/\"},\"sameAs\":[\"https:\\\/\\\/www.facebook.com\\\/CavaHotelMastinell\",\"https:\\\/\\\/www.instagram.com\\\/cavahotel_mastinell\\\/?hl=es\"]}]}<\/script>\n<!-- \/ Yoast SEO plugin. -->","yoast_head_json":{"title":"VISIT OTHER WINERIES - Mastinell","robots":{"index":"index","follow":"follow","max-snippet":"max-snippet:-1","max-image-preview":"max-image-preview:large","max-video-preview":"max-video-preview:-1"},"canonical":"https:\/\/mastinell.agencialiverpool.test\/en\/hotel\/services\/visit-other-wineries\/","og_locale":"en_US","og_type":"article","og_title":"VISIT OTHER WINERIES - Mastinell","og_description":"VISIT OTHER WINERIES Prueba otros cavas y vinos del Pened\u00e9s We suggest visiting more wineries in the area to make the most of your stay in the Pened\u00e8s region. Par\u00e9s Balt\u00e0 We recommend Par\u00e9s Balt\u00e0a third-generation family winery with a spirit very similar to ours. Par\u00e9s Balt\u00e0 respects the environment throughout its production processes and [&hellip;]","og_url":"https:\/\/mastinell.agencialiverpool.test\/en\/hotel\/services\/visit-other-wineries\/","og_site_name":"Mastinell","article_publisher":"https:\/\/www.facebook.com\/CavaHotelMastinell","article_modified_time":"2021-06-10T00:57:23+00:00","og_image":[{"url":"https:\/\/mastinell.agencialiverpool.test\/wp-content\/uploads\/elementor\/thumbs\/hotel_servicios_bodegas_interior_01-p0b1bdvqat3m7sgmzsc5lfjnhidb8zbyuuqwzd7dvs.jpg","type":"","width":"","height":""}],"twitter_card":"summary_large_image","twitter_misc":{"Est. reading time":"2 minutes"},"schema":{"@context":"https:\/\/schema.org","@graph":[{"@type":"WebPage","@id":"https:\/\/mastinell.agencialiverpool.test\/en\/hotel\/services\/visit-other-wineries\/","url":"https:\/\/mastinell.agencialiverpool.test\/en\/hotel\/services\/visit-other-wineries\/","name":"VISIT OTHER WINERIES - Mastinell","isPartOf":{"@id":"https:\/\/mastinell.agencialiverpool.test\/#website"},"primaryImageOfPage":{"@id":"https:\/\/mastinell.agencialiverpool.test\/en\/hotel\/services\/visit-other-wineries\/#primaryimage"},"image":{"@id":"https:\/\/mastinell.agencialiverpool.test\/en\/hotel\/services\/visit-other-wineries\/#primaryimage"},"thumbnailUrl":"https:\/\/shop.mastinell.com\/wp-content\/uploads\/elementor\/thumbs\/hotel_servicios_bodegas_interior_01-p0b1bdvqat3m7sgmzsc5lfjnhidb8zbyuuqwzd7dvs.jpg","datePublished":"2021-06-02T00:20:36+00:00","dateModified":"2021-06-10T00:57:23+00:00","breadcrumb":{"@id":"https:\/\/mastinell.agencialiverpool.test\/en\/hotel\/services\/visit-other-wineries\/#breadcrumb"},"inLanguage":"en-US","potentialAction":[{"@type":"ReadAction","target":["https:\/\/mastinell.agencialiverpool.test\/en\/hotel\/services\/visit-other-wineries\/"]}]},{"@type":"ImageObject","inLanguage":"en-US","@id":"https:\/\/mastinell.agencialiverpool.test\/en\/hotel\/services\/visit-other-wineries\/#primaryimage","url":"https:\/\/shop.mastinell.com\/wp-content\/uploads\/elementor\/thumbs\/hotel_servicios_bodegas_interior_01-p0b1bdvqat3m7sgmzsc5lfjnhidb8zbyuuqwzd7dvs.jpg","contentUrl":"https:\/\/shop.mastinell.com\/wp-content\/uploads\/elementor\/thumbs\/hotel_servicios_bodegas_interior_01-p0b1bdvqat3m7sgmzsc5lfjnhidb8zbyuuqwzd7dvs.jpg"},{"@type":"BreadcrumbList","@id":"https:\/\/mastinell.agencialiverpool.test\/en\/hotel\/services\/visit-other-wineries\/#breadcrumb","itemListElement":[{"@type":"ListItem","position":1,"name":"Home","item":"https:\/\/mastinell.agencialiverpool.test\/en\/tienda\/"},{"@type":"ListItem","position":2,"name":"Hotel","item":"https:\/\/mastinell.agencialiverpool.test\/en\/hotel\/"},{"@type":"ListItem","position":3,"name":"Services","item":"https:\/\/mastinell.agencialiverpool.test\/en\/hotel\/services\/"},{"@type":"ListItem","position":4,"name":"VISIT OTHER WINERIES"}]},{"@type":"WebSite","@id":"https:\/\/mastinell.agencialiverpool.test\/#website","url":"https:\/\/mastinell.agencialiverpool.test\/","name":"Mastinell","description":"Tienda Oficial","publisher":{"@id":"https:\/\/mastinell.agencialiverpool.test\/#organization"},"potentialAction":[{"@type":"SearchAction","target":{"@type":"EntryPoint","urlTemplate":"https:\/\/mastinell.agencialiverpool.test\/?s={search_term_string}"},"query-input":{"@type":"PropertyValueSpecification","valueRequired":true,"valueName":"search_term_string"}}],"inLanguage":"en-US"},{"@type":"Organization","@id":"https:\/\/mastinell.agencialiverpool.test\/#organization","name":"Mastinell","url":"https:\/\/mastinell.agencialiverpool.test\/","logo":{"@type":"ImageObject","inLanguage":"en-US","@id":"https:\/\/mastinell.agencialiverpool.test\/#\/schema\/logo\/image\/","url":"https:\/\/shop.mastinell.com\/wp-content\/uploads\/2025\/01\/Mastinell-Cava-y-Hotel-scaled-1.webp","contentUrl":"https:\/\/shop.mastinell.com\/wp-content\/uploads\/2025\/01\/Mastinell-Cava-y-Hotel-scaled-1.webp","width":2560,"height":531,"caption":"Mastinell"},"image":{"@id":"https:\/\/mastinell.agencialiverpool.test\/#\/schema\/logo\/image\/"},"sameAs":["https:\/\/www.facebook.com\/CavaHotelMastinell","https:\/\/www.instagram.com\/cavahotel_mastinell\/?hl=es"]}]}},"_links":{"self":[{"href":"https:\/\/shop.mastinell.com\/en\/wp-json\/wp\/v2\/pages\/20141","targetHints":{"allow":["GET"]}}],"collection":[{"href":"https:\/\/shop.mastinell.com\/en\/wp-json\/wp\/v2\/pages"}],"about":[{"href":"https:\/\/shop.mastinell.com\/en\/wp-json\/wp\/v2\/types\/page"}],"author":[{"embeddable":true,"href":"https:\/\/shop.mastinell.com\/en\/wp-json\/wp\/v2\/users\/1"}],"replies":[{"embeddable":true,"href":"https:\/\/shop.mastinell.com\/en\/wp-json\/wp\/v2\/comments?post=20141"}],"version-history":[{"count":3,"href":"https:\/\/shop.mastinell.com\/en\/wp-json\/wp\/v2\/pages\/20141\/revisions"}],"predecessor-version":[{"id":22592,"href":"https:\/\/shop.mastinell.com\/en\/wp-json\/wp\/v2\/pages\/20141\/revisions\/22592"}],"up":[{"embeddable":true,"href":"https:\/\/shop.mastinell.com\/en\/wp-json\/wp\/v2\/pages\/19800"}],"wp:attachment":[{"href":"https:\/\/shop.mastinell.com\/en\/wp-json\/wp\/v2\/media?parent=20141"}],"curies":[{"name":"wp","href":"https:\/\/api.w.org\/{rel}","templated":true}]}}