{"id":21653,"date":"2021-06-07T18:06:55","date_gmt":"2021-06-07T16:06:55","guid":{"rendered":"https:\/\/mastinell.com\/?page_id=21653"},"modified":"2021-06-07T20:56:56","modified_gmt":"2021-06-07T18:56:56","slug":"ubication-header","status":"publish","type":"page","link":"https:\/\/shop.mastinell.com\/en\/ubication-header\/","title":{"rendered":"Ubication header"},"content":{"rendered":"\t\t<div data-elementor-type=\"wp-page\" data-elementor-id=\"21653\" class=\"elementor elementor-21653 elementor-11933\" data-elementor-post-type=\"page\">\n\t\t\t\t\t\t<section class=\"elementor-section elementor-top-section elementor-element elementor-element-bc84712 elementor-section-boxed elementor-section-height-default elementor-section-height-default\" data-id=\"bc84712\" data-element_type=\"section\">\n\t\t\t\t\t\t<div class=\"elementor-container elementor-column-gap-default\">\n\t\t\t\t\t<div class=\"elementor-column elementor-col-100 elementor-top-column elementor-element elementor-element-83f51e3\" data-id=\"83f51e3\" data-element_type=\"column\">\n\t\t\t<div class=\"elementor-widget-wrap elementor-element-populated\">\n\t\t\t\t\t\t<div class=\"elementor-element elementor-element-ac6e052 elementor-widget elementor-widget-heading\" data-id=\"ac6e052\" data-element_type=\"widget\" data-widget_type=\"heading.default\">\n\t\t\t\t<div class=\"elementor-widget-container\">\n\t\t\t\t\t<h2 class=\"elementor-heading-title elementor-size-default\">Mastinell, the cradle of Pened\u00e8s wine tourism\n\n<\/h2>\t\t\t\t<\/div>\n\t\t\t\t<\/div>\n\t\t\t\t<div class=\"elementor-element elementor-element-3e1ef02 elementor-widget-divider--view-line elementor-widget elementor-widget-divider\" data-id=\"3e1ef02\" data-element_type=\"widget\" data-widget_type=\"divider.default\">\n\t\t\t\t<div class=\"elementor-widget-container\">\n\t\t\t\t\t\t\t<div class=\"elementor-divider\">\n\t\t\t<span class=\"elementor-divider-separator\">\n\t\t\t\t\t\t<\/span>\n\t\t<\/div>\n\t\t\t\t\t\t<\/div>\n\t\t\t\t<\/div>\n\t\t\t\t<div class=\"elementor-element elementor-element-688567f elementor-widget elementor-widget-text-editor\" data-id=\"688567f\" data-element_type=\"widget\" data-widget_type=\"text-editor.default\">\n\t\t\t\t<div class=\"elementor-widget-container\">\n\t\t\t\t\t\t\t\t\t<p>Mastinell is located in the heart of the Pened\u00e9s. This luxurious resort is located just 10 minutes (1 km) walking from the center of Vilafranca del Pened\u00e9s, 20 minutes from the neighboring towns of Sitges and Vilanova i la Geltr\u00fa, 45 minutes from Barcelona and only 35 minutes from its airport . Thanks to its excellent location, reaching our Cava &amp; Hotel Mastinell is very easy.<\/p><p>Vilafranca a Sant Mart\u00ed Sarroca, km 0.5<br \/>08720 Vilafranca del Pened\u00e9s, Barcelona, Espa\u00f1a<\/p><p>Contact cava:<br \/>Tel: +34 93 817 05 86<br \/><a href=\"mailto:info@shop.mastinell.com\">info@shop.mastinell.com<\/a><\/p><p>Contact hotel\/restaurant:<br \/>Tel: +34 93 115 61 32<br \/><a href=\"mailto:info@hotelmastinell.agencialiverpool.dev\">info@hotelMastinell.com<\/a><\/p>\t\t\t\t\t\t\t\t<\/div>\n\t\t\t\t<\/div>\n\t\t\t\t<div class=\"elementor-element elementor-element-c00f172 elementor-widget elementor-widget-text-editor\" data-id=\"c00f172\" data-element_type=\"widget\" data-widget_type=\"text-editor.default\">\n\t\t\t\t<div class=\"elementor-widget-container\">\n\t\t\t\t\t\t\t\t\t<iframe src=\"https:\/\/www.google.com\/maps\/embed?pb=!1m18!1m12!1m3!1d2994.9616409122377!2d1.682805115765876!3d41.35318747926732!2m3!1f0!2f0!3f0!3m2!1i1024!2i768!4f13.1!3m3!1m2!1s0x12a47a03696da257%3A0x6e6f5fd72107d777!2sCava%20%26%20Hotel%20Mastinell!5e0!3m2!1sen!2sus!4v1608605613571!5m2!1sen!2sus\" width=\"1920\" height=\"450\" frameborder=\"0\" style=\"border:0;\" allowfullscreen=\"\" aria-hidden=\"false\" tabindex=\"0\"><\/iframe>\t\t\t\t\t\t\t\t<\/div>\n\t\t\t\t<\/div>\n\t\t\t\t\t<\/div>\n\t\t<\/div>\n\t\t\t\t\t<\/div>\n\t\t<\/section>\n\t\t\t\t<section class=\"elementor-section elementor-top-section elementor-element elementor-element-e53aa31 elementor-section-boxed elementor-section-height-default elementor-section-height-default\" data-id=\"e53aa31\" data-element_type=\"section\">\n\t\t\t\t\t\t<div class=\"elementor-container elementor-column-gap-default\">\n\t\t\t\t\t<div class=\"elementor-column elementor-col-100 elementor-top-column elementor-element elementor-element-126a74f\" data-id=\"126a74f\" data-element_type=\"column\">\n\t\t\t<div class=\"elementor-widget-wrap elementor-element-populated\">\n\t\t\t\t\t\t<div class=\"elementor-element elementor-element-72a6330 elementor-widget elementor-widget-heading\" data-id=\"72a6330\" data-element_type=\"widget\" data-widget_type=\"heading.default\">\n\t\t\t\t<div class=\"elementor-widget-container\">\n\t\t\t\t\t<h2 class=\"elementor-heading-title elementor-size-default\">Contact\n<\/h2>\t\t\t\t<\/div>\n\t\t\t\t<\/div>\n\t\t\t\t<div class=\"elementor-element elementor-element-8e6ab7d elementor-widget-divider--view-line elementor-widget elementor-widget-divider\" data-id=\"8e6ab7d\" data-element_type=\"widget\" data-widget_type=\"divider.default\">\n\t\t\t\t<div class=\"elementor-widget-container\">\n\t\t\t\t\t\t\t<div class=\"elementor-divider\">\n\t\t\t<span class=\"elementor-divider-separator\">\n\t\t\t\t\t\t<\/span>\n\t\t<\/div>\n\t\t\t\t\t\t<\/div>\n\t\t\t\t<\/div>\n\t\t\t\t<div class=\"elementor-element elementor-element-2aa7d7a elementor-widget elementor-widget-text-editor\" data-id=\"2aa7d7a\" data-element_type=\"widget\" data-widget_type=\"text-editor.default\">\n\t\t\t\t<div class=\"elementor-widget-container\">\n\t\t\t\t\t\t\t\t\t<p>If you are interested in contacting us, you can do so through this form. We will solve your doubts and provide you with the information you need in the shortest possible time.<\/p>\t\t\t\t\t\t\t\t<\/div>\n\t\t\t\t<\/div>\n\t\t\t\t<div class=\"elementor-element elementor-element-d42c62e elementor-widget elementor-widget-text-editor\" data-id=\"d42c62e\" data-element_type=\"widget\" data-widget_type=\"text-editor.default\">\n\t\t\t\t<div class=\"elementor-widget-container\">\n\t\t\t\t\t\t\t\t\t[contact-form-7 id=&#8221;6&#8243; title=&#8221;Contact form 1&#8243;]\t\t\t\t\t\t\t\t<\/div>\n\t\t\t\t<\/div>\n\t\t\t\t\t<\/div>\n\t\t<\/div>\n\t\t\t\t\t<\/div>\n\t\t<\/section>\n\t\t\t\t<section class=\"elementor-section elementor-top-section elementor-element elementor-element-8021c62 elementor-section-boxed elementor-section-height-default elementor-section-height-default\" data-id=\"8021c62\" data-element_type=\"section\">\n\t\t\t\t\t\t<div class=\"elementor-container elementor-column-gap-default\">\n\t\t\t\t\t<div class=\"elementor-column elementor-col-100 elementor-top-column elementor-element elementor-element-954b42a\" data-id=\"954b42a\" data-element_type=\"column\">\n\t\t\t<div class=\"elementor-widget-wrap elementor-element-populated\">\n\t\t\t\t\t\t<div class=\"elementor-element elementor-element-37faae4 elementor-widget elementor-widget-html\" data-id=\"37faae4\" data-element_type=\"widget\" data-widget_type=\"html.default\">\n\t\t\t\t<div class=\"elementor-widget-container\">\n\t\t\t\t\t<script src=\"https:\/\/code.jquery.com\/jquery-3.5.0.js\"><\/script>\n<script>\n$(document).ready(function(){\n    $(\".enviara\").val(\"info@hotelmastinell.agencialiverpool.dev\");\n$(\".lista-select\").change(function(){\n    var valor = $(this).val();\n    if(valor == \"Hotel \/ Restaurante\"){\n       $(\".enviara\").val(\"info@hotelmastinell.agencialiverpool.dev\");\n    }\n    if(valor == \"Bodega\"){\n       $(\".enviara\").val(\"info@shop.mastinell.com\");\n    }\n    \n    \n})\n})\n<\/script>\t\t\t\t<\/div>\n\t\t\t\t<\/div>\n\t\t\t\t\t<\/div>\n\t\t<\/div>\n\t\t\t\t\t<\/div>\n\t\t<\/section>\n\t\t\t\t<\/div>\n\t\t","protected":false},"excerpt":{"rendered":"<p>Mastinell, the cradle of Pened\u00e8s wine tourism Mastinell is located in the heart of the Pened\u00e9s. This luxurious resort is located just 10 minutes (1 km) walking from the center of Vilafranca del Pened\u00e9s, 20 minutes from the neighboring towns of Sitges and Vilanova i la Geltr\u00fa, 45 minutes from Barcelona and only 35 minutes [&hellip;]<\/p>\n","protected":false},"author":1,"featured_media":0,"parent":0,"menu_order":0,"comment_status":"closed","ping_status":"closed","template":"","meta":{"_acf_changed":false,"footnotes":""},"class_list":["post-21653","page","type-page","status-publish","hentry"],"acf":[],"yoast_head":"<!-- This site is optimized with the Yoast SEO plugin v27.5 - https:\/\/yoast.com\/product\/yoast-seo-wordpress\/ -->\n<title>Ubication header - Mastinell<\/title>\n<meta name=\"robots\" content=\"index, follow, max-snippet:-1, max-image-preview:large, max-video-preview:-1\" \/>\n<link rel=\"canonical\" href=\"https:\/\/shop.mastinell.com\/en\/ubication-header\/\" \/>\n<meta property=\"og:locale\" content=\"en_US\" \/>\n<meta property=\"og:type\" content=\"article\" \/>\n<meta property=\"og:title\" content=\"Ubication header - Mastinell\" \/>\n<meta property=\"og:description\" content=\"Mastinell, the cradle of Pened\u00e8s wine tourism Mastinell is located in the heart of the Pened\u00e9s. This luxurious resort is located just 10 minutes (1 km) walking from the center of Vilafranca del Pened\u00e9s, 20 minutes from the neighboring towns of Sitges and Vilanova i la Geltr\u00fa, 45 minutes from Barcelona and only 35 minutes [&hellip;]\" \/>\n<meta property=\"og:url\" content=\"https:\/\/shop.mastinell.com\/en\/ubication-header\/\" \/>\n<meta property=\"og:site_name\" content=\"Mastinell\" \/>\n<meta property=\"article:publisher\" content=\"https:\/\/www.facebook.com\/CavaHotelMastinell\" \/>\n<meta property=\"article:modified_time\" content=\"2021-06-07T18:56:56+00:00\" \/>\n<meta property=\"og:image\" content=\"https:\/\/shop.mastinell.com\/wp-content\/uploads\/2025\/01\/Mastinell-Cava-y-Hotel-scaled-1.webp\" \/>\n\t<meta property=\"og:image:width\" content=\"2560\" \/>\n\t<meta property=\"og:image:height\" content=\"531\" \/>\n\t<meta property=\"og:image:type\" content=\"image\/webp\" \/>\n<meta name=\"twitter:card\" content=\"summary_large_image\" \/>\n<meta name=\"twitter:label1\" content=\"Est. reading time\" \/>\n\t<meta name=\"twitter:data1\" content=\"1 minute\" \/>\n<script type=\"application\/ld+json\" class=\"yoast-schema-graph\">{\"@context\":\"https:\\\/\\\/schema.org\",\"@graph\":[{\"@type\":\"WebPage\",\"@id\":\"https:\\\/\\\/shop.mastinell.com\\\/en\\\/ubication-header\\\/\",\"url\":\"https:\\\/\\\/shop.mastinell.com\\\/en\\\/ubication-header\\\/\",\"name\":\"Ubication header - Mastinell\",\"isPartOf\":{\"@id\":\"https:\\\/\\\/mastinell.agencialiverpool.test\\\/#website\"},\"datePublished\":\"2021-06-07T16:06:55+00:00\",\"dateModified\":\"2021-06-07T18:56:56+00:00\",\"breadcrumb\":{\"@id\":\"https:\\\/\\\/shop.mastinell.com\\\/en\\\/ubication-header\\\/#breadcrumb\"},\"inLanguage\":\"en-US\",\"potentialAction\":[{\"@type\":\"ReadAction\",\"target\":[\"https:\\\/\\\/shop.mastinell.com\\\/en\\\/ubication-header\\\/\"]}]},{\"@type\":\"BreadcrumbList\",\"@id\":\"https:\\\/\\\/shop.mastinell.com\\\/en\\\/ubication-header\\\/#breadcrumb\",\"itemListElement\":[{\"@type\":\"ListItem\",\"position\":1,\"name\":\"Home\",\"item\":\"https:\\\/\\\/mastinell.agencialiverpool.test\\\/en\\\/tienda\\\/\"},{\"@type\":\"ListItem\",\"position\":2,\"name\":\"Ubication header\"}]},{\"@type\":\"WebSite\",\"@id\":\"https:\\\/\\\/mastinell.agencialiverpool.test\\\/#website\",\"url\":\"https:\\\/\\\/mastinell.agencialiverpool.test\\\/\",\"name\":\"Mastinell\",\"description\":\"Tienda Oficial\",\"publisher\":{\"@id\":\"https:\\\/\\\/mastinell.agencialiverpool.test\\\/#organization\"},\"potentialAction\":[{\"@type\":\"SearchAction\",\"target\":{\"@type\":\"EntryPoint\",\"urlTemplate\":\"https:\\\/\\\/mastinell.agencialiverpool.test\\\/?s={search_term_string}\"},\"query-input\":{\"@type\":\"PropertyValueSpecification\",\"valueRequired\":true,\"valueName\":\"search_term_string\"}}],\"inLanguage\":\"en-US\"},{\"@type\":\"Organization\",\"@id\":\"https:\\\/\\\/mastinell.agencialiverpool.test\\\/#organization\",\"name\":\"Mastinell\",\"url\":\"https:\\\/\\\/mastinell.agencialiverpool.test\\\/\",\"logo\":{\"@type\":\"ImageObject\",\"inLanguage\":\"en-US\",\"@id\":\"https:\\\/\\\/mastinell.agencialiverpool.test\\\/#\\\/schema\\\/logo\\\/image\\\/\",\"url\":\"https:\\\/\\\/shop.mastinell.com\\\/wp-content\\\/uploads\\\/2025\\\/01\\\/Mastinell-Cava-y-Hotel-scaled-1.webp\",\"contentUrl\":\"https:\\\/\\\/shop.mastinell.com\\\/wp-content\\\/uploads\\\/2025\\\/01\\\/Mastinell-Cava-y-Hotel-scaled-1.webp\",\"width\":2560,\"height\":531,\"caption\":\"Mastinell\"},\"image\":{\"@id\":\"https:\\\/\\\/mastinell.agencialiverpool.test\\\/#\\\/schema\\\/logo\\\/image\\\/\"},\"sameAs\":[\"https:\\\/\\\/www.facebook.com\\\/CavaHotelMastinell\",\"https:\\\/\\\/www.instagram.com\\\/cavahotel_mastinell\\\/?hl=es\"]}]}<\/script>\n<!-- \/ Yoast SEO plugin. -->","yoast_head_json":{"title":"Ubication header - Mastinell","robots":{"index":"index","follow":"follow","max-snippet":"max-snippet:-1","max-image-preview":"max-image-preview:large","max-video-preview":"max-video-preview:-1"},"canonical":"https:\/\/shop.mastinell.com\/en\/ubication-header\/","og_locale":"en_US","og_type":"article","og_title":"Ubication header - Mastinell","og_description":"Mastinell, the cradle of Pened\u00e8s wine tourism Mastinell is located in the heart of the Pened\u00e9s. This luxurious resort is located just 10 minutes (1 km) walking from the center of Vilafranca del Pened\u00e9s, 20 minutes from the neighboring towns of Sitges and Vilanova i la Geltr\u00fa, 45 minutes from Barcelona and only 35 minutes [&hellip;]","og_url":"https:\/\/shop.mastinell.com\/en\/ubication-header\/","og_site_name":"Mastinell","article_publisher":"https:\/\/www.facebook.com\/CavaHotelMastinell","article_modified_time":"2021-06-07T18:56:56+00:00","og_image":[{"width":2560,"height":531,"url":"https:\/\/shop.mastinell.com\/wp-content\/uploads\/2025\/01\/Mastinell-Cava-y-Hotel-scaled-1.webp","type":"image\/webp"}],"twitter_card":"summary_large_image","twitter_misc":{"Est. reading time":"1 minute"},"schema":{"@context":"https:\/\/schema.org","@graph":[{"@type":"WebPage","@id":"https:\/\/shop.mastinell.com\/en\/ubication-header\/","url":"https:\/\/shop.mastinell.com\/en\/ubication-header\/","name":"Ubication header - Mastinell","isPartOf":{"@id":"https:\/\/mastinell.agencialiverpool.test\/#website"},"datePublished":"2021-06-07T16:06:55+00:00","dateModified":"2021-06-07T18:56:56+00:00","breadcrumb":{"@id":"https:\/\/shop.mastinell.com\/en\/ubication-header\/#breadcrumb"},"inLanguage":"en-US","potentialAction":[{"@type":"ReadAction","target":["https:\/\/shop.mastinell.com\/en\/ubication-header\/"]}]},{"@type":"BreadcrumbList","@id":"https:\/\/shop.mastinell.com\/en\/ubication-header\/#breadcrumb","itemListElement":[{"@type":"ListItem","position":1,"name":"Home","item":"https:\/\/mastinell.agencialiverpool.test\/en\/tienda\/"},{"@type":"ListItem","position":2,"name":"Ubication header"}]},{"@type":"WebSite","@id":"https:\/\/mastinell.agencialiverpool.test\/#website","url":"https:\/\/mastinell.agencialiverpool.test\/","name":"Mastinell","description":"Tienda Oficial","publisher":{"@id":"https:\/\/mastinell.agencialiverpool.test\/#organization"},"potentialAction":[{"@type":"SearchAction","target":{"@type":"EntryPoint","urlTemplate":"https:\/\/mastinell.agencialiverpool.test\/?s={search_term_string}"},"query-input":{"@type":"PropertyValueSpecification","valueRequired":true,"valueName":"search_term_string"}}],"inLanguage":"en-US"},{"@type":"Organization","@id":"https:\/\/mastinell.agencialiverpool.test\/#organization","name":"Mastinell","url":"https:\/\/mastinell.agencialiverpool.test\/","logo":{"@type":"ImageObject","inLanguage":"en-US","@id":"https:\/\/mastinell.agencialiverpool.test\/#\/schema\/logo\/image\/","url":"https:\/\/shop.mastinell.com\/wp-content\/uploads\/2025\/01\/Mastinell-Cava-y-Hotel-scaled-1.webp","contentUrl":"https:\/\/shop.mastinell.com\/wp-content\/uploads\/2025\/01\/Mastinell-Cava-y-Hotel-scaled-1.webp","width":2560,"height":531,"caption":"Mastinell"},"image":{"@id":"https:\/\/mastinell.agencialiverpool.test\/#\/schema\/logo\/image\/"},"sameAs":["https:\/\/www.facebook.com\/CavaHotelMastinell","https:\/\/www.instagram.com\/cavahotel_mastinell\/?hl=es"]}]}},"_links":{"self":[{"href":"https:\/\/shop.mastinell.com\/en\/wp-json\/wp\/v2\/pages\/21653","targetHints":{"allow":["GET"]}}],"collection":[{"href":"https:\/\/shop.mastinell.com\/en\/wp-json\/wp\/v2\/pages"}],"about":[{"href":"https:\/\/shop.mastinell.com\/en\/wp-json\/wp\/v2\/types\/page"}],"author":[{"embeddable":true,"href":"https:\/\/shop.mastinell.com\/en\/wp-json\/wp\/v2\/users\/1"}],"replies":[{"embeddable":true,"href":"https:\/\/shop.mastinell.com\/en\/wp-json\/wp\/v2\/comments?post=21653"}],"version-history":[{"count":3,"href":"https:\/\/shop.mastinell.com\/en\/wp-json\/wp\/v2\/pages\/21653\/revisions"}],"predecessor-version":[{"id":21796,"href":"https:\/\/shop.mastinell.com\/en\/wp-json\/wp\/v2\/pages\/21653\/revisions\/21796"}],"wp:attachment":[{"href":"https:\/\/shop.mastinell.com\/en\/wp-json\/wp\/v2\/media?parent=21653"}],"curies":[{"name":"wp","href":"https:\/\/api.w.org\/{rel}","templated":true}]}}