{"id":37216,"date":"2025-02-04T23:45:36","date_gmt":"2025-02-04T22:45:36","guid":{"rendered":"https:\/\/shop.mastinell.com\/producto\/clos-sant-pau-dessert-wine-2021\/"},"modified":"2026-03-05T17:31:08","modified_gmt":"2026-03-05T16:31:08","slug":"clos-sant-pau-dessert-wine-2021","status":"publish","type":"product","link":"https:\/\/shop.mastinell.com\/en\/producto\/clos-sant-pau-dessert-wine-2021\/","title":{"rendered":"Clos Sant Pau 2023"},"content":{"rendered":"\t\t<div data-elementor-type=\"product-post\" data-elementor-id=\"37216\" class=\"elementor elementor-37216 elementor-9166\" data-elementor-post-type=\"product\">\n\t\t\t\t\t\t<section class=\"elementor-section elementor-top-section elementor-element elementor-element-28c98a37 elementor-section-stretched elementor-section-boxed elementor-section-height-default elementor-section-height-default\" data-id=\"28c98a37\" data-element_type=\"section\" data-settings=\"{&quot;stretch_section&quot;:&quot;section-stretched&quot;}\">\n\t\t\t\t\t\t<div class=\"elementor-container elementor-column-gap-default\">\n\t\t\t\t\t<div class=\"elementor-column elementor-col-100 elementor-top-column elementor-element elementor-element-58feb889\" data-id=\"58feb889\" data-element_type=\"column\">\n\t\t\t<div class=\"elementor-widget-wrap elementor-element-populated\">\n\t\t\t\t\t\t<section class=\"elementor-section elementor-inner-section elementor-element elementor-element-2b27f488 elementor-section-content-middle elementor-section-boxed elementor-section-height-default elementor-section-height-default\" data-id=\"2b27f488\" data-element_type=\"section\">\n\t\t\t\t\t\t<div class=\"elementor-container elementor-column-gap-default\">\n\t\t\t\t\t<div class=\"elementor-column elementor-col-50 elementor-inner-column elementor-element elementor-element-49e22cec\" data-id=\"49e22cec\" data-element_type=\"column\">\n\t\t\t<div class=\"elementor-widget-wrap elementor-element-populated\">\n\t\t\t\t\t\t<div class=\"elementor-element elementor-element-54e6defb elementor-widget elementor-widget-image\" data-id=\"54e6defb\" data-element_type=\"widget\" data-widget_type=\"image.default\">\n\t\t\t\t<div class=\"elementor-widget-container\">\n\t\t\t\t\t\t\t\t\t\t\t\t\t\t\t<img decoding=\"async\" src=\"https:\/\/shop.mastinell.com\/wp-content\/uploads\/elementor\/thumbs\/CLOS_590x630-rb7na4glcqhpqgzqu606zvwq1i42h02iz3ctvap15o.jpg\" title=\"CLOS_590x630\" alt=\"CLOS_590x630\" loading=\"lazy\" \/>\t\t\t\t\t\t\t\t\t\t\t\t\t\t\t<\/div>\n\t\t\t\t<\/div>\n\t\t\t\t<div class=\"elementor-element elementor-element-4a443d82 elementor-widget elementor-widget-image\" data-id=\"4a443d82\" data-element_type=\"widget\" data-widget_type=\"image.default\">\n\t\t\t\t<div class=\"elementor-widget-container\">\n\t\t\t\t\t\t\t\t\t\t\t\t\t\t\t<img fetchpriority=\"high\" decoding=\"async\" width=\"1090\" height=\"1434\" src=\"https:\/\/shop.mastinell.com\/wp-content\/uploads\/2025\/02\/CLOS_1090x1434.jpg\" class=\"attachment-full size-full wp-image-39096\" alt=\"\" srcset=\"https:\/\/shop.mastinell.com\/wp-content\/uploads\/2025\/02\/CLOS_1090x1434.jpg 1090w, https:\/\/shop.mastinell.com\/wp-content\/uploads\/2025\/02\/CLOS_1090x1434-228x300.jpg 228w, https:\/\/shop.mastinell.com\/wp-content\/uploads\/2025\/02\/CLOS_1090x1434-778x1024.jpg 778w, https:\/\/shop.mastinell.com\/wp-content\/uploads\/2025\/02\/CLOS_1090x1434-768x1010.jpg 768w, https:\/\/shop.mastinell.com\/wp-content\/uploads\/2025\/02\/CLOS_1090x1434-945x1243.jpg 945w\" sizes=\"(max-width: 1090px) 100vw, 1090px\" \/>\t\t\t\t\t\t\t\t\t\t\t\t\t\t\t<\/div>\n\t\t\t\t<\/div>\n\t\t\t\t\t<\/div>\n\t\t<\/div>\n\t\t\t\t<div class=\"elementor-column elementor-col-50 elementor-inner-column elementor-element elementor-element-428a6bb5\" data-id=\"428a6bb5\" data-element_type=\"column\">\n\t\t\t<div class=\"elementor-widget-wrap elementor-element-populated\">\n\t\t\t\t\t\t<div class=\"elementor-element elementor-element-1108c65 elementor-widget elementor-widget-text-editor\" data-id=\"1108c65\" data-element_type=\"widget\" data-widget_type=\"text-editor.default\">\n\t\t\t\t<div class=\"elementor-widget-container\">\n\t\t\t\t\t\t\t\t\t<p class=\"p1\">The very ripe bunches are picked gracefully and gently to ensure the concentrated sugar doesn\u2019t lose any of its freshness. A gentle pressing is followed by a natural clarification of the must, after which the fermentation starts. Once the wine reaches 12 degrees of alcohol content, we halt the fermentation using a natural, cold-stopping procedure. This maintains optimal sweetness and allows the yeast to rest following its magnificent work.<\/p><p><strong>Tasting notes:\u00a0<br \/><\/strong>Bright yellow with greenish hues. Very pronounced tears. The late harvest gives it concentrated aromas and complexity. Delicate, intense and fresh on the nose, with citrus notes, orange peel and white truffle standing out. On the palate, it is an elegant, fresh, flavorful, and long-lasting sweet wine. Predominantly white fruit with light hints of fennel and lemon verbena that refresh the palate.<\/p>\t\t\t\t\t\t\t\t<\/div>\n\t\t\t\t<\/div>\n\t\t\t\t<div class=\"elementor-element elementor-element-b9f48ac elementor-widget elementor-widget-text-editor\" data-id=\"b9f48ac\" data-element_type=\"widget\" data-widget_type=\"text-editor.default\">\n\t\t\t\t<div class=\"elementor-widget-container\">\n\t\t\t\t\t\t\t\t\t<p><strong>Variety: <br \/><\/strong><span class=\"s1\">Muscat de Frontignan<\/span>.<\/p><p><strong>Food Pairing: <br \/><\/strong>Ideal wine for aperitifs, blue cheese, and foie gras. Also pairs well with creamy desserts, citrus sorbets, or fresh fruit salads.<\/p>\t\t\t\t\t\t\t\t<\/div>\n\t\t\t\t<\/div>\n\t\t\t\t<div class=\"elementor-element elementor-element-912d22b elementor-widget elementor-widget-image\" data-id=\"912d22b\" data-element_type=\"widget\" data-widget_type=\"image.default\">\n\t\t\t\t<div class=\"elementor-widget-container\">\n\t\t\t\t\t\t\t\t\t\t\t\t\t\t\t<img decoding=\"async\" width=\"125\" height=\"125\" src=\"https:\/\/shop.mastinell.com\/wp-content\/uploads\/2021\/01\/Vegano.png\" class=\"attachment-large size-large wp-image-17641\" alt=\"\" srcset=\"https:\/\/shop.mastinell.com\/wp-content\/uploads\/2021\/01\/Vegano.png 125w, https:\/\/shop.mastinell.com\/wp-content\/uploads\/2021\/01\/Vegano-12x12.png 12w, https:\/\/shop.mastinell.com\/wp-content\/uploads\/2021\/01\/Vegano-100x100.png 100w\" sizes=\"(max-width: 125px) 100vw, 125px\" \/>\t\t\t\t\t\t\t\t\t\t\t\t\t\t\t<\/div>\n\t\t\t\t<\/div>\n\t\t\t\t\t<\/div>\n\t\t<\/div>\n\t\t\t\t\t<\/div>\n\t\t<\/section>\n\t\t\t\t\t<\/div>\n\t\t<\/div>\n\t\t\t\t\t<\/div>\n\t\t<\/section>\n\t\t\t\t<section class=\"elementor-section elementor-top-section elementor-element elementor-element-92483aa elementor-section-full_width elementor-section-height-default elementor-section-height-default\" data-id=\"92483aa\" data-element_type=\"section\">\n\t\t\t\t\t\t<div class=\"elementor-container elementor-column-gap-default\">\n\t\t\t\t\t<div class=\"elementor-column elementor-col-100 elementor-top-column elementor-element elementor-element-cf6ee8f\" data-id=\"cf6ee8f\" data-element_type=\"column\">\n\t\t\t<div class=\"elementor-widget-wrap elementor-element-populated\">\n\t\t\t\t\t\t<div class=\"elementor-element elementor-element-b1ff29d middle-title elementor-widget elementor-widget-heading\" data-id=\"b1ff29d\" data-element_type=\"widget\" data-widget_type=\"heading.default\">\n\t\t\t\t<div class=\"elementor-widget-container\">\n\t\t\t\t\t<h3 class=\"elementor-heading-title elementor-size-large\">Awards<\/h3>\t\t\t\t<\/div>\n\t\t\t\t<\/div>\n\t\t\t\t<div class=\"elementor-element elementor-element-ac0353a elementor-widget elementor-widget-image-carousel\" data-id=\"ac0353a\" data-element_type=\"widget\" data-settings=\"{&quot;slides_to_show&quot;:&quot;10&quot;,&quot;navigation&quot;:&quot;none&quot;,&quot;image_spacing_custom&quot;:{&quot;unit&quot;:&quot;px&quot;,&quot;size&quot;:30,&quot;sizes&quot;:[]},&quot;slides_to_scroll&quot;:&quot;1&quot;,&quot;autoplay_speed&quot;:3000,&quot;autoplay&quot;:&quot;yes&quot;,&quot;pause_on_hover&quot;:&quot;yes&quot;,&quot;pause_on_interaction&quot;:&quot;yes&quot;,&quot;speed&quot;:500,&quot;image_spacing_custom_tablet&quot;:{&quot;unit&quot;:&quot;px&quot;,&quot;size&quot;:&quot;&quot;,&quot;sizes&quot;:[]},&quot;image_spacing_custom_mobile&quot;:{&quot;unit&quot;:&quot;px&quot;,&quot;size&quot;:&quot;&quot;,&quot;sizes&quot;:[]}}\" data-widget_type=\"image-carousel.default\">\n\t\t\t\t<div class=\"elementor-widget-container\">\n\t\t\t\t\t\t\t<div class=\"elementor-image-carousel-wrapper swiper\" role=\"region\" aria-roledescription=\"carousel\" aria-label=\"Carrusel de im\u00e1genes\" dir=\"ltr\">\n\t\t\t<div class=\"elementor-image-carousel swiper-wrapper\" aria-live=\"off\">\n\t\t\t\t\t\t\t\t<div class=\"swiper-slide\" role=\"group\" aria-roledescription=\"slide\" aria-label=\"1 of 1\"><figure class=\"swiper-slide-inner\"><img decoding=\"async\" class=\"swiper-slide-image\" src=\"https:\/\/shop.mastinell.com\/wp-content\/uploads\/2024\/12\/1_prod_muscats.jpg\" alt=\"1_prod_muscats\" \/><\/figure><\/div>\t\t\t<\/div>\n\t\t\t\t\t<\/div>\n\t\t\t\t\t\t<\/div>\n\t\t\t\t<\/div>\n\t\t\t\t\t<\/div>\n\t\t<\/div>\n\t\t\t\t\t<\/div>\n\t\t<\/section>\n\t\t\t\t<\/div>\n\t\t","protected":false},"excerpt":{"rendered":"<p class=\"p1\"><span class=\"s1\">A naturally sweet, late harvest Muscat de Frontignan wine that pays homage to the Frontignan hill shelters the vines.With all our white and red varieties harvested, the first signs of autumn signal the time to hand-collect our Muscat from the Bancal del Dalt vines. <\/span><\/p>\n","protected":false},"featured_media":39093,"template":"","meta":{"_acf_changed":false},"product_brand":[],"product_cat":[89],"product_tag":[],"class_list":{"0":"post-37216","1":"product","2":"type-product","3":"status-publish","4":"has-post-thumbnail","6":"product_cat-wine","8":"first","9":"instock","10":"shipping-taxable","11":"purchasable","12":"product-type-simple"},"acf":[],"yoast_head":"<!-- This site is optimized with the Yoast SEO plugin v27.5 - https:\/\/yoast.com\/product\/yoast-seo-wordpress\/ -->\n<title>Vino Dulce Clos Sant Pau | Vino blanco dulce | Mastinell<\/title>\n<meta name=\"description\" content=\"Vino blanco dulce, delicado, intenso y \u00fanico, de vendimia tard\u00eda de Muscat de Frontignan. Vino de producci\u00f3n ecol\u00f3gica\" \/>\n<meta name=\"robots\" content=\"index, follow, max-snippet:-1, max-image-preview:large, max-video-preview:-1\" \/>\n<link rel=\"canonical\" href=\"https:\/\/shop.mastinell.com\/en\/producto\/clos-sant-pau-dessert-wine-2021\/\" \/>\n<meta property=\"og:locale\" content=\"en_US\" \/>\n<meta property=\"og:type\" content=\"article\" \/>\n<meta property=\"og:title\" content=\"Vino Dulce Clos Sant Pau | Vino blanco dulce | Mastinell\" \/>\n<meta property=\"og:description\" content=\"Vino blanco dulce, delicado, intenso y \u00fanico, de vendimia tard\u00eda de Muscat de Frontignan. Vino de producci\u00f3n ecol\u00f3gica\" \/>\n<meta property=\"og:url\" content=\"https:\/\/shop.mastinell.com\/en\/producto\/clos-sant-pau-dessert-wine-2021\/\" \/>\n<meta property=\"og:site_name\" content=\"Mastinell\" \/>\n<meta property=\"article:publisher\" content=\"https:\/\/www.facebook.com\/CavaHotelMastinell\" \/>\n<meta property=\"article:modified_time\" content=\"2026-03-05T16:31:08+00:00\" \/>\n<meta property=\"og:image\" content=\"https:\/\/shop.mastinell.com\/wp-content\/uploads\/2025\/02\/CLOS_1090x1100.jpg\" \/>\n\t<meta property=\"og:image:width\" content=\"1090\" \/>\n\t<meta property=\"og:image:height\" content=\"1100\" \/>\n\t<meta property=\"og:image:type\" content=\"image\/jpeg\" \/>\n<meta name=\"twitter:card\" content=\"summary_large_image\" \/>\n<script type=\"application\/ld+json\" class=\"yoast-schema-graph\">{\"@context\":\"https:\\\/\\\/schema.org\",\"@graph\":[{\"@type\":\"WebPage\",\"@id\":\"https:\\\/\\\/shop.mastinell.com\\\/en\\\/producto\\\/clos-sant-pau-dessert-wine-2021\\\/\",\"url\":\"https:\\\/\\\/shop.mastinell.com\\\/en\\\/producto\\\/clos-sant-pau-dessert-wine-2021\\\/\",\"name\":\"Vino Dulce Clos Sant Pau | Vino blanco dulce | Mastinell\",\"isPartOf\":{\"@id\":\"https:\\\/\\\/mastinell.agencialiverpool.test\\\/#website\"},\"primaryImageOfPage\":{\"@id\":\"https:\\\/\\\/shop.mastinell.com\\\/en\\\/producto\\\/clos-sant-pau-dessert-wine-2021\\\/#primaryimage\"},\"image\":{\"@id\":\"https:\\\/\\\/shop.mastinell.com\\\/en\\\/producto\\\/clos-sant-pau-dessert-wine-2021\\\/#primaryimage\"},\"thumbnailUrl\":\"https:\\\/\\\/shop.mastinell.com\\\/wp-content\\\/uploads\\\/2025\\\/02\\\/CLOS_1090x1100.jpg\",\"datePublished\":\"2025-02-04T22:45:36+00:00\",\"dateModified\":\"2026-03-05T16:31:08+00:00\",\"description\":\"Vino blanco dulce, delicado, intenso y \u00fanico, de vendimia tard\u00eda de Muscat de Frontignan. Vino de producci\u00f3n ecol\u00f3gica\",\"breadcrumb\":{\"@id\":\"https:\\\/\\\/shop.mastinell.com\\\/en\\\/producto\\\/clos-sant-pau-dessert-wine-2021\\\/#breadcrumb\"},\"inLanguage\":\"en-US\",\"potentialAction\":[{\"@type\":\"ReadAction\",\"target\":[\"https:\\\/\\\/shop.mastinell.com\\\/en\\\/producto\\\/clos-sant-pau-dessert-wine-2021\\\/\"]}]},{\"@type\":\"ImageObject\",\"inLanguage\":\"en-US\",\"@id\":\"https:\\\/\\\/shop.mastinell.com\\\/en\\\/producto\\\/clos-sant-pau-dessert-wine-2021\\\/#primaryimage\",\"url\":\"https:\\\/\\\/shop.mastinell.com\\\/wp-content\\\/uploads\\\/2025\\\/02\\\/CLOS_1090x1100.jpg\",\"contentUrl\":\"https:\\\/\\\/shop.mastinell.com\\\/wp-content\\\/uploads\\\/2025\\\/02\\\/CLOS_1090x1100.jpg\",\"width\":1090,\"height\":1100},{\"@type\":\"BreadcrumbList\",\"@id\":\"https:\\\/\\\/shop.mastinell.com\\\/en\\\/producto\\\/clos-sant-pau-dessert-wine-2021\\\/#breadcrumb\",\"itemListElement\":[{\"@type\":\"ListItem\",\"position\":1,\"name\":\"Home\",\"item\":\"https:\\\/\\\/mastinell.agencialiverpool.test\\\/en\\\/tienda\\\/\"},{\"@type\":\"ListItem\",\"position\":2,\"name\":\"Clos Sant Pau 2023\"}]},{\"@type\":\"WebSite\",\"@id\":\"https:\\\/\\\/mastinell.agencialiverpool.test\\\/#website\",\"url\":\"https:\\\/\\\/mastinell.agencialiverpool.test\\\/\",\"name\":\"Mastinell\",\"description\":\"Tienda Oficial\",\"publisher\":{\"@id\":\"https:\\\/\\\/mastinell.agencialiverpool.test\\\/#organization\"},\"potentialAction\":[{\"@type\":\"SearchAction\",\"target\":{\"@type\":\"EntryPoint\",\"urlTemplate\":\"https:\\\/\\\/mastinell.agencialiverpool.test\\\/?s={search_term_string}\"},\"query-input\":{\"@type\":\"PropertyValueSpecification\",\"valueRequired\":true,\"valueName\":\"search_term_string\"}}],\"inLanguage\":\"en-US\"},{\"@type\":\"Organization\",\"@id\":\"https:\\\/\\\/mastinell.agencialiverpool.test\\\/#organization\",\"name\":\"Mastinell\",\"url\":\"https:\\\/\\\/mastinell.agencialiverpool.test\\\/\",\"logo\":{\"@type\":\"ImageObject\",\"inLanguage\":\"en-US\",\"@id\":\"https:\\\/\\\/mastinell.agencialiverpool.test\\\/#\\\/schema\\\/logo\\\/image\\\/\",\"url\":\"https:\\\/\\\/shop.mastinell.com\\\/wp-content\\\/uploads\\\/2025\\\/01\\\/Mastinell-Cava-y-Hotel-scaled-1.webp\",\"contentUrl\":\"https:\\\/\\\/shop.mastinell.com\\\/wp-content\\\/uploads\\\/2025\\\/01\\\/Mastinell-Cava-y-Hotel-scaled-1.webp\",\"width\":2560,\"height\":531,\"caption\":\"Mastinell\"},\"image\":{\"@id\":\"https:\\\/\\\/mastinell.agencialiverpool.test\\\/#\\\/schema\\\/logo\\\/image\\\/\"},\"sameAs\":[\"https:\\\/\\\/www.facebook.com\\\/CavaHotelMastinell\",\"https:\\\/\\\/www.instagram.com\\\/cavahotel_mastinell\\\/?hl=es\"]}]}<\/script>\n<!-- \/ Yoast SEO plugin. -->","yoast_head_json":{"title":"Vino Dulce Clos Sant Pau | Vino blanco dulce | Mastinell","description":"Vino blanco dulce, delicado, intenso y \u00fanico, de vendimia tard\u00eda de Muscat de Frontignan. Vino de producci\u00f3n ecol\u00f3gica","robots":{"index":"index","follow":"follow","max-snippet":"max-snippet:-1","max-image-preview":"max-image-preview:large","max-video-preview":"max-video-preview:-1"},"canonical":"https:\/\/shop.mastinell.com\/en\/producto\/clos-sant-pau-dessert-wine-2021\/","og_locale":"en_US","og_type":"article","og_title":"Vino Dulce Clos Sant Pau | Vino blanco dulce | Mastinell","og_description":"Vino blanco dulce, delicado, intenso y \u00fanico, de vendimia tard\u00eda de Muscat de Frontignan. Vino de producci\u00f3n ecol\u00f3gica","og_url":"https:\/\/shop.mastinell.com\/en\/producto\/clos-sant-pau-dessert-wine-2021\/","og_site_name":"Mastinell","article_publisher":"https:\/\/www.facebook.com\/CavaHotelMastinell","article_modified_time":"2026-03-05T16:31:08+00:00","og_image":[{"width":1090,"height":1100,"url":"https:\/\/shop.mastinell.com\/wp-content\/uploads\/2025\/02\/CLOS_1090x1100.jpg","type":"image\/jpeg"}],"twitter_card":"summary_large_image","schema":{"@context":"https:\/\/schema.org","@graph":[{"@type":"WebPage","@id":"https:\/\/shop.mastinell.com\/en\/producto\/clos-sant-pau-dessert-wine-2021\/","url":"https:\/\/shop.mastinell.com\/en\/producto\/clos-sant-pau-dessert-wine-2021\/","name":"Vino Dulce Clos Sant Pau | Vino blanco dulce | Mastinell","isPartOf":{"@id":"https:\/\/mastinell.agencialiverpool.test\/#website"},"primaryImageOfPage":{"@id":"https:\/\/shop.mastinell.com\/en\/producto\/clos-sant-pau-dessert-wine-2021\/#primaryimage"},"image":{"@id":"https:\/\/shop.mastinell.com\/en\/producto\/clos-sant-pau-dessert-wine-2021\/#primaryimage"},"thumbnailUrl":"https:\/\/shop.mastinell.com\/wp-content\/uploads\/2025\/02\/CLOS_1090x1100.jpg","datePublished":"2025-02-04T22:45:36+00:00","dateModified":"2026-03-05T16:31:08+00:00","description":"Vino blanco dulce, delicado, intenso y \u00fanico, de vendimia tard\u00eda de Muscat de Frontignan. Vino de producci\u00f3n ecol\u00f3gica","breadcrumb":{"@id":"https:\/\/shop.mastinell.com\/en\/producto\/clos-sant-pau-dessert-wine-2021\/#breadcrumb"},"inLanguage":"en-US","potentialAction":[{"@type":"ReadAction","target":["https:\/\/shop.mastinell.com\/en\/producto\/clos-sant-pau-dessert-wine-2021\/"]}]},{"@type":"ImageObject","inLanguage":"en-US","@id":"https:\/\/shop.mastinell.com\/en\/producto\/clos-sant-pau-dessert-wine-2021\/#primaryimage","url":"https:\/\/shop.mastinell.com\/wp-content\/uploads\/2025\/02\/CLOS_1090x1100.jpg","contentUrl":"https:\/\/shop.mastinell.com\/wp-content\/uploads\/2025\/02\/CLOS_1090x1100.jpg","width":1090,"height":1100},{"@type":"BreadcrumbList","@id":"https:\/\/shop.mastinell.com\/en\/producto\/clos-sant-pau-dessert-wine-2021\/#breadcrumb","itemListElement":[{"@type":"ListItem","position":1,"name":"Home","item":"https:\/\/mastinell.agencialiverpool.test\/en\/tienda\/"},{"@type":"ListItem","position":2,"name":"Clos Sant Pau 2023"}]},{"@type":"WebSite","@id":"https:\/\/mastinell.agencialiverpool.test\/#website","url":"https:\/\/mastinell.agencialiverpool.test\/","name":"Mastinell","description":"Tienda Oficial","publisher":{"@id":"https:\/\/mastinell.agencialiverpool.test\/#organization"},"potentialAction":[{"@type":"SearchAction","target":{"@type":"EntryPoint","urlTemplate":"https:\/\/mastinell.agencialiverpool.test\/?s={search_term_string}"},"query-input":{"@type":"PropertyValueSpecification","valueRequired":true,"valueName":"search_term_string"}}],"inLanguage":"en-US"},{"@type":"Organization","@id":"https:\/\/mastinell.agencialiverpool.test\/#organization","name":"Mastinell","url":"https:\/\/mastinell.agencialiverpool.test\/","logo":{"@type":"ImageObject","inLanguage":"en-US","@id":"https:\/\/mastinell.agencialiverpool.test\/#\/schema\/logo\/image\/","url":"https:\/\/shop.mastinell.com\/wp-content\/uploads\/2025\/01\/Mastinell-Cava-y-Hotel-scaled-1.webp","contentUrl":"https:\/\/shop.mastinell.com\/wp-content\/uploads\/2025\/01\/Mastinell-Cava-y-Hotel-scaled-1.webp","width":2560,"height":531,"caption":"Mastinell"},"image":{"@id":"https:\/\/mastinell.agencialiverpool.test\/#\/schema\/logo\/image\/"},"sameAs":["https:\/\/www.facebook.com\/CavaHotelMastinell","https:\/\/www.instagram.com\/cavahotel_mastinell\/?hl=es"]}]}},"_links":{"self":[{"href":"https:\/\/shop.mastinell.com\/en\/wp-json\/wp\/v2\/product\/37216","targetHints":{"allow":["GET"]}}],"collection":[{"href":"https:\/\/shop.mastinell.com\/en\/wp-json\/wp\/v2\/product"}],"about":[{"href":"https:\/\/shop.mastinell.com\/en\/wp-json\/wp\/v2\/types\/product"}],"version-history":[{"count":12,"href":"https:\/\/shop.mastinell.com\/en\/wp-json\/wp\/v2\/product\/37216\/revisions"}],"predecessor-version":[{"id":39821,"href":"https:\/\/shop.mastinell.com\/en\/wp-json\/wp\/v2\/product\/37216\/revisions\/39821"}],"wp:featuredmedia":[{"embeddable":true,"href":"https:\/\/shop.mastinell.com\/en\/wp-json\/wp\/v2\/media\/39093"}],"wp:attachment":[{"href":"https:\/\/shop.mastinell.com\/en\/wp-json\/wp\/v2\/media?parent=37216"}],"wp:term":[{"taxonomy":"product_brand","embeddable":true,"href":"https:\/\/shop.mastinell.com\/en\/wp-json\/wp\/v2\/product_brand?post=37216"},{"taxonomy":"product_cat","embeddable":true,"href":"https:\/\/shop.mastinell.com\/en\/wp-json\/wp\/v2\/product_cat?post=37216"},{"taxonomy":"product_tag","embeddable":true,"href":"https:\/\/shop.mastinell.com\/en\/wp-json\/wp\/v2\/product_tag?post=37216"}],"curies":[{"name":"wp","href":"https:\/\/api.w.org\/{rel}","templated":true}]}}