{"id":37225,"date":"2025-02-03T23:59:52","date_gmt":"2025-02-03T22:59:52","guid":{"rendered":"https:\/\/shop.mastinell.com\/producto\/mastinell-white-wine-pack\/"},"modified":"2025-11-20T17:44:58","modified_gmt":"2025-11-20T16:44:58","slug":"mastinell-white-wine-pack","status":"publish","type":"product","link":"https:\/\/shop.mastinell.com\/en\/producto\/mastinell-white-wine-pack\/","title":{"rendered":"Mastinell white wine pack"},"content":{"rendered":"\t\t<div data-elementor-type=\"product-post\" data-elementor-id=\"37225\" class=\"elementor elementor-37225 elementor-32748\" data-elementor-post-type=\"product\">\n\t\t\t\t\t\t<section class=\"elementor-section elementor-top-section elementor-element elementor-element-3498f699 elementor-section-stretched elementor-section-boxed elementor-section-height-default elementor-section-height-default\" data-id=\"3498f699\" data-element_type=\"section\" data-settings=\"{&quot;stretch_section&quot;:&quot;section-stretched&quot;}\">\n\t\t\t\t\t\t<div class=\"elementor-container elementor-column-gap-default\">\n\t\t\t\t\t<div class=\"elementor-column elementor-col-100 elementor-top-column elementor-element elementor-element-2c174d1d\" data-id=\"2c174d1d\" data-element_type=\"column\">\n\t\t\t<div class=\"elementor-widget-wrap elementor-element-populated\">\n\t\t\t\t\t\t<section class=\"elementor-section elementor-inner-section elementor-element elementor-element-62510fba elementor-section-content-middle elementor-section-boxed elementor-section-height-default elementor-section-height-default\" data-id=\"62510fba\" data-element_type=\"section\">\n\t\t\t\t\t\t<div class=\"elementor-container elementor-column-gap-default\">\n\t\t\t\t\t<div class=\"elementor-column elementor-col-50 elementor-inner-column elementor-element elementor-element-37cc7f0b\" data-id=\"37cc7f0b\" data-element_type=\"column\">\n\t\t\t<div class=\"elementor-widget-wrap elementor-element-populated\">\n\t\t\t\t\t\t<div class=\"elementor-element elementor-element-35664c91 elementor-widget elementor-widget-image\" data-id=\"35664c91\" data-element_type=\"widget\" data-widget_type=\"image.default\">\n\t\t\t\t<div class=\"elementor-widget-container\">\n\t\t\t\t\t\t\t\t\t\t\t\t\t\t\t<img decoding=\"async\" src=\"https:\/\/shop.mastinell.com\/wp-content\/uploads\/elementor\/thumbs\/Imagen-interior-3-Blanca-qxwwfnz4e743klpl3bardeoamb5to2vp2nhjugpdek.jpg\" title=\"Imagen-interior-3-Blanca\" alt=\"Blanca de Mastinell - vino blanco DO Pened\u00e9s a\u00f1ada 2023\" loading=\"lazy\" \/>\t\t\t\t\t\t\t\t\t\t\t\t\t\t\t<\/div>\n\t\t\t\t<\/div>\n\t\t\t\t\t<\/div>\n\t\t<\/div>\n\t\t\t\t<div class=\"elementor-column elementor-col-50 elementor-inner-column elementor-element elementor-element-1b714a7f\" data-id=\"1b714a7f\" data-element_type=\"column\">\n\t\t\t<div class=\"elementor-widget-wrap elementor-element-populated\">\n\t\t\t\t\t\t<div class=\"elementor-element elementor-element-db91e28 elementor-widget elementor-widget-text-editor\" data-id=\"db91e28\" data-element_type=\"widget\" data-widget_type=\"text-editor.default\">\n\t\t\t\t<div class=\"elementor-widget-container\">\n\t\t\t\t\t\t\t\t\t<p><strong>These wines are perfect for pairing with:<br \/><\/strong><span class=\"s1\">Blanca: starters, pasta, seafood and sh in general.<\/span><\/p>\n<p class=\"p1\">Eliane: pasta, white sh, dishes with sauces, and vegetables.<\/p>\n<p class=\"p1\">Gisele: blue sh, smoked foods, cured meats and cheeses, seafood rice and spicy foods.<\/p>\n\t\t\t\t\t\t\t\t<\/div>\n\t\t\t\t<\/div>\n\t\t\t\t\t<\/div>\n\t\t<\/div>\n\t\t\t\t\t<\/div>\n\t\t<\/section>\n\t\t\t\t\t<\/div>\n\t\t<\/div>\n\t\t\t\t\t<\/div>\n\t\t<\/section>\n\t\t\t\t<\/div>\n\t\t","protected":false},"excerpt":{"rendered":"<p class=\"p1\">Surprise with this exclusive pack for white wine lovers.<br \/>\nThis pack includes:<br \/>\n\u2013 A bottle of Blanca.<br \/>\n\u2013 A bottle of Eliane.<br \/>\n\u2013 A bottle of Gisele.<\/p>\n<p>&nbsp;<\/p>\n","protected":false},"featured_media":32754,"template":"","meta":{"_acf_changed":false},"product_brand":[],"product_cat":[86,89],"product_tag":[],"class_list":{"0":"post-37225","1":"product","2":"type-product","3":"status-publish","4":"has-post-thumbnail","6":"product_cat-gift-cava-and-wine","7":"product_cat-wine","9":"first","10":"instock","11":"shipping-taxable","12":"purchasable","13":"product-type-variable"},"acf":[],"yoast_head":"<!-- This site is optimized with the Yoast SEO plugin v27.5 - https:\/\/yoast.com\/product\/yoast-seo-wordpress\/ -->\n<title>Pack vinos Selecci\u00f3n | Vinos Arte, Eliane e Irene | Mastinell<\/title>\n<meta name=\"description\" content=\"Disfruta de este pack vinos \u00fanicos con nuestra exclusiva selecci\u00f3n de vinos m\u00e1s especiales: Arte, Eliane e Irene.\" \/>\n<meta name=\"robots\" content=\"index, follow, max-snippet:-1, max-image-preview:large, max-video-preview:-1\" \/>\n<link rel=\"canonical\" href=\"https:\/\/shop.mastinell.com\/en\/producto\/mastinell-white-wine-pack\/\" \/>\n<meta property=\"og:locale\" content=\"en_US\" \/>\n<meta property=\"og:type\" content=\"article\" \/>\n<meta property=\"og:title\" content=\"Pack vinos Selecci\u00f3n | Vinos Arte, Eliane e Irene | Mastinell\" \/>\n<meta property=\"og:description\" content=\"Disfruta de este pack vinos \u00fanicos con nuestra exclusiva selecci\u00f3n de vinos m\u00e1s especiales: Arte, Eliane e Irene.\" \/>\n<meta property=\"og:url\" content=\"https:\/\/shop.mastinell.com\/en\/producto\/mastinell-white-wine-pack\/\" \/>\n<meta property=\"og:site_name\" content=\"Mastinell\" \/>\n<meta property=\"article:publisher\" content=\"https:\/\/www.facebook.com\/CavaHotelMastinell\" \/>\n<meta property=\"article:modified_time\" content=\"2025-11-20T16:44:58+00:00\" \/>\n<meta property=\"og:image\" content=\"https:\/\/shop.mastinell.com\/wp-content\/uploads\/2024\/05\/Imagen-exterior-pack-blancos.jpg\" \/>\n\t<meta property=\"og:image:width\" content=\"1406\" \/>\n\t<meta property=\"og:image:height\" content=\"1100\" \/>\n\t<meta property=\"og:image:type\" content=\"image\/jpeg\" \/>\n<meta name=\"twitter:card\" content=\"summary_large_image\" \/>\n<meta name=\"twitter:label1\" content=\"Est. reading time\" \/>\n\t<meta name=\"twitter:data1\" content=\"1 minute\" \/>\n<script type=\"application\/ld+json\" class=\"yoast-schema-graph\">{\"@context\":\"https:\\\/\\\/schema.org\",\"@graph\":[{\"@type\":\"WebPage\",\"@id\":\"https:\\\/\\\/shop.mastinell.com\\\/en\\\/producto\\\/mastinell-white-wine-pack\\\/\",\"url\":\"https:\\\/\\\/shop.mastinell.com\\\/en\\\/producto\\\/mastinell-white-wine-pack\\\/\",\"name\":\"Pack vinos Selecci\u00f3n | Vinos Arte, Eliane e Irene | Mastinell\",\"isPartOf\":{\"@id\":\"https:\\\/\\\/mastinell.agencialiverpool.test\\\/#website\"},\"primaryImageOfPage\":{\"@id\":\"https:\\\/\\\/shop.mastinell.com\\\/en\\\/producto\\\/mastinell-white-wine-pack\\\/#primaryimage\"},\"image\":{\"@id\":\"https:\\\/\\\/shop.mastinell.com\\\/en\\\/producto\\\/mastinell-white-wine-pack\\\/#primaryimage\"},\"thumbnailUrl\":\"https:\\\/\\\/shop.mastinell.com\\\/wp-content\\\/uploads\\\/2024\\\/05\\\/Imagen-exterior-pack-blancos.jpg\",\"datePublished\":\"2025-02-03T22:59:52+00:00\",\"dateModified\":\"2025-11-20T16:44:58+00:00\",\"description\":\"Disfruta de este pack vinos \u00fanicos con nuestra exclusiva selecci\u00f3n de vinos m\u00e1s especiales: Arte, Eliane e Irene.\",\"breadcrumb\":{\"@id\":\"https:\\\/\\\/shop.mastinell.com\\\/en\\\/producto\\\/mastinell-white-wine-pack\\\/#breadcrumb\"},\"inLanguage\":\"en-US\",\"potentialAction\":[{\"@type\":\"ReadAction\",\"target\":[\"https:\\\/\\\/shop.mastinell.com\\\/en\\\/producto\\\/mastinell-white-wine-pack\\\/\"]}]},{\"@type\":\"ImageObject\",\"inLanguage\":\"en-US\",\"@id\":\"https:\\\/\\\/shop.mastinell.com\\\/en\\\/producto\\\/mastinell-white-wine-pack\\\/#primaryimage\",\"url\":\"https:\\\/\\\/shop.mastinell.com\\\/wp-content\\\/uploads\\\/2024\\\/05\\\/Imagen-exterior-pack-blancos.jpg\",\"contentUrl\":\"https:\\\/\\\/shop.mastinell.com\\\/wp-content\\\/uploads\\\/2024\\\/05\\\/Imagen-exterior-pack-blancos.jpg\",\"width\":1406,\"height\":1100,\"caption\":\"Pac vinos blancos Mastinell\"},{\"@type\":\"BreadcrumbList\",\"@id\":\"https:\\\/\\\/shop.mastinell.com\\\/en\\\/producto\\\/mastinell-white-wine-pack\\\/#breadcrumb\",\"itemListElement\":[{\"@type\":\"ListItem\",\"position\":1,\"name\":\"Home\",\"item\":\"https:\\\/\\\/mastinell.agencialiverpool.test\\\/en\\\/tienda\\\/\"},{\"@type\":\"ListItem\",\"position\":2,\"name\":\"Mastinell white wine pack\"}]},{\"@type\":\"WebSite\",\"@id\":\"https:\\\/\\\/mastinell.agencialiverpool.test\\\/#website\",\"url\":\"https:\\\/\\\/mastinell.agencialiverpool.test\\\/\",\"name\":\"Mastinell\",\"description\":\"Tienda Oficial\",\"publisher\":{\"@id\":\"https:\\\/\\\/mastinell.agencialiverpool.test\\\/#organization\"},\"potentialAction\":[{\"@type\":\"SearchAction\",\"target\":{\"@type\":\"EntryPoint\",\"urlTemplate\":\"https:\\\/\\\/mastinell.agencialiverpool.test\\\/?s={search_term_string}\"},\"query-input\":{\"@type\":\"PropertyValueSpecification\",\"valueRequired\":true,\"valueName\":\"search_term_string\"}}],\"inLanguage\":\"en-US\"},{\"@type\":\"Organization\",\"@id\":\"https:\\\/\\\/mastinell.agencialiverpool.test\\\/#organization\",\"name\":\"Mastinell\",\"url\":\"https:\\\/\\\/mastinell.agencialiverpool.test\\\/\",\"logo\":{\"@type\":\"ImageObject\",\"inLanguage\":\"en-US\",\"@id\":\"https:\\\/\\\/mastinell.agencialiverpool.test\\\/#\\\/schema\\\/logo\\\/image\\\/\",\"url\":\"https:\\\/\\\/shop.mastinell.com\\\/wp-content\\\/uploads\\\/2025\\\/01\\\/Mastinell-Cava-y-Hotel-scaled-1.webp\",\"contentUrl\":\"https:\\\/\\\/shop.mastinell.com\\\/wp-content\\\/uploads\\\/2025\\\/01\\\/Mastinell-Cava-y-Hotel-scaled-1.webp\",\"width\":2560,\"height\":531,\"caption\":\"Mastinell\"},\"image\":{\"@id\":\"https:\\\/\\\/mastinell.agencialiverpool.test\\\/#\\\/schema\\\/logo\\\/image\\\/\"},\"sameAs\":[\"https:\\\/\\\/www.facebook.com\\\/CavaHotelMastinell\",\"https:\\\/\\\/www.instagram.com\\\/cavahotel_mastinell\\\/?hl=es\"]}]}<\/script>\n<!-- \/ Yoast SEO plugin. -->","yoast_head_json":{"title":"Pack vinos Selecci\u00f3n | Vinos Arte, Eliane e Irene | Mastinell","description":"Disfruta de este pack vinos \u00fanicos con nuestra exclusiva selecci\u00f3n de vinos m\u00e1s especiales: Arte, Eliane e Irene.","robots":{"index":"index","follow":"follow","max-snippet":"max-snippet:-1","max-image-preview":"max-image-preview:large","max-video-preview":"max-video-preview:-1"},"canonical":"https:\/\/shop.mastinell.com\/en\/producto\/mastinell-white-wine-pack\/","og_locale":"en_US","og_type":"article","og_title":"Pack vinos Selecci\u00f3n | Vinos Arte, Eliane e Irene | Mastinell","og_description":"Disfruta de este pack vinos \u00fanicos con nuestra exclusiva selecci\u00f3n de vinos m\u00e1s especiales: Arte, Eliane e Irene.","og_url":"https:\/\/shop.mastinell.com\/en\/producto\/mastinell-white-wine-pack\/","og_site_name":"Mastinell","article_publisher":"https:\/\/www.facebook.com\/CavaHotelMastinell","article_modified_time":"2025-11-20T16:44:58+00:00","og_image":[{"width":1406,"height":1100,"url":"https:\/\/shop.mastinell.com\/wp-content\/uploads\/2024\/05\/Imagen-exterior-pack-blancos.jpg","type":"image\/jpeg"}],"twitter_card":"summary_large_image","twitter_misc":{"Est. reading time":"1 minute"},"schema":{"@context":"https:\/\/schema.org","@graph":[{"@type":"WebPage","@id":"https:\/\/shop.mastinell.com\/en\/producto\/mastinell-white-wine-pack\/","url":"https:\/\/shop.mastinell.com\/en\/producto\/mastinell-white-wine-pack\/","name":"Pack vinos Selecci\u00f3n | Vinos Arte, Eliane e Irene | Mastinell","isPartOf":{"@id":"https:\/\/mastinell.agencialiverpool.test\/#website"},"primaryImageOfPage":{"@id":"https:\/\/shop.mastinell.com\/en\/producto\/mastinell-white-wine-pack\/#primaryimage"},"image":{"@id":"https:\/\/shop.mastinell.com\/en\/producto\/mastinell-white-wine-pack\/#primaryimage"},"thumbnailUrl":"https:\/\/shop.mastinell.com\/wp-content\/uploads\/2024\/05\/Imagen-exterior-pack-blancos.jpg","datePublished":"2025-02-03T22:59:52+00:00","dateModified":"2025-11-20T16:44:58+00:00","description":"Disfruta de este pack vinos \u00fanicos con nuestra exclusiva selecci\u00f3n de vinos m\u00e1s especiales: Arte, Eliane e Irene.","breadcrumb":{"@id":"https:\/\/shop.mastinell.com\/en\/producto\/mastinell-white-wine-pack\/#breadcrumb"},"inLanguage":"en-US","potentialAction":[{"@type":"ReadAction","target":["https:\/\/shop.mastinell.com\/en\/producto\/mastinell-white-wine-pack\/"]}]},{"@type":"ImageObject","inLanguage":"en-US","@id":"https:\/\/shop.mastinell.com\/en\/producto\/mastinell-white-wine-pack\/#primaryimage","url":"https:\/\/shop.mastinell.com\/wp-content\/uploads\/2024\/05\/Imagen-exterior-pack-blancos.jpg","contentUrl":"https:\/\/shop.mastinell.com\/wp-content\/uploads\/2024\/05\/Imagen-exterior-pack-blancos.jpg","width":1406,"height":1100,"caption":"Pac vinos blancos Mastinell"},{"@type":"BreadcrumbList","@id":"https:\/\/shop.mastinell.com\/en\/producto\/mastinell-white-wine-pack\/#breadcrumb","itemListElement":[{"@type":"ListItem","position":1,"name":"Home","item":"https:\/\/mastinell.agencialiverpool.test\/en\/tienda\/"},{"@type":"ListItem","position":2,"name":"Mastinell white wine pack"}]},{"@type":"WebSite","@id":"https:\/\/mastinell.agencialiverpool.test\/#website","url":"https:\/\/mastinell.agencialiverpool.test\/","name":"Mastinell","description":"Tienda Oficial","publisher":{"@id":"https:\/\/mastinell.agencialiverpool.test\/#organization"},"potentialAction":[{"@type":"SearchAction","target":{"@type":"EntryPoint","urlTemplate":"https:\/\/mastinell.agencialiverpool.test\/?s={search_term_string}"},"query-input":{"@type":"PropertyValueSpecification","valueRequired":true,"valueName":"search_term_string"}}],"inLanguage":"en-US"},{"@type":"Organization","@id":"https:\/\/mastinell.agencialiverpool.test\/#organization","name":"Mastinell","url":"https:\/\/mastinell.agencialiverpool.test\/","logo":{"@type":"ImageObject","inLanguage":"en-US","@id":"https:\/\/mastinell.agencialiverpool.test\/#\/schema\/logo\/image\/","url":"https:\/\/shop.mastinell.com\/wp-content\/uploads\/2025\/01\/Mastinell-Cava-y-Hotel-scaled-1.webp","contentUrl":"https:\/\/shop.mastinell.com\/wp-content\/uploads\/2025\/01\/Mastinell-Cava-y-Hotel-scaled-1.webp","width":2560,"height":531,"caption":"Mastinell"},"image":{"@id":"https:\/\/mastinell.agencialiverpool.test\/#\/schema\/logo\/image\/"},"sameAs":["https:\/\/www.facebook.com\/CavaHotelMastinell","https:\/\/www.instagram.com\/cavahotel_mastinell\/?hl=es"]}]}},"_links":{"self":[{"href":"https:\/\/shop.mastinell.com\/en\/wp-json\/wp\/v2\/product\/37225","targetHints":{"allow":["GET"]}}],"collection":[{"href":"https:\/\/shop.mastinell.com\/en\/wp-json\/wp\/v2\/product"}],"about":[{"href":"https:\/\/shop.mastinell.com\/en\/wp-json\/wp\/v2\/types\/product"}],"version-history":[{"count":3,"href":"https:\/\/shop.mastinell.com\/en\/wp-json\/wp\/v2\/product\/37225\/revisions"}],"predecessor-version":[{"id":37623,"href":"https:\/\/shop.mastinell.com\/en\/wp-json\/wp\/v2\/product\/37225\/revisions\/37623"}],"wp:featuredmedia":[{"embeddable":true,"href":"https:\/\/shop.mastinell.com\/en\/wp-json\/wp\/v2\/media\/32754"}],"wp:attachment":[{"href":"https:\/\/shop.mastinell.com\/en\/wp-json\/wp\/v2\/media?parent=37225"}],"wp:term":[{"taxonomy":"product_brand","embeddable":true,"href":"https:\/\/shop.mastinell.com\/en\/wp-json\/wp\/v2\/product_brand?post=37225"},{"taxonomy":"product_cat","embeddable":true,"href":"https:\/\/shop.mastinell.com\/en\/wp-json\/wp\/v2\/product_cat?post=37225"},{"taxonomy":"product_tag","embeddable":true,"href":"https:\/\/shop.mastinell.com\/en\/wp-json\/wp\/v2\/product_tag?post=37225"}],"curies":[{"name":"wp","href":"https:\/\/api.w.org\/{rel}","templated":true}]}}