{"id":37391,"date":"2025-02-04T23:25:48","date_gmt":"2025-02-04T22:25:48","guid":{"rendered":"https:\/\/shop.mastinell.com\/producto\/small-ice-bucket\/"},"modified":"2025-06-25T10:11:01","modified_gmt":"2025-06-25T08:11:01","slug":"small-ice-bucket","status":"publish","type":"product","link":"https:\/\/shop.mastinell.com\/en\/producto\/small-ice-bucket\/","title":{"rendered":"Small Ice Bucket"},"content":{"rendered":"\t\t<div data-elementor-type=\"product-post\" data-elementor-id=\"37391\" class=\"elementor elementor-37391 elementor-9530\" data-elementor-post-type=\"product\">\n\t\t\t\t\t\t<section class=\"elementor-section elementor-top-section elementor-element elementor-element-7945bff3 elementor-section-stretched elementor-section-boxed elementor-section-height-default elementor-section-height-default\" data-id=\"7945bff3\" data-element_type=\"section\" data-settings=\"{&quot;stretch_section&quot;:&quot;section-stretched&quot;}\">\n\t\t\t\t\t\t<div class=\"elementor-container elementor-column-gap-default\">\n\t\t\t\t\t<div class=\"elementor-column elementor-col-100 elementor-top-column elementor-element elementor-element-4e52be5b\" data-id=\"4e52be5b\" data-element_type=\"column\">\n\t\t\t<div class=\"elementor-widget-wrap elementor-element-populated\">\n\t\t\t\t\t\t<section class=\"elementor-section elementor-inner-section elementor-element elementor-element-7091761e elementor-section-content-middle elementor-section-boxed elementor-section-height-default elementor-section-height-default\" data-id=\"7091761e\" data-element_type=\"section\">\n\t\t\t\t\t\t<div class=\"elementor-container elementor-column-gap-default\">\n\t\t\t\t\t<div class=\"elementor-column elementor-col-50 elementor-inner-column elementor-element elementor-element-4a9f3d94\" data-id=\"4a9f3d94\" data-element_type=\"column\">\n\t\t\t<div class=\"elementor-widget-wrap elementor-element-populated\">\n\t\t\t\t\t\t<div class=\"elementor-element elementor-element-6bca83d2 elementor-widget elementor-widget-image\" data-id=\"6bca83d2\" data-element_type=\"widget\" data-widget_type=\"image.default\">\n\t\t\t\t<div class=\"elementor-widget-container\">\n\t\t\t\t\t\t\t\t\t\t\t\t\t\t\t<img decoding=\"async\" src=\"https:\/\/shop.mastinell.com\/wp-content\/uploads\/elementor\/thumbs\/Cubitera-pequen\u0303a-int-2-qxwwf1ezu697tymcr1jppkd8d290jce4zjtwbtmtjw.jpg\" title=\"Cubitera pequen\u0303a int 2\" alt=\"Detalle cubitera peque\u00f1a Mastinell\" loading=\"lazy\" \/>\t\t\t\t\t\t\t\t\t\t\t\t\t\t\t<\/div>\n\t\t\t\t<\/div>\n\t\t\t\t\t<\/div>\n\t\t<\/div>\n\t\t\t\t<div class=\"elementor-column elementor-col-50 elementor-inner-column elementor-element elementor-element-76335cba\" data-id=\"76335cba\" data-element_type=\"column\">\n\t\t\t<div class=\"elementor-widget-wrap elementor-element-populated\">\n\t\t\t\t\t\t<div class=\"elementor-element elementor-element-39dd92b elementor-widget elementor-widget-text-editor\" data-id=\"39dd92b\" data-element_type=\"widget\" data-widget_type=\"text-editor.default\">\n\t\t\t\t<div class=\"elementor-widget-container\">\n\t\t\t\t\t\t\t\t\t<p class=\"p1\"><span class=\"s1\">To cool bottles quickly, we recommend you fill the ice bucket with ice and cold water, then add a tablespoon of salt to the water and mix it. Put your bottle(s) in, and in approximately five minutes, they will be cool enough to drink.<\/span><\/p>\n\t\t\t\t\t\t\t\t<\/div>\n\t\t\t\t<\/div>\n\t\t\t\t\t<\/div>\n\t\t<\/div>\n\t\t\t\t\t<\/div>\n\t\t<\/section>\n\t\t\t\t\t<\/div>\n\t\t<\/div>\n\t\t\t\t\t<\/div>\n\t\t<\/section>\n\t\t\t\t<\/div>\n\t\t","protected":false},"excerpt":{"rendered":"<p class=\"p1\"><span class=\"s1\">Our ice bucket is light and comes with handles, making it easy to chill and transport up to two bottles and ideal for the home. Its black color gives it a sober and elegant appearance that blends in perfectly with any environment.<\/span><\/p>\n<p>&nbsp;<\/p>\n","protected":false},"featured_media":26937,"template":"","meta":{"_acf_changed":false},"product_brand":[],"product_cat":[84],"product_tag":[],"class_list":{"0":"post-37391","1":"product","2":"type-product","3":"status-publish","4":"has-post-thumbnail","6":"product_cat-accessories-en","8":"first","9":"instock","10":"shipping-taxable","11":"purchasable","12":"product-type-simple"},"acf":[],"yoast_head":"<!-- This site is optimized with the Yoast SEO plugin v27.5 - https:\/\/yoast.com\/product\/yoast-seo-wordpress\/ -->\n<title>Cubitera Peque\u00f1a: capacidad para 2 botellas | Mastinell<\/title>\n<meta name=\"description\" content=\"Por su tama\u00f1o compacto, esta cubitera resulta perfecta para tener en casa. Su capacidad m\u00e1xima de 2 botellas la hace ideal para el d\u00eda a d\u00eda.\" \/>\n<meta name=\"robots\" content=\"index, follow, max-snippet:-1, max-image-preview:large, max-video-preview:-1\" \/>\n<link rel=\"canonical\" href=\"https:\/\/shop.mastinell.com\/en\/producto\/small-ice-bucket\/\" \/>\n<meta property=\"og:locale\" content=\"en_US\" \/>\n<meta property=\"og:type\" content=\"article\" \/>\n<meta property=\"og:title\" content=\"Cubitera Peque\u00f1a: capacidad para 2 botellas | Mastinell\" \/>\n<meta property=\"og:description\" content=\"Por su tama\u00f1o compacto, esta cubitera resulta perfecta para tener en casa. Su capacidad m\u00e1xima de 2 botellas la hace ideal para el d\u00eda a d\u00eda.\" \/>\n<meta property=\"og:url\" content=\"https:\/\/shop.mastinell.com\/en\/producto\/small-ice-bucket\/\" \/>\n<meta property=\"og:site_name\" content=\"Mastinell\" \/>\n<meta property=\"article:publisher\" content=\"https:\/\/www.facebook.com\/CavaHotelMastinell\" \/>\n<meta property=\"article:modified_time\" content=\"2025-06-25T08:11:01+00:00\" \/>\n<meta property=\"og:image\" content=\"https:\/\/shop.mastinell.com\/wp-content\/uploads\/2021\/01\/Cubitera-pequen\u0303a-int-1.jpg\" \/>\n\t<meta property=\"og:image:width\" content=\"1890\" \/>\n\t<meta property=\"og:image:height\" content=\"1880\" \/>\n\t<meta property=\"og:image:type\" content=\"image\/jpeg\" \/>\n<meta name=\"twitter:card\" content=\"summary_large_image\" \/>\n<meta name=\"twitter:label1\" content=\"Est. reading time\" \/>\n\t<meta name=\"twitter:data1\" content=\"1 minute\" \/>\n<script type=\"application\/ld+json\" class=\"yoast-schema-graph\">{\"@context\":\"https:\\\/\\\/schema.org\",\"@graph\":[{\"@type\":\"WebPage\",\"@id\":\"https:\\\/\\\/shop.mastinell.com\\\/en\\\/producto\\\/small-ice-bucket\\\/\",\"url\":\"https:\\\/\\\/shop.mastinell.com\\\/en\\\/producto\\\/small-ice-bucket\\\/\",\"name\":\"Cubitera Peque\u00f1a: capacidad para 2 botellas | Mastinell\",\"isPartOf\":{\"@id\":\"https:\\\/\\\/mastinell.agencialiverpool.test\\\/#website\"},\"primaryImageOfPage\":{\"@id\":\"https:\\\/\\\/shop.mastinell.com\\\/en\\\/producto\\\/small-ice-bucket\\\/#primaryimage\"},\"image\":{\"@id\":\"https:\\\/\\\/shop.mastinell.com\\\/en\\\/producto\\\/small-ice-bucket\\\/#primaryimage\"},\"thumbnailUrl\":\"https:\\\/\\\/shop.mastinell.com\\\/wp-content\\\/uploads\\\/2021\\\/01\\\/Cubitera-pequen\u0303a-int-1.jpg\",\"datePublished\":\"2025-02-04T22:25:48+00:00\",\"dateModified\":\"2025-06-25T08:11:01+00:00\",\"description\":\"Por su tama\u00f1o compacto, esta cubitera resulta perfecta para tener en casa. Su capacidad m\u00e1xima de 2 botellas la hace ideal para el d\u00eda a d\u00eda.\",\"breadcrumb\":{\"@id\":\"https:\\\/\\\/shop.mastinell.com\\\/en\\\/producto\\\/small-ice-bucket\\\/#breadcrumb\"},\"inLanguage\":\"en-US\",\"potentialAction\":[{\"@type\":\"ReadAction\",\"target\":[\"https:\\\/\\\/shop.mastinell.com\\\/en\\\/producto\\\/small-ice-bucket\\\/\"]}]},{\"@type\":\"ImageObject\",\"inLanguage\":\"en-US\",\"@id\":\"https:\\\/\\\/shop.mastinell.com\\\/en\\\/producto\\\/small-ice-bucket\\\/#primaryimage\",\"url\":\"https:\\\/\\\/shop.mastinell.com\\\/wp-content\\\/uploads\\\/2021\\\/01\\\/Cubitera-pequen\u0303a-int-1.jpg\",\"contentUrl\":\"https:\\\/\\\/shop.mastinell.com\\\/wp-content\\\/uploads\\\/2021\\\/01\\\/Cubitera-pequen\u0303a-int-1.jpg\",\"width\":1890,\"height\":1880,\"caption\":\"cubitera peque\u00f1a Mastinell Interior\"},{\"@type\":\"BreadcrumbList\",\"@id\":\"https:\\\/\\\/shop.mastinell.com\\\/en\\\/producto\\\/small-ice-bucket\\\/#breadcrumb\",\"itemListElement\":[{\"@type\":\"ListItem\",\"position\":1,\"name\":\"Home\",\"item\":\"https:\\\/\\\/mastinell.agencialiverpool.test\\\/en\\\/tienda\\\/\"},{\"@type\":\"ListItem\",\"position\":2,\"name\":\"Small Ice Bucket\"}]},{\"@type\":\"WebSite\",\"@id\":\"https:\\\/\\\/mastinell.agencialiverpool.test\\\/#website\",\"url\":\"https:\\\/\\\/mastinell.agencialiverpool.test\\\/\",\"name\":\"Mastinell\",\"description\":\"Tienda Oficial\",\"publisher\":{\"@id\":\"https:\\\/\\\/mastinell.agencialiverpool.test\\\/#organization\"},\"potentialAction\":[{\"@type\":\"SearchAction\",\"target\":{\"@type\":\"EntryPoint\",\"urlTemplate\":\"https:\\\/\\\/mastinell.agencialiverpool.test\\\/?s={search_term_string}\"},\"query-input\":{\"@type\":\"PropertyValueSpecification\",\"valueRequired\":true,\"valueName\":\"search_term_string\"}}],\"inLanguage\":\"en-US\"},{\"@type\":\"Organization\",\"@id\":\"https:\\\/\\\/mastinell.agencialiverpool.test\\\/#organization\",\"name\":\"Mastinell\",\"url\":\"https:\\\/\\\/mastinell.agencialiverpool.test\\\/\",\"logo\":{\"@type\":\"ImageObject\",\"inLanguage\":\"en-US\",\"@id\":\"https:\\\/\\\/mastinell.agencialiverpool.test\\\/#\\\/schema\\\/logo\\\/image\\\/\",\"url\":\"https:\\\/\\\/shop.mastinell.com\\\/wp-content\\\/uploads\\\/2025\\\/01\\\/Mastinell-Cava-y-Hotel-scaled-1.webp\",\"contentUrl\":\"https:\\\/\\\/shop.mastinell.com\\\/wp-content\\\/uploads\\\/2025\\\/01\\\/Mastinell-Cava-y-Hotel-scaled-1.webp\",\"width\":2560,\"height\":531,\"caption\":\"Mastinell\"},\"image\":{\"@id\":\"https:\\\/\\\/mastinell.agencialiverpool.test\\\/#\\\/schema\\\/logo\\\/image\\\/\"},\"sameAs\":[\"https:\\\/\\\/www.facebook.com\\\/CavaHotelMastinell\",\"https:\\\/\\\/www.instagram.com\\\/cavahotel_mastinell\\\/?hl=es\"]}]}<\/script>\n<!-- \/ Yoast SEO plugin. -->","yoast_head_json":{"title":"Cubitera Peque\u00f1a: capacidad para 2 botellas | Mastinell","description":"Por su tama\u00f1o compacto, esta cubitera resulta perfecta para tener en casa. Su capacidad m\u00e1xima de 2 botellas la hace ideal para el d\u00eda a d\u00eda.","robots":{"index":"index","follow":"follow","max-snippet":"max-snippet:-1","max-image-preview":"max-image-preview:large","max-video-preview":"max-video-preview:-1"},"canonical":"https:\/\/shop.mastinell.com\/en\/producto\/small-ice-bucket\/","og_locale":"en_US","og_type":"article","og_title":"Cubitera Peque\u00f1a: capacidad para 2 botellas | Mastinell","og_description":"Por su tama\u00f1o compacto, esta cubitera resulta perfecta para tener en casa. Su capacidad m\u00e1xima de 2 botellas la hace ideal para el d\u00eda a d\u00eda.","og_url":"https:\/\/shop.mastinell.com\/en\/producto\/small-ice-bucket\/","og_site_name":"Mastinell","article_publisher":"https:\/\/www.facebook.com\/CavaHotelMastinell","article_modified_time":"2025-06-25T08:11:01+00:00","og_image":[{"width":1890,"height":1880,"url":"https:\/\/shop.mastinell.com\/wp-content\/uploads\/2021\/01\/Cubitera-pequen\u0303a-int-1.jpg","type":"image\/jpeg"}],"twitter_card":"summary_large_image","twitter_misc":{"Est. reading time":"1 minute"},"schema":{"@context":"https:\/\/schema.org","@graph":[{"@type":"WebPage","@id":"https:\/\/shop.mastinell.com\/en\/producto\/small-ice-bucket\/","url":"https:\/\/shop.mastinell.com\/en\/producto\/small-ice-bucket\/","name":"Cubitera Peque\u00f1a: capacidad para 2 botellas | Mastinell","isPartOf":{"@id":"https:\/\/mastinell.agencialiverpool.test\/#website"},"primaryImageOfPage":{"@id":"https:\/\/shop.mastinell.com\/en\/producto\/small-ice-bucket\/#primaryimage"},"image":{"@id":"https:\/\/shop.mastinell.com\/en\/producto\/small-ice-bucket\/#primaryimage"},"thumbnailUrl":"https:\/\/shop.mastinell.com\/wp-content\/uploads\/2021\/01\/Cubitera-pequen\u0303a-int-1.jpg","datePublished":"2025-02-04T22:25:48+00:00","dateModified":"2025-06-25T08:11:01+00:00","description":"Por su tama\u00f1o compacto, esta cubitera resulta perfecta para tener en casa. Su capacidad m\u00e1xima de 2 botellas la hace ideal para el d\u00eda a d\u00eda.","breadcrumb":{"@id":"https:\/\/shop.mastinell.com\/en\/producto\/small-ice-bucket\/#breadcrumb"},"inLanguage":"en-US","potentialAction":[{"@type":"ReadAction","target":["https:\/\/shop.mastinell.com\/en\/producto\/small-ice-bucket\/"]}]},{"@type":"ImageObject","inLanguage":"en-US","@id":"https:\/\/shop.mastinell.com\/en\/producto\/small-ice-bucket\/#primaryimage","url":"https:\/\/shop.mastinell.com\/wp-content\/uploads\/2021\/01\/Cubitera-pequen\u0303a-int-1.jpg","contentUrl":"https:\/\/shop.mastinell.com\/wp-content\/uploads\/2021\/01\/Cubitera-pequen\u0303a-int-1.jpg","width":1890,"height":1880,"caption":"cubitera peque\u00f1a Mastinell Interior"},{"@type":"BreadcrumbList","@id":"https:\/\/shop.mastinell.com\/en\/producto\/small-ice-bucket\/#breadcrumb","itemListElement":[{"@type":"ListItem","position":1,"name":"Home","item":"https:\/\/mastinell.agencialiverpool.test\/en\/tienda\/"},{"@type":"ListItem","position":2,"name":"Small Ice Bucket"}]},{"@type":"WebSite","@id":"https:\/\/mastinell.agencialiverpool.test\/#website","url":"https:\/\/mastinell.agencialiverpool.test\/","name":"Mastinell","description":"Tienda Oficial","publisher":{"@id":"https:\/\/mastinell.agencialiverpool.test\/#organization"},"potentialAction":[{"@type":"SearchAction","target":{"@type":"EntryPoint","urlTemplate":"https:\/\/mastinell.agencialiverpool.test\/?s={search_term_string}"},"query-input":{"@type":"PropertyValueSpecification","valueRequired":true,"valueName":"search_term_string"}}],"inLanguage":"en-US"},{"@type":"Organization","@id":"https:\/\/mastinell.agencialiverpool.test\/#organization","name":"Mastinell","url":"https:\/\/mastinell.agencialiverpool.test\/","logo":{"@type":"ImageObject","inLanguage":"en-US","@id":"https:\/\/mastinell.agencialiverpool.test\/#\/schema\/logo\/image\/","url":"https:\/\/shop.mastinell.com\/wp-content\/uploads\/2025\/01\/Mastinell-Cava-y-Hotel-scaled-1.webp","contentUrl":"https:\/\/shop.mastinell.com\/wp-content\/uploads\/2025\/01\/Mastinell-Cava-y-Hotel-scaled-1.webp","width":2560,"height":531,"caption":"Mastinell"},"image":{"@id":"https:\/\/mastinell.agencialiverpool.test\/#\/schema\/logo\/image\/"},"sameAs":["https:\/\/www.facebook.com\/CavaHotelMastinell","https:\/\/www.instagram.com\/cavahotel_mastinell\/?hl=es"]}]}},"_links":{"self":[{"href":"https:\/\/shop.mastinell.com\/en\/wp-json\/wp\/v2\/product\/37391","targetHints":{"allow":["GET"]}}],"collection":[{"href":"https:\/\/shop.mastinell.com\/en\/wp-json\/wp\/v2\/product"}],"about":[{"href":"https:\/\/shop.mastinell.com\/en\/wp-json\/wp\/v2\/types\/product"}],"version-history":[{"count":3,"href":"https:\/\/shop.mastinell.com\/en\/wp-json\/wp\/v2\/product\/37391\/revisions"}],"predecessor-version":[{"id":38812,"href":"https:\/\/shop.mastinell.com\/en\/wp-json\/wp\/v2\/product\/37391\/revisions\/38812"}],"wp:featuredmedia":[{"embeddable":true,"href":"https:\/\/shop.mastinell.com\/en\/wp-json\/wp\/v2\/media\/26937"}],"wp:attachment":[{"href":"https:\/\/shop.mastinell.com\/en\/wp-json\/wp\/v2\/media?parent=37391"}],"wp:term":[{"taxonomy":"product_brand","embeddable":true,"href":"https:\/\/shop.mastinell.com\/en\/wp-json\/wp\/v2\/product_brand?post=37391"},{"taxonomy":"product_cat","embeddable":true,"href":"https:\/\/shop.mastinell.com\/en\/wp-json\/wp\/v2\/product_cat?post=37391"},{"taxonomy":"product_tag","embeddable":true,"href":"https:\/\/shop.mastinell.com\/en\/wp-json\/wp\/v2\/product_tag?post=37391"}],"curies":[{"name":"wp","href":"https:\/\/api.w.org\/{rel}","templated":true}]}}